{"id":6320,"date":"2019-07-03T11:05:36","date_gmt":"2019-07-03T16:05:36","guid":{"rendered":"https:\/\/apan.gob.mx\/portal\/?page_id=6320"},"modified":"2019-07-03T11:07:34","modified_gmt":"2019-07-03T16:07:34","slug":"6320-2","status":"publish","type":"page","link":"https:\/\/apan.gob.mx\/portal\/2-trimestre-2019\/6320-2\/","title":{"rendered":"<!--reglamentos_20_2019_2_-->"},"content":{"rendered":"\t\t<div data-elementor-type=\"wp-page\" data-elementor-id=\"6320\" class=\"elementor elementor-6320 elementor-bc-flex-widget\">\n\t\t\t\t\t\t<section class=\"has_ae_slider elementor-section elementor-top-section elementor-element elementor-element-xjnytqy elementor-section-boxed elementor-section-height-default elementor-section-height-default ae-bg-gallery-type-default\" data-id=\"xjnytqy\" data-element_type=\"section\" data-e-type=\"section\">\n\t\t\t\t\t\t<div class=\"elementor-container elementor-column-gap-default\">\n\t\t\t\t\t<div class=\"has_ae_slider elementor-column elementor-col-100 elementor-top-column elementor-element elementor-element-plwbeqw ae-bg-gallery-type-default\" data-id=\"plwbeqw\" data-element_type=\"column\" data-e-type=\"column\">\n\t\t\t<div class=\"elementor-widget-wrap elementor-element-populated\">\n\t\t\t\t\t\t<div class=\"elementor-element elementor-element-mlqdbmq elementor-widget elementor-widget-heading\" data-id=\"mlqdbmq\" data-element_type=\"widget\" data-e-type=\"widget\" data-widget_type=\"heading.default\">\n\t\t\t\t<div class=\"elementor-widget-container\">\n\t\t\t\t\t<h2 class=\"elementor-heading-title elementor-size-medium\">Fracci\u00f3n XX<\/h2>\t\t\t\t<\/div>\n\t\t\t\t<\/div>\n\t\t\t\t<div class=\"elementor-element elementor-element-fjbvuxd elementor-widget elementor-widget-html\" data-id=\"fjbvuxd\" data-element_type=\"widget\" data-e-type=\"widget\" data-widget_type=\"html.default\">\n\t\t\t\t<div class=\"elementor-widget-container\">\n\t\t\t\t\t<html xmlns:o=\"urn:schemas-microsoft-com:office:office\"\r\nxmlns:x=\"urn:schemas-microsoft-com:office:excel\"\r\nxmlns=\"http:\/\/www.w3.org\/TR\/REC-html40\">\r\n\r\n<head>\r\n<meta http-equiv=Content-Type content=\"text\/html; charset=windows-1252\">\r\n<meta name=ProgId content=Excel.Sheet>\r\n<meta name=Generator content=\"Microsoft Excel 14\">\r\n<link rel=File-List href=\"a69_f20_archivos\/filelist.xml\">\r\n<style id=\"a69_f20_369_Styles\">\r\n<!--table\r\n\t{mso-displayed-decimal-separator:\"\\.\";\r\n\tmso-displayed-thousand-separator:\"\\,\";}\r\n.xl15369\r\n\t{padding-top:1px;\r\n\tpadding-right:1px;\r\n\tpadding-left:1px;\r\n\tmso-ignore:padding;\r\n\tcolor:black;\r\n\tfont-size:11.0pt;\r\n\tfont-weight:400;\r\n\tfont-style:normal;\r\n\ttext-decoration:none;\r\n\tfont-family:Calibri, sans-serif;\r\n\tmso-font-charset:0;\r\n\tmso-number-format:General;\r\n\ttext-align:general;\r\n\tvertical-align:bottom;\r\n\tmso-background-source:auto;\r\n\tmso-pattern:auto;\r\n\twhite-space:nowrap;}\r\n.xl64369\r\n\t{padding-top:1px;\r\n\tpadding-right:1px;\r\n\tpadding-left:1px;\r\n\tmso-ignore:padding;\r\n\tcolor:black;\r\n\tfont-size:10.0pt;\r\n\tfont-weight:400;\r\n\tfont-style:normal;\r\n\ttext-decoration:none;\r\n\tfont-family:Arial, sans-serif;\r\n\tmso-font-charset:0;\r\n\tmso-number-format:General;\r\n\ttext-align:center;\r\n\tvertical-align:bottom;\r\n\tborder:.5pt solid windowtext;\r\n\tbackground:#E1E1E1;\r\n\tmso-pattern:black none;\r\n\twhite-space:normal;}\r\n.xl65369\r\n\t{padding-top:1px;\r\n\tpadding-right:1px;\r\n\tpadding-left:1px;\r\n\tmso-ignore:padding;\r\n\tcolor:black;\r\n\tfont-size:11.0pt;\r\n\tfont-weight:400;\r\n\tfont-style:normal;\r\n\ttext-decoration:none;\r\n\tfont-family:Calibri, sans-serif;\r\n\tmso-font-charset:0;\r\n\tmso-number-format:General;\r\n\ttext-align:general;\r\n\tvertical-align:top;\r\n\tborder:.5pt solid windowtext;\r\n\tmso-background-source:auto;\r\n\tmso-pattern:auto;\r\n\twhite-space:nowrap;}\r\n.xl66369\r\n\t{padding-top:1px;\r\n\tpadding-right:1px;\r\n\tpadding-left:1px;\r\n\tmso-ignore:padding;\r\n\tcolor:black;\r\n\tfont-size:11.0pt;\r\n\tfont-weight:400;\r\n\tfont-style:normal;\r\n\ttext-decoration:none;\r\n\tfont-family:Calibri, sans-serif;\r\n\tmso-font-charset:0;\r\n\tmso-number-format:\"Short Date\";\r\n\ttext-align:general;\r\n\tvertical-align:top;\r\n\tborder:.5pt solid windowtext;\r\n\tmso-background-source:auto;\r\n\tmso-pattern:auto;\r\n\twhite-space:nowrap;}\r\n.xl67369\r\n\t{padding-top:1px;\r\n\tpadding-right:1px;\r\n\tpadding-left:1px;\r\n\tmso-ignore:padding;\r\n\tcolor:blue;\r\n\tfont-size:10.0pt;\r\n\tfont-weight:400;\r\n\tfont-style:normal;\r\n\ttext-decoration:underline;\r\n\ttext-underline-style:single;\r\n\tfont-family:Arial, sans-serif;\r\n\tmso-font-charset:0;\r\n\tmso-number-format:General;\r\n\ttext-align:general;\r\n\tvertical-align:top;\r\n\tborder:.5pt solid windowtext;\r\n\tmso-background-source:auto;\r\n\tmso-pattern:auto;\r\n\twhite-space:nowrap;}\r\n.xl68369\r\n\t{padding-top:1px;\r\n\tpadding-right:1px;\r\n\tpadding-left:1px;\r\n\tmso-ignore:padding;\r\n\tcolor:black;\r\n\tfont-size:11.0pt;\r\n\tfont-weight:400;\r\n\tfont-style:normal;\r\n\ttext-decoration:none;\r\n\tfont-family:Calibri, sans-serif;\r\n\tmso-font-charset:0;\r\n\tmso-number-format:General;\r\n\ttext-align:general;\r\n\tvertical-align:top;\r\n\tborder:.5pt solid windowtext;\r\n\tmso-background-source:auto;\r\n\tmso-pattern:auto;\r\n\twhite-space:normal;}\r\n.xl69369\r\n\t{padding-top:1px;\r\n\tpadding-right:1px;\r\n\tpadding-left:1px;\r\n\tmso-ignore:padding;\r\n\tcolor:black;\r\n\tfont-size:11.0pt;\r\n\tfont-weight:400;\r\n\tfont-style:normal;\r\n\ttext-decoration:none;\r\n\tfont-family:Calibri, sans-serif;\r\n\tmso-font-charset:0;\r\n\tmso-number-format:0;\r\n\ttext-align:general;\r\n\tvertical-align:top;\r\n\tborder:.5pt solid windowtext;\r\n\tmso-background-source:auto;\r\n\tmso-pattern:auto;\r\n\twhite-space:nowrap;}\r\n.xl70369\r\n\t{padding-top:1px;\r\n\tpadding-right:1px;\r\n\tpadding-left:1px;\r\n\tmso-ignore:padding;\r\n\tcolor:white;\r\n\tfont-size:11.0pt;\r\n\tfont-weight:700;\r\n\tfont-style:normal;\r\n\ttext-decoration:none;\r\n\tfont-family:Arial, sans-serif;\r\n\tmso-font-charset:0;\r\n\tmso-number-format:General;\r\n\ttext-align:center;\r\n\tvertical-align:bottom;\r\n\tborder:.5pt solid windowtext;\r\n\tbackground:#333333;\r\n\tmso-pattern:black none;\r\n\twhite-space:normal;}\r\n.xl71369\r\n\t{padding-top:1px;\r\n\tpadding-right:1px;\r\n\tpadding-left:1px;\r\n\tmso-ignore:padding;\r\n\tcolor:black;\r\n\tfont-size:10.0pt;\r\n\tfont-weight:400;\r\n\tfont-style:normal;\r\n\ttext-decoration:none;\r\n\tfont-family:Arial, sans-serif;\r\n\tmso-font-charset:0;\r\n\tmso-number-format:General;\r\n\ttext-align:general;\r\n\tvertical-align:bottom;\r\n\tborder:.5pt solid windowtext;\r\n\tbackground:#E1E1E1;\r\n\tmso-pattern:black none;\r\n\twhite-space:nowrap;}\r\n-->\r\n<\/style>\r\n<\/head>\r\n\r\n<body>\r\n<!--[if !excel]>&nbsp;&nbsp;<![endif]-->\r\n<!--La siguiente informaci\u00f3n se gener\u00f3 mediante el Asistente para publicar como\r\np\u00e1gina web de Microsoft Excel.-->\r\n<!--Si se vuelve a publicar el mismo elemento desde Excel, se reemplazar\u00e1 toda\r\nla informaci\u00f3n comprendida entre las etiquetas DIV.-->\r\n<!----------------------------->\r\n<!--INICIO DE LOS RESULTADOS DEL ASISTENTE PARA PUBLICAR COMO P\u00c1GINA WEB DE\r\nEXCEL -->\r\n<!----------------------------->\r\n\r\n<div id=\"a69_f20_369\" align=center x:publishsource=\"Excel\">\r\n\r\n<table border=0 cellpadding=0 cellspacing=0 width=7494 style='border-collapse:\r\n collapse;table-layout:fixed;width:5623pt'>\r\n <col width=56 style='mso-width-source:userset;mso-width-alt:2048;width:42pt'>\r\n <col width=154 span=2 style='mso-width-source:userset;mso-width-alt:5632;\r\n width:116pt'>\r\n <col width=159 style='mso-width-source:userset;mso-width-alt:5814;width:119pt'>\r\n <col width=229 style='mso-width-source:userset;mso-width-alt:8374;width:172pt'>\r\n <col width=215 style='mso-width-source:userset;mso-width-alt:7862;width:161pt'>\r\n <col width=135 style='mso-width-source:userset;mso-width-alt:4937;width:101pt'>\r\n <col width=656 style='mso-width-source:userset;mso-width-alt:23990;width:492pt'>\r\n <col width=333 style='mso-width-source:userset;mso-width-alt:12178;width:250pt'>\r\n <col width=241 style='mso-width-source:userset;mso-width-alt:8813;width:181pt'>\r\n <col width=304 style='mso-width-source:userset;mso-width-alt:11117;width:228pt'>\r\n <col width=140 style='mso-width-source:userset;mso-width-alt:5120;width:105pt'>\r\n <col width=373 style='mso-width-source:userset;mso-width-alt:13641;width:280pt'>\r\n <col width=165 style='mso-width-source:userset;mso-width-alt:6034;width:124pt'>\r\n <col width=283 style='mso-width-source:userset;mso-width-alt:10349;width:212pt'>\r\n <col width=230 style='mso-width-source:userset;mso-width-alt:8411;width:173pt'>\r\n <col width=427 style='mso-width-source:userset;mso-width-alt:15616;width:320pt'>\r\n <col width=137 style='mso-width-source:userset;mso-width-alt:5010;width:103pt'>\r\n <col width=322 style='mso-width-source:userset;mso-width-alt:11776;width:242pt'>\r\n <col width=296 style='mso-width-source:userset;mso-width-alt:10825;width:222pt'>\r\n <col width=656 span=2 style='mso-width-source:userset;mso-width-alt:23990;\r\n width:492pt'>\r\n <col width=365 style='mso-width-source:userset;mso-width-alt:13348;width:274pt'>\r\n <col width=100 span=2 style='mso-width-source:userset;mso-width-alt:3657;\r\n width:75pt'>\r\n <col width=608 style='mso-width-source:userset;mso-width-alt:22235;width:456pt'>\r\n <tr height=0 style='display:none'>\r\n  <td class=xl15369 width=56 style='width:42pt'>44251<\/td>\r\n  <td class=xl15369 width=154 style='width:116pt'><\/td>\r\n  <td class=xl15369 width=154 style='width:116pt'><\/td>\r\n  <td class=xl15369 width=159 style='width:119pt'><\/td>\r\n  <td class=xl15369 width=229 style='width:172pt'><\/td>\r\n  <td class=xl15369 width=215 style='width:161pt'><\/td>\r\n  <td class=xl15369 width=135 style='width:101pt'><\/td>\r\n  <td class=xl15369 width=656 style='width:492pt'><\/td>\r\n  <td class=xl15369 width=333 style='width:250pt'><\/td>\r\n  <td class=xl15369 width=241 style='width:181pt'><\/td>\r\n  <td class=xl15369 width=304 style='width:228pt'><\/td>\r\n  <td class=xl15369 width=140 style='width:105pt'><\/td>\r\n  <td class=xl15369 width=373 style='width:280pt'><\/td>\r\n  <td class=xl15369 width=165 style='width:124pt'><\/td>\r\n  <td class=xl15369 width=283 style='width:212pt'><\/td>\r\n  <td class=xl15369 width=230 style='width:173pt'><\/td>\r\n  <td class=xl15369 width=427 style='width:320pt'><\/td>\r\n  <td class=xl15369 width=137 style='width:103pt'><\/td>\r\n  <td class=xl15369 width=322 style='width:242pt'><\/td>\r\n  <td class=xl15369 width=296 style='width:222pt'><\/td>\r\n  <td class=xl15369 width=656 style='width:492pt'><\/td>\r\n  <td class=xl15369 width=656 style='width:492pt'><\/td>\r\n  <td class=xl15369 width=365 style='width:274pt'><\/td>\r\n  <td class=xl15369 width=100 style='width:75pt'><\/td>\r\n  <td class=xl15369 width=100 style='width:75pt'><\/td>\r\n  <td class=xl15369 width=608 style='width:456pt'><\/td>\r\n <\/tr>\r\n <tr height=20 style='height:15.0pt'>\r\n  <td colspan=3 height=20 class=xl70369 width=364 style='height:15.0pt;\r\n  width:274pt'>T\u00cdTULO<\/td>\r\n  <td colspan=3 class=xl70369 width=603 style='width:452pt'>NOMBRE CORTO<\/td>\r\n  <td colspan=3 class=xl70369 width=1124 style='width:843pt'>DESCRIPCI\u00d3N<\/td>\r\n  <td class=xl15369><\/td>\r\n  <td class=xl15369><\/td>\r\n  <td class=xl15369><\/td>\r\n  <td class=xl15369><\/td>\r\n  <td class=xl15369><\/td>\r\n  <td class=xl15369><\/td>\r\n  <td class=xl15369><\/td>\r\n  <td class=xl15369><\/td>\r\n  <td class=xl15369><\/td>\r\n  <td class=xl15369><\/td>\r\n  <td class=xl15369><\/td>\r\n  <td class=xl15369><\/td>\r\n  <td class=xl15369><\/td>\r\n  <td class=xl15369><\/td>\r\n  <td class=xl15369><\/td>\r\n  <td class=xl15369><\/td>\r\n  <td class=xl15369><\/td>\r\n <\/tr>\r\n <tr height=20 style='height:15.0pt'>\r\n  <td colspan=3 height=20 class=xl71369 style='height:15.0pt'>Tr\u00e1mites\r\n  ofrecidos<\/td>\r\n  <td colspan=3 class=xl71369>a69_f20<\/td>\r\n  <td colspan=3 class=xl71369>La informaci\u00f3n relacionada con las tareas\r\n  administrativas que realizan los sujetos obligados en sus diferentes \u00e1mbitos\r\n  con el objeto de atender las peticiones que realicen los particulares ya sea\r\n  para la obtenci\u00f3n de un beneficio, o cumplir con alguna obligaci\u00f3n ante una\r\n  autoridad, de conformidad con la normatividad respecto de los tr\u00e1mites que\r\n  realizan. Generalmente \u00e9stos implican la entrega de informaci\u00f3n ante una\r\n  autoridad por parte de los particulares.<\/td>\r\n  <td class=xl15369><\/td>\r\n  <td class=xl15369><\/td>\r\n  <td class=xl15369><\/td>\r\n  <td class=xl15369><\/td>\r\n  <td class=xl15369><\/td>\r\n  <td class=xl15369><\/td>\r\n  <td class=xl15369><\/td>\r\n  <td class=xl15369><\/td>\r\n  <td class=xl15369><\/td>\r\n  <td class=xl15369><\/td>\r\n  <td class=xl15369><\/td>\r\n  <td class=xl15369><\/td>\r\n  <td class=xl15369><\/td>\r\n  <td class=xl15369><\/td>\r\n  <td class=xl15369><\/td>\r\n  <td class=xl15369><\/td>\r\n  <td class=xl15369><\/td>\r\n <\/tr>\r\n <tr height=0 style='display:none'>\r\n  <td class=xl15369>1<\/td>\r\n  <td class=xl15369>4<\/td>\r\n  <td class=xl15369>4<\/td>\r\n  <td class=xl15369>2<\/td>\r\n  <td class=xl15369>2<\/td>\r\n  <td class=xl15369>2<\/td>\r\n  <td class=xl15369>1<\/td>\r\n  <td class=xl15369>7<\/td>\r\n  <td class=xl15369>2<\/td>\r\n  <td class=xl15369>7<\/td>\r\n  <td class=xl15369>1<\/td>\r\n  <td class=xl15369>1<\/td>\r\n  <td class=xl15369>10<\/td>\r\n  <td class=xl15369>6<\/td>\r\n  <td class=xl15369>2<\/td>\r\n  <td class=xl15369>10<\/td>\r\n  <td class=xl15369>2<\/td>\r\n  <td class=xl15369>2<\/td>\r\n  <td class=xl15369>10<\/td>\r\n  <td class=xl15369>2<\/td>\r\n  <td class=xl15369>7<\/td>\r\n  <td class=xl15369>7<\/td>\r\n  <td class=xl15369>2<\/td>\r\n  <td class=xl15369>4<\/td>\r\n  <td class=xl15369>13<\/td>\r\n  <td class=xl15369>14<\/td>\r\n <\/tr>\r\n <tr height=0 style='display:none'>\r\n  <td class=xl15369>350731<\/td>\r\n  <td class=xl15369>350733<\/td>\r\n  <td class=xl15369>350732<\/td>\r\n  <td class=xl15369>350716<\/td>\r\n  <td class=xl15369>350744<\/td>\r\n  <td class=xl15369>350717<\/td>\r\n  <td class=xl15369>350715<\/td>\r\n  <td class=xl15369>350734<\/td>\r\n  <td class=xl15369>350745<\/td>\r\n  <td class=xl15369>350738<\/td>\r\n  <td class=xl15369>350735<\/td>\r\n  <td class=xl15369>350714<\/td>\r\n  <td class=xl15369>350724<\/td>\r\n  <td class=xl15369>350721<\/td>\r\n  <td class=xl15369>350719<\/td>\r\n  <td class=xl15369>350726<\/td>\r\n  <td class=xl15369>350718<\/td>\r\n  <td class=xl15369>350741<\/td>\r\n  <td class=xl15369>350725<\/td>\r\n  <td class=xl15369>350743<\/td>\r\n  <td class=xl15369>350722<\/td>\r\n  <td class=xl15369>350723<\/td>\r\n  <td class=xl15369>350737<\/td>\r\n  <td class=xl15369>350720<\/td>\r\n  <td class=xl15369>350730<\/td>\r\n  <td class=xl15369>350736<\/td>\r\n <\/tr>\r\n <tr height=20 style='height:15.0pt'>\r\n  <td colspan=26 height=20 class=xl70369 width=7494 style='height:15.0pt;\r\n  width:5623pt'>Tabla Campos<\/td>\r\n <\/tr>\r\n <tr height=35 style='height:26.25pt'>\r\n  <td height=35 class=xl64369 width=56 style='height:26.25pt;width:42pt'>Ejercicio<\/td>\r\n  <td class=xl64369 width=154 style='border-left:none;width:116pt'>Fecha de\r\n  inicio del periodo que se informa<\/td>\r\n  <td class=xl64369 width=154 style='border-left:none;width:116pt'>Fecha de\r\n  t\u00e9rmino del periodo que se informa<\/td>\r\n  <td class=xl64369 width=159 style='border-left:none;width:119pt'>Denominaci\u00f3n\r\n  del tr\u00e1mite<\/td>\r\n  <td class=xl64369 width=229 style='border-left:none;width:172pt'>Tipo de\r\n  usuario y\/o poblaci\u00f3n objetivo<\/td>\r\n  <td class=xl64369 width=215 style='border-left:none;width:161pt'>Descripci\u00f3n\r\n  del objetivo del tr\u00e1mite<\/td>\r\n  <td class=xl64369 width=135 style='border-left:none;width:101pt'>Modalidad\r\n  del tr\u00e1mite<\/td>\r\n  <td class=xl64369 width=656 style='border-left:none;width:492pt'>Hiperv\u00ednculo\r\n  a los requisitos para llevar a cabo el tr\u00e1mite<\/td>\r\n  <td class=xl64369 width=333 style='border-left:none;width:250pt'>Documentos\r\n  requeridos<\/td>\r\n  <td class=xl64369 width=241 style='border-left:none;width:181pt'>Hiperv\u00ednculo\r\n  al\/los formatos respectivos<\/td>\r\n  <td class=xl64369 width=304 style='border-left:none;width:228pt'>Tiempo de\r\n  respuesta por parte del sujeto Obligado<\/td>\r\n  <td class=xl64369 width=140 style='border-left:none;width:105pt'>Vigencia de\r\n  los resultados del tr\u00e1mite<\/td>\r\n  <td class=xl64369 width=373 style='border-left:none;width:280pt'>\u00c1rea y datos\r\n  de contacto del lugar donde se realiza el tr\u00e1mite <br>\r\n    Tabla_350724<\/td>\r\n  <td class=xl64369 width=165 style='border-left:none;width:124pt'>Costo, en su\r\n  caso, especificar que es gratuito<\/td>\r\n  <td class=xl64369 width=283 style='border-left:none;width:212pt'>Sustento\r\n  legal para su cobro<\/td>\r\n  <td class=xl64369 width=230 style='border-left:none;width:173pt'>Lugares\r\n  donde se efect\u00faa el pago <br>\r\n    Tabla_350726<\/td>\r\n  <td class=xl64369 width=427 style='border-left:none;width:320pt'>Fundamento\r\n  jur\u00eddico-administrativo del tr\u00e1mite<\/td>\r\n  <td class=xl64369 width=137 style='border-left:none;width:103pt'>Derechos del\r\n  usuario<\/td>\r\n  <td class=xl64369 width=322 style='border-left:none;width:242pt'>Lugares para\r\n  reportar presuntas anomal\u00edas <br>\r\n    Tabla_350725<\/td>\r\n  <td class=xl64369 width=296 style='border-left:none;width:222pt'>Otros datos,\r\n  en su caso, para el env\u00edo de consultas, documentos y quejas<\/td>\r\n  <td class=xl64369 width=656 style='border-left:none;width:492pt'>Hiperv\u00ednculo\r\n  informaci\u00f3n adicional del tr\u00e1mite<\/td>\r\n  <td class=xl64369 width=656 style='border-left:none;width:492pt'>Hiperv\u00ednculo\r\n  al sistema correspondiente<\/td>\r\n  <td class=xl64369 width=365 style='border-left:none;width:274pt'>\u00c1rea(s)\r\n  responsable(s) que genera(n), posee(n), publica(n) y actualizan la\r\n  informaci\u00f3n<\/td>\r\n  <td class=xl64369 width=100 style='border-left:none;width:75pt'>Fecha de\r\n  validaci\u00f3n<\/td>\r\n  <td class=xl64369 width=100 style='border-left:none;width:75pt'>Fecha de\r\n  actualizaci\u00f3n<\/td>\r\n  <td class=xl64369 width=608 style='border-left:none;width:456pt'>Nota<\/td>\r\n <\/tr>\r\n <tr height=84 style='mso-height-source:userset;height:63.0pt'>\r\n  <td height=84 class=xl65369 align=right style='height:63.0pt;border-top:none'>2019<\/td>\r\n  <td class=xl66369 align=right style='border-top:none;border-left:none'>01\/04\/2019<\/td>\r\n  <td class=xl66369 align=right style='border-top:none;border-left:none'>30\/06\/2019<\/td>\r\n  <td class=xl65369 style='border-top:none;border-left:none'>Placa de\r\n  funcionamiento<\/td>\r\n  <td class=xl65369 style='border-top:none;border-left:none'>Poblacion en\r\n  general<\/td>\r\n  <td class=xl65369 style='border-top:none;border-left:none'>Obtencion de su\r\n  Licencia de funcio<span style='display:none'>namiento de su negociacion\r\n  mercantil.<\/span><\/td>\r\n  <td class=xl65369 style='border-top:none;border-left:none'>presencial<span\r\n  style='mso-spacerun:yes'>\u00a0<\/span><\/td>\r\n  <td class=xl67369 style='border-top:none;border-left:none'><a\r\n  href=\"https:\/\/www.apan.gob.mx\/descargables\/transparencia\/articulo69\/fraccion20\/2019_2\/reglamentos\/FrXXa1_1.pdf\">https:\/\/www.apan.gob.mx\/descargables\/transparencia\/articulo69\/fraccion20\/2019_2\/reglamentos\/FrXXa1_1.pdf<\/a><\/td>\r\n  <td class=xl68369 width=333 style='border-top:none;border-left:none;\r\n  width:250pt'>Copia de INE, Copia de Comprobante de domicilio, Dictamen de\r\n  Factibilidad de protecccion civil,( si es elaboracion de alimentos\r\n  )Constancia de manejo de alimentos.<\/td>\r\n  <td class=xl67369 style='border-top:none;border-left:none'><a\r\n  href=\"https:\/\/www.apan.gob.mx\/descargables\/transparencia\/articulo69\/fraccion20\/2019_2\/reglamentos\/FrXXa1_2.pdf\">https:\/\/www.apan.gob.mx\/descargables\/tr<span\r\n  style='display:none'>ansparencia\/articulo69\/fraccion20\/2019_2\/reglamentos\/FrXXa1_2.pdf<\/span><\/a><\/td>\r\n  <td class=xl65369 style='border-top:none;border-left:none'>15 dias\r\n  h\u00e1biles<span style='mso-spacerun:yes'>\u00a0<\/span><\/td>\r\n  <td class=xl65369 style='border-top:none;border-left:none'>1 a\u00f1o<\/td>\r\n  <td class=xl65369 align=right style='border-top:none;border-left:none'>1<\/td>\r\n  <td class=xl69369 align=right style='border-top:none;border-left:none'>133996<\/td>\r\n  <td class=xl68369 width=283 style='border-top:none;border-left:none;\r\n  width:212pt'>Ley de Ingresos para el ejercicio fiscal<span\r\n  style='mso-spacerun:yes'>\u00a0 <\/span>2018<\/td>\r\n  <td class=xl65369 align=right style='border-top:none;border-left:none'>1<\/td>\r\n  <td class=xl68369 width=427 style='border-top:none;border-left:none;\r\n  width:320pt'>Art 166, 167, 168, 169, 170, 171, 172, 173, 174, 178, 179, 184 y\r\n  185 del Bando Municipal y art. 18, 20<span style='mso-spacerun:yes'>\u00a0\r\n  <\/span>de la Ley de Ingresos para el Municipio de Apan Hidalgo del ejercicio\r\n  fiscal 2018<\/td>\r\n  <td class=xl65369 style='border-top:none;border-left:none'>Quejas y\r\n  sugerencias<\/td>\r\n  <td class=xl65369 align=right style='border-top:none;border-left:none'>1<\/td>\r\n  <td class=xl65369 style='border-top:none;border-left:none'>Contralor\u00eda\r\n  Municipal<\/td>\r\n  <td class=xl67369 style='border-top:none;border-left:none'><a\r\n  href=\"https:\/\/www.apan.gob.mx\/descargables\/transparencia\/articulo69\/fraccion20\/2019_2\/reglamentos\/FrXXa1_3.pdf\">https:\/\/www.apan.gob.mx\/descargables\/transparencia\/articulo69\/fraccion20\/2019_2\/reglamentos\/FrXXa1_3.pdf<\/a><\/td>\r\n  <td class=xl67369 style='border-top:none;border-left:none'><a\r\n  href=\"https:\/\/www.apan.gob.mx\/descargables\/transparencia\/articulo69\/fraccion20\/2019_2\/reglamentos\/FrXXa1_4.pdf\">https:\/\/www.apan.gob.mx\/descargables\/transparencia\/articulo69\/fraccion20\/2019_2\/reglamentos\/FrXXa1_4.pdf<\/a><\/td>\r\n  <td class=xl65369 style='border-top:none;border-left:none'>Coordinacion de\r\n  reglamentos municipales<\/td>\r\n  <td class=xl66369 align=right style='border-top:none;border-left:none'>05\/07\/2019<\/td>\r\n  <td class=xl66369 align=right style='border-top:none;border-left:none'>04\/04\/2019<\/td>\r\n  <td class=xl65369 style='border-top:none;border-left:none'>El costo de cada\r\n  giro es variable en este caso en el foema se pone la cantidad mayor del un\r\n  giro.<\/td>\r\n <\/tr>\r\n <![if supportMisalignedColumns]>\r\n <tr height=0 style='display:none'>\r\n  <td width=56 style='width:42pt'><\/td>\r\n  <td width=154 style='width:116pt'><\/td>\r\n  <td width=154 style='width:116pt'><\/td>\r\n  <td width=159 style='width:119pt'><\/td>\r\n  <td width=229 style='width:172pt'><\/td>\r\n  <td width=215 style='width:161pt'><\/td>\r\n  <td width=135 style='width:101pt'><\/td>\r\n  <td width=656 style='width:492pt'><\/td>\r\n  <td width=333 style='width:250pt'><\/td>\r\n  <td width=241 style='width:181pt'><\/td>\r\n  <td width=304 style='width:228pt'><\/td>\r\n  <td width=140 style='width:105pt'><\/td>\r\n  <td width=373 style='width:280pt'><\/td>\r\n  <td width=165 style='width:124pt'><\/td>\r\n  <td width=283 style='width:212pt'><\/td>\r\n  <td width=230 style='width:173pt'><\/td>\r\n  <td width=427 style='width:320pt'><\/td>\r\n  <td width=137 style='width:103pt'><\/td>\r\n  <td width=322 style='width:242pt'><\/td>\r\n  <td width=296 style='width:222pt'><\/td>\r\n  <td width=656 style='width:492pt'><\/td>\r\n  <td width=656 style='width:492pt'><\/td>\r\n  <td width=365 style='width:274pt'><\/td>\r\n  <td width=100 style='width:75pt'><\/td>\r\n  <td width=100 style='width:75pt'><\/td>\r\n  <td width=608 style='width:456pt'><\/td>\r\n <\/tr>\r\n <![endif]>\r\n<\/table>\r\n\r\n<\/div>\r\n\r\n\r\n<!----------------------------->\r\n<!--FINAL DE LOS RESULTADOS DEL ASISTENTE PARA PUBLICAR COMO P\u00c1GINA WEB DE\r\nEXCEL-->\r\n<!----------------------------->\r\n<\/body>\r\n\r\n<\/html>\r\n\t\t\t\t<\/div>\n\t\t\t\t<\/div>\n\t\t\t\t\t<\/div>\n\t\t<\/div>\n\t\t\t\t\t<\/div>\n\t\t<\/section>\n\t\t\t\t<\/div>\n\t\t","protected":false},"excerpt":{"rendered":"<p>&nbsp; Fracci\u00f3n XX &nbsp; &lt;![if supportMisalignedColumns]&gt;&lt;![endif]&gt; 44251 T\u00cdTULO NOMBRE CORTO DESCRIPCI\u00d3N Tr\u00e1mites ofrecidos a69_f20 La informaci\u00f3n relacionada con las tareas administrativas que realizan los sujetos obligados en sus diferentes \u00e1mbitos con el objeto de atender las peticiones que realicen los particulares ya sea para la obtenci\u00f3n de un beneficio, o cumplir con alguna obligaci\u00f3n ante [&hellip;]<\/p>\n","protected":false},"author":1,"featured_media":0,"parent":6108,"menu_order":0,"comment_status":"closed","ping_status":"closed","template":"page-template-full.php","meta":{"footnotes":""},"class_list":["post-6320","page","type-page","status-publish","hentry"],"jetpack_sharing_enabled":true,"_links":{"self":[{"href":"https:\/\/apan.gob.mx\/portal\/wp-json\/wp\/v2\/pages\/6320","targetHints":{"allow":["GET"]}}],"collection":[{"href":"https:\/\/apan.gob.mx\/portal\/wp-json\/wp\/v2\/pages"}],"about":[{"href":"https:\/\/apan.gob.mx\/portal\/wp-json\/wp\/v2\/types\/page"}],"author":[{"embeddable":true,"href":"https:\/\/apan.gob.mx\/portal\/wp-json\/wp\/v2\/users\/1"}],"replies":[{"embeddable":true,"href":"https:\/\/apan.gob.mx\/portal\/wp-json\/wp\/v2\/comments?post=6320"}],"version-history":[{"count":3,"href":"https:\/\/apan.gob.mx\/portal\/wp-json\/wp\/v2\/pages\/6320\/revisions"}],"predecessor-version":[{"id":6324,"href":"https:\/\/apan.gob.mx\/portal\/wp-json\/wp\/v2\/pages\/6320\/revisions\/6324"}],"up":[{"embeddable":true,"href":"https:\/\/apan.gob.mx\/portal\/wp-json\/wp\/v2\/pages\/6108"}],"wp:attachment":[{"href":"https:\/\/apan.gob.mx\/portal\/wp-json\/wp\/v2\/media?parent=6320"}],"curies":[{"name":"wp","href":"https:\/\/api.w.org\/{rel}","templated":true}]}}