{"id":6542,"date":"2019-07-05T18:32:00","date_gmt":"2019-07-05T23:32:00","guid":{"rendered":"https:\/\/apan.gob.mx\/portal\/?page_id=6542"},"modified":"2019-07-05T18:33:22","modified_gmt":"2019-07-05T23:33:22","slug":"6542-2","status":"publish","type":"page","link":"https:\/\/apan.gob.mx\/portal\/2-trimestre-2019\/6542-2\/","title":{"rendered":"<!--secretaria_34c_2019_2_-->"},"content":{"rendered":"\t\t<div data-elementor-type=\"wp-page\" data-elementor-id=\"6542\" class=\"elementor elementor-6542 elementor-bc-flex-widget\">\n\t\t\t\t\t\t<section class=\"has_ae_slider elementor-section elementor-top-section elementor-element elementor-element-octngus elementor-section-boxed elementor-section-height-default elementor-section-height-default ae-bg-gallery-type-default\" data-id=\"octngus\" data-element_type=\"section\" data-e-type=\"section\">\n\t\t\t\t\t\t<div class=\"elementor-container elementor-column-gap-default\">\n\t\t\t\t\t<div class=\"has_ae_slider elementor-column elementor-col-100 elementor-top-column elementor-element elementor-element-ksnuhmm ae-bg-gallery-type-default\" data-id=\"ksnuhmm\" data-element_type=\"column\" data-e-type=\"column\">\n\t\t\t<div class=\"elementor-widget-wrap elementor-element-populated\">\n\t\t\t\t\t\t<div class=\"elementor-element elementor-element-beorcgs elementor-widget elementor-widget-heading\" data-id=\"beorcgs\" data-element_type=\"widget\" data-e-type=\"widget\" data-widget_type=\"heading.default\">\n\t\t\t\t<div class=\"elementor-widget-container\">\n\t\t\t\t\t<h2 class=\"elementor-heading-title elementor-size-medium\">Fracci\u00f3n XXXIV c<\/h2>\t\t\t\t<\/div>\n\t\t\t\t<\/div>\n\t\t\t\t<div class=\"elementor-element elementor-element-czsjuaw elementor-widget elementor-widget-html\" data-id=\"czsjuaw\" data-element_type=\"widget\" data-e-type=\"widget\" data-widget_type=\"html.default\">\n\t\t\t\t<div class=\"elementor-widget-container\">\n\t\t\t\t\t<html xmlns:o=\"urn:schemas-microsoft-com:office:office\"\r\nxmlns:x=\"urn:schemas-microsoft-com:office:excel\"\r\nxmlns=\"http:\/\/www.w3.org\/TR\/REC-html40\">\r\n\r\n<head>\r\n<meta http-equiv=Content-Type content=\"text\/html; charset=windows-1252\">\r\n<meta name=ProgId content=Excel.Sheet>\r\n<meta name=Generator content=\"Microsoft Excel 14\">\r\n<link rel=File-List href=\"a69_f34c_archivos\/filelist.xml\">\r\n<style id=\"a69_f34c_13057_Styles\">\r\n<!--table\r\n\t{mso-displayed-decimal-separator:\"\\.\";\r\n\tmso-displayed-thousand-separator:\"\\,\";}\r\n.xl1513057\r\n\t{padding-top:1px;\r\n\tpadding-right:1px;\r\n\tpadding-left:1px;\r\n\tmso-ignore:padding;\r\n\tcolor:black;\r\n\tfont-size:11.0pt;\r\n\tfont-weight:400;\r\n\tfont-style:normal;\r\n\ttext-decoration:none;\r\n\tfont-family:Calibri, sans-serif;\r\n\tmso-font-charset:0;\r\n\tmso-number-format:General;\r\n\ttext-align:general;\r\n\tvertical-align:bottom;\r\n\tmso-background-source:auto;\r\n\tmso-pattern:auto;\r\n\twhite-space:nowrap;}\r\n.xl6313057\r\n\t{padding-top:1px;\r\n\tpadding-right:1px;\r\n\tpadding-left:1px;\r\n\tmso-ignore:padding;\r\n\tcolor:black;\r\n\tfont-size:10.0pt;\r\n\tfont-weight:400;\r\n\tfont-style:normal;\r\n\ttext-decoration:none;\r\n\tfont-family:Arial, sans-serif;\r\n\tmso-font-charset:0;\r\n\tmso-number-format:General;\r\n\ttext-align:center;\r\n\tvertical-align:bottom;\r\n\tborder:.5pt solid windowtext;\r\n\tbackground:#E1E1E1;\r\n\tmso-pattern:black none;\r\n\twhite-space:normal;}\r\n.xl6413057\r\n\t{padding-top:1px;\r\n\tpadding-right:1px;\r\n\tpadding-left:1px;\r\n\tmso-ignore:padding;\r\n\tcolor:black;\r\n\tfont-size:11.0pt;\r\n\tfont-weight:400;\r\n\tfont-style:normal;\r\n\ttext-decoration:none;\r\n\tfont-family:Calibri, sans-serif;\r\n\tmso-font-charset:0;\r\n\tmso-number-format:General;\r\n\ttext-align:general;\r\n\tvertical-align:bottom;\r\n\tborder:.5pt solid windowtext;\r\n\tmso-background-source:auto;\r\n\tmso-pattern:auto;\r\n\twhite-space:normal;}\r\n.xl6513057\r\n\t{padding-top:1px;\r\n\tpadding-right:1px;\r\n\tpadding-left:1px;\r\n\tmso-ignore:padding;\r\n\tcolor:black;\r\n\tfont-size:11.0pt;\r\n\tfont-weight:400;\r\n\tfont-style:normal;\r\n\ttext-decoration:none;\r\n\tfont-family:Calibri, sans-serif;\r\n\tmso-font-charset:0;\r\n\tmso-number-format:\"Short Date\";\r\n\ttext-align:general;\r\n\tvertical-align:bottom;\r\n\tborder:.5pt solid windowtext;\r\n\tmso-background-source:auto;\r\n\tmso-pattern:auto;\r\n\twhite-space:normal;}\r\n.xl6613057\r\n\t{padding-top:1px;\r\n\tpadding-right:1px;\r\n\tpadding-left:1px;\r\n\tmso-ignore:padding;\r\n\tcolor:white;\r\n\tfont-size:11.0pt;\r\n\tfont-weight:700;\r\n\tfont-style:normal;\r\n\ttext-decoration:none;\r\n\tfont-family:Arial, sans-serif;\r\n\tmso-font-charset:0;\r\n\tmso-number-format:General;\r\n\ttext-align:center;\r\n\tvertical-align:bottom;\r\n\tborder:.5pt solid windowtext;\r\n\tbackground:#333333;\r\n\tmso-pattern:black none;\r\n\twhite-space:nowrap;}\r\n.xl6713057\r\n\t{padding-top:1px;\r\n\tpadding-right:1px;\r\n\tpadding-left:1px;\r\n\tmso-ignore:padding;\r\n\tcolor:black;\r\n\tfont-size:10.0pt;\r\n\tfont-weight:400;\r\n\tfont-style:normal;\r\n\ttext-decoration:none;\r\n\tfont-family:Arial, sans-serif;\r\n\tmso-font-charset:0;\r\n\tmso-number-format:General;\r\n\ttext-align:general;\r\n\tvertical-align:bottom;\r\n\tborder:.5pt solid windowtext;\r\n\tbackground:#E1E1E1;\r\n\tmso-pattern:black none;\r\n\twhite-space:nowrap;}\r\n-->\r\n<\/style>\r\n<\/head>\r\n\r\n<body>\r\n<!--[if !excel]>&nbsp;&nbsp;<![endif]-->\r\n<!--La siguiente informaci\u00f3n se gener\u00f3 mediante el Asistente para publicar como\r\np\u00e1gina web de Microsoft Excel.-->\r\n<!--Si se vuelve a publicar el mismo elemento desde Excel, se reemplazar\u00e1 toda\r\nla informaci\u00f3n comprendida entre las etiquetas DIV.-->\r\n<!----------------------------->\r\n<!--INICIO DE LOS RESULTADOS DEL ASISTENTE PARA PUBLICAR COMO P\u00c1GINA WEB DE\r\nEXCEL -->\r\n<!----------------------------->\r\n\r\n<div id=\"a69_f34c_13057\" align=center x:publishsource=\"Excel\">\r\n\r\n<table border=0 cellpadding=0 cellspacing=0 width=2512 style='border-collapse:\r\n collapse;table-layout:fixed;width:1885pt'>\r\n <col width=56 style='mso-width-source:userset;mso-width-alt:2048;width:42pt'>\r\n <col width=255 style='mso-width-source:userset;mso-width-alt:9325;width:191pt'>\r\n <col width=270 style='mso-width-source:userset;mso-width-alt:9874;width:203pt'>\r\n <col width=125 style='mso-width-source:userset;mso-width-alt:4571;width:94pt'>\r\n <col width=134 style='mso-width-source:userset;mso-width-alt:4900;width:101pt'>\r\n <col width=89 style='mso-width-source:userset;mso-width-alt:3254;width:67pt'>\r\n <col width=88 style='mso-width-source:userset;mso-width-alt:3218;width:66pt'>\r\n <col width=195 style='mso-width-source:userset;mso-width-alt:7131;width:146pt'>\r\n <col width=512 style='mso-width-source:userset;mso-width-alt:18724;width:384pt'>\r\n <col width=123 style='mso-width-source:userset;mso-width-alt:4498;width:92pt'>\r\n <col width=140 style='mso-width-source:userset;mso-width-alt:5120;width:105pt'>\r\n <col width=525 style='mso-width-source:userset;mso-width-alt:19200;width:394pt'>\r\n <tr height=0 style='display:none'>\r\n  <td class=xl1513057 width=56 style='width:42pt'>52359<\/td>\r\n  <td class=xl1513057 width=255 style='width:191pt'><\/td>\r\n  <td class=xl1513057 width=270 style='width:203pt'><\/td>\r\n  <td class=xl1513057 width=125 style='width:94pt'><\/td>\r\n  <td class=xl1513057 width=134 style='width:101pt'><\/td>\r\n  <td class=xl1513057 width=89 style='width:67pt'><\/td>\r\n  <td class=xl1513057 width=88 style='width:66pt'><\/td>\r\n  <td class=xl1513057 width=195 style='width:146pt'><\/td>\r\n  <td class=xl1513057 width=512 style='width:384pt'><\/td>\r\n  <td class=xl1513057 width=123 style='width:92pt'><\/td>\r\n  <td class=xl1513057 width=140 style='width:105pt'><\/td>\r\n  <td class=xl1513057 width=525 style='width:394pt'><\/td>\r\n <\/tr>\r\n <tr height=20 style='height:15.0pt'>\r\n  <td colspan=3 height=20 class=xl6613057 style='height:15.0pt'>T\u00cdTULO<\/td>\r\n  <td colspan=3 class=xl6613057>NOMBRE CORTO<\/td>\r\n  <td colspan=3 class=xl6613057>DESCRIPCI\u00d3N<\/td>\r\n  <td class=xl1513057><\/td>\r\n  <td class=xl1513057><\/td>\r\n  <td class=xl1513057><\/td>\r\n <\/tr>\r\n <tr height=20 style='height:15.0pt'>\r\n  <td colspan=3 height=20 class=xl6713057 style='height:15.0pt'>Inventario_Inventario\r\n  de bajas practicadas a bienes muebles<\/td>\r\n  <td colspan=3 class=xl6713057>a69_f34_c<\/td>\r\n  <td colspan=3 class=xl6713057>Inventario de bajas practicadas a bienes\r\n  muebles, el cual se realizar\u00e1 con base en la normatividad aplicable en la\r\n  materia.<\/td>\r\n  <td class=xl1513057><\/td>\r\n  <td class=xl1513057><\/td>\r\n  <td class=xl1513057><\/td>\r\n <\/tr>\r\n <tr height=0 style='display:none'>\r\n  <td class=xl1513057>1<\/td>\r\n  <td class=xl1513057>4<\/td>\r\n  <td class=xl1513057>4<\/td>\r\n  <td class=xl1513057>2<\/td>\r\n  <td class=xl1513057>1<\/td>\r\n  <td class=xl1513057>1<\/td>\r\n  <td class=xl1513057>4<\/td>\r\n  <td class=xl1513057>6<\/td>\r\n  <td class=xl1513057>2<\/td>\r\n  <td class=xl1513057>4<\/td>\r\n  <td class=xl1513057>13<\/td>\r\n  <td class=xl1513057>14<\/td>\r\n <\/tr>\r\n <tr height=0 style='display:none'>\r\n  <td class=xl1513057>494447<\/td>\r\n  <td class=xl1513057>494448<\/td>\r\n  <td class=xl1513057>494449<\/td>\r\n  <td class=xl1513057>494442<\/td>\r\n  <td class=xl1513057>494452<\/td>\r\n  <td class=xl1513057>494441<\/td>\r\n  <td class=xl1513057>494445<\/td>\r\n  <td class=xl1513057>494444<\/td>\r\n  <td class=xl1513057>494450<\/td>\r\n  <td class=xl1513057>494443<\/td>\r\n  <td class=xl1513057>494446<\/td>\r\n  <td class=xl1513057>494451<\/td>\r\n <\/tr>\r\n <tr height=20 style='height:15.0pt'>\r\n  <td colspan=12 height=20 class=xl6613057 style='height:15.0pt'>Tabla Campos<\/td>\r\n <\/tr>\r\n <tr height=35 style='height:26.25pt'>\r\n  <td height=35 class=xl6313057 width=56 style='height:26.25pt;width:42pt'>Ejercicio<\/td>\r\n  <td class=xl6313057 width=255 style='border-left:none;width:191pt'>Fecha de\r\n  inicio del periodo que se informa<\/td>\r\n  <td class=xl6313057 width=270 style='border-left:none;width:203pt'>Fecha de\r\n  t\u00e9rmino del periodo que se informa<\/td>\r\n  <td class=xl6313057 width=125 style='border-left:none;width:94pt'>Descripci\u00f3n\r\n  del bien<\/td>\r\n  <td class=xl6313057 width=134 style='border-left:none;width:101pt'>N\u00famero de\r\n  inventario<\/td>\r\n  <td class=xl6313057 width=89 style='border-left:none;width:67pt'>Causa de\r\n  baja<\/td>\r\n  <td class=xl6313057 width=88 style='border-left:none;width:66pt'>Fecha de\r\n  baja<\/td>\r\n  <td class=xl6313057 width=195 style='border-left:none;width:146pt'>Valor del\r\n  bien a la fecha de baja<\/td>\r\n  <td class=xl6313057 width=512 style='border-left:none;width:384pt'>\u00c1rea(s)\r\n  responsable(s) que genera(n), posee(n), publica(n) y actualizan la\r\n  informaci\u00f3n<\/td>\r\n  <td class=xl6313057 width=123 style='border-left:none;width:92pt'>Fecha de\r\n  validaci\u00f3n<\/td>\r\n  <td class=xl6313057 width=140 style='border-left:none;width:105pt'>Fecha de\r\n  actualizaci\u00f3n<\/td>\r\n  <td class=xl6313057 width=525 style='border-left:none;width:394pt'>Nota<\/td>\r\n <\/tr>\r\n <tr height=60 style='height:45.0pt'>\r\n  <td height=60 class=xl6413057 align=right width=56 style='height:45.0pt;\r\n  border-top:none;width:42pt'>2019<\/td>\r\n  <td class=xl6513057 align=right width=255 style='border-top:none;border-left:\r\n  none;width:191pt'>01\/01\/2019<\/td>\r\n  <td class=xl6513057 align=right width=270 style='border-top:none;border-left:\r\n  none;width:203pt'>30\/06\/2019<\/td>\r\n  <td class=xl6413057 width=125 style='border-top:none;border-left:none;\r\n  width:94pt'>&nbsp;<\/td>\r\n  <td class=xl6413057 width=134 style='border-top:none;border-left:none;\r\n  width:101pt'>&nbsp;<\/td>\r\n  <td class=xl6413057 width=89 style='border-top:none;border-left:none;\r\n  width:67pt'>&nbsp;<\/td>\r\n  <td class=xl6413057 width=88 style='border-top:none;border-left:none;\r\n  width:66pt'>&nbsp;<\/td>\r\n  <td class=xl6413057 width=195 style='border-top:none;border-left:none;\r\n  width:146pt'>&nbsp;<\/td>\r\n  <td class=xl6413057 width=512 style='border-top:none;border-left:none;\r\n  width:384pt'>Secretaria General Municipal<\/td>\r\n  <td class=xl6513057 align=right width=123 style='border-top:none;border-left:\r\n  none;width:92pt'>05\/04\/2019<\/td>\r\n  <td class=xl6513057 align=right width=140 style='border-top:none;border-left:\r\n  none;width:105pt'>01\/01\/2019<\/td>\r\n  <td class=xl6413057 width=525 style='border-top:none;border-left:none;\r\n  width:394pt'>En este trimestre no se han practicado bajas de bienes muebles\r\n  por lo tanto existen espacios<span style='mso-spacerun:yes'>\u00a0 <\/span>en\r\n  blanco ya que no se ha generado informaci\u00f3n para este per\u00edodo.<\/td>\r\n <\/tr>\r\n <![if supportMisalignedColumns]>\r\n <tr height=0 style='display:none'>\r\n  <td width=56 style='width:42pt'><\/td>\r\n  <td width=255 style='width:191pt'><\/td>\r\n  <td width=270 style='width:203pt'><\/td>\r\n  <td width=125 style='width:94pt'><\/td>\r\n  <td width=134 style='width:101pt'><\/td>\r\n  <td width=89 style='width:67pt'><\/td>\r\n  <td width=88 style='width:66pt'><\/td>\r\n  <td width=195 style='width:146pt'><\/td>\r\n  <td width=512 style='width:384pt'><\/td>\r\n  <td width=123 style='width:92pt'><\/td>\r\n  <td width=140 style='width:105pt'><\/td>\r\n  <td width=525 style='width:394pt'><\/td>\r\n <\/tr>\r\n <![endif]>\r\n<\/table>\r\n\r\n<\/div>\r\n\r\n\r\n<!----------------------------->\r\n<!--FINAL DE LOS RESULTADOS DEL ASISTENTE PARA PUBLICAR COMO P\u00c1GINA WEB DE\r\nEXCEL-->\r\n<!----------------------------->\r\n<\/body>\r\n\r\n<\/html>\r\n\t\t\t\t<\/div>\n\t\t\t\t<\/div>\n\t\t\t\t\t<\/div>\n\t\t<\/div>\n\t\t\t\t\t<\/div>\n\t\t<\/section>\n\t\t\t\t<\/div>\n\t\t","protected":false},"excerpt":{"rendered":"<p>&nbsp; Fracci\u00f3n XXXIV c &nbsp; &lt;![if supportMisalignedColumns]&gt;&lt;![endif]&gt; 52359 T\u00cdTULO NOMBRE CORTO DESCRIPCI\u00d3N Inventario_Inventario de bajas practicadas a bienes muebles a69_f34_c Inventario de bajas practicadas a bienes muebles, el cual se realizar\u00e1 con base en la normatividad aplicable en la materia. 1 4 4 2 1 1 4 6 2 4 13 14 494447 494448 494449 [&hellip;]<\/p>\n","protected":false},"author":1,"featured_media":0,"parent":6108,"menu_order":0,"comment_status":"closed","ping_status":"closed","template":"page-template-full.php","meta":{"footnotes":""},"class_list":["post-6542","page","type-page","status-publish","hentry"],"jetpack_sharing_enabled":true,"_links":{"self":[{"href":"https:\/\/apan.gob.mx\/portal\/wp-json\/wp\/v2\/pages\/6542","targetHints":{"allow":["GET"]}}],"collection":[{"href":"https:\/\/apan.gob.mx\/portal\/wp-json\/wp\/v2\/pages"}],"about":[{"href":"https:\/\/apan.gob.mx\/portal\/wp-json\/wp\/v2\/types\/page"}],"author":[{"embeddable":true,"href":"https:\/\/apan.gob.mx\/portal\/wp-json\/wp\/v2\/users\/1"}],"replies":[{"embeddable":true,"href":"https:\/\/apan.gob.mx\/portal\/wp-json\/wp\/v2\/comments?post=6542"}],"version-history":[{"count":3,"href":"https:\/\/apan.gob.mx\/portal\/wp-json\/wp\/v2\/pages\/6542\/revisions"}],"predecessor-version":[{"id":6546,"href":"https:\/\/apan.gob.mx\/portal\/wp-json\/wp\/v2\/pages\/6542\/revisions\/6546"}],"up":[{"embeddable":true,"href":"https:\/\/apan.gob.mx\/portal\/wp-json\/wp\/v2\/pages\/6108"}],"wp:attachment":[{"href":"https:\/\/apan.gob.mx\/portal\/wp-json\/wp\/v2\/media?parent=6542"}],"curies":[{"name":"wp","href":"https:\/\/api.w.org\/{rel}","templated":true}]}}