{"id":6551,"date":"2019-07-05T18:39:25","date_gmt":"2019-07-05T23:39:25","guid":{"rendered":"https:\/\/apan.gob.mx\/portal\/?page_id=6551"},"modified":"2019-07-05T18:40:47","modified_gmt":"2019-07-05T23:40:47","slug":"6551-2","status":"publish","type":"page","link":"https:\/\/apan.gob.mx\/portal\/2-trimestre-2019\/6551-2\/","title":{"rendered":"<!--secretaria_34e_2019_2_-->"},"content":{"rendered":"\t\t<div data-elementor-type=\"wp-page\" data-elementor-id=\"6551\" class=\"elementor elementor-6551 elementor-bc-flex-widget\">\n\t\t\t\t\t\t<section class=\"has_ae_slider elementor-section elementor-top-section elementor-element elementor-element-otmokqm elementor-section-boxed elementor-section-height-default elementor-section-height-default ae-bg-gallery-type-default\" data-id=\"otmokqm\" data-element_type=\"section\" data-e-type=\"section\">\n\t\t\t\t\t\t<div class=\"elementor-container elementor-column-gap-default\">\n\t\t\t\t\t<div class=\"has_ae_slider elementor-column elementor-col-100 elementor-top-column elementor-element elementor-element-rvfcavk ae-bg-gallery-type-default\" data-id=\"rvfcavk\" data-element_type=\"column\" data-e-type=\"column\">\n\t\t\t<div class=\"elementor-widget-wrap elementor-element-populated\">\n\t\t\t\t\t\t<div class=\"elementor-element elementor-element-tvfmoro elementor-widget elementor-widget-heading\" data-id=\"tvfmoro\" data-element_type=\"widget\" data-e-type=\"widget\" data-widget_type=\"heading.default\">\n\t\t\t\t<div class=\"elementor-widget-container\">\n\t\t\t\t\t<h2 class=\"elementor-heading-title elementor-size-medium\">Fracci\u00f3n XXXIV e<\/h2>\t\t\t\t<\/div>\n\t\t\t\t<\/div>\n\t\t\t\t<div class=\"elementor-element elementor-element-ytoskqi elementor-widget elementor-widget-html\" data-id=\"ytoskqi\" data-element_type=\"widget\" data-e-type=\"widget\" data-widget_type=\"html.default\">\n\t\t\t\t<div class=\"elementor-widget-container\">\n\t\t\t\t\t<html xmlns:o=\"urn:schemas-microsoft-com:office:office\"\r\nxmlns:x=\"urn:schemas-microsoft-com:office:excel\"\r\nxmlns=\"http:\/\/www.w3.org\/TR\/REC-html40\">\r\n\r\n<head>\r\n<meta http-equiv=Content-Type content=\"text\/html; charset=windows-1252\">\r\n<meta name=ProgId content=Excel.Sheet>\r\n<meta name=Generator content=\"Microsoft Excel 14\">\r\n<link rel=File-List href=\"a69_f34_(e)_archivos\/filelist.xml\">\r\n<style id=\"a69_f34_(e)_21048_Styles\">\r\n<!--table\r\n\t{mso-displayed-decimal-separator:\"\\.\";\r\n\tmso-displayed-thousand-separator:\"\\,\";}\r\n.xl1521048\r\n\t{padding-top:1px;\r\n\tpadding-right:1px;\r\n\tpadding-left:1px;\r\n\tmso-ignore:padding;\r\n\tcolor:black;\r\n\tfont-size:11.0pt;\r\n\tfont-weight:400;\r\n\tfont-style:normal;\r\n\ttext-decoration:none;\r\n\tfont-family:Calibri, sans-serif;\r\n\tmso-font-charset:0;\r\n\tmso-number-format:General;\r\n\ttext-align:general;\r\n\tvertical-align:bottom;\r\n\tmso-background-source:auto;\r\n\tmso-pattern:auto;\r\n\twhite-space:nowrap;}\r\n.xl6321048\r\n\t{padding-top:1px;\r\n\tpadding-right:1px;\r\n\tpadding-left:1px;\r\n\tmso-ignore:padding;\r\n\tcolor:black;\r\n\tfont-size:10.0pt;\r\n\tfont-weight:400;\r\n\tfont-style:normal;\r\n\ttext-decoration:none;\r\n\tfont-family:Arial, sans-serif;\r\n\tmso-font-charset:0;\r\n\tmso-number-format:General;\r\n\ttext-align:center;\r\n\tvertical-align:bottom;\r\n\tborder:.5pt solid windowtext;\r\n\tbackground:#E1E1E1;\r\n\tmso-pattern:black none;\r\n\twhite-space:normal;}\r\n.xl6421048\r\n\t{padding-top:1px;\r\n\tpadding-right:1px;\r\n\tpadding-left:1px;\r\n\tmso-ignore:padding;\r\n\tcolor:black;\r\n\tfont-size:11.0pt;\r\n\tfont-weight:400;\r\n\tfont-style:normal;\r\n\ttext-decoration:none;\r\n\tfont-family:Calibri, sans-serif;\r\n\tmso-font-charset:0;\r\n\tmso-number-format:General;\r\n\ttext-align:general;\r\n\tvertical-align:bottom;\r\n\tborder:.5pt solid windowtext;\r\n\tmso-background-source:auto;\r\n\tmso-pattern:auto;\r\n\twhite-space:nowrap;}\r\n.xl6521048\r\n\t{padding-top:1px;\r\n\tpadding-right:1px;\r\n\tpadding-left:1px;\r\n\tmso-ignore:padding;\r\n\tcolor:black;\r\n\tfont-size:11.0pt;\r\n\tfont-weight:400;\r\n\tfont-style:normal;\r\n\ttext-decoration:none;\r\n\tfont-family:Calibri, sans-serif;\r\n\tmso-font-charset:0;\r\n\tmso-number-format:\"Short Date\";\r\n\ttext-align:general;\r\n\tvertical-align:bottom;\r\n\tborder:.5pt solid windowtext;\r\n\tmso-background-source:auto;\r\n\tmso-pattern:auto;\r\n\twhite-space:nowrap;}\r\n.xl6621048\r\n\t{padding-top:1px;\r\n\tpadding-right:1px;\r\n\tpadding-left:1px;\r\n\tmso-ignore:padding;\r\n\tcolor:white;\r\n\tfont-size:11.0pt;\r\n\tfont-weight:700;\r\n\tfont-style:normal;\r\n\ttext-decoration:none;\r\n\tfont-family:Arial, sans-serif;\r\n\tmso-font-charset:0;\r\n\tmso-number-format:General;\r\n\ttext-align:center;\r\n\tvertical-align:bottom;\r\n\tborder:.5pt solid windowtext;\r\n\tbackground:#333333;\r\n\tmso-pattern:black none;\r\n\twhite-space:nowrap;}\r\n.xl6721048\r\n\t{padding-top:1px;\r\n\tpadding-right:1px;\r\n\tpadding-left:1px;\r\n\tmso-ignore:padding;\r\n\tcolor:black;\r\n\tfont-size:10.0pt;\r\n\tfont-weight:400;\r\n\tfont-style:normal;\r\n\ttext-decoration:none;\r\n\tfont-family:Arial, sans-serif;\r\n\tmso-font-charset:0;\r\n\tmso-number-format:General;\r\n\ttext-align:general;\r\n\tvertical-align:bottom;\r\n\tborder:.5pt solid windowtext;\r\n\tbackground:#E1E1E1;\r\n\tmso-pattern:black none;\r\n\twhite-space:nowrap;}\r\n-->\r\n<\/style>\r\n<\/head>\r\n\r\n<body>\r\n<!--[if !excel]>&nbsp;&nbsp;<![endif]-->\r\n<!--La siguiente informaci\u00f3n se gener\u00f3 mediante el Asistente para publicar como\r\np\u00e1gina web de Microsoft Excel.-->\r\n<!--Si se vuelve a publicar el mismo elemento desde Excel, se reemplazar\u00e1 toda\r\nla informaci\u00f3n comprendida entre las etiquetas DIV.-->\r\n<!----------------------------->\r\n<!--INICIO DE LOS RESULTADOS DEL ASISTENTE PARA PUBLICAR COMO P\u00c1GINA WEB DE\r\nEXCEL -->\r\n<!----------------------------->\r\n\r\n<div id=\"a69_f34_(e)_21048\" align=center x:publishsource=\"Excel\">\r\n\r\n<table border=0 cellpadding=0 cellspacing=0 width=2675 style='border-collapse:\r\n collapse;table-layout:fixed;width:2009pt'>\r\n <col width=56 style='mso-width-source:userset;mso-width-alt:2048;width:42pt'>\r\n <col width=169 span=2 style='mso-width-source:userset;mso-width-alt:6180;\r\n width:127pt'>\r\n <col width=178 style='mso-width-source:userset;mso-width-alt:6509;width:134pt'>\r\n <col width=90 style='mso-width-source:userset;mso-width-alt:3291;width:68pt'>\r\n <col width=86 style='mso-width-source:userset;mso-width-alt:3145;width:65pt'>\r\n <col width=196 style='mso-width-source:userset;mso-width-alt:7168;width:147pt'>\r\n <col width=512 style='mso-width-source:userset;mso-width-alt:18724;width:384pt'>\r\n <col width=117 span=2 style='mso-width-source:userset;mso-width-alt:4278;\r\n width:88pt'>\r\n <col width=985 style='mso-width-source:userset;mso-width-alt:36022;width:739pt'>\r\n <tr height=0 style='display:none'>\r\n  <td class=xl1521048 width=56 style='width:42pt'>52348<\/td>\r\n  <td class=xl1521048 width=169 style='width:127pt'><\/td>\r\n  <td class=xl1521048 width=169 style='width:127pt'><\/td>\r\n  <td class=xl1521048 width=178 style='width:134pt'><\/td>\r\n  <td class=xl1521048 width=90 style='width:68pt'><\/td>\r\n  <td class=xl1521048 width=86 style='width:65pt'><\/td>\r\n  <td class=xl1521048 width=196 style='width:147pt'><\/td>\r\n  <td class=xl1521048 width=512 style='width:384pt'><\/td>\r\n  <td class=xl1521048 width=117 style='width:88pt'><\/td>\r\n  <td class=xl1521048 width=117 style='width:88pt'><\/td>\r\n  <td class=xl1521048 width=985 style='width:739pt'><\/td>\r\n <\/tr>\r\n <tr height=20 style='height:15.0pt'>\r\n  <td colspan=3 height=20 class=xl6621048 style='height:15.0pt'>T\u00cdTULO<\/td>\r\n  <td colspan=3 class=xl6621048>NOMBRE CORTO<\/td>\r\n  <td colspan=3 class=xl6621048>DESCRIPCI\u00d3N<\/td>\r\n  <td class=xl1521048><\/td>\r\n  <td class=xl1521048><\/td>\r\n <\/tr>\r\n <tr height=20 style='height:15.0pt'>\r\n  <td colspan=3 height=20 class=xl6721048 style='height:15.0pt'>Inventario_Inventario\r\n  de altas practicadas a bienes inmuebles<\/td>\r\n  <td colspan=3 class=xl6721048>a69_f34_e<\/td>\r\n  <td colspan=3 class=xl6721048>Inventario de altas practicadas a bienes\r\n  inmuebles, el cual se realizar\u00e1 con base en la normatividad aplicable en la\r\n  materia.<\/td>\r\n  <td class=xl1521048><\/td>\r\n  <td class=xl1521048><\/td>\r\n <\/tr>\r\n <tr height=0 style='display:none'>\r\n  <td class=xl1521048>1<\/td>\r\n  <td class=xl1521048>4<\/td>\r\n  <td class=xl1521048>4<\/td>\r\n  <td class=xl1521048>2<\/td>\r\n  <td class=xl1521048>2<\/td>\r\n  <td class=xl1521048>4<\/td>\r\n  <td class=xl1521048>6<\/td>\r\n  <td class=xl1521048>2<\/td>\r\n  <td class=xl1521048>4<\/td>\r\n  <td class=xl1521048>13<\/td>\r\n  <td class=xl1521048>14<\/td>\r\n <\/tr>\r\n <tr height=0 style='display:none'>\r\n  <td class=xl1521048>494311<\/td>\r\n  <td class=xl1521048>494312<\/td>\r\n  <td class=xl1521048>494313<\/td>\r\n  <td class=xl1521048>494310<\/td>\r\n  <td class=xl1521048>494305<\/td>\r\n  <td class=xl1521048>494306<\/td>\r\n  <td class=xl1521048>494308<\/td>\r\n  <td class=xl1521048>494314<\/td>\r\n  <td class=xl1521048>494307<\/td>\r\n  <td class=xl1521048>494309<\/td>\r\n  <td class=xl1521048>494315<\/td>\r\n <\/tr>\r\n <tr height=20 style='height:15.0pt'>\r\n  <td colspan=11 height=20 class=xl6621048 style='height:15.0pt'>Tabla Campos<\/td>\r\n <\/tr>\r\n <tr height=35 style='height:26.25pt'>\r\n  <td height=35 class=xl6321048 width=56 style='height:26.25pt;width:42pt'>Ejercicio<\/td>\r\n  <td class=xl6321048 width=169 style='border-left:none;width:127pt'>Fecha de\r\n  inicio del periodo que se informa<\/td>\r\n  <td class=xl6321048 width=169 style='border-left:none;width:127pt'>Fecha de\r\n  t\u00e9rmino del periodo que se informa<\/td>\r\n  <td class=xl6321048 width=178 style='border-left:none;width:134pt'>Descripci\u00f3n\r\n  del bien, caracter\u00edsticas y ubicaci\u00f3n<\/td>\r\n  <td class=xl6321048 width=90 style='border-left:none;width:68pt'>Causa de\r\n  alta<span style='mso-spacerun:yes'>\u00a0<\/span><\/td>\r\n  <td class=xl6321048 width=86 style='border-left:none;width:65pt'>Fecha de\r\n  alta<\/td>\r\n  <td class=xl6321048 width=196 style='border-left:none;width:147pt'>Valor del\r\n  bien a la fecha del alta<\/td>\r\n  <td class=xl6321048 width=512 style='border-left:none;width:384pt'>\u00c1rea(s)\r\n  responsable(s) que genera(n), posee(n), publica(n) y actualizan la\r\n  informaci\u00f3n<\/td>\r\n  <td class=xl6321048 width=117 style='border-left:none;width:88pt'>Fecha de\r\n  validaci\u00f3n<\/td>\r\n  <td class=xl6321048 width=117 style='border-left:none;width:88pt'>Fecha de\r\n  actualizaci\u00f3n<\/td>\r\n  <td class=xl6321048 width=985 style='border-left:none;width:739pt'>Nota<\/td>\r\n <\/tr>\r\n <tr height=20 style='height:15.0pt'>\r\n  <td height=20 class=xl6421048 align=right style='height:15.0pt;border-top:\r\n  none'>2019<\/td>\r\n  <td class=xl6521048 align=right style='border-top:none;border-left:none'>01\/01\/2019<\/td>\r\n  <td class=xl6521048 align=right style='border-top:none;border-left:none'>30\/06\/2019<\/td>\r\n  <td class=xl6421048 style='border-top:none;border-left:none'>&nbsp;<\/td>\r\n  <td class=xl6421048 style='border-top:none;border-left:none'>&nbsp;<\/td>\r\n  <td class=xl6421048 style='border-top:none;border-left:none'>&nbsp;<\/td>\r\n  <td class=xl6421048 style='border-top:none;border-left:none'>&nbsp;<\/td>\r\n  <td class=xl6421048 style='border-top:none;border-left:none'>Secretaria\r\n  General Municipal<span style='mso-spacerun:yes'>\u00a0<\/span><\/td>\r\n  <td class=xl6521048 align=right style='border-top:none;border-left:none'>05\/04\/2019<\/td>\r\n  <td class=xl6521048 align=right style='border-top:none;border-left:none'>01\/01\/2019<\/td>\r\n  <td class=xl6421048 style='border-top:none;border-left:none'>En este\r\n  trimestre no hay altas practicadas en el inventario<span\r\n  style='mso-spacerun:yes'>\u00a0 <\/span>de<span style='mso-spacerun:yes'>\u00a0\r\n  <\/span>bienes inmuebles por lo tanto existen campos vac\u00edos<span\r\n  style='mso-spacerun:yes'>\u00a0 <\/span>ya que no se ha generado informaci\u00f3n.<\/td>\r\n <\/tr>\r\n <![if supportMisalignedColumns]>\r\n <tr height=0 style='display:none'>\r\n  <td width=56 style='width:42pt'><\/td>\r\n  <td width=169 style='width:127pt'><\/td>\r\n  <td width=169 style='width:127pt'><\/td>\r\n  <td width=178 style='width:134pt'><\/td>\r\n  <td width=90 style='width:68pt'><\/td>\r\n  <td width=86 style='width:65pt'><\/td>\r\n  <td width=196 style='width:147pt'><\/td>\r\n  <td width=512 style='width:384pt'><\/td>\r\n  <td width=117 style='width:88pt'><\/td>\r\n  <td width=117 style='width:88pt'><\/td>\r\n  <td width=985 style='width:739pt'><\/td>\r\n <\/tr>\r\n <![endif]>\r\n<\/table>\r\n\r\n<\/div>\r\n\r\n\r\n<!----------------------------->\r\n<!--FINAL DE LOS RESULTADOS DEL ASISTENTE PARA PUBLICAR COMO P\u00c1GINA WEB DE\r\nEXCEL-->\r\n<!----------------------------->\r\n<\/body>\r\n\r\n<\/html>\r\n\t\t\t\t<\/div>\n\t\t\t\t<\/div>\n\t\t\t\t\t<\/div>\n\t\t<\/div>\n\t\t\t\t\t<\/div>\n\t\t<\/section>\n\t\t\t\t<\/div>\n\t\t","protected":false},"excerpt":{"rendered":"<p>&nbsp; Fracci\u00f3n XXXIV e &nbsp; &lt;![if supportMisalignedColumns]&gt;&lt;![endif]&gt; 52348 T\u00cdTULO NOMBRE CORTO DESCRIPCI\u00d3N Inventario_Inventario de altas practicadas a bienes inmuebles a69_f34_e Inventario de altas practicadas a bienes inmuebles, el cual se realizar\u00e1 con base en la normatividad aplicable en la materia. 1 4 4 2 2 4 6 2 4 13 14 494311 494312 494313 494310 [&hellip;]<\/p>\n","protected":false},"author":1,"featured_media":0,"parent":6108,"menu_order":0,"comment_status":"closed","ping_status":"closed","template":"page-template-full.php","meta":{"footnotes":""},"class_list":["post-6551","page","type-page","status-publish","hentry"],"jetpack_sharing_enabled":true,"_links":{"self":[{"href":"https:\/\/apan.gob.mx\/portal\/wp-json\/wp\/v2\/pages\/6551","targetHints":{"allow":["GET"]}}],"collection":[{"href":"https:\/\/apan.gob.mx\/portal\/wp-json\/wp\/v2\/pages"}],"about":[{"href":"https:\/\/apan.gob.mx\/portal\/wp-json\/wp\/v2\/types\/page"}],"author":[{"embeddable":true,"href":"https:\/\/apan.gob.mx\/portal\/wp-json\/wp\/v2\/users\/1"}],"replies":[{"embeddable":true,"href":"https:\/\/apan.gob.mx\/portal\/wp-json\/wp\/v2\/comments?post=6551"}],"version-history":[{"count":3,"href":"https:\/\/apan.gob.mx\/portal\/wp-json\/wp\/v2\/pages\/6551\/revisions"}],"predecessor-version":[{"id":6554,"href":"https:\/\/apan.gob.mx\/portal\/wp-json\/wp\/v2\/pages\/6551\/revisions\/6554"}],"up":[{"embeddable":true,"href":"https:\/\/apan.gob.mx\/portal\/wp-json\/wp\/v2\/pages\/6108"}],"wp:attachment":[{"href":"https:\/\/apan.gob.mx\/portal\/wp-json\/wp\/v2\/media?parent=6551"}],"curies":[{"name":"wp","href":"https:\/\/api.w.org\/{rel}","templated":true}]}}