{"id":6555,"date":"2019-07-05T18:41:14","date_gmt":"2019-07-05T23:41:14","guid":{"rendered":"https:\/\/apan.gob.mx\/portal\/?page_id=6555"},"modified":"2019-07-05T18:42:52","modified_gmt":"2019-07-05T23:42:52","slug":"6555-2","status":"publish","type":"page","link":"https:\/\/apan.gob.mx\/portal\/2-trimestre-2019\/6555-2\/","title":{"rendered":"<!--secretaria_34f_2019_2_-->"},"content":{"rendered":"\t\t<div data-elementor-type=\"wp-page\" data-elementor-id=\"6555\" class=\"elementor elementor-6555 elementor-bc-flex-widget\">\n\t\t\t\t\t\t<section class=\"has_ae_slider elementor-section elementor-top-section elementor-element elementor-element-tivzfqw elementor-section-boxed elementor-section-height-default elementor-section-height-default ae-bg-gallery-type-default\" data-id=\"tivzfqw\" data-element_type=\"section\" data-e-type=\"section\">\n\t\t\t\t\t\t<div class=\"elementor-container elementor-column-gap-default\">\n\t\t\t\t\t<div class=\"has_ae_slider elementor-column elementor-col-100 elementor-top-column elementor-element elementor-element-lflvsfm ae-bg-gallery-type-default\" data-id=\"lflvsfm\" data-element_type=\"column\" data-e-type=\"column\">\n\t\t\t<div class=\"elementor-widget-wrap elementor-element-populated\">\n\t\t\t\t\t\t<div class=\"elementor-element elementor-element-rncymuc elementor-widget elementor-widget-heading\" data-id=\"rncymuc\" data-element_type=\"widget\" data-e-type=\"widget\" data-widget_type=\"heading.default\">\n\t\t\t\t<div class=\"elementor-widget-container\">\n\t\t\t\t\t<h2 class=\"elementor-heading-title elementor-size-medium\">Fracci\u00f3n XXXIV f<\/h2>\t\t\t\t<\/div>\n\t\t\t\t<\/div>\n\t\t\t\t<div class=\"elementor-element elementor-element-oaytbpu elementor-widget elementor-widget-html\" data-id=\"oaytbpu\" data-element_type=\"widget\" data-e-type=\"widget\" data-widget_type=\"html.default\">\n\t\t\t\t<div class=\"elementor-widget-container\">\n\t\t\t\t\t<html xmlns:o=\"urn:schemas-microsoft-com:office:office\"\r\nxmlns:x=\"urn:schemas-microsoft-com:office:excel\"\r\nxmlns=\"http:\/\/www.w3.org\/TR\/REC-html40\">\r\n\r\n<head>\r\n<meta http-equiv=Content-Type content=\"text\/html; charset=windows-1252\">\r\n<meta name=ProgId content=Excel.Sheet>\r\n<meta name=Generator content=\"Microsoft Excel 14\">\r\n<link rel=File-List href=\"a69_f34_(f)_archivos\/filelist.xml\">\r\n<style id=\"a69_f34_(f)_24009_Styles\">\r\n<!--table\r\n\t{mso-displayed-decimal-separator:\"\\.\";\r\n\tmso-displayed-thousand-separator:\"\\,\";}\r\n.xl1524009\r\n\t{padding-top:1px;\r\n\tpadding-right:1px;\r\n\tpadding-left:1px;\r\n\tmso-ignore:padding;\r\n\tcolor:black;\r\n\tfont-size:11.0pt;\r\n\tfont-weight:400;\r\n\tfont-style:normal;\r\n\ttext-decoration:none;\r\n\tfont-family:Calibri, sans-serif;\r\n\tmso-font-charset:0;\r\n\tmso-number-format:General;\r\n\ttext-align:general;\r\n\tvertical-align:bottom;\r\n\tmso-background-source:auto;\r\n\tmso-pattern:auto;\r\n\twhite-space:nowrap;}\r\n.xl6324009\r\n\t{padding-top:1px;\r\n\tpadding-right:1px;\r\n\tpadding-left:1px;\r\n\tmso-ignore:padding;\r\n\tcolor:black;\r\n\tfont-size:10.0pt;\r\n\tfont-weight:400;\r\n\tfont-style:normal;\r\n\ttext-decoration:none;\r\n\tfont-family:Arial, sans-serif;\r\n\tmso-font-charset:0;\r\n\tmso-number-format:General;\r\n\ttext-align:center;\r\n\tvertical-align:bottom;\r\n\tborder:.5pt solid windowtext;\r\n\tbackground:#E1E1E1;\r\n\tmso-pattern:black none;\r\n\twhite-space:normal;}\r\n.xl6424009\r\n\t{padding-top:1px;\r\n\tpadding-right:1px;\r\n\tpadding-left:1px;\r\n\tmso-ignore:padding;\r\n\tcolor:black;\r\n\tfont-size:11.0pt;\r\n\tfont-weight:400;\r\n\tfont-style:normal;\r\n\ttext-decoration:none;\r\n\tfont-family:Calibri, sans-serif;\r\n\tmso-font-charset:0;\r\n\tmso-number-format:General;\r\n\ttext-align:general;\r\n\tvertical-align:bottom;\r\n\tborder:.5pt solid windowtext;\r\n\tmso-background-source:auto;\r\n\tmso-pattern:auto;\r\n\twhite-space:nowrap;}\r\n.xl6524009\r\n\t{padding-top:1px;\r\n\tpadding-right:1px;\r\n\tpadding-left:1px;\r\n\tmso-ignore:padding;\r\n\tcolor:black;\r\n\tfont-size:11.0pt;\r\n\tfont-weight:400;\r\n\tfont-style:normal;\r\n\ttext-decoration:none;\r\n\tfont-family:Calibri, sans-serif;\r\n\tmso-font-charset:0;\r\n\tmso-number-format:\"Short Date\";\r\n\ttext-align:general;\r\n\tvertical-align:bottom;\r\n\tborder:.5pt solid windowtext;\r\n\tmso-background-source:auto;\r\n\tmso-pattern:auto;\r\n\twhite-space:nowrap;}\r\n.xl6624009\r\n\t{padding-top:1px;\r\n\tpadding-right:1px;\r\n\tpadding-left:1px;\r\n\tmso-ignore:padding;\r\n\tcolor:white;\r\n\tfont-size:11.0pt;\r\n\tfont-weight:700;\r\n\tfont-style:normal;\r\n\ttext-decoration:none;\r\n\tfont-family:Arial, sans-serif;\r\n\tmso-font-charset:0;\r\n\tmso-number-format:General;\r\n\ttext-align:center;\r\n\tvertical-align:bottom;\r\n\tborder:.5pt solid windowtext;\r\n\tbackground:#333333;\r\n\tmso-pattern:black none;\r\n\twhite-space:nowrap;}\r\n.xl6724009\r\n\t{padding-top:1px;\r\n\tpadding-right:1px;\r\n\tpadding-left:1px;\r\n\tmso-ignore:padding;\r\n\tcolor:black;\r\n\tfont-size:10.0pt;\r\n\tfont-weight:400;\r\n\tfont-style:normal;\r\n\ttext-decoration:none;\r\n\tfont-family:Arial, sans-serif;\r\n\tmso-font-charset:0;\r\n\tmso-number-format:General;\r\n\ttext-align:general;\r\n\tvertical-align:bottom;\r\n\tborder:.5pt solid windowtext;\r\n\tbackground:#E1E1E1;\r\n\tmso-pattern:black none;\r\n\twhite-space:nowrap;}\r\n-->\r\n<\/style>\r\n<\/head>\r\n\r\n<body>\r\n<!--[if !excel]>&nbsp;&nbsp;<![endif]-->\r\n<!--La siguiente informaci\u00f3n se gener\u00f3 mediante el Asistente para publicar como\r\np\u00e1gina web de Microsoft Excel.-->\r\n<!--Si se vuelve a publicar el mismo elemento desde Excel, se reemplazar\u00e1 toda\r\nla informaci\u00f3n comprendida entre las etiquetas DIV.-->\r\n<!----------------------------->\r\n<!--INICIO DE LOS RESULTADOS DEL ASISTENTE PARA PUBLICAR COMO P\u00c1GINA WEB DE\r\nEXCEL -->\r\n<!----------------------------->\r\n\r\n<div id=\"a69_f34_(f)_24009\" align=center x:publishsource=\"Excel\">\r\n\r\n<table border=0 cellpadding=0 cellspacing=0 width=2818 style='border-collapse:\r\n collapse;table-layout:fixed;width:2114pt'>\r\n <col width=56 style='mso-width-source:userset;mso-width-alt:2048;width:42pt'>\r\n <col width=164 span=2 style='mso-width-source:userset;mso-width-alt:5997;\r\n width:123pt'>\r\n <col width=288 style='mso-width-source:userset;mso-width-alt:10532;width:216pt'>\r\n <col width=89 style='mso-width-source:userset;mso-width-alt:3254;width:67pt'>\r\n <col width=88 style='mso-width-source:userset;mso-width-alt:3218;width:66pt'>\r\n <col width=224 style='mso-width-source:userset;mso-width-alt:8192;width:168pt'>\r\n <col width=512 style='mso-width-source:userset;mso-width-alt:18724;width:384pt'>\r\n <col width=123 style='mso-width-source:userset;mso-width-alt:4498;width:92pt'>\r\n <col width=140 style='mso-width-source:userset;mso-width-alt:5120;width:105pt'>\r\n <col width=970 style='mso-width-source:userset;mso-width-alt:35474;width:728pt'>\r\n <tr height=0 style='display:none'>\r\n  <td class=xl1524009 width=56 style='width:42pt'>52352<\/td>\r\n  <td class=xl1524009 width=164 style='width:123pt'><\/td>\r\n  <td class=xl1524009 width=164 style='width:123pt'><\/td>\r\n  <td class=xl1524009 width=288 style='width:216pt'><\/td>\r\n  <td class=xl1524009 width=89 style='width:67pt'><\/td>\r\n  <td class=xl1524009 width=88 style='width:66pt'><\/td>\r\n  <td class=xl1524009 width=224 style='width:168pt'><\/td>\r\n  <td class=xl1524009 width=512 style='width:384pt'><\/td>\r\n  <td class=xl1524009 width=123 style='width:92pt'><\/td>\r\n  <td class=xl1524009 width=140 style='width:105pt'><\/td>\r\n  <td class=xl1524009 width=970 style='width:728pt'><\/td>\r\n <\/tr>\r\n <tr height=20 style='height:15.0pt'>\r\n  <td colspan=3 height=20 class=xl6624009 style='height:15.0pt'>T\u00cdTULO<\/td>\r\n  <td colspan=3 class=xl6624009>NOMBRE CORTO<\/td>\r\n  <td colspan=3 class=xl6624009>DESCRIPCI\u00d3N<\/td>\r\n  <td class=xl1524009><\/td>\r\n  <td class=xl1524009><\/td>\r\n <\/tr>\r\n <tr height=20 style='height:15.0pt'>\r\n  <td colspan=3 height=20 class=xl6724009 style='height:15.0pt'>Inventario_Inventario\r\n  de bajas practicadas a bienes inmuebles<\/td>\r\n  <td colspan=3 class=xl6724009>a69_f34_f<\/td>\r\n  <td colspan=3 class=xl6724009>Inventario de bajas practicadas a bienes\r\n  inmuebles, el cual se realizar\u00e1 con base en la normatividad aplicable en la\r\n  materia.<\/td>\r\n  <td class=xl1524009><\/td>\r\n  <td class=xl1524009><\/td>\r\n <\/tr>\r\n <tr height=0 style='display:none'>\r\n  <td class=xl1524009>1<\/td>\r\n  <td class=xl1524009>4<\/td>\r\n  <td class=xl1524009>4<\/td>\r\n  <td class=xl1524009>2<\/td>\r\n  <td class=xl1524009>2<\/td>\r\n  <td class=xl1524009>4<\/td>\r\n  <td class=xl1524009>6<\/td>\r\n  <td class=xl1524009>2<\/td>\r\n  <td class=xl1524009>4<\/td>\r\n  <td class=xl1524009>13<\/td>\r\n  <td class=xl1524009>14<\/td>\r\n <\/tr>\r\n <tr height=0 style='display:none'>\r\n  <td class=xl1524009>494363<\/td>\r\n  <td class=xl1524009>494364<\/td>\r\n  <td class=xl1524009>494365<\/td>\r\n  <td class=xl1524009>494368<\/td>\r\n  <td class=xl1524009>494361<\/td>\r\n  <td class=xl1524009>494358<\/td>\r\n  <td class=xl1524009>494360<\/td>\r\n  <td class=xl1524009>494366<\/td>\r\n  <td class=xl1524009>494359<\/td>\r\n  <td class=xl1524009>494362<\/td>\r\n  <td class=xl1524009>494367<\/td>\r\n <\/tr>\r\n <tr height=20 style='height:15.0pt'>\r\n  <td colspan=11 height=20 class=xl6624009 style='height:15.0pt'>Tabla Campos<\/td>\r\n <\/tr>\r\n <tr height=35 style='height:26.25pt'>\r\n  <td height=35 class=xl6324009 width=56 style='height:26.25pt;width:42pt'>Ejercicio<\/td>\r\n  <td class=xl6324009 width=164 style='border-left:none;width:123pt'>Fecha de\r\n  inicio del periodo que se informa<\/td>\r\n  <td class=xl6324009 width=164 style='border-left:none;width:123pt'>Fecha de\r\n  t\u00e9rmino del periodo que se informa<\/td>\r\n  <td class=xl6324009 width=288 style='border-left:none;width:216pt'>Descripci\u00f3n\r\n  del bien, caracter\u00edsticas y ubicaci\u00f3n<\/td>\r\n  <td class=xl6324009 width=89 style='border-left:none;width:67pt'>Causa de\r\n  baja<\/td>\r\n  <td class=xl6324009 width=88 style='border-left:none;width:66pt'>Fecha de\r\n  baja<\/td>\r\n  <td class=xl6324009 width=224 style='border-left:none;width:168pt'>Valor del\r\n  inmueble a la fecha de baja<\/td>\r\n  <td class=xl6324009 width=512 style='border-left:none;width:384pt'>\u00c1rea(s)\r\n  responsable(s) que genera(n), posee(n), publica(n) y actualizan la\r\n  informaci\u00f3n<\/td>\r\n  <td class=xl6324009 width=123 style='border-left:none;width:92pt'>Fecha de\r\n  validaci\u00f3n<\/td>\r\n  <td class=xl6324009 width=140 style='border-left:none;width:105pt'>Fecha de\r\n  actualizaci\u00f3n<\/td>\r\n  <td class=xl6324009 width=970 style='border-left:none;width:728pt'>Nota<\/td>\r\n <\/tr>\r\n <tr height=20 style='height:15.0pt'>\r\n  <td height=20 class=xl6424009 align=right style='height:15.0pt;border-top:\r\n  none'>2019<\/td>\r\n  <td class=xl6524009 align=right style='border-top:none;border-left:none'>01\/01\/2019<\/td>\r\n  <td class=xl6524009 align=right style='border-top:none;border-left:none'>30\/06\/2019<\/td>\r\n  <td class=xl6424009 style='border-top:none;border-left:none'>&nbsp;<\/td>\r\n  <td class=xl6424009 style='border-top:none;border-left:none'>&nbsp;<\/td>\r\n  <td class=xl6424009 style='border-top:none;border-left:none'>&nbsp;<\/td>\r\n  <td class=xl6424009 style='border-top:none;border-left:none'>&nbsp;<\/td>\r\n  <td class=xl6424009 style='border-top:none;border-left:none'>Secretaria\r\n  General Municipal<\/td>\r\n  <td class=xl6524009 align=right style='border-top:none;border-left:none'>05\/04\/2019<\/td>\r\n  <td class=xl6524009 align=right style='border-top:none;border-left:none'>01\/01\/2019<\/td>\r\n  <td class=xl6424009 style='border-top:none;border-left:none'>En el trimestre\r\n  no hay bajas practicadas en el inventario de bienes inmuebles por lo tanto\r\n  existen campos vac\u00edos por que no se ha generado informaci\u00f3n.<\/td>\r\n <\/tr>\r\n <![if supportMisalignedColumns]>\r\n <tr height=0 style='display:none'>\r\n  <td width=56 style='width:42pt'><\/td>\r\n  <td width=164 style='width:123pt'><\/td>\r\n  <td width=164 style='width:123pt'><\/td>\r\n  <td width=288 style='width:216pt'><\/td>\r\n  <td width=89 style='width:67pt'><\/td>\r\n  <td width=88 style='width:66pt'><\/td>\r\n  <td width=224 style='width:168pt'><\/td>\r\n  <td width=512 style='width:384pt'><\/td>\r\n  <td width=123 style='width:92pt'><\/td>\r\n  <td width=140 style='width:105pt'><\/td>\r\n  <td width=970 style='width:728pt'><\/td>\r\n <\/tr>\r\n <![endif]>\r\n<\/table>\r\n\r\n<\/div>\r\n\r\n\r\n<!----------------------------->\r\n<!--FINAL DE LOS RESULTADOS DEL ASISTENTE PARA PUBLICAR COMO P\u00c1GINA WEB DE\r\nEXCEL-->\r\n<!----------------------------->\r\n<\/body>\r\n\r\n<\/html>\r\n\t\t\t\t<\/div>\n\t\t\t\t<\/div>\n\t\t\t\t\t<\/div>\n\t\t<\/div>\n\t\t\t\t\t<\/div>\n\t\t<\/section>\n\t\t\t\t<\/div>\n\t\t","protected":false},"excerpt":{"rendered":"<p>&nbsp; Fracci\u00f3n XXXIV f &nbsp; &lt;![if supportMisalignedColumns]&gt;&lt;![endif]&gt; 52352 T\u00cdTULO NOMBRE CORTO DESCRIPCI\u00d3N Inventario_Inventario de bajas practicadas a bienes inmuebles a69_f34_f Inventario de bajas practicadas a bienes inmuebles, el cual se realizar\u00e1 con base en la normatividad aplicable en la materia. 1 4 4 2 2 4 6 2 4 13 14 494363 494364 494365 494368 [&hellip;]<\/p>\n","protected":false},"author":1,"featured_media":0,"parent":6108,"menu_order":0,"comment_status":"closed","ping_status":"closed","template":"page-template-full.php","meta":{"footnotes":""},"class_list":["post-6555","page","type-page","status-publish","hentry"],"jetpack_sharing_enabled":true,"_links":{"self":[{"href":"https:\/\/apan.gob.mx\/portal\/wp-json\/wp\/v2\/pages\/6555","targetHints":{"allow":["GET"]}}],"collection":[{"href":"https:\/\/apan.gob.mx\/portal\/wp-json\/wp\/v2\/pages"}],"about":[{"href":"https:\/\/apan.gob.mx\/portal\/wp-json\/wp\/v2\/types\/page"}],"author":[{"embeddable":true,"href":"https:\/\/apan.gob.mx\/portal\/wp-json\/wp\/v2\/users\/1"}],"replies":[{"embeddable":true,"href":"https:\/\/apan.gob.mx\/portal\/wp-json\/wp\/v2\/comments?post=6555"}],"version-history":[{"count":3,"href":"https:\/\/apan.gob.mx\/portal\/wp-json\/wp\/v2\/pages\/6555\/revisions"}],"predecessor-version":[{"id":6559,"href":"https:\/\/apan.gob.mx\/portal\/wp-json\/wp\/v2\/pages\/6555\/revisions\/6559"}],"up":[{"embeddable":true,"href":"https:\/\/apan.gob.mx\/portal\/wp-json\/wp\/v2\/pages\/6108"}],"wp:attachment":[{"href":"https:\/\/apan.gob.mx\/portal\/wp-json\/wp\/v2\/media?parent=6555"}],"curies":[{"name":"wp","href":"https:\/\/api.w.org\/{rel}","templated":true}]}}