{"id":6656,"date":"2019-07-23T13:06:30","date_gmt":"2019-07-23T18:06:30","guid":{"rendered":"https:\/\/apan.gob.mx\/portal\/?page_id=6656"},"modified":"2019-07-23T13:07:07","modified_gmt":"2019-07-23T18:07:07","slug":"6656-2","status":"publish","type":"page","link":"https:\/\/apan.gob.mx\/portal\/2-trimestre-2019\/6656-2\/","title":{"rendered":"<!--tesoreria_15b_2019_2-->"},"content":{"rendered":"\t\t<div data-elementor-type=\"wp-page\" data-elementor-id=\"6656\" class=\"elementor elementor-6656 elementor-bc-flex-widget\">\n\t\t\t\t\t\t<section class=\"has_ae_slider elementor-section elementor-top-section elementor-element elementor-element-cjzbxdk elementor-section-boxed elementor-section-height-default elementor-section-height-default ae-bg-gallery-type-default\" data-id=\"cjzbxdk\" data-element_type=\"section\" data-e-type=\"section\">\n\t\t\t\t\t\t<div class=\"elementor-container elementor-column-gap-default\">\n\t\t\t\t\t<div class=\"has_ae_slider elementor-column elementor-col-100 elementor-top-column elementor-element elementor-element-ufaezoh ae-bg-gallery-type-default\" data-id=\"ufaezoh\" data-element_type=\"column\" data-e-type=\"column\">\n\t\t\t<div class=\"elementor-widget-wrap elementor-element-populated\">\n\t\t\t\t\t\t<div class=\"elementor-element elementor-element-jtviphw elementor-widget elementor-widget-heading\" data-id=\"jtviphw\" data-element_type=\"widget\" data-e-type=\"widget\" data-widget_type=\"heading.default\">\n\t\t\t\t<div class=\"elementor-widget-container\">\n\t\t\t\t\t<h2 class=\"elementor-heading-title elementor-size-medium\">Fracci\u00f3n XVb<\/h2>\t\t\t\t<\/div>\n\t\t\t\t<\/div>\n\t\t\t\t<div class=\"elementor-element elementor-element-hzfugmq elementor-widget elementor-widget-html\" data-id=\"hzfugmq\" data-element_type=\"widget\" data-e-type=\"widget\" data-widget_type=\"html.default\">\n\t\t\t\t<div class=\"elementor-widget-container\">\n\t\t\t\t\t<html xmlns:v=\"urn:schemas-microsoft-com:vml\"\r\nxmlns:o=\"urn:schemas-microsoft-com:office:office\"\r\nxmlns:x=\"urn:schemas-microsoft-com:office:excel\"\r\nxmlns=\"http:\/\/www.w3.org\/TR\/REC-html40\">\r\n\r\n<head>\r\n<meta http-equiv=Content-Type content=\"text\/html; charset=windows-1252\">\r\n<meta name=ProgId content=Excel.Sheet>\r\n<meta name=Generator content=\"Microsoft Excel 14\">\r\n<link rel=File-List href=\"a69_f15_b%20T2%202019_archivos\/filelist.xml\">\r\n<!--[if !mso]>\r\n<style>\r\nv\\:* {behavior:url(#default#VML);}\r\no\\:* {behavior:url(#default#VML);}\r\nx\\:* {behavior:url(#default#VML);}\r\n.shape {behavior:url(#default#VML);}\r\n<\/style>\r\n<![endif]-->\r\n<style id=\"a69_f15_b T2 2019_11417_Styles\">\r\n<!--table\r\n\t{mso-displayed-decimal-separator:\"\\.\";\r\n\tmso-displayed-thousand-separator:\"\\,\";}\r\n.xl1511417\r\n\t{padding:0px;\r\n\tmso-ignore:padding;\r\n\tcolor:black;\r\n\tfont-size:11.0pt;\r\n\tfont-weight:400;\r\n\tfont-style:normal;\r\n\ttext-decoration:none;\r\n\tfont-family:Calibri, sans-serif;\r\n\tmso-font-charset:0;\r\n\tmso-number-format:General;\r\n\ttext-align:general;\r\n\tvertical-align:bottom;\r\n\tmso-background-source:auto;\r\n\tmso-pattern:auto;\r\n\twhite-space:nowrap;}\r\n.xl6411417\r\n\t{padding:0px;\r\n\tmso-ignore:padding;\r\n\tcolor:black;\r\n\tfont-size:10.0pt;\r\n\tfont-weight:400;\r\n\tfont-style:normal;\r\n\ttext-decoration:none;\r\n\tfont-family:Arial;\r\n\tmso-generic-font-family:auto;\r\n\tmso-font-charset:0;\r\n\tmso-number-format:General;\r\n\ttext-align:center;\r\n\tvertical-align:bottom;\r\n\tborder:.5pt solid windowtext;\r\n\tbackground:#E1E1E1;\r\n\tmso-pattern:black none;\r\n\twhite-space:normal;}\r\n.xl6511417\r\n\t{padding:0px;\r\n\tmso-ignore:padding;\r\n\tcolor:white;\r\n\tfont-size:11.0pt;\r\n\tfont-weight:700;\r\n\tfont-style:normal;\r\n\ttext-decoration:none;\r\n\tfont-family:Arial;\r\n\tmso-generic-font-family:auto;\r\n\tmso-font-charset:0;\r\n\tmso-number-format:General;\r\n\ttext-align:center;\r\n\tvertical-align:bottom;\r\n\tborder:.5pt solid windowtext;\r\n\tbackground:#333333;\r\n\tmso-pattern:black none;\r\n\twhite-space:normal;}\r\n.xl6611417\r\n\t{padding:0px;\r\n\tmso-ignore:padding;\r\n\tcolor:black;\r\n\tfont-size:10.0pt;\r\n\tfont-weight:400;\r\n\tfont-style:normal;\r\n\ttext-decoration:none;\r\n\tfont-family:Arial;\r\n\tmso-generic-font-family:auto;\r\n\tmso-font-charset:0;\r\n\tmso-number-format:General;\r\n\ttext-align:general;\r\n\tvertical-align:bottom;\r\n\tborder:.5pt solid windowtext;\r\n\tbackground:#E1E1E1;\r\n\tmso-pattern:black none;\r\n\twhite-space:nowrap;}\r\n.xl6711417\r\n\t{padding:0px;\r\n\tmso-ignore:padding;\r\n\tcolor:black;\r\n\tfont-size:11.0pt;\r\n\tfont-weight:400;\r\n\tfont-style:normal;\r\n\ttext-decoration:none;\r\n\tfont-family:Calibri, sans-serif;\r\n\tmso-font-charset:0;\r\n\tmso-number-format:General;\r\n\ttext-align:general;\r\n\tvertical-align:bottom;\r\n\tborder:.5pt solid windowtext;\r\n\tmso-background-source:auto;\r\n\tmso-pattern:auto;\r\n\twhite-space:nowrap;}\r\n.xl6811417\r\n\t{padding:0px;\r\n\tmso-ignore:padding;\r\n\tcolor:black;\r\n\tfont-size:11.0pt;\r\n\tfont-weight:400;\r\n\tfont-style:normal;\r\n\ttext-decoration:none;\r\n\tfont-family:Calibri, sans-serif;\r\n\tmso-font-charset:0;\r\n\tmso-number-format:\"Short Date\";\r\n\ttext-align:general;\r\n\tvertical-align:bottom;\r\n\tborder:.5pt solid windowtext;\r\n\tmso-background-source:auto;\r\n\tmso-pattern:auto;\r\n\twhite-space:nowrap;}\r\n.xl6911417\r\n\t{padding:0px;\r\n\tmso-ignore:padding;\r\n\tcolor:#0563C1;\r\n\tfont-size:11.0pt;\r\n\tfont-weight:400;\r\n\tfont-style:normal;\r\n\ttext-decoration:underline;\r\n\ttext-underline-style:single;\r\n\tfont-family:Calibri, sans-serif;\r\n\tmso-font-charset:0;\r\n\tmso-number-format:General;\r\n\ttext-align:general;\r\n\tvertical-align:bottom;\r\n\tborder:.5pt solid windowtext;\r\n\tmso-background-source:auto;\r\n\tmso-pattern:auto;\r\n\twhite-space:nowrap;}\r\n-->\r\n<\/style>\r\n<\/head>\r\n\r\n<body>\r\n<!--[if !excel]>&nbsp;&nbsp;<![endif]-->\r\n<!--La siguiente informaci\u00f3n se gener\u00f3 mediante el Asistente para publicar como\r\np\u00e1gina web de Microsoft Excel.-->\r\n<!--Si se vuelve a publicar el mismo elemento desde Excel, se reemplazar\u00e1 toda\r\nla informaci\u00f3n comprendida entre las etiquetas DIV.-->\r\n<!----------------------------->\r\n<!--INICIO DE LOS RESULTADOS DEL ASISTENTE PARA PUBLICAR COMO P\u00c1GINA WEB DE\r\nEXCEL -->\r\n<!----------------------------->\r\n\r\n<div id=\"a69_f15_b T2 2019_11417\" align=center x:publishsource=\"Excel\">\r\n\r\n<table border=0 cellpadding=0 cellspacing=0 width=2982 style='border-collapse:\r\n collapse;table-layout:fixed;width:2238pt'>\r\n <col width=56 style='mso-width-source:userset;mso-width-alt:2048;width:42pt'>\r\n <col width=255 style='mso-width-source:userset;mso-width-alt:9325;width:191pt'>\r\n <col width=270 style='mso-width-source:userset;mso-width-alt:9874;width:203pt'>\r\n <col width=174 style='mso-width-source:userset;mso-width-alt:6363;width:131pt'>\r\n <col width=173 style='mso-width-source:userset;mso-width-alt:6326;width:130pt'>\r\n <col width=322 style='mso-width-source:userset;mso-width-alt:11776;width:242pt'>\r\n <col width=550 style='mso-width-source:userset;mso-width-alt:20114;width:413pt'>\r\n <col width=512 style='mso-width-source:userset;mso-width-alt:18724;width:384pt'>\r\n <col width=123 style='mso-width-source:userset;mso-width-alt:4498;width:92pt'>\r\n <col width=140 style='mso-width-source:userset;mso-width-alt:5120;width:105pt'>\r\n <col width=407 style='mso-width-source:userset;mso-width-alt:14884;width:305pt'>\r\n <tr height=0 style='display:none'>\r\n  <td class=xl1511417 width=56 style='width:42pt'>52264<\/td>\r\n  <td class=xl1511417 width=255 style='width:191pt'><\/td>\r\n  <td class=xl1511417 width=270 style='width:203pt'><\/td>\r\n  <td class=xl1511417 width=174 style='width:131pt'><\/td>\r\n  <td class=xl1511417 width=173 style='width:130pt'><\/td>\r\n  <td class=xl1511417 width=322 style='width:242pt'><\/td>\r\n  <td class=xl1511417 width=550 style='width:413pt'><\/td>\r\n  <td class=xl1511417 width=512 style='width:384pt'><\/td>\r\n  <td class=xl1511417 width=123 style='width:92pt'><\/td>\r\n  <td class=xl1511417 width=140 style='width:105pt'><\/td>\r\n  <td class=xl1511417 width=407 style='width:305pt'><\/td>\r\n <\/tr>\r\n <tr height=20 style='height:15.0pt'>\r\n  <td colspan=3 height=20 class=xl6511417 width=581 style='height:15.0pt;\r\n  width:436pt'>T\u00cdTULO<\/td>\r\n  <td colspan=3 class=xl6511417 width=669 style='width:503pt'>NOMBRE CORTO<\/td>\r\n  <td colspan=3 class=xl6511417 width=1185 style='width:889pt'>DESCRIPCI\u00d3N<\/td>\r\n  <td class=xl1511417><\/td>\r\n  <td class=xl1511417><\/td>\r\n <\/tr>\r\n <tr height=20 style='height:15.0pt'>\r\n  <td colspan=3 height=20 class=xl6611417 style='height:15.0pt'>Subsidios,\r\n  est\u00edmulos y apoyos_Padr\u00f3n de beneficiarios de programas sociales<\/td>\r\n  <td colspan=3 class=xl6611417>a69_f15_b<\/td>\r\n  <td colspan=3 class=xl6611417>Por cada programa se publicar\u00e1 el padr\u00f3n de\r\n  participantes o beneficiarios actualizado con las altas y bajas registradas\r\n  trimestralmente (salvaguardando los datos personales), e informaci\u00f3n sobre\r\n  los recursos econ\u00f3micos o en especie entregados. En caso de que los padrones\r\n  se actualicen anualmente, se deber\u00e1 publicar la informaci\u00f3n durante el primer\r\n  trimestre del a\u00f1o e indicar en una nota tal situaci\u00f3n.<\/td>\r\n  <td class=xl1511417><\/td>\r\n  <td class=xl1511417><\/td>\r\n <\/tr>\r\n <tr height=0 style='display:none'>\r\n  <td class=xl1511417>1<\/td>\r\n  <td class=xl1511417>4<\/td>\r\n  <td class=xl1511417>4<\/td>\r\n  <td class=xl1511417>9<\/td>\r\n  <td class=xl1511417>2<\/td>\r\n  <td class=xl1511417>10<\/td>\r\n  <td class=xl1511417>7<\/td>\r\n  <td class=xl1511417>2<\/td>\r\n  <td class=xl1511417>4<\/td>\r\n  <td class=xl1511417>13<\/td>\r\n  <td class=xl1511417>14<\/td>\r\n <\/tr>\r\n <tr height=0 style='display:none'>\r\n  <td class=xl1511417>492669<\/td>\r\n  <td class=xl1511417>492671<\/td>\r\n  <td class=xl1511417>492670<\/td>\r\n  <td class=xl1511417>492672<\/td>\r\n  <td class=xl1511417>492663<\/td>\r\n  <td class=xl1511417>492668<\/td>\r\n  <td class=xl1511417>492667<\/td>\r\n  <td class=xl1511417>492673<\/td>\r\n  <td class=xl1511417>492664<\/td>\r\n  <td class=xl1511417>492665<\/td>\r\n  <td class=xl1511417>492666<\/td>\r\n <\/tr>\r\n <tr height=20 style='height:15.0pt'>\r\n  <td colspan=11 height=20 class=xl6511417 width=2982 style='height:15.0pt;\r\n  width:2238pt'>Tabla Campos<\/td>\r\n <\/tr>\r\n <tr height=35 style='height:26.25pt'>\r\n  <td height=35 class=xl6411417 width=56 style='height:26.25pt;width:42pt'>Ejercicio<\/td>\r\n  <td class=xl6411417 width=255 style='border-left:none;width:191pt'>Fecha de\r\n  inicio del periodo que se informa<\/td>\r\n  <td class=xl6411417 width=270 style='border-left:none;width:203pt'>Fecha de\r\n  t\u00e9rmino del periodo que se informa<\/td>\r\n  <td class=xl6411417 width=174 style='border-left:none;width:131pt'>Tipo de\r\n  programa (cat\u00e1logo)<\/td>\r\n  <td class=xl6411417 width=173 style='border-left:none;width:130pt'>Denominaci\u00f3n\r\n  del Programa<\/td>\r\n  <td class=xl6411417 width=322 style='border-left:none;width:242pt'>Padr\u00f3n de\r\n  beneficiarios <br>\r\n    Tabla_492668<\/td>\r\n  <td class=xl6411417 width=550 style='border-left:none;width:413pt'>Hiperv\u00ednculo\r\n  a informaci\u00f3n estad\u00edstica general de las personas beneficiadas por el\r\n  programa<\/td>\r\n  <td class=xl6411417 width=512 style='border-left:none;width:384pt'>\u00c1rea(s)\r\n  responsable(s) que genera(n), posee(n), publica(n) y actualizan la\r\n  informaci\u00f3n<\/td>\r\n  <td class=xl6411417 width=123 style='border-left:none;width:92pt'>Fecha de\r\n  validaci\u00f3n<\/td>\r\n  <td class=xl6411417 width=140 style='border-left:none;width:105pt'>Fecha de\r\n  actualizaci\u00f3n<\/td>\r\n  <td class=xl6411417 width=407 style='border-left:none;width:305pt'>Nota<\/td>\r\n <\/tr>\r\n <tr height=20 style='height:15.0pt'>\r\n  <td height=20 class=xl6711417 align=right style='height:15.0pt;border-top:\r\n  none'>2019<\/td>\r\n  <td class=xl6811417 align=right style='border-top:none;border-left:none'>01\/04\/2019<\/td>\r\n  <td class=xl6811417 align=right style='border-top:none;border-left:none'>30\/06\/2019<\/td>\r\n  <td class=xl6711417 style='border-top:none;border-left:none'>&nbsp;<\/td>\r\n  <td class=xl6711417 style='border-top:none;border-left:none'>na<\/td>\r\n  <td class=xl6711417 align=right style='border-top:none;border-left:none'>1<\/td>\r\n  <td class=xl6911417 style='border-top:none;border-left:none'><a\r\n  href=\"https:\/\/www.apan.gob.mx\/descargables\/transparencia\/articulo69\/fraccion15\/Tesoreria\/FrXVa1_1.pdf\">https:\/\/www.apan.gob.mx\/descargables\/transparencia\/articulo69\/fraccion15\/Tesoreria\/<span\r\n  style='display:none'>FrXVa1_1.pdf<\/span><\/a><\/td>\r\n  <td class=xl6711417 style='border-top:none;border-left:none'>Tesoreria\r\n  Municipal de Apan, Hgo.<\/td>\r\n  <td class=xl6811417 align=right style='border-top:none;border-left:none'>05\/07\/2019<\/td>\r\n  <td class=xl6811417 align=right style='border-top:none;border-left:none'>05\/07\/2019<\/td>\r\n  <td class=xl6711417 style='border-top:none;border-left:none'>La Tesoreria\r\n  Municipal no<span style='mso-spacerun:yes'>\u00a0\u00a0 <\/span>coordina programa de\r\n  apoyo alguno.<\/td>\r\n <\/tr>\r\n <![if supportMisalignedColumns]>\r\n <tr height=0 style='display:none'>\r\n  <td width=56 style='width:42pt'><\/td>\r\n  <td width=255 style='width:191pt'><\/td>\r\n  <td width=270 style='width:203pt'><\/td>\r\n  <td width=174 style='width:131pt'><\/td>\r\n  <td width=173 style='width:130pt'><\/td>\r\n  <td width=322 style='width:242pt'><\/td>\r\n  <td width=550 style='width:413pt'><\/td>\r\n  <td width=512 style='width:384pt'><\/td>\r\n  <td width=123 style='width:92pt'><\/td>\r\n  <td width=140 style='width:105pt'><\/td>\r\n  <td width=407 style='width:305pt'><\/td>\r\n <\/tr>\r\n <![endif]>\r\n<\/table>\r\n\r\n<\/div>\r\n\r\n\r\n<!----------------------------->\r\n<!--FINAL DE LOS RESULTADOS DEL ASISTENTE PARA PUBLICAR COMO P\u00c1GINA WEB DE\r\nEXCEL-->\r\n<!----------------------------->\r\n<\/body>\r\n\r\n<\/html>\r\n\t\t\t\t<\/div>\n\t\t\t\t<\/div>\n\t\t\t\t\t<\/div>\n\t\t<\/div>\n\t\t\t\t\t<\/div>\n\t\t<\/section>\n\t\t\t\t<\/div>\n\t\t","protected":false},"excerpt":{"rendered":"<p>Fracci\u00f3n XVb 52264 T\u00cdTULO NOMBRE CORTO DESCRIPCI\u00d3N Subsidios, est\u00edmulos y apoyos_Padr\u00f3n de beneficiarios de programas sociales a69_f15_b Por cada programa se publicar\u00e1 el padr\u00f3n de participantes o beneficiarios actualizado con las altas y bajas registradas trimestralmente (salvaguardando los datos personales), e informaci\u00f3n sobre los recursos econ\u00f3micos o en especie entregados. En caso de que los [&hellip;]<\/p>\n","protected":false},"author":1,"featured_media":0,"parent":6108,"menu_order":0,"comment_status":"closed","ping_status":"closed","template":"page-template-full.php","meta":{"footnotes":""},"class_list":["post-6656","page","type-page","status-publish","hentry"],"jetpack_sharing_enabled":true,"_links":{"self":[{"href":"https:\/\/apan.gob.mx\/portal\/wp-json\/wp\/v2\/pages\/6656","targetHints":{"allow":["GET"]}}],"collection":[{"href":"https:\/\/apan.gob.mx\/portal\/wp-json\/wp\/v2\/pages"}],"about":[{"href":"https:\/\/apan.gob.mx\/portal\/wp-json\/wp\/v2\/types\/page"}],"author":[{"embeddable":true,"href":"https:\/\/apan.gob.mx\/portal\/wp-json\/wp\/v2\/users\/1"}],"replies":[{"embeddable":true,"href":"https:\/\/apan.gob.mx\/portal\/wp-json\/wp\/v2\/comments?post=6656"}],"version-history":[{"count":2,"href":"https:\/\/apan.gob.mx\/portal\/wp-json\/wp\/v2\/pages\/6656\/revisions"}],"predecessor-version":[{"id":6658,"href":"https:\/\/apan.gob.mx\/portal\/wp-json\/wp\/v2\/pages\/6656\/revisions\/6658"}],"up":[{"embeddable":true,"href":"https:\/\/apan.gob.mx\/portal\/wp-json\/wp\/v2\/pages\/6108"}],"wp:attachment":[{"href":"https:\/\/apan.gob.mx\/portal\/wp-json\/wp\/v2\/media?parent=6656"}],"curies":[{"name":"wp","href":"https:\/\/api.w.org\/{rel}","templated":true}]}}