{"id":6660,"date":"2019-07-23T13:09:18","date_gmt":"2019-07-23T18:09:18","guid":{"rendered":"https:\/\/apan.gob.mx\/portal\/?page_id=6660"},"modified":"2019-07-23T13:11:48","modified_gmt":"2019-07-23T18:11:48","slug":"6660-2","status":"publish","type":"page","link":"https:\/\/apan.gob.mx\/portal\/2-trimestre-2019\/6660-2\/","title":{"rendered":"<!--tesoreria_16a_2019_2-->"},"content":{"rendered":"\t\t<div data-elementor-type=\"wp-page\" data-elementor-id=\"6660\" class=\"elementor elementor-6660 elementor-bc-flex-widget\">\n\t\t\t\t\t\t<section class=\"has_ae_slider elementor-section elementor-top-section elementor-element elementor-element-mycuoul elementor-section-boxed elementor-section-height-default elementor-section-height-default ae-bg-gallery-type-default\" data-id=\"mycuoul\" data-element_type=\"section\" data-e-type=\"section\">\n\t\t\t\t\t\t<div class=\"elementor-container elementor-column-gap-default\">\n\t\t\t\t\t<div class=\"has_ae_slider elementor-column elementor-col-100 elementor-top-column elementor-element elementor-element-jzzulbs ae-bg-gallery-type-default\" data-id=\"jzzulbs\" data-element_type=\"column\" data-e-type=\"column\">\n\t\t\t<div class=\"elementor-widget-wrap elementor-element-populated\">\n\t\t\t\t\t\t<div class=\"elementor-element elementor-element-qjxspbm elementor-widget elementor-widget-heading\" data-id=\"qjxspbm\" data-element_type=\"widget\" data-e-type=\"widget\" data-widget_type=\"heading.default\">\n\t\t\t\t<div class=\"elementor-widget-container\">\n\t\t\t\t\t<h2 class=\"elementor-heading-title elementor-size-medium\">Fracci\u00f3n XVI a<\/h2>\t\t\t\t<\/div>\n\t\t\t\t<\/div>\n\t\t\t\t<div class=\"elementor-element elementor-element-gamfcwm elementor-widget elementor-widget-html\" data-id=\"gamfcwm\" data-element_type=\"widget\" data-e-type=\"widget\" data-widget_type=\"html.default\">\n\t\t\t\t<div class=\"elementor-widget-container\">\n\t\t\t\t\t<html xmlns:v=\"urn:schemas-microsoft-com:vml\"\r\nxmlns:o=\"urn:schemas-microsoft-com:office:office\"\r\nxmlns:x=\"urn:schemas-microsoft-com:office:excel\"\r\nxmlns=\"http:\/\/www.w3.org\/TR\/REC-html40\">\r\n\r\n<head>\r\n<meta http-equiv=Content-Type content=\"text\/html; charset=windows-1252\">\r\n<meta name=ProgId content=Excel.Sheet>\r\n<meta name=Generator content=\"Microsoft Excel 14\">\r\n<link rel=File-List href=\"a69_f16_a%20T2%202019_archivos\/filelist.xml\">\r\n<!--[if !mso]>\r\n<style>\r\nv\\:* {behavior:url(#default#VML);}\r\no\\:* {behavior:url(#default#VML);}\r\nx\\:* {behavior:url(#default#VML);}\r\n.shape {behavior:url(#default#VML);}\r\n<\/style>\r\n<![endif]-->\r\n<style id=\"a69_f16_a T2 2019_14261_Styles\">\r\n<!--table\r\n\t{mso-displayed-decimal-separator:\"\\.\";\r\n\tmso-displayed-thousand-separator:\"\\,\";}\r\n.xl1514261\r\n\t{padding:0px;\r\n\tmso-ignore:padding;\r\n\tcolor:black;\r\n\tfont-size:11.0pt;\r\n\tfont-weight:400;\r\n\tfont-style:normal;\r\n\ttext-decoration:none;\r\n\tfont-family:Calibri, sans-serif;\r\n\tmso-font-charset:0;\r\n\tmso-number-format:General;\r\n\ttext-align:general;\r\n\tvertical-align:bottom;\r\n\tmso-background-source:auto;\r\n\tmso-pattern:auto;\r\n\twhite-space:nowrap;}\r\n.xl6314261\r\n\t{padding:0px;\r\n\tmso-ignore:padding;\r\n\tcolor:black;\r\n\tfont-size:10.0pt;\r\n\tfont-weight:400;\r\n\tfont-style:normal;\r\n\ttext-decoration:none;\r\n\tfont-family:Arial;\r\n\tmso-generic-font-family:auto;\r\n\tmso-font-charset:0;\r\n\tmso-number-format:General;\r\n\ttext-align:center;\r\n\tvertical-align:bottom;\r\n\tborder:.5pt solid windowtext;\r\n\tbackground:#E1E1E1;\r\n\tmso-pattern:black none;\r\n\twhite-space:normal;}\r\n.xl6414261\r\n\t{padding:0px;\r\n\tmso-ignore:padding;\r\n\tcolor:white;\r\n\tfont-size:11.0pt;\r\n\tfont-weight:700;\r\n\tfont-style:normal;\r\n\ttext-decoration:none;\r\n\tfont-family:Arial;\r\n\tmso-generic-font-family:auto;\r\n\tmso-font-charset:0;\r\n\tmso-number-format:General;\r\n\ttext-align:center;\r\n\tvertical-align:bottom;\r\n\tborder:.5pt solid windowtext;\r\n\tbackground:#333333;\r\n\tmso-pattern:black none;\r\n\twhite-space:nowrap;}\r\n.xl6514261\r\n\t{padding:0px;\r\n\tmso-ignore:padding;\r\n\tcolor:black;\r\n\tfont-size:10.0pt;\r\n\tfont-weight:400;\r\n\tfont-style:normal;\r\n\ttext-decoration:none;\r\n\tfont-family:Arial;\r\n\tmso-generic-font-family:auto;\r\n\tmso-font-charset:0;\r\n\tmso-number-format:General;\r\n\ttext-align:general;\r\n\tvertical-align:bottom;\r\n\tborder:.5pt solid windowtext;\r\n\tbackground:#E1E1E1;\r\n\tmso-pattern:black none;\r\n\twhite-space:nowrap;}\r\n.xl6614261\r\n\t{padding:0px;\r\n\tmso-ignore:padding;\r\n\tcolor:black;\r\n\tfont-size:11.0pt;\r\n\tfont-weight:400;\r\n\tfont-style:normal;\r\n\ttext-decoration:none;\r\n\tfont-family:Calibri, sans-serif;\r\n\tmso-font-charset:0;\r\n\tmso-number-format:General;\r\n\ttext-align:general;\r\n\tvertical-align:bottom;\r\n\tborder:.5pt solid windowtext;\r\n\tmso-background-source:auto;\r\n\tmso-pattern:auto;\r\n\twhite-space:nowrap;}\r\n.xl6714261\r\n\t{padding:0px;\r\n\tmso-ignore:padding;\r\n\tcolor:black;\r\n\tfont-size:11.0pt;\r\n\tfont-weight:400;\r\n\tfont-style:normal;\r\n\ttext-decoration:none;\r\n\tfont-family:Calibri, sans-serif;\r\n\tmso-font-charset:0;\r\n\tmso-number-format:\"Short Date\";\r\n\ttext-align:general;\r\n\tvertical-align:bottom;\r\n\tborder:.5pt solid windowtext;\r\n\tmso-background-source:auto;\r\n\tmso-pattern:auto;\r\n\twhite-space:nowrap;}\r\n-->\r\n<\/style>\r\n<\/head>\r\n\r\n<body>\r\n<!--[if !excel]>&nbsp;&nbsp;<![endif]-->\r\n<!--La siguiente informaci\u00f3n se gener\u00f3 mediante el Asistente para publicar como\r\np\u00e1gina web de Microsoft Excel.-->\r\n<!--Si se vuelve a publicar el mismo elemento desde Excel, se reemplazar\u00e1 toda\r\nla informaci\u00f3n comprendida entre las etiquetas DIV.-->\r\n<!----------------------------->\r\n<!--INICIO DE LOS RESULTADOS DEL ASISTENTE PARA PUBLICAR COMO P\u00c1GINA WEB DE\r\nEXCEL -->\r\n<!----------------------------->\r\n\r\n<div id=\"a69_f16_a T2 2019_14261\" align=center x:publishsource=\"Excel\">\r\n\r\n<table border=0 cellpadding=0 cellspacing=0 width=3768 style='border-collapse:\r\n collapse;table-layout:fixed;width:2827pt'>\r\n <col width=56 style='mso-width-source:userset;mso-width-alt:2048;width:42pt'>\r\n <col width=255 style='mso-width-source:userset;mso-width-alt:9325;width:191pt'>\r\n <col width=270 style='mso-width-source:userset;mso-width-alt:9874;width:203pt'>\r\n <col width=167 style='mso-width-source:userset;mso-width-alt:6107;width:125pt'>\r\n <col width=294 style='mso-width-source:userset;mso-width-alt:10752;width:221pt'>\r\n <col width=524 style='mso-width-source:userset;mso-width-alt:19163;width:393pt'>\r\n <col width=167 style='mso-width-source:userset;mso-width-alt:6107;width:125pt'>\r\n <col width=178 style='mso-width-source:userset;mso-width-alt:6509;width:134pt'>\r\n <col width=384 style='mso-width-source:userset;mso-width-alt:14043;width:288pt'>\r\n <col width=512 style='mso-width-source:userset;mso-width-alt:18724;width:384pt'>\r\n <col width=123 style='mso-width-source:userset;mso-width-alt:4498;width:92pt'>\r\n <col width=140 style='mso-width-source:userset;mso-width-alt:5120;width:105pt'>\r\n <col width=698 style='mso-width-source:userset;mso-width-alt:25526;width:524pt'>\r\n <tr height=0 style='display:none'>\r\n  <td class=xl1514261 width=56 style='width:42pt'>46566<\/td>\r\n  <td class=xl1514261 width=255 style='width:191pt'><\/td>\r\n  <td class=xl1514261 width=270 style='width:203pt'><\/td>\r\n  <td class=xl1514261 width=167 style='width:125pt'><\/td>\r\n  <td class=xl1514261 width=294 style='width:221pt'><\/td>\r\n  <td class=xl1514261 width=524 style='width:393pt'><\/td>\r\n  <td class=xl1514261 width=167 style='width:125pt'><\/td>\r\n  <td class=xl1514261 width=178 style='width:134pt'><\/td>\r\n  <td class=xl1514261 width=384 style='width:288pt'><\/td>\r\n  <td class=xl1514261 width=512 style='width:384pt'><\/td>\r\n  <td class=xl1514261 width=123 style='width:92pt'><\/td>\r\n  <td class=xl1514261 width=140 style='width:105pt'><\/td>\r\n  <td class=xl1514261 width=698 style='width:524pt'><\/td>\r\n <\/tr>\r\n <tr height=20 style='height:15.0pt'>\r\n  <td colspan=3 height=20 class=xl6414261 style='height:15.0pt'>T\u00cdTULO<\/td>\r\n  <td colspan=3 class=xl6414261>NOMBRE CORTO<\/td>\r\n  <td colspan=3 class=xl6414261>DESCRIPCI\u00d3N<\/td>\r\n  <td class=xl1514261><\/td>\r\n  <td class=xl1514261><\/td>\r\n  <td class=xl1514261><\/td>\r\n  <td class=xl1514261><\/td>\r\n <\/tr>\r\n <tr height=20 style='height:15.0pt'>\r\n  <td colspan=3 height=20 class=xl6514261 style='height:15.0pt'>Condiciones\r\n  generales de trabajo y sindicatos_Normatividad laboral<\/td>\r\n  <td colspan=3 class=xl6514261>a69_f16_a<\/td>\r\n  <td colspan=3 class=xl6514261>Se publicar\u00e1 la normatividad que regula las\r\n  relaciones laborales con el personal que trabaja en el sujeto obligado,\r\n  incluidos los contratos colectivos de trabajo del personal de base y los\r\n  contratos del personal de confianza; la normatividad laboral aplicable, las\r\n  condiciones generales de trabajo, convenio u otro documento que regule la\r\n  relaci\u00f3n laboral.<\/td>\r\n  <td class=xl1514261><\/td>\r\n  <td class=xl1514261><\/td>\r\n  <td class=xl1514261><\/td>\r\n  <td class=xl1514261><\/td>\r\n <\/tr>\r\n <tr height=0 style='display:none'>\r\n  <td class=xl1514261>1<\/td>\r\n  <td class=xl1514261>4<\/td>\r\n  <td class=xl1514261>4<\/td>\r\n  <td class=xl1514261>9<\/td>\r\n  <td class=xl1514261>9<\/td>\r\n  <td class=xl1514261>2<\/td>\r\n  <td class=xl1514261>4<\/td>\r\n  <td class=xl1514261>4<\/td>\r\n  <td class=xl1514261>7<\/td>\r\n  <td class=xl1514261>2<\/td>\r\n  <td class=xl1514261>4<\/td>\r\n  <td class=xl1514261>13<\/td>\r\n  <td class=xl1514261>14<\/td>\r\n <\/tr>\r\n <tr height=0 style='display:none'>\r\n  <td class=xl1514261>393581<\/td>\r\n  <td class=xl1514261>393582<\/td>\r\n  <td class=xl1514261>393583<\/td>\r\n  <td class=xl1514261>393580<\/td>\r\n  <td class=xl1514261>393578<\/td>\r\n  <td class=xl1514261>393575<\/td>\r\n  <td class=xl1514261>393576<\/td>\r\n  <td class=xl1514261>393586<\/td>\r\n  <td class=xl1514261>393587<\/td>\r\n  <td class=xl1514261>393584<\/td>\r\n  <td class=xl1514261>393577<\/td>\r\n  <td class=xl1514261>393579<\/td>\r\n  <td class=xl1514261>393585<\/td>\r\n <\/tr>\r\n <tr height=20 style='height:15.0pt'>\r\n  <td colspan=13 height=20 class=xl6414261 style='height:15.0pt'>Tabla Campos<\/td>\r\n <\/tr>\r\n <tr height=35 style='height:26.25pt'>\r\n  <td height=35 class=xl6314261 width=56 style='height:26.25pt;width:42pt'>Ejercicio<\/td>\r\n  <td class=xl6314261 width=255 style='border-left:none;width:191pt'>Fecha de\r\n  inicio del periodo que se informa<\/td>\r\n  <td class=xl6314261 width=270 style='border-left:none;width:203pt'>Fecha de\r\n  t\u00e9rmino del periodo que se informa<\/td>\r\n  <td class=xl6314261 width=167 style='border-left:none;width:125pt'>Tipo de\r\n  personal (cat\u00e1logo)<\/td>\r\n  <td class=xl6314261 width=294 style='border-left:none;width:221pt'>Tipo de\r\n  normatividad laboral aplicable (cat\u00e1logo)<\/td>\r\n  <td class=xl6314261 width=524 style='border-left:none;width:393pt'>Denominaci\u00f3n\r\n  de las condiciones generales de trabajo, contrato, convenio o documento<\/td>\r\n  <td class=xl6314261 width=167 style='border-left:none;width:125pt'>Fecha de\r\n  aprobaci\u00f3n oficial<\/td>\r\n  <td class=xl6314261 width=178 style='border-left:none;width:134pt'>Fecha de\r\n  \u00faltima modificaci\u00f3n<\/td>\r\n  <td class=xl6314261 width=384 style='border-left:none;width:288pt'>Hiperv\u00ednculo\r\n  al documento de condiciones Generales de Trabajo<\/td>\r\n  <td class=xl6314261 width=512 style='border-left:none;width:384pt'>\u00c1rea(s)\r\n  responsable(s) que genera(n), posee(n), publica(n) y actualizan la\r\n  informaci\u00f3n<\/td>\r\n  <td class=xl6314261 width=123 style='border-left:none;width:92pt'>Fecha de\r\n  validaci\u00f3n<\/td>\r\n  <td class=xl6314261 width=140 style='border-left:none;width:105pt'>Fecha de\r\n  actualizaci\u00f3n<\/td>\r\n  <td class=xl6314261 width=698 style='border-left:none;width:524pt'>Nota<\/td>\r\n <\/tr>\r\n <tr height=20 style='height:15.0pt'>\r\n  <td height=20 class=xl6614261 align=right style='height:15.0pt;border-top:\r\n  none'>2019<\/td>\r\n  <td class=xl6714261 align=right style='border-top:none;border-left:none'>01\/04\/2019<\/td>\r\n  <td class=xl6714261 align=right style='border-top:none;border-left:none'>30\/06\/2019<\/td>\r\n  <td class=xl6614261 style='border-top:none;border-left:none'>&nbsp;<\/td>\r\n  <td class=xl6614261 style='border-top:none;border-left:none'>&nbsp;<\/td>\r\n  <td class=xl6614261 style='border-top:none;border-left:none'>na<\/td>\r\n  <td class=xl6614261 style='border-top:none;border-left:none'>&nbsp;<\/td>\r\n  <td class=xl6614261 style='border-top:none;border-left:none'>&nbsp;<\/td>\r\n  <td class=xl6614261 style='border-top:none;border-left:none'>&nbsp;<\/td>\r\n  <td class=xl6614261 style='border-top:none;border-left:none'>Tesoreria\r\n  Municipal de Apan, Hgo.<\/td>\r\n  <td class=xl6714261 align=right style='border-top:none;border-left:none'>05\/07\/2019<\/td>\r\n  <td class=xl6714261 align=right style='border-top:none;border-left:none'>05\/07\/2019<\/td>\r\n  <td class=xl6614261 style='border-top:none;border-left:none'>La Tesoreria\r\n  Municipal no coordina lo relacionado con las condiciones generales de trabajo\r\n  y su normatividad.<\/td>\r\n <\/tr>\r\n <![if supportMisalignedColumns]>\r\n <tr height=0 style='display:none'>\r\n  <td width=56 style='width:42pt'><\/td>\r\n  <td width=255 style='width:191pt'><\/td>\r\n  <td width=270 style='width:203pt'><\/td>\r\n  <td width=167 style='width:125pt'><\/td>\r\n  <td width=294 style='width:221pt'><\/td>\r\n  <td width=524 style='width:393pt'><\/td>\r\n  <td width=167 style='width:125pt'><\/td>\r\n  <td width=178 style='width:134pt'><\/td>\r\n  <td width=384 style='width:288pt'><\/td>\r\n  <td width=512 style='width:384pt'><\/td>\r\n  <td width=123 style='width:92pt'><\/td>\r\n  <td width=140 style='width:105pt'><\/td>\r\n  <td width=698 style='width:524pt'><\/td>\r\n <\/tr>\r\n <![endif]>\r\n<\/table>\r\n\r\n<\/div>\r\n\r\n\r\n<!----------------------------->\r\n<!--FINAL DE LOS RESULTADOS DEL ASISTENTE PARA PUBLICAR COMO P\u00c1GINA WEB DE\r\nEXCEL-->\r\n<!----------------------------->\r\n<\/body>\r\n\r\n<\/html>\r\n\t\t\t\t<\/div>\n\t\t\t\t<\/div>\n\t\t\t\t\t<\/div>\n\t\t<\/div>\n\t\t\t\t\t<\/div>\n\t\t<\/section>\n\t\t\t\t<\/div>\n\t\t","protected":false},"excerpt":{"rendered":"<p>&nbsp; Fracci\u00f3n XVI a &lt;![if supportMisalignedColumns]&gt;&lt;![endif]&gt; 46566 T\u00cdTULO NOMBRE CORTO DESCRIPCI\u00d3N Condiciones generales de trabajo y sindicatos_Normatividad laboral a69_f16_a Se publicar\u00e1 la normatividad que regula las relaciones laborales con el personal que trabaja en el sujeto obligado, incluidos los contratos colectivos de trabajo del personal de base y los contratos del personal de confianza; la [&hellip;]<\/p>\n","protected":false},"author":1,"featured_media":0,"parent":6108,"menu_order":0,"comment_status":"closed","ping_status":"closed","template":"page-template-full.php","meta":{"footnotes":""},"class_list":["post-6660","page","type-page","status-publish","hentry"],"jetpack_sharing_enabled":true,"_links":{"self":[{"href":"https:\/\/apan.gob.mx\/portal\/wp-json\/wp\/v2\/pages\/6660","targetHints":{"allow":["GET"]}}],"collection":[{"href":"https:\/\/apan.gob.mx\/portal\/wp-json\/wp\/v2\/pages"}],"about":[{"href":"https:\/\/apan.gob.mx\/portal\/wp-json\/wp\/v2\/types\/page"}],"author":[{"embeddable":true,"href":"https:\/\/apan.gob.mx\/portal\/wp-json\/wp\/v2\/users\/1"}],"replies":[{"embeddable":true,"href":"https:\/\/apan.gob.mx\/portal\/wp-json\/wp\/v2\/comments?post=6660"}],"version-history":[{"count":3,"href":"https:\/\/apan.gob.mx\/portal\/wp-json\/wp\/v2\/pages\/6660\/revisions"}],"predecessor-version":[{"id":6664,"href":"https:\/\/apan.gob.mx\/portal\/wp-json\/wp\/v2\/pages\/6660\/revisions\/6664"}],"up":[{"embeddable":true,"href":"https:\/\/apan.gob.mx\/portal\/wp-json\/wp\/v2\/pages\/6108"}],"wp:attachment":[{"href":"https:\/\/apan.gob.mx\/portal\/wp-json\/wp\/v2\/media?parent=6660"}],"curies":[{"name":"wp","href":"https:\/\/api.w.org\/{rel}","templated":true}]}}