{"id":6864,"date":"2019-10-02T15:37:02","date_gmt":"2019-10-02T20:37:02","guid":{"rendered":"https:\/\/apan.gob.mx\/portal\/?page_id=6864"},"modified":"2019-10-02T15:39:43","modified_gmt":"2019-10-02T20:39:43","slug":"6864-2","status":"publish","type":"page","link":"https:\/\/apan.gob.mx\/portal\/3-trimestre-2019\/6864-2\/","title":{"rendered":"<!--ps-15b-2019-3-->"},"content":{"rendered":"\t\t<div data-elementor-type=\"wp-page\" data-elementor-id=\"6864\" class=\"elementor elementor-6864 elementor-bc-flex-widget\">\n\t\t\t\t\t\t<div class=\"elementor-inner\">\n\t\t\t\t<div class=\"elementor-section-wrap\">\n\t\t\t\t\t\t\t\t\t<section class=\"has_ae_slider elementor-section elementor-top-section elementor-element elementor-element-vsglhgc elementor-section-boxed elementor-section-height-default elementor-section-height-default ae-bg-gallery-type-default\" data-id=\"vsglhgc\" data-element_type=\"section\">\n\t\t\t\t\t\t<div class=\"elementor-container elementor-column-gap-default\">\n\t\t\t\t\t\t\t<div class=\"elementor-row\">\n\t\t\t\t\t<div class=\"has_ae_slider elementor-column elementor-col-100 elementor-top-column elementor-element elementor-element-ticaevz ae-bg-gallery-type-default\" data-id=\"ticaevz\" data-element_type=\"column\">\n\t\t\t<div class=\"elementor-column-wrap elementor-element-populated\">\n\t\t\t\t\t\t\t<div class=\"elementor-widget-wrap\">\n\t\t\t\t\t\t<div class=\"elementor-element elementor-element-hqwwbks elementor-widget elementor-widget-heading\" data-id=\"hqwwbks\" data-element_type=\"widget\" data-widget_type=\"heading.default\">\n\t\t\t\t<div class=\"elementor-widget-container\">\n\t\t\t<h2 class=\"elementor-heading-title elementor-size-medium\">Fracci\u00f3n XV b<\/h2>\t\t<\/div>\n\t\t\t\t<\/div>\n\t\t\t\t<div class=\"elementor-element elementor-element-kswvehw elementor-widget elementor-widget-html\" data-id=\"kswvehw\" data-element_type=\"widget\" data-widget_type=\"html.default\">\n\t\t\t\t<div class=\"elementor-widget-container\">\n\t\t\t<html xmlns:o=\"urn:schemas-microsoft-com:office:office\"\r\nxmlns:x=\"urn:schemas-microsoft-com:office:excel\"\r\nxmlns=\"http:\/\/www.w3.org\/TR\/REC-html40\">\r\n\r\n<head>\r\n<meta http-equiv=Content-Type content=\"text\/html; charset=windows-1252\">\r\n<meta name=ProgId content=Excel.Sheet>\r\n<meta name=Generator content=\"Microsoft Excel 15\">\r\n<link rel=File-List href=\"a69_f15_b_archivos\/filelist.xml\">\r\n<style id=\"a69_f15_b_28227_Styles\">\r\n<!--table\r\n\t{mso-displayed-decimal-separator:\"\\.\";\r\n\tmso-displayed-thousand-separator:\"\\,\";}\r\n.xl1528227\r\n\t{padding-top:1px;\r\n\tpadding-right:1px;\r\n\tpadding-left:1px;\r\n\tmso-ignore:padding;\r\n\tcolor:black;\r\n\tfont-size:11.0pt;\r\n\tfont-weight:400;\r\n\tfont-style:normal;\r\n\ttext-decoration:none;\r\n\tfont-family:Calibri, sans-serif;\r\n\tmso-font-charset:0;\r\n\tmso-number-format:General;\r\n\ttext-align:general;\r\n\tvertical-align:bottom;\r\n\tmso-background-source:auto;\r\n\tmso-pattern:auto;\r\n\twhite-space:nowrap;}\r\n.xl6528227\r\n\t{padding-top:1px;\r\n\tpadding-right:1px;\r\n\tpadding-left:1px;\r\n\tmso-ignore:padding;\r\n\tcolor:black;\r\n\tfont-size:10.0pt;\r\n\tfont-weight:400;\r\n\tfont-style:normal;\r\n\ttext-decoration:none;\r\n\tfont-family:Arial;\r\n\tmso-generic-font-family:auto;\r\n\tmso-font-charset:0;\r\n\tmso-number-format:General;\r\n\ttext-align:center;\r\n\tvertical-align:bottom;\r\n\tborder:.5pt solid windowtext;\r\n\tbackground:#E1E1E1;\r\n\tmso-pattern:black none;\r\n\twhite-space:normal;}\r\n.xl6628227\r\n\t{padding-top:1px;\r\n\tpadding-right:1px;\r\n\tpadding-left:1px;\r\n\tmso-ignore:padding;\r\n\tcolor:black;\r\n\tfont-size:11.0pt;\r\n\tfont-weight:400;\r\n\tfont-style:normal;\r\n\ttext-decoration:none;\r\n\tfont-family:Calibri, sans-serif;\r\n\tmso-font-charset:0;\r\n\tmso-number-format:General;\r\n\ttext-align:general;\r\n\tvertical-align:bottom;\r\n\tborder:.5pt solid windowtext;\r\n\tmso-background-source:auto;\r\n\tmso-pattern:auto;\r\n\twhite-space:nowrap;}\r\n.xl6728227\r\n\t{padding-top:1px;\r\n\tpadding-right:1px;\r\n\tpadding-left:1px;\r\n\tmso-ignore:padding;\r\n\tcolor:black;\r\n\tfont-size:11.0pt;\r\n\tfont-weight:400;\r\n\tfont-style:normal;\r\n\ttext-decoration:none;\r\n\tfont-family:Calibri, sans-serif;\r\n\tmso-font-charset:0;\r\n\tmso-number-format:\"Short Date\";\r\n\ttext-align:general;\r\n\tvertical-align:bottom;\r\n\tborder:.5pt solid windowtext;\r\n\tmso-background-source:auto;\r\n\tmso-pattern:auto;\r\n\twhite-space:nowrap;}\r\n.xl6828227\r\n\t{padding-top:1px;\r\n\tpadding-right:1px;\r\n\tpadding-left:1px;\r\n\tmso-ignore:padding;\r\n\tcolor:#0563C1;\r\n\tfont-size:11.0pt;\r\n\tfont-weight:400;\r\n\tfont-style:normal;\r\n\ttext-decoration:underline;\r\n\ttext-underline-style:single;\r\n\tfont-family:Calibri, sans-serif;\r\n\tmso-font-charset:0;\r\n\tmso-number-format:General;\r\n\ttext-align:general;\r\n\tvertical-align:bottom;\r\n\tborder:.5pt solid windowtext;\r\n\tmso-background-source:auto;\r\n\tmso-pattern:auto;\r\n\twhite-space:nowrap;}\r\n.xl6928227\r\n\t{padding-top:1px;\r\n\tpadding-right:1px;\r\n\tpadding-left:1px;\r\n\tmso-ignore:padding;\r\n\tcolor:white;\r\n\tfont-size:11.0pt;\r\n\tfont-weight:700;\r\n\tfont-style:normal;\r\n\ttext-decoration:none;\r\n\tfont-family:Arial;\r\n\tmso-generic-font-family:auto;\r\n\tmso-font-charset:0;\r\n\tmso-number-format:General;\r\n\ttext-align:center;\r\n\tvertical-align:bottom;\r\n\tborder:.5pt solid windowtext;\r\n\tbackground:#333333;\r\n\tmso-pattern:black none;\r\n\twhite-space:normal;}\r\n.xl7028227\r\n\t{padding-top:1px;\r\n\tpadding-right:1px;\r\n\tpadding-left:1px;\r\n\tmso-ignore:padding;\r\n\tcolor:black;\r\n\tfont-size:10.0pt;\r\n\tfont-weight:400;\r\n\tfont-style:normal;\r\n\ttext-decoration:none;\r\n\tfont-family:Arial;\r\n\tmso-generic-font-family:auto;\r\n\tmso-font-charset:0;\r\n\tmso-number-format:General;\r\n\ttext-align:general;\r\n\tvertical-align:bottom;\r\n\tborder:.5pt solid windowtext;\r\n\tbackground:#E1E1E1;\r\n\tmso-pattern:black none;\r\n\twhite-space:nowrap;}\r\n-->\r\n<\/style>\r\n<\/head>\r\n\r\n<body>\r\n<!--[if !excel]>&nbsp;&nbsp;<![endif]-->\r\n<!--La siguiente informaci\u00f3n se gener\u00f3 mediante el Asistente para publicar como\r\np\u00e1gina web de Microsoft Excel.-->\r\n<!--Si se vuelve a publicar el mismo elemento desde Excel, se reemplazar\u00e1 toda\r\nla informaci\u00f3n comprendida entre las etiquetas DIV.-->\r\n<!----------------------------->\r\n<!--INICIO DE LOS RESULTADOS DEL ASISTENTE PARA PUBLICAR COMO P\u00c1GINA WEB DE\r\nEXCEL -->\r\n<!----------------------------->\r\n\r\n<div id=\"a69_f15_b_28227\" align=center x:publishsource=\"Excel\">\r\n\r\n<table border=0 cellpadding=0 cellspacing=0 width=3440 style='border-collapse:\r\n collapse;table-layout:fixed;width:2581pt'>\r\n <col width=56 style='mso-width-source:userset;mso-width-alt:2048;width:42pt'>\r\n <col width=155 span=2 style='mso-width-source:userset;mso-width-alt:5668;\r\n width:116pt'>\r\n <col width=170 style='mso-width-source:userset;mso-width-alt:6217;width:128pt'>\r\n <col width=324 style='mso-width-source:userset;mso-width-alt:11849;width:243pt'>\r\n <col width=196 style='mso-width-source:userset;mso-width-alt:7168;width:147pt'>\r\n <col width=568 style='mso-width-source:userset;mso-width-alt:20772;width:426pt'>\r\n <col width=327 style='mso-width-source:userset;mso-width-alt:11958;width:245pt'>\r\n <col width=98 style='mso-width-source:userset;mso-width-alt:3584;width:74pt'>\r\n <col width=102 style='mso-width-source:userset;mso-width-alt:3730;width:77pt'>\r\n <col width=1289 style='mso-width-source:userset;mso-width-alt:47140;\r\n width:967pt'>\r\n <tr height=0 style='display:none'>\r\n  <td class=xl1528227 width=56 style='width:42pt'>52264<\/td>\r\n  <td class=xl1528227 width=155 style='width:116pt'><\/td>\r\n  <td class=xl1528227 width=155 style='width:116pt'><\/td>\r\n  <td class=xl1528227 width=170 style='width:128pt'><\/td>\r\n  <td class=xl1528227 width=324 style='width:243pt'><\/td>\r\n  <td class=xl1528227 width=196 style='width:147pt'><\/td>\r\n  <td class=xl1528227 width=568 style='width:426pt'><\/td>\r\n  <td class=xl1528227 width=327 style='width:245pt'><\/td>\r\n  <td class=xl1528227 width=98 style='width:74pt'><\/td>\r\n  <td class=xl1528227 width=102 style='width:77pt'><\/td>\r\n  <td class=xl1528227 width=1289 style='width:967pt'><\/td>\r\n <\/tr>\r\n <tr height=20 style='height:15.0pt'>\r\n  <td colspan=3 height=20 class=xl6928227 width=366 style='height:15.0pt;\r\n  width:274pt'>T\u00cdTULO<\/td>\r\n  <td colspan=3 class=xl6928227 width=690 style='width:518pt'>NOMBRE CORTO<\/td>\r\n  <td colspan=3 class=xl6928227 width=993 style='width:745pt'>DESCRIPCI\u00d3N<\/td>\r\n  <td class=xl1528227><\/td>\r\n  <td class=xl1528227><\/td>\r\n <\/tr>\r\n <tr height=20 style='height:15.0pt'>\r\n  <td colspan=3 height=20 class=xl7028227 style='height:15.0pt'>Subsidios,\r\n  est\u00edmulos y apoyos_Padr\u00f3n de beneficiarios de programas sociales<\/td>\r\n  <td colspan=3 class=xl7028227>a69_f15_b<\/td>\r\n  <td colspan=3 class=xl7028227>Por cada programa se publicar\u00e1 el padr\u00f3n de\r\n  participantes o beneficiarios actualizado con las altas y bajas registradas\r\n  trimestralmente (salvaguardando los datos personales), e informaci\u00f3n sobre\r\n  los recursos econ\u00f3micos o en especie entregados. En caso de que los padrones\r\n  se actualicen anualmente, se deber\u00e1 publicar la informaci\u00f3n durante el primer\r\n  trimestre del a\u00f1o e indicar en una nota tal situaci\u00f3n.<\/td>\r\n  <td class=xl1528227><\/td>\r\n  <td class=xl1528227><\/td>\r\n <\/tr>\r\n <tr height=0 style='display:none'>\r\n  <td class=xl1528227>1<\/td>\r\n  <td class=xl1528227>4<\/td>\r\n  <td class=xl1528227>4<\/td>\r\n  <td class=xl1528227>9<\/td>\r\n  <td class=xl1528227>2<\/td>\r\n  <td class=xl1528227>10<\/td>\r\n  <td class=xl1528227>7<\/td>\r\n  <td class=xl1528227>2<\/td>\r\n  <td class=xl1528227>4<\/td>\r\n  <td class=xl1528227>13<\/td>\r\n  <td class=xl1528227>14<\/td>\r\n <\/tr>\r\n <tr height=0 style='display:none'>\r\n  <td class=xl1528227>492669<\/td>\r\n  <td class=xl1528227>492671<\/td>\r\n  <td class=xl1528227>492670<\/td>\r\n  <td class=xl1528227>492672<\/td>\r\n  <td class=xl1528227>492663<\/td>\r\n  <td class=xl1528227>492668<\/td>\r\n  <td class=xl1528227>492667<\/td>\r\n  <td class=xl1528227>492673<\/td>\r\n  <td class=xl1528227>492664<\/td>\r\n  <td class=xl1528227>492665<\/td>\r\n  <td class=xl1528227>492666<\/td>\r\n <\/tr>\r\n <tr height=20 style='height:15.0pt'>\r\n  <td colspan=11 height=20 class=xl6928227 width=3440 style='height:15.0pt;\r\n  width:2581pt'>Tabla Campos<\/td>\r\n <\/tr>\r\n <tr height=35 style='height:26.25pt'>\r\n  <td height=35 class=xl6528227 width=56 style='height:26.25pt;width:42pt'>Ejercicio<\/td>\r\n  <td class=xl6528227 width=155 style='border-left:none;width:116pt'>Fecha de\r\n  inicio del periodo que se informa<\/td>\r\n  <td class=xl6528227 width=155 style='border-left:none;width:116pt'>Fecha de\r\n  t\u00e9rmino del periodo que se informa<\/td>\r\n  <td class=xl6528227 width=170 style='border-left:none;width:128pt'>Tipo de\r\n  programa (cat\u00e1logo)<\/td>\r\n  <td class=xl6528227 width=324 style='border-left:none;width:243pt'>Denominaci\u00f3n\r\n  del Programa<\/td>\r\n  <td class=xl6528227 width=196 style='border-left:none;width:147pt'>Padr\u00f3n de\r\n  beneficiarios <br>\r\n    Tabla_492668<\/td>\r\n  <td class=xl6528227 width=568 style='border-left:none;width:426pt'>Hiperv\u00ednculo\r\n  a informaci\u00f3n estad\u00edstica general de las personas beneficiadas por el\r\n  programa<\/td>\r\n  <td class=xl6528227 width=327 style='border-left:none;width:245pt'>\u00c1rea(s)\r\n  responsable(s) que genera(n), posee(n), publica(n) y actualizan la\r\n  informaci\u00f3n<\/td>\r\n  <td class=xl6528227 width=98 style='border-left:none;width:74pt'>Fecha de\r\n  validaci\u00f3n<\/td>\r\n  <td class=xl6528227 width=102 style='border-left:none;width:77pt'>Fecha de\r\n  actualizaci\u00f3n<\/td>\r\n  <td class=xl6528227 width=1289 style='border-left:none;width:967pt'>Nota<\/td>\r\n <\/tr>\r\n <tr height=20 style='height:15.0pt'>\r\n  <td height=20 class=xl6628227 align=right style='height:15.0pt;border-top:\r\n  none'>2019<\/td>\r\n  <td class=xl6728227 align=right style='border-top:none;border-left:none'>01\/07\/2019<\/td>\r\n  <td class=xl6728227 align=right style='border-top:none;border-left:none'>30\/09\/2019<\/td>\r\n  <td class=xl6628227 style='border-top:none;border-left:none'>Programas de\r\n  servicios<\/td>\r\n  <td class=xl6628227 style='border-top:none;border-left:none'>Pension para el\r\n  Bienestar de las Personas Mayores<\/td>\r\n  <td class=xl6628227 align=right style='border-top:none;border-left:none'>1<\/td>\r\n  <td class=xl6828227 style='border-top:none;border-left:none'><a\r\n  href=\"https:\/\/www.gob.mx\/bienestar\/acciones-y-programas\/padrones-de-beneficiarios-72139\">https:\/\/www.gob.mx\/bienestar\/acciones-y-programas\/padrones-de-beneficiarios-72139<\/a><\/td>\r\n  <td class=xl6628227 style='border-top:none;border-left:none'>Coordinacion de\r\n  Programas Sociales<span style='mso-spacerun:yes'>\u00a0<\/span><\/td>\r\n  <td class=xl6728227 align=right style='border-top:none;border-left:none'>02\/10\/2019<\/td>\r\n  <td class=xl6728227 align=right style='border-top:none;border-left:none'>01\/01\/2019<\/td>\r\n  <td class=xl6628227 style='border-top:none;border-left:none'>En genero de\r\n  padron de beneficiarios son ambos (femenino, masculino). Edad de 65 a\u00f1os en\r\n  adelante. Nombre del beneficiario no aplica por la Ley de Privacidad de Datos\r\n  Personales.<span style='mso-spacerun:yes'>\u00a0<\/span><\/td>\r\n <\/tr>\r\n <tr height=20 style='height:15.0pt'>\r\n  <td height=20 class=xl6628227 align=right style='height:15.0pt;border-top:\r\n  none'>2019<\/td>\r\n  <td class=xl6728227 align=right style='border-top:none;border-left:none'>01\/07\/2019<\/td>\r\n  <td class=xl6728227 align=right style='border-top:none;border-left:none'>30\/09\/2019<\/td>\r\n  <td class=xl6628227 style='border-top:none;border-left:none'>Programas de\r\n  servicios<\/td>\r\n  <td class=xl6628227 style='border-top:none;border-left:none'>Becas para el\r\n  Bienestar Benito Juarez<\/td>\r\n  <td class=xl6628227 align=right style='border-top:none;border-left:none'>2<\/td>\r\n  <td class=xl6828227 style='border-top:none;border-left:none'><a\r\n  href=\"https:\/\/www.gob.mx\/bienestar\/acciones-y-programas\/padrones-de-beneficiarios-72139\">https:\/\/www.gob.mx\/bienestar\/acciones-y-programas\/padrones-de-beneficiarios-72139<\/a><\/td>\r\n  <td class=xl6628227 style='border-top:none;border-left:none'>Coordinacion de\r\n  Programas Sociales<span style='mso-spacerun:yes'>\u00a0<\/span><\/td>\r\n  <td class=xl6728227 align=right style='border-top:none;border-left:none'>02\/10\/2019<\/td>\r\n  <td class=xl6728227 align=right style='border-top:none;border-left:none'>01\/01\/2019<\/td>\r\n  <td class=xl6628227 style='border-top:none;border-left:none'>Edad apartir de\r\n  15 alos en adelante. Nombre del beneficiario no aplica por la Ley de\r\n  Privacidad de Datos Personales.<span style='mso-spacerun:yes'>\u00a0<\/span><\/td>\r\n <\/tr>\r\n <tr height=20 style='height:15.0pt'>\r\n  <td height=20 class=xl6628227 align=right style='height:15.0pt;border-top:\r\n  none'>2019<\/td>\r\n  <td class=xl6728227 align=right style='border-top:none;border-left:none'>01\/07\/2019<\/td>\r\n  <td class=xl6728227 align=right style='border-top:none;border-left:none'>30\/09\/2019<\/td>\r\n  <td class=xl6628227 style='border-top:none;border-left:none'>Programas de\r\n  servicios<\/td>\r\n  <td class=xl6628227 style='border-top:none;border-left:none'>Seguro de Vida\r\n  para Jefas de Familia<span style='mso-spacerun:yes'>\u00a0<\/span><\/td>\r\n  <td class=xl6628227 align=right style='border-top:none;border-left:none'>3<\/td>\r\n  <td class=xl6828227 style='border-top:none;border-left:none'><a\r\n  href=\"https:\/\/www.gob.mx\/bienestar\/acciones-y-programas\/padrones-de-beneficiarios-72139\">https:\/\/www.gob.mx\/bienestar\/acciones-y-programas\/padrones-de-beneficiarios-72139<\/a><\/td>\r\n  <td class=xl6628227 style='border-top:none;border-left:none'>Coordinacion de\r\n  Programas Sociales<span style='mso-spacerun:yes'>\u00a0<\/span><\/td>\r\n  <td class=xl6728227 align=right style='border-top:none;border-left:none'>02\/10\/2019<\/td>\r\n  <td class=xl6728227 align=right style='border-top:none;border-left:none'>01\/01\/2019<\/td>\r\n  <td class=xl6628227 style='border-top:none;border-left:none'>En genero de\r\n  padron de beneficiarios son ambos por ser ni\u00f1os en Orfandad (femenino,\r\n  masculino). Edad es de 0 a 24 a\u00f1os. Nombre del beneficiario no aplica por la\r\n  Ley de Privacidad de Datos Personales.<span style='mso-spacerun:yes'>\u00a0<\/span><\/td>\r\n <\/tr>\r\n <![if supportMisalignedColumns]>\r\n <tr height=0 style='display:none'>\r\n  <td width=56 style='width:42pt'><\/td>\r\n  <td width=155 style='width:116pt'><\/td>\r\n  <td width=155 style='width:116pt'><\/td>\r\n  <td width=170 style='width:128pt'><\/td>\r\n  <td width=324 style='width:243pt'><\/td>\r\n  <td width=196 style='width:147pt'><\/td>\r\n  <td width=568 style='width:426pt'><\/td>\r\n  <td width=327 style='width:245pt'><\/td>\r\n  <td width=98 style='width:74pt'><\/td>\r\n  <td width=102 style='width:77pt'><\/td>\r\n  <td width=1289 style='width:967pt'><\/td>\r\n <\/tr>\r\n <![endif]>\r\n<\/table>\r\n\r\n<\/div>\r\n\r\n\r\n<!----------------------------->\r\n<!--FINAL DE LOS RESULTADOS DEL ASISTENTE PARA PUBLICAR COMO P\u00c1GINA WEB DE\r\nEXCEL-->\r\n<!----------------------------->\r\n<\/body>\r\n\r\n<\/html>\r\n\t\t<\/div>\n\t\t\t\t<\/div>\n\t\t\t\t\t\t<\/div>\n\t\t\t\t\t<\/div>\n\t\t<\/div>\n\t\t\t\t\t\t\t\t<\/div>\n\t\t\t\t\t<\/div>\n\t\t<\/section>\n\t\t\t\t\t\t\t\t\t<\/div>\n\t\t\t<\/div>\n\t\t\t\t\t<\/div>\n\t\t","protected":false},"excerpt":{"rendered":"<p>&nbsp; Fracci\u00f3n XV b &nbsp; &lt;![if supportMisalignedColumns]&gt;&lt;![endif]&gt; 52264 T\u00cdTULO NOMBRE CORTO DESCRIPCI\u00d3N Subsidios, est\u00edmulos y apoyos_Padr\u00f3n de beneficiarios de programas sociales a69_f15_b Por cada programa se publicar\u00e1 el padr\u00f3n de participantes o beneficiarios actualizado con las altas y bajas registradas trimestralmente (salvaguardando los datos personales), e informaci\u00f3n sobre los recursos econ\u00f3micos o en especie entregados. [&hellip;]<\/p>\n","protected":false},"author":1,"featured_media":0,"parent":6796,"menu_order":0,"comment_status":"closed","ping_status":"closed","template":"page-template-full.php","meta":[],"jetpack_sharing_enabled":true,"_links":{"self":[{"href":"https:\/\/apan.gob.mx\/portal\/wp-json\/wp\/v2\/pages\/6864"}],"collection":[{"href":"https:\/\/apan.gob.mx\/portal\/wp-json\/wp\/v2\/pages"}],"about":[{"href":"https:\/\/apan.gob.mx\/portal\/wp-json\/wp\/v2\/types\/page"}],"author":[{"embeddable":true,"href":"https:\/\/apan.gob.mx\/portal\/wp-json\/wp\/v2\/users\/1"}],"replies":[{"embeddable":true,"href":"https:\/\/apan.gob.mx\/portal\/wp-json\/wp\/v2\/comments?post=6864"}],"version-history":[{"count":3,"href":"https:\/\/apan.gob.mx\/portal\/wp-json\/wp\/v2\/pages\/6864\/revisions"}],"predecessor-version":[{"id":6868,"href":"https:\/\/apan.gob.mx\/portal\/wp-json\/wp\/v2\/pages\/6864\/revisions\/6868"}],"up":[{"embeddable":true,"href":"https:\/\/apan.gob.mx\/portal\/wp-json\/wp\/v2\/pages\/6796"}],"wp:attachment":[{"href":"https:\/\/apan.gob.mx\/portal\/wp-json\/wp\/v2\/media?parent=6864"}],"curies":[{"name":"wp","href":"https:\/\/api.w.org\/{rel}","templated":true}]}}