{"id":6921,"date":"2019-10-03T12:48:44","date_gmt":"2019-10-03T17:48:44","guid":{"rendered":"https:\/\/apan.gob.mx\/portal\/?page_id=6921"},"modified":"2019-10-03T12:50:46","modified_gmt":"2019-10-03T17:50:46","slug":"6921-2","status":"publish","type":"page","link":"https:\/\/apan.gob.mx\/portal\/3-trimestre-2019\/6921-2\/","title":{"rendered":"<!--catastro-20-2019-3-->"},"content":{"rendered":"\t\t<div data-elementor-type=\"wp-page\" data-elementor-id=\"6921\" class=\"elementor elementor-6921 elementor-bc-flex-widget\">\n\t\t\t\t\t\t<div class=\"elementor-inner\">\n\t\t\t\t<div class=\"elementor-section-wrap\">\n\t\t\t\t\t\t\t\t\t<section class=\"has_ae_slider elementor-section elementor-top-section elementor-element elementor-element-yocyhlw elementor-section-boxed elementor-section-height-default elementor-section-height-default ae-bg-gallery-type-default\" data-id=\"yocyhlw\" data-element_type=\"section\">\n\t\t\t\t\t\t<div class=\"elementor-container elementor-column-gap-default\">\n\t\t\t\t\t\t\t<div class=\"elementor-row\">\n\t\t\t\t\t<div class=\"has_ae_slider elementor-column elementor-col-100 elementor-top-column elementor-element elementor-element-sxpshwi ae-bg-gallery-type-default\" data-id=\"sxpshwi\" data-element_type=\"column\">\n\t\t\t<div class=\"elementor-column-wrap elementor-element-populated\">\n\t\t\t\t\t\t\t<div class=\"elementor-widget-wrap\">\n\t\t\t\t\t\t<div class=\"elementor-element elementor-element-vuyiudk elementor-widget elementor-widget-heading\" data-id=\"vuyiudk\" data-element_type=\"widget\" data-widget_type=\"heading.default\">\n\t\t\t\t<div class=\"elementor-widget-container\">\n\t\t\t<h2 class=\"elementor-heading-title elementor-size-medium\">Fracci\u00f3n XX<\/h2>\t\t<\/div>\n\t\t\t\t<\/div>\n\t\t\t\t<div class=\"elementor-element elementor-element-rjowlpv elementor-widget elementor-widget-html\" data-id=\"rjowlpv\" data-element_type=\"widget\" data-widget_type=\"html.default\">\n\t\t\t\t<div class=\"elementor-widget-container\">\n\t\t\t<html xmlns:o=\"urn:schemas-microsoft-com:office:office\"\r\nxmlns:x=\"urn:schemas-microsoft-com:office:excel\"\r\nxmlns=\"http:\/\/www.w3.org\/TR\/REC-html40\">\r\n\r\n<head>\r\n<meta http-equiv=Content-Type content=\"text\/html; charset=windows-1252\">\r\n<meta name=ProgId content=Excel.Sheet>\r\n<meta name=Generator content=\"Microsoft Excel 15\">\r\n<link rel=File-List href=\"a69_f20%201_archivos\/filelist.xml\">\r\n<style id=\"a69_f20 1_24147_Styles\">\r\n<!--table\r\n\t{mso-displayed-decimal-separator:\"\\.\";\r\n\tmso-displayed-thousand-separator:\"\\,\";}\r\n.xl1524147\r\n\t{padding-top:1px;\r\n\tpadding-right:1px;\r\n\tpadding-left:1px;\r\n\tmso-ignore:padding;\r\n\tcolor:black;\r\n\tfont-size:11.0pt;\r\n\tfont-weight:400;\r\n\tfont-style:normal;\r\n\ttext-decoration:none;\r\n\tfont-family:Calibri, sans-serif;\r\n\tmso-font-charset:0;\r\n\tmso-number-format:General;\r\n\ttext-align:general;\r\n\tvertical-align:bottom;\r\n\tmso-background-source:auto;\r\n\tmso-pattern:auto;\r\n\twhite-space:nowrap;}\r\n.xl6524147\r\n\t{padding-top:1px;\r\n\tpadding-right:1px;\r\n\tpadding-left:1px;\r\n\tmso-ignore:padding;\r\n\tcolor:black;\r\n\tfont-size:10.0pt;\r\n\tfont-weight:400;\r\n\tfont-style:normal;\r\n\ttext-decoration:none;\r\n\tfont-family:Arial;\r\n\tmso-generic-font-family:auto;\r\n\tmso-font-charset:0;\r\n\tmso-number-format:General;\r\n\ttext-align:center;\r\n\tvertical-align:bottom;\r\n\tborder:.5pt solid windowtext;\r\n\tbackground:#E1E1E1;\r\n\tmso-pattern:black none;\r\n\twhite-space:normal;}\r\n.xl6624147\r\n\t{padding-top:1px;\r\n\tpadding-right:1px;\r\n\tpadding-left:1px;\r\n\tmso-ignore:padding;\r\n\tcolor:black;\r\n\tfont-size:11.0pt;\r\n\tfont-weight:400;\r\n\tfont-style:normal;\r\n\ttext-decoration:none;\r\n\tfont-family:Calibri, sans-serif;\r\n\tmso-font-charset:0;\r\n\tmso-number-format:General;\r\n\ttext-align:general;\r\n\tvertical-align:top;\r\n\tborder:.5pt solid windowtext;\r\n\tmso-background-source:auto;\r\n\tmso-pattern:auto;\r\n\twhite-space:normal;}\r\n.xl6724147\r\n\t{padding-top:1px;\r\n\tpadding-right:1px;\r\n\tpadding-left:1px;\r\n\tmso-ignore:padding;\r\n\tcolor:black;\r\n\tfont-size:11.0pt;\r\n\tfont-weight:400;\r\n\tfont-style:normal;\r\n\ttext-decoration:none;\r\n\tfont-family:Calibri, sans-serif;\r\n\tmso-font-charset:0;\r\n\tmso-number-format:\"Short Date\";\r\n\ttext-align:general;\r\n\tvertical-align:top;\r\n\tborder:.5pt solid windowtext;\r\n\tmso-background-source:auto;\r\n\tmso-pattern:auto;\r\n\twhite-space:normal;}\r\n.xl6824147\r\n\t{padding-top:1px;\r\n\tpadding-right:1px;\r\n\tpadding-left:1px;\r\n\tmso-ignore:padding;\r\n\tcolor:#0563C1;\r\n\tfont-size:11.0pt;\r\n\tfont-weight:400;\r\n\tfont-style:normal;\r\n\ttext-decoration:underline;\r\n\ttext-underline-style:single;\r\n\tfont-family:Calibri, sans-serif;\r\n\tmso-font-charset:0;\r\n\tmso-number-format:General;\r\n\ttext-align:general;\r\n\tvertical-align:top;\r\n\tborder:.5pt solid windowtext;\r\n\tmso-background-source:auto;\r\n\tmso-pattern:auto;\r\n\twhite-space:normal;}\r\n.xl6924147\r\n\t{padding-top:1px;\r\n\tpadding-right:1px;\r\n\tpadding-left:1px;\r\n\tmso-ignore:padding;\r\n\tcolor:white;\r\n\tfont-size:11.0pt;\r\n\tfont-weight:700;\r\n\tfont-style:normal;\r\n\ttext-decoration:none;\r\n\tfont-family:Arial;\r\n\tmso-generic-font-family:auto;\r\n\tmso-font-charset:0;\r\n\tmso-number-format:General;\r\n\ttext-align:center;\r\n\tvertical-align:bottom;\r\n\tborder:.5pt solid windowtext;\r\n\tbackground:#333333;\r\n\tmso-pattern:black none;\r\n\twhite-space:normal;}\r\n.xl7024147\r\n\t{padding-top:1px;\r\n\tpadding-right:1px;\r\n\tpadding-left:1px;\r\n\tmso-ignore:padding;\r\n\tcolor:black;\r\n\tfont-size:10.0pt;\r\n\tfont-weight:400;\r\n\tfont-style:normal;\r\n\ttext-decoration:none;\r\n\tfont-family:Arial;\r\n\tmso-generic-font-family:auto;\r\n\tmso-font-charset:0;\r\n\tmso-number-format:General;\r\n\ttext-align:general;\r\n\tvertical-align:bottom;\r\n\tborder:.5pt solid windowtext;\r\n\tbackground:#E1E1E1;\r\n\tmso-pattern:black none;\r\n\twhite-space:nowrap;}\r\n.xl7124147\r\n\t{padding-top:1px;\r\n\tpadding-right:1px;\r\n\tpadding-left:1px;\r\n\tmso-ignore:padding;\r\n\tcolor:black;\r\n\tfont-size:11.0pt;\r\n\tfont-weight:400;\r\n\tfont-style:normal;\r\n\ttext-decoration:none;\r\n\tfont-family:Calibri, sans-serif;\r\n\tmso-font-charset:0;\r\n\tmso-number-format:General;\r\n\ttext-align:general;\r\n\tvertical-align:top;\r\n\tborder:.5pt solid windowtext;\r\n\tmso-background-source:auto;\r\n\tmso-pattern:auto;\r\n\twhite-space:nowrap;}\r\n-->\r\n<\/style>\r\n<\/head>\r\n\r\n<body>\r\n<!--[if !excel]>&nbsp;&nbsp;<![endif]-->\r\n<!--La siguiente informaci\u00f3n se gener\u00f3 mediante el Asistente para publicar como\r\np\u00e1gina web de Microsoft Excel.-->\r\n<!--Si se vuelve a publicar el mismo elemento desde Excel, se reemplazar\u00e1 toda\r\nla informaci\u00f3n comprendida entre las etiquetas DIV.-->\r\n<!----------------------------->\r\n<!--INICIO DE LOS RESULTADOS DEL ASISTENTE PARA PUBLICAR COMO P\u00c1GINA WEB DE\r\nEXCEL -->\r\n<!----------------------------->\r\n\r\n<div id=\"a69_f20 1_24147\" align=center x:publishsource=\"Excel\">\r\n\r\n<table border=0 cellpadding=0 cellspacing=0 width=8024 style='border-collapse:\r\n collapse;table-layout:fixed;width:6020pt'>\r\n <col width=56 style='mso-width-source:userset;mso-width-alt:2048;width:42pt'>\r\n <col width=167 span=2 style='mso-width-source:userset;mso-width-alt:6107;\r\n width:125pt'>\r\n <col width=174 style='mso-width-source:userset;mso-width-alt:6363;width:131pt'>\r\n <col width=229 style='mso-width-source:userset;mso-width-alt:8374;width:172pt'>\r\n <col width=315 style='mso-width-source:userset;mso-width-alt:11520;width:236pt'>\r\n <col width=135 style='mso-width-source:userset;mso-width-alt:4937;width:101pt'>\r\n <col width=682 style='mso-width-source:userset;mso-width-alt:24941;width:512pt'>\r\n <col width=147 style='mso-width-source:userset;mso-width-alt:5376;width:110pt'>\r\n <col width=690 style='mso-width-source:userset;mso-width-alt:25234;width:518pt'>\r\n <col width=304 style='mso-width-source:userset;mso-width-alt:11117;width:228pt'>\r\n <col width=228 style='mso-width-source:userset;mso-width-alt:8338;width:171pt'>\r\n <col width=373 style='mso-width-source:userset;mso-width-alt:13641;width:280pt'>\r\n <col width=273 style='mso-width-source:userset;mso-width-alt:9984;width:205pt'>\r\n <col width=174 style='mso-width-source:userset;mso-width-alt:6363;width:131pt'>\r\n <col width=322 style='mso-width-source:userset;mso-width-alt:11776;width:242pt'>\r\n <col width=283 style='mso-width-source:userset;mso-width-alt:10349;width:212pt'>\r\n <col width=191 style='mso-width-source:userset;mso-width-alt:6985;width:143pt'>\r\n <col width=322 style='mso-width-source:userset;mso-width-alt:11776;width:242pt'>\r\n <col width=192 style='mso-width-source:userset;mso-width-alt:7021;width:144pt'>\r\n <col width=687 style='mso-width-source:userset;mso-width-alt:25124;width:515pt'>\r\n <col width=689 style='mso-width-source:userset;mso-width-alt:25197;width:517pt'>\r\n <col width=512 style='mso-width-source:userset;mso-width-alt:18724;width:384pt'>\r\n <col width=123 style='mso-width-source:userset;mso-width-alt:4498;width:92pt'>\r\n <col width=140 style='mso-width-source:userset;mso-width-alt:5120;width:105pt'>\r\n <col width=449 style='mso-width-source:userset;mso-width-alt:16420;width:337pt'>\r\n <tr height=0 style='display:none'>\r\n  <td class=xl1524147 width=56 style='width:42pt'>44251<\/td>\r\n  <td class=xl1524147 width=167 style='width:125pt'><\/td>\r\n  <td class=xl1524147 width=167 style='width:125pt'><\/td>\r\n  <td class=xl1524147 width=174 style='width:131pt'><\/td>\r\n  <td class=xl1524147 width=229 style='width:172pt'><\/td>\r\n  <td class=xl1524147 width=315 style='width:236pt'><\/td>\r\n  <td class=xl1524147 width=135 style='width:101pt'><\/td>\r\n  <td class=xl1524147 width=682 style='width:512pt'><\/td>\r\n  <td class=xl1524147 width=147 style='width:110pt'><\/td>\r\n  <td class=xl1524147 width=690 style='width:518pt'><\/td>\r\n  <td class=xl1524147 width=304 style='width:228pt'><\/td>\r\n  <td class=xl1524147 width=228 style='width:171pt'><\/td>\r\n  <td class=xl1524147 width=373 style='width:280pt'><\/td>\r\n  <td class=xl1524147 width=273 style='width:205pt'><\/td>\r\n  <td class=xl1524147 width=174 style='width:131pt'><\/td>\r\n  <td class=xl1524147 width=322 style='width:242pt'><\/td>\r\n  <td class=xl1524147 width=283 style='width:212pt'><\/td>\r\n  <td class=xl1524147 width=191 style='width:143pt'><\/td>\r\n  <td class=xl1524147 width=322 style='width:242pt'><\/td>\r\n  <td class=xl1524147 width=192 style='width:144pt'><\/td>\r\n  <td class=xl1524147 width=687 style='width:515pt'><\/td>\r\n  <td class=xl1524147 width=689 style='width:517pt'><\/td>\r\n  <td class=xl1524147 width=512 style='width:384pt'><\/td>\r\n  <td class=xl1524147 width=123 style='width:92pt'><\/td>\r\n  <td class=xl1524147 width=140 style='width:105pt'><\/td>\r\n  <td class=xl1524147 width=449 style='width:337pt'><\/td>\r\n <\/tr>\r\n <tr height=20 style='height:15.0pt'>\r\n  <td colspan=3 height=20 class=xl6924147 width=390 style='height:15.0pt;\r\n  width:292pt'>T\u00cdTULO<\/td>\r\n  <td colspan=3 class=xl6924147 width=718 style='width:539pt'>NOMBRE CORTO<\/td>\r\n  <td colspan=3 class=xl6924147 width=964 style='width:723pt'>DESCRIPCI\u00d3N<\/td>\r\n  <td class=xl1524147><\/td>\r\n  <td class=xl1524147><\/td>\r\n  <td class=xl1524147><\/td>\r\n  <td class=xl1524147><\/td>\r\n  <td class=xl1524147><\/td>\r\n  <td class=xl1524147><\/td>\r\n  <td class=xl1524147><\/td>\r\n  <td class=xl1524147><\/td>\r\n  <td class=xl1524147><\/td>\r\n  <td class=xl1524147><\/td>\r\n  <td class=xl1524147><\/td>\r\n  <td class=xl1524147><\/td>\r\n  <td class=xl1524147><\/td>\r\n  <td class=xl1524147><\/td>\r\n  <td class=xl1524147><\/td>\r\n  <td class=xl1524147><\/td>\r\n  <td class=xl1524147><\/td>\r\n <\/tr>\r\n <tr height=20 style='height:15.0pt'>\r\n  <td colspan=3 height=20 class=xl7024147 style='height:15.0pt'>Tr\u00e1mites\r\n  ofrecidos<\/td>\r\n  <td colspan=3 class=xl7024147>a69_f20<\/td>\r\n  <td colspan=3 class=xl7024147>La informaci\u00f3n relacionada con las tareas\r\n  administrativas que realizan los sujetos obligados en sus diferentes \u00e1mbitos\r\n  con el objeto de atender las peticiones que realicen los particulares ya sea\r\n  para la obtenci\u00f3n de un beneficio, o cumplir con alguna obligaci\u00f3n ante una\r\n  autoridad, de conformidad con la normatividad respecto de los tr\u00e1mites que\r\n  realizan. Generalmente \u00e9stos implican la entrega de informaci\u00f3n ante una\r\n  autoridad por parte de los particulares.<\/td>\r\n  <td class=xl1524147><\/td>\r\n  <td class=xl1524147><\/td>\r\n  <td class=xl1524147><\/td>\r\n  <td class=xl1524147><\/td>\r\n  <td class=xl1524147><\/td>\r\n  <td class=xl1524147><\/td>\r\n  <td class=xl1524147><\/td>\r\n  <td class=xl1524147><\/td>\r\n  <td class=xl1524147><\/td>\r\n  <td class=xl1524147><\/td>\r\n  <td class=xl1524147><\/td>\r\n  <td class=xl1524147><\/td>\r\n  <td class=xl1524147><\/td>\r\n  <td class=xl1524147><\/td>\r\n  <td class=xl1524147><\/td>\r\n  <td class=xl1524147><\/td>\r\n  <td class=xl1524147><\/td>\r\n <\/tr>\r\n <tr height=0 style='display:none'>\r\n  <td class=xl1524147>1<\/td>\r\n  <td class=xl1524147>4<\/td>\r\n  <td class=xl1524147>4<\/td>\r\n  <td class=xl1524147>2<\/td>\r\n  <td class=xl1524147>2<\/td>\r\n  <td class=xl1524147>2<\/td>\r\n  <td class=xl1524147>1<\/td>\r\n  <td class=xl1524147>7<\/td>\r\n  <td class=xl1524147>2<\/td>\r\n  <td class=xl1524147>7<\/td>\r\n  <td class=xl1524147>1<\/td>\r\n  <td class=xl1524147>1<\/td>\r\n  <td class=xl1524147>10<\/td>\r\n  <td class=xl1524147>6<\/td>\r\n  <td class=xl1524147>2<\/td>\r\n  <td class=xl1524147>10<\/td>\r\n  <td class=xl1524147>2<\/td>\r\n  <td class=xl1524147>2<\/td>\r\n  <td class=xl1524147>10<\/td>\r\n  <td class=xl1524147>2<\/td>\r\n  <td class=xl1524147>7<\/td>\r\n  <td class=xl1524147>7<\/td>\r\n  <td class=xl1524147>2<\/td>\r\n  <td class=xl1524147>4<\/td>\r\n  <td class=xl1524147>13<\/td>\r\n  <td class=xl1524147>14<\/td>\r\n <\/tr>\r\n <tr height=0 style='display:none'>\r\n  <td class=xl1524147>350731<\/td>\r\n  <td class=xl1524147>350733<\/td>\r\n  <td class=xl1524147>350732<\/td>\r\n  <td class=xl1524147>350716<\/td>\r\n  <td class=xl1524147>350744<\/td>\r\n  <td class=xl1524147>350717<\/td>\r\n  <td class=xl1524147>350715<\/td>\r\n  <td class=xl1524147>350734<\/td>\r\n  <td class=xl1524147>350745<\/td>\r\n  <td class=xl1524147>350738<\/td>\r\n  <td class=xl1524147>350735<\/td>\r\n  <td class=xl1524147>350714<\/td>\r\n  <td class=xl1524147>350724<\/td>\r\n  <td class=xl1524147>350721<\/td>\r\n  <td class=xl1524147>350719<\/td>\r\n  <td class=xl1524147>350726<\/td>\r\n  <td class=xl1524147>350718<\/td>\r\n  <td class=xl1524147>350741<\/td>\r\n  <td class=xl1524147>350725<\/td>\r\n  <td class=xl1524147>350743<\/td>\r\n  <td class=xl1524147>350722<\/td>\r\n  <td class=xl1524147>350723<\/td>\r\n  <td class=xl1524147>350737<\/td>\r\n  <td class=xl1524147>350720<\/td>\r\n  <td class=xl1524147>350730<\/td>\r\n  <td class=xl1524147>350736<\/td>\r\n <\/tr>\r\n <tr height=20 style='height:15.0pt'>\r\n  <td colspan=26 height=20 class=xl6924147 width=8024 style='height:15.0pt;\r\n  width:6020pt'>Tabla Campos<\/td>\r\n <\/tr>\r\n <tr height=52 style='height:39.0pt'>\r\n  <td height=52 class=xl6524147 width=56 style='height:39.0pt;width:42pt'>Ejercicio<\/td>\r\n  <td class=xl6524147 width=167 style='border-left:none;width:125pt'>Fecha de\r\n  inicio del periodo que se informa<\/td>\r\n  <td class=xl6524147 width=167 style='border-left:none;width:125pt'>Fecha de\r\n  t\u00e9rmino del periodo que se informa<\/td>\r\n  <td class=xl6524147 width=174 style='border-left:none;width:131pt'>Denominaci\u00f3n\r\n  del tr\u00e1mite<\/td>\r\n  <td class=xl6524147 width=229 style='border-left:none;width:172pt'>Tipo de\r\n  usuario y\/o poblaci\u00f3n objetivo<\/td>\r\n  <td class=xl6524147 width=315 style='border-left:none;width:236pt'>Descripci\u00f3n\r\n  del objetivo del tr\u00e1mite<\/td>\r\n  <td class=xl6524147 width=135 style='border-left:none;width:101pt'>Modalidad\r\n  del tr\u00e1mite<\/td>\r\n  <td class=xl6524147 width=682 style='border-left:none;width:512pt'>Hiperv\u00ednculo\r\n  a los requisitos para llevar a cabo el tr\u00e1mite<\/td>\r\n  <td class=xl6524147 width=147 style='border-left:none;width:110pt'>Documentos\r\n  requeridos<\/td>\r\n  <td class=xl6524147 width=690 style='border-left:none;width:518pt'>Hiperv\u00ednculo\r\n  al\/los formatos respectivos<\/td>\r\n  <td class=xl6524147 width=304 style='border-left:none;width:228pt'>Tiempo de\r\n  respuesta por parte del sujeto Obligado<\/td>\r\n  <td class=xl6524147 width=228 style='border-left:none;width:171pt'>Vigencia\r\n  de los resultados del tr\u00e1mite<\/td>\r\n  <td class=xl6524147 width=373 style='border-left:none;width:280pt'>\u00c1rea y\r\n  datos de contacto del lugar donde se realiza el tr\u00e1mite <br>\r\n    Tabla_350724<\/td>\r\n  <td class=xl6524147 width=273 style='border-left:none;width:205pt'>Costo, en\r\n  su caso, especificar que es gratuito<\/td>\r\n  <td class=xl6524147 width=174 style='border-left:none;width:131pt'>Sustento\r\n  legal para su cobro<\/td>\r\n  <td class=xl6524147 width=322 style='border-left:none;width:242pt'>Lugares\r\n  donde se efect\u00faa el pago <br>\r\n    Tabla_350726<\/td>\r\n  <td class=xl6524147 width=283 style='border-left:none;width:212pt'>Fundamento\r\n  jur\u00eddico-administrativo del tr\u00e1mite<\/td>\r\n  <td class=xl6524147 width=191 style='border-left:none;width:143pt'>Derechos\r\n  del usuario<\/td>\r\n  <td class=xl6524147 width=322 style='border-left:none;width:242pt'>Lugares\r\n  para reportar presuntas anomal\u00edas <br>\r\n    Tabla_350725<\/td>\r\n  <td class=xl6524147 width=192 style='border-left:none;width:144pt'>Otros\r\n  datos, en su caso, para el env\u00edo de consultas, documentos y quejas<\/td>\r\n  <td class=xl6524147 width=687 style='border-left:none;width:515pt'>Hiperv\u00ednculo\r\n  informaci\u00f3n adicional del tr\u00e1mite<\/td>\r\n  <td class=xl6524147 width=689 style='border-left:none;width:517pt'>Hiperv\u00ednculo\r\n  al sistema correspondiente<\/td>\r\n  <td class=xl6524147 width=512 style='border-left:none;width:384pt'>\u00c1rea(s)\r\n  responsable(s) que genera(n), posee(n), publica(n) y actualizan la\r\n  informaci\u00f3n<\/td>\r\n  <td class=xl6524147 width=123 style='border-left:none;width:92pt'>Fecha de\r\n  validaci\u00f3n<\/td>\r\n  <td class=xl6524147 width=140 style='border-left:none;width:105pt'>Fecha de\r\n  actualizaci\u00f3n<\/td>\r\n  <td class=xl6524147 width=449 style='border-left:none;width:337pt'>Nota<\/td>\r\n <\/tr>\r\n <tr height=84 style='mso-height-source:userset;height:63.0pt'>\r\n  <td height=84 class=xl6624147 align=right width=56 style='height:63.0pt;\r\n  border-top:none;width:42pt'>2019<\/td>\r\n  <td class=xl6724147 align=right width=167 style='border-top:none;border-left:\r\n  none;width:125pt'>01\/07\/2019<\/td>\r\n  <td class=xl6724147 align=right width=167 style='border-top:none;border-left:\r\n  none;width:125pt'>30\/09\/2019<\/td>\r\n  <td class=xl7124147 style='border-top:none;border-left:none'>Cobro de\r\n  impuesto predial<\/td>\r\n  <td class=xl6624147 width=229 style='border-top:none;border-left:none;\r\n  width:172pt'>Cidadania en general<\/td>\r\n  <td class=xl7124147 style='border-top:none;border-left:none'>Mejores\r\n  Servicios Publicos para el ayuntamiento<span\r\n  style='mso-spacerun:yes'>\u00a0<\/span><\/td>\r\n  <td class=xl6624147 width=135 style='border-top:none;border-left:none;\r\n  width:101pt'>Presencial<\/td>\r\n  <td class=xl6824147 width=682 style='border-top:none;border-left:none;\r\n  width:512pt'><a\r\n  href=\"https:\/\/www.apan.gob.mx\/descargables\/transparencia\/articulo69\/fraccion20\/2019_3\/catastro\/FrXXa1_1.pdf\">https:\/\/www.apan.gob.mx\/descargables\/transparencia\/articulo69\/fraccion20\/2019_3\/catastro\/FrXXa1_1.pdf<\/a><\/td>\r\n  <td class=xl6624147 width=147 style='border-top:none;border-left:none;\r\n  width:110pt'>Tarjeta Predial y Escritura<\/td>\r\n  <td class=xl6824147 width=690 style='border-top:none;border-left:none;\r\n  width:518pt'><a\r\n  href=\"https:\/\/www.apan.gob.mx\/descargables\/transparencia\/articulo69\/fraccion20\/2019_3\/catastro\/FrXXa1_2.pdf\">https:\/\/www.apan.gob.mx\/descargables\/transparencia\/articulo69\/fraccion20\/2019_3\/catastro\/FrXXa1_2.pdf<\/a><\/td>\r\n  <td class=xl6624147 width=304 style='border-top:none;border-left:none;\r\n  width:228pt'>Inmediato<\/td>\r\n  <td class=xl6624147 width=228 style='border-top:none;border-left:none;\r\n  width:171pt'>Inmediato<\/td>\r\n  <td class=xl6624147 align=right width=373 style='border-top:none;border-left:\r\n  none;width:280pt'>1<\/td>\r\n  <td class=xl6624147 align=right width=273 style='border-top:none;border-left:\r\n  none;width:205pt'>0<\/td>\r\n  <td class=xl6624147 width=174 style='border-top:none;border-left:none;\r\n  width:131pt'>Ley de ingresos correspondiente al ejercicio fiscal 2018\r\n  dispuesto por los Art.28 al 40 de la Ley de hacienda para los municipios del\r\n  Estado de Hidalgo.<\/td>\r\n  <td class=xl6624147 align=right width=322 style='border-top:none;border-left:\r\n  none;width:242pt'>1<\/td>\r\n  <td class=xl6624147 width=283 style='border-top:none;border-left:none;\r\n  width:212pt'>Procuraduria Fiscal del Estado<\/td>\r\n  <td class=xl6624147 width=191 style='border-top:none;border-left:none;\r\n  width:143pt'>Quejas en Oficina de la Tesorer\u00eda Municipal<\/td>\r\n  <td class=xl6624147 align=right width=322 style='border-top:none;border-left:\r\n  none;width:242pt'>1<\/td>\r\n  <td class=xl6824147 width=192 style='border-top:none;border-left:none;\r\n  width:144pt'><a href=\"mailto:catastroapan@gmail.com\">catastroapan@gmail.com<\/a><\/td>\r\n  <td class=xl6824147 width=687 style='border-top:none;border-left:none;\r\n  width:515pt'><a\r\n  href=\"https:\/\/www.apan.gob.mx\/descargables\/transparencia\/articulo69\/fraccion20\/2019_3\/catastro\/FrXXa1_3.pdf\">https:\/\/www.apan.gob.mx\/descargables\/transparencia\/articulo69\/fraccion20\/2019_3\/catastro\/FrXXa1_3.pdf<\/a><\/td>\r\n  <td class=xl6824147 width=689 style='border-top:none;border-left:none;\r\n  width:517pt'><a\r\n  href=\"https:\/\/www.apan.gob.mx\/descargables\/transparencia\/articulo69\/fraccion20\/2019_3\/catastro\/FrXXa1_4.pdf\">https:\/\/www.apan.gob.mx\/descargables\/transparencia\/articulo69\/fraccion20\/2019_3\/catastro\/FrXXa1_4.pdf<\/a><\/td>\r\n  <td class=xl6624147 width=512 style='border-top:none;border-left:none;\r\n  width:384pt'>Catastro Municipal<\/td>\r\n  <td class=xl6724147 align=right width=123 style='border-top:none;border-left:\r\n  none;width:92pt'>03\/10\/2019<\/td>\r\n  <td class=xl6724147 align=right width=140 style='border-top:none;border-left:\r\n  none;width:105pt'>01\/07\/2019<\/td>\r\n  <td class=xl6624147 width=449 style='border-top:none;border-left:none;\r\n  width:337pt'>Costo: 60% valor catastral x tasa anual 0.9 %. Julio con el 21%\r\n  de recargos, Agosto con el 24% de recargos, Septiembre con el 27% de\r\n  recargos, con credencial de INAPAM-PENSIONADO-JUBILADO aplica el descuento\r\n  del 50%<span style='mso-spacerun:yes'>\u00a0<\/span><\/td>\r\n <\/tr>\r\n <![if supportMisalignedColumns]>\r\n <tr height=0 style='display:none'>\r\n  <td width=56 style='width:42pt'><\/td>\r\n  <td width=167 style='width:125pt'><\/td>\r\n  <td width=167 style='width:125pt'><\/td>\r\n  <td width=174 style='width:131pt'><\/td>\r\n  <td width=229 style='width:172pt'><\/td>\r\n  <td width=315 style='width:236pt'><\/td>\r\n  <td width=135 style='width:101pt'><\/td>\r\n  <td width=682 style='width:512pt'><\/td>\r\n  <td width=147 style='width:110pt'><\/td>\r\n  <td width=690 style='width:518pt'><\/td>\r\n  <td width=304 style='width:228pt'><\/td>\r\n  <td width=228 style='width:171pt'><\/td>\r\n  <td width=373 style='width:280pt'><\/td>\r\n  <td width=273 style='width:205pt'><\/td>\r\n  <td width=174 style='width:131pt'><\/td>\r\n  <td width=322 style='width:242pt'><\/td>\r\n  <td width=283 style='width:212pt'><\/td>\r\n  <td width=191 style='width:143pt'><\/td>\r\n  <td width=322 style='width:242pt'><\/td>\r\n  <td width=192 style='width:144pt'><\/td>\r\n  <td width=687 style='width:515pt'><\/td>\r\n  <td width=689 style='width:517pt'><\/td>\r\n  <td width=512 style='width:384pt'><\/td>\r\n  <td width=123 style='width:92pt'><\/td>\r\n  <td width=140 style='width:105pt'><\/td>\r\n  <td width=449 style='width:337pt'><\/td>\r\n <\/tr>\r\n <![endif]>\r\n<\/table>\r\n\r\n<\/div>\r\n\r\n\r\n<!----------------------------->\r\n<!--FINAL DE LOS RESULTADOS DEL ASISTENTE PARA PUBLICAR COMO P\u00c1GINA WEB DE\r\nEXCEL-->\r\n<!----------------------------->\r\n<\/body>\r\n\r\n<\/html>\r\n\t\t<\/div>\n\t\t\t\t<\/div>\n\t\t\t\t\t\t<\/div>\n\t\t\t\t\t<\/div>\n\t\t<\/div>\n\t\t\t\t\t\t\t\t<\/div>\n\t\t\t\t\t<\/div>\n\t\t<\/section>\n\t\t\t\t\t\t\t\t\t<\/div>\n\t\t\t<\/div>\n\t\t\t\t\t<\/div>\n\t\t","protected":false},"excerpt":{"rendered":"<p>&nbsp; Fracci\u00f3n XX &nbsp; &lt;![if supportMisalignedColumns]&gt;&lt;![endif]&gt; 44251 T\u00cdTULO NOMBRE CORTO DESCRIPCI\u00d3N Tr\u00e1mites ofrecidos a69_f20 La informaci\u00f3n relacionada con las tareas administrativas que realizan los sujetos obligados en sus diferentes \u00e1mbitos con el objeto de atender las peticiones que realicen los particulares ya sea para la obtenci\u00f3n de un beneficio, o cumplir con alguna obligaci\u00f3n ante [&hellip;]<\/p>\n","protected":false},"author":1,"featured_media":0,"parent":6796,"menu_order":0,"comment_status":"closed","ping_status":"closed","template":"page-template-full.php","meta":[],"jetpack_sharing_enabled":true,"_links":{"self":[{"href":"https:\/\/apan.gob.mx\/portal\/wp-json\/wp\/v2\/pages\/6921"}],"collection":[{"href":"https:\/\/apan.gob.mx\/portal\/wp-json\/wp\/v2\/pages"}],"about":[{"href":"https:\/\/apan.gob.mx\/portal\/wp-json\/wp\/v2\/types\/page"}],"author":[{"embeddable":true,"href":"https:\/\/apan.gob.mx\/portal\/wp-json\/wp\/v2\/users\/1"}],"replies":[{"embeddable":true,"href":"https:\/\/apan.gob.mx\/portal\/wp-json\/wp\/v2\/comments?post=6921"}],"version-history":[{"count":3,"href":"https:\/\/apan.gob.mx\/portal\/wp-json\/wp\/v2\/pages\/6921\/revisions"}],"predecessor-version":[{"id":6925,"href":"https:\/\/apan.gob.mx\/portal\/wp-json\/wp\/v2\/pages\/6921\/revisions\/6925"}],"up":[{"embeddable":true,"href":"https:\/\/apan.gob.mx\/portal\/wp-json\/wp\/v2\/pages\/6796"}],"wp:attachment":[{"href":"https:\/\/apan.gob.mx\/portal\/wp-json\/wp\/v2\/media?parent=6921"}],"curies":[{"name":"wp","href":"https:\/\/api.w.org\/{rel}","templated":true}]}}