{"id":6929,"date":"2019-10-03T13:28:07","date_gmt":"2019-10-03T18:28:07","guid":{"rendered":"https:\/\/apan.gob.mx\/portal\/?page_id=6929"},"modified":"2019-10-03T15:14:07","modified_gmt":"2019-10-03T20:14:07","slug":"6929-2","status":"publish","type":"page","link":"https:\/\/apan.gob.mx\/portal\/3-trimestre-2019\/6929-2\/","title":{"rendered":"<!--comunicacion-23b-2019-3-->"},"content":{"rendered":"\t\t<div data-elementor-type=\"wp-page\" data-elementor-id=\"6929\" class=\"elementor elementor-6929 elementor-bc-flex-widget\">\n\t\t\t\t\t\t<div class=\"elementor-inner\">\n\t\t\t\t<div class=\"elementor-section-wrap\">\n\t\t\t\t\t\t\t\t\t<section class=\"has_ae_slider elementor-section elementor-top-section elementor-element elementor-element-dnsxyny elementor-section-boxed elementor-section-height-default elementor-section-height-default ae-bg-gallery-type-default\" data-id=\"dnsxyny\" data-element_type=\"section\">\n\t\t\t\t\t\t<div class=\"elementor-container elementor-column-gap-default\">\n\t\t\t\t\t\t\t<div class=\"elementor-row\">\n\t\t\t\t\t<div class=\"has_ae_slider elementor-column elementor-col-100 elementor-top-column elementor-element elementor-element-ellmvje ae-bg-gallery-type-default\" data-id=\"ellmvje\" data-element_type=\"column\">\n\t\t\t<div class=\"elementor-column-wrap elementor-element-populated\">\n\t\t\t\t\t\t\t<div class=\"elementor-widget-wrap\">\n\t\t\t\t\t\t<div class=\"elementor-element elementor-element-sjlnemu elementor-widget elementor-widget-heading\" data-id=\"sjlnemu\" data-element_type=\"widget\" data-widget_type=\"heading.default\">\n\t\t\t\t<div class=\"elementor-widget-container\">\n\t\t\t<h2 class=\"elementor-heading-title elementor-size-medium\">Fracci\u00f3n XXIII b<\/h2>\t\t<\/div>\n\t\t\t\t<\/div>\n\t\t\t\t<div class=\"elementor-element elementor-element-nkpvwrl elementor-widget elementor-widget-html\" data-id=\"nkpvwrl\" data-element_type=\"widget\" data-widget_type=\"html.default\">\n\t\t\t\t<div class=\"elementor-widget-container\">\n\t\t\t<html xmlns:o=\"urn:schemas-microsoft-com:office:office\"\r\nxmlns:x=\"urn:schemas-microsoft-com:office:excel\"\r\nxmlns=\"http:\/\/www.w3.org\/TR\/REC-html40\">\r\n\r\n<head>\r\n<meta http-equiv=Content-Type content=\"text\/html; charset=windows-1252\">\r\n<meta name=ProgId content=Excel.Sheet>\r\n<meta name=Generator content=\"Microsoft Excel 15\">\r\n<link rel=File-List href=\"a69_f23_b_archivos\/filelist.xml\">\r\n<style id=\"a69_f23_b_25826_Styles\">\r\n<!--table\r\n\t{mso-displayed-decimal-separator:\"\\.\";\r\n\tmso-displayed-thousand-separator:\"\\,\";}\r\n.xl1525826\r\n\t{padding-top:1px;\r\n\tpadding-right:1px;\r\n\tpadding-left:1px;\r\n\tmso-ignore:padding;\r\n\tcolor:black;\r\n\tfont-size:11.0pt;\r\n\tfont-weight:400;\r\n\tfont-style:normal;\r\n\ttext-decoration:none;\r\n\tfont-family:Calibri, sans-serif;\r\n\tmso-font-charset:0;\r\n\tmso-number-format:General;\r\n\ttext-align:general;\r\n\tvertical-align:bottom;\r\n\tmso-background-source:auto;\r\n\tmso-pattern:auto;\r\n\twhite-space:nowrap;}\r\n.xl6525826\r\n\t{padding-top:1px;\r\n\tpadding-right:1px;\r\n\tpadding-left:1px;\r\n\tmso-ignore:padding;\r\n\tcolor:black;\r\n\tfont-size:10.0pt;\r\n\tfont-weight:400;\r\n\tfont-style:normal;\r\n\ttext-decoration:none;\r\n\tfont-family:Arial;\r\n\tmso-generic-font-family:auto;\r\n\tmso-font-charset:0;\r\n\tmso-number-format:General;\r\n\ttext-align:center;\r\n\tvertical-align:bottom;\r\n\tborder:.5pt solid windowtext;\r\n\tbackground:#E1E1E1;\r\n\tmso-pattern:black none;\r\n\twhite-space:normal;}\r\n.xl6625826\r\n\t{padding-top:1px;\r\n\tpadding-right:1px;\r\n\tpadding-left:1px;\r\n\tmso-ignore:padding;\r\n\tcolor:black;\r\n\tfont-size:11.0pt;\r\n\tfont-weight:400;\r\n\tfont-style:normal;\r\n\ttext-decoration:none;\r\n\tfont-family:Calibri, sans-serif;\r\n\tmso-font-charset:0;\r\n\tmso-number-format:General;\r\n\ttext-align:general;\r\n\tvertical-align:bottom;\r\n\tborder:.5pt solid windowtext;\r\n\tmso-background-source:auto;\r\n\tmso-pattern:auto;\r\n\twhite-space:nowrap;}\r\n.xl6725826\r\n\t{padding-top:1px;\r\n\tpadding-right:1px;\r\n\tpadding-left:1px;\r\n\tmso-ignore:padding;\r\n\tcolor:black;\r\n\tfont-size:11.0pt;\r\n\tfont-weight:400;\r\n\tfont-style:normal;\r\n\ttext-decoration:none;\r\n\tfont-family:Calibri, sans-serif;\r\n\tmso-font-charset:0;\r\n\tmso-number-format:\"Short Date\";\r\n\ttext-align:general;\r\n\tvertical-align:bottom;\r\n\tborder:.5pt solid windowtext;\r\n\tmso-background-source:auto;\r\n\tmso-pattern:auto;\r\n\twhite-space:nowrap;}\r\n.xl6825826\r\n\t{padding-top:1px;\r\n\tpadding-right:1px;\r\n\tpadding-left:1px;\r\n\tmso-ignore:padding;\r\n\tcolor:white;\r\n\tfont-size:11.0pt;\r\n\tfont-weight:700;\r\n\tfont-style:normal;\r\n\ttext-decoration:none;\r\n\tfont-family:Arial;\r\n\tmso-generic-font-family:auto;\r\n\tmso-font-charset:0;\r\n\tmso-number-format:General;\r\n\ttext-align:center;\r\n\tvertical-align:bottom;\r\n\tborder:.5pt solid windowtext;\r\n\tbackground:#333333;\r\n\tmso-pattern:black none;\r\n\twhite-space:normal;}\r\n.xl6925826\r\n\t{padding-top:1px;\r\n\tpadding-right:1px;\r\n\tpadding-left:1px;\r\n\tmso-ignore:padding;\r\n\tcolor:black;\r\n\tfont-size:10.0pt;\r\n\tfont-weight:400;\r\n\tfont-style:normal;\r\n\ttext-decoration:none;\r\n\tfont-family:Arial;\r\n\tmso-generic-font-family:auto;\r\n\tmso-font-charset:0;\r\n\tmso-number-format:General;\r\n\ttext-align:general;\r\n\tvertical-align:bottom;\r\n\tborder:.5pt solid windowtext;\r\n\tbackground:#E1E1E1;\r\n\tmso-pattern:black none;\r\n\twhite-space:nowrap;}\r\n-->\r\n<\/style>\r\n<\/head>\r\n\r\n<body>\r\n<!--[if !excel]>&nbsp;&nbsp;<![endif]-->\r\n<!--La siguiente informaci\u00f3n se gener\u00f3 mediante el Asistente para publicar como\r\np\u00e1gina web de Microsoft Excel.-->\r\n<!--Si se vuelve a publicar el mismo elemento desde Excel, se reemplazar\u00e1 toda\r\nla informaci\u00f3n comprendida entre las etiquetas DIV.-->\r\n<!----------------------------->\r\n<!--INICIO DE LOS RESULTADOS DEL ASISTENTE PARA PUBLICAR COMO P\u00c1GINA WEB DE\r\nEXCEL -->\r\n<!----------------------------->\r\n\r\n<div id=\"a69_f23_b_25826\" align=center x:publishsource=\"Excel\">\r\n\r\n<table border=0 cellpadding=0 cellspacing=0 width=7214 style='border-collapse:\r\n collapse;table-layout:fixed;width:5416pt'>\r\n <col width=56 style='mso-width-source:userset;mso-width-alt:2048;width:42pt'>\r\n <col width=255 style='mso-width-source:userset;mso-width-alt:9325;width:191pt'>\r\n <col width=270 style='mso-width-source:userset;mso-width-alt:9874;width:203pt'>\r\n <col width=230 style='mso-width-source:userset;mso-width-alt:8411;width:173pt'>\r\n <col width=455 style='mso-width-source:userset;mso-width-alt:16640;width:341pt'>\r\n <col width=244 style='mso-width-source:userset;mso-width-alt:8923;width:183pt'>\r\n <col width=99 style='mso-width-source:userset;mso-width-alt:3620;width:74pt'>\r\n <col width=153 style='mso-width-source:userset;mso-width-alt:5595;width:115pt'>\r\n <col width=137 style='mso-width-source:userset;mso-width-alt:5010;width:103pt'>\r\n <col width=95 style='mso-width-source:userset;mso-width-alt:3474;width:71pt'>\r\n <col width=333 style='mso-width-source:userset;mso-width-alt:12178;width:250pt'>\r\n <col width=119 style='mso-width-source:userset;mso-width-alt:4352;width:89pt'>\r\n <col width=249 style='mso-width-source:userset;mso-width-alt:9106;width:187pt'>\r\n <col width=130 style='mso-width-source:userset;mso-width-alt:4754;width:98pt'>\r\n <col width=158 style='mso-width-source:userset;mso-width-alt:5778;width:119pt'>\r\n <col width=106 style='mso-width-source:userset;mso-width-alt:3876;width:80pt'>\r\n <col width=251 style='mso-width-source:userset;mso-width-alt:9179;width:188pt'>\r\n <col width=212 style='mso-width-source:userset;mso-width-alt:7753;width:159pt'>\r\n <col width=128 style='mso-width-source:userset;mso-width-alt:4681;width:96pt'>\r\n <col width=193 style='mso-width-source:userset;mso-width-alt:7058;width:145pt'>\r\n <col width=308 style='mso-width-source:userset;mso-width-alt:11264;width:231pt'>\r\n <col width=323 style='mso-width-source:userset;mso-width-alt:11812;width:242pt'>\r\n <col width=98 style='mso-width-source:userset;mso-width-alt:3584;width:74pt'>\r\n <col width=122 style='mso-width-source:userset;mso-width-alt:4461;width:92pt'>\r\n <col width=97 style='mso-width-source:userset;mso-width-alt:3547;width:73pt'>\r\n <col width=94 style='mso-width-source:userset;mso-width-alt:3437;width:71pt'>\r\n <col width=133 style='mso-width-source:userset;mso-width-alt:4864;width:100pt'>\r\n <col width=322 span=3 style='mso-width-source:userset;mso-width-alt:11776;\r\n width:242pt'>\r\n <col width=512 style='mso-width-source:userset;mso-width-alt:18724;width:384pt'>\r\n <col width=123 style='mso-width-source:userset;mso-width-alt:4498;width:92pt'>\r\n <col width=140 style='mso-width-source:userset;mso-width-alt:5120;width:105pt'>\r\n <col width=425 style='mso-width-source:userset;mso-width-alt:15542;width:319pt'>\r\n <tr height=0 style='display:none'>\r\n  <td class=xl1525826 width=56 style='width:42pt'>46588<\/td>\r\n  <td class=xl1525826 width=255 style='width:191pt'><\/td>\r\n  <td class=xl1525826 width=270 style='width:203pt'><\/td>\r\n  <td class=xl1525826 width=230 style='width:173pt'><\/td>\r\n  <td class=xl1525826 width=455 style='width:341pt'><\/td>\r\n  <td class=xl1525826 width=244 style='width:183pt'><\/td>\r\n  <td class=xl1525826 width=99 style='width:74pt'><\/td>\r\n  <td class=xl1525826 width=153 style='width:115pt'><\/td>\r\n  <td class=xl1525826 width=137 style='width:103pt'><\/td>\r\n  <td class=xl1525826 width=95 style='width:71pt'><\/td>\r\n  <td class=xl1525826 width=333 style='width:250pt'><\/td>\r\n  <td class=xl1525826 width=119 style='width:89pt'><\/td>\r\n  <td class=xl1525826 width=249 style='width:187pt'><\/td>\r\n  <td class=xl1525826 width=130 style='width:98pt'><\/td>\r\n  <td class=xl1525826 width=158 style='width:119pt'><\/td>\r\n  <td class=xl1525826 width=106 style='width:80pt'><\/td>\r\n  <td class=xl1525826 width=251 style='width:188pt'><\/td>\r\n  <td class=xl1525826 width=212 style='width:159pt'><\/td>\r\n  <td class=xl1525826 width=128 style='width:96pt'><\/td>\r\n  <td class=xl1525826 width=193 style='width:145pt'><\/td>\r\n  <td class=xl1525826 width=308 style='width:231pt'><\/td>\r\n  <td class=xl1525826 width=323 style='width:242pt'><\/td>\r\n  <td class=xl1525826 width=98 style='width:74pt'><\/td>\r\n  <td class=xl1525826 width=122 style='width:92pt'><\/td>\r\n  <td class=xl1525826 width=97 style='width:73pt'><\/td>\r\n  <td class=xl1525826 width=94 style='width:71pt'><\/td>\r\n  <td class=xl1525826 width=133 style='width:100pt'><\/td>\r\n  <td class=xl1525826 width=322 style='width:242pt'><\/td>\r\n  <td class=xl1525826 width=322 style='width:242pt'><\/td>\r\n  <td class=xl1525826 width=322 style='width:242pt'><\/td>\r\n  <td class=xl1525826 width=512 style='width:384pt'><\/td>\r\n  <td class=xl1525826 width=123 style='width:92pt'><\/td>\r\n  <td class=xl1525826 width=140 style='width:105pt'><\/td>\r\n  <td class=xl1525826 width=425 style='width:319pt'><\/td>\r\n <\/tr>\r\n <tr height=20 style='height:15.0pt'>\r\n  <td colspan=3 height=20 class=xl6825826 width=581 style='height:15.0pt;\r\n  width:436pt'>T\u00cdTULO<\/td>\r\n  <td colspan=3 class=xl6825826 width=929 style='width:697pt'>NOMBRE CORTO<\/td>\r\n  <td colspan=3 class=xl6825826 width=389 style='width:292pt'>DESCRIPCI\u00d3N<\/td>\r\n  <td class=xl1525826><\/td>\r\n  <td class=xl1525826><\/td>\r\n  <td class=xl1525826><\/td>\r\n  <td class=xl1525826><\/td>\r\n  <td class=xl1525826><\/td>\r\n  <td class=xl1525826><\/td>\r\n  <td class=xl1525826><\/td>\r\n  <td class=xl1525826><\/td>\r\n  <td class=xl1525826><\/td>\r\n  <td class=xl1525826><\/td>\r\n  <td class=xl1525826><\/td>\r\n  <td class=xl1525826><\/td>\r\n  <td class=xl1525826><\/td>\r\n  <td class=xl1525826><\/td>\r\n  <td class=xl1525826><\/td>\r\n  <td class=xl1525826><\/td>\r\n  <td class=xl1525826><\/td>\r\n  <td class=xl1525826><\/td>\r\n  <td class=xl1525826><\/td>\r\n  <td class=xl1525826><\/td>\r\n  <td class=xl1525826><\/td>\r\n  <td class=xl1525826><\/td>\r\n  <td class=xl1525826><\/td>\r\n  <td class=xl1525826><\/td>\r\n  <td class=xl1525826><\/td>\r\n <\/tr>\r\n <tr height=20 style='height:15.0pt'>\r\n  <td colspan=3 height=20 class=xl6925826 style='height:15.0pt'>Gastos de\r\n  publicidad oficial_Contrataci\u00f3n de servicios de publicidad oficial<\/td>\r\n  <td colspan=3 class=xl6925826>a69_f23_b<\/td>\r\n  <td colspan=3 class=xl6925826>La informaci\u00f3n derivada de la contrataci\u00f3n de\r\n  servicios de impresi\u00f3n y publicaci\u00f3n de informaci\u00f3n espec\u00edficamente y con\r\n  base en el Clasificador por Objeto del Gasto aplicable a cada sujeto\r\n  obligado, as\u00ed como el emitido por el Consejo Nacional de Armonizaci\u00f3n\r\n  Contable; es decir, la informaci\u00f3n sobre los gastos erogados y asignados a\r\n  las partidas correspondientes.<\/td>\r\n  <td class=xl1525826><\/td>\r\n  <td class=xl1525826><\/td>\r\n  <td class=xl1525826><\/td>\r\n  <td class=xl1525826><\/td>\r\n  <td class=xl1525826><\/td>\r\n  <td class=xl1525826><\/td>\r\n  <td class=xl1525826><\/td>\r\n  <td class=xl1525826><\/td>\r\n  <td class=xl1525826><\/td>\r\n  <td class=xl1525826><\/td>\r\n  <td class=xl1525826><\/td>\r\n  <td class=xl1525826><\/td>\r\n  <td class=xl1525826><\/td>\r\n  <td class=xl1525826><\/td>\r\n  <td class=xl1525826><\/td>\r\n  <td class=xl1525826><\/td>\r\n  <td class=xl1525826><\/td>\r\n  <td class=xl1525826><\/td>\r\n  <td class=xl1525826><\/td>\r\n  <td class=xl1525826><\/td>\r\n  <td class=xl1525826><\/td>\r\n  <td class=xl1525826><\/td>\r\n  <td class=xl1525826><\/td>\r\n  <td class=xl1525826><\/td>\r\n  <td class=xl1525826><\/td>\r\n <\/tr>\r\n <tr height=0 style='display:none'>\r\n  <td class=xl1525826>1<\/td>\r\n  <td class=xl1525826>4<\/td>\r\n  <td class=xl1525826>4<\/td>\r\n  <td class=xl1525826>9<\/td>\r\n  <td class=xl1525826>2<\/td>\r\n  <td class=xl1525826>9<\/td>\r\n  <td class=xl1525826>1<\/td>\r\n  <td class=xl1525826>9<\/td>\r\n  <td class=xl1525826>2<\/td>\r\n  <td class=xl1525826>9<\/td>\r\n  <td class=xl1525826>2<\/td>\r\n  <td class=xl1525826>1<\/td>\r\n  <td class=xl1525826>2<\/td>\r\n  <td class=xl1525826>2<\/td>\r\n  <td class=xl1525826>2<\/td>\r\n  <td class=xl1525826>6<\/td>\r\n  <td class=xl1525826>1<\/td>\r\n  <td class=xl1525826>1<\/td>\r\n  <td class=xl1525826>9<\/td>\r\n  <td class=xl1525826>1<\/td>\r\n  <td class=xl1525826>4<\/td>\r\n  <td class=xl1525826>4<\/td>\r\n  <td class=xl1525826>9<\/td>\r\n  <td class=xl1525826>1<\/td>\r\n  <td class=xl1525826>1<\/td>\r\n  <td class=xl1525826>1<\/td>\r\n  <td class=xl1525826>1<\/td>\r\n  <td class=xl1525826>10<\/td>\r\n  <td class=xl1525826>10<\/td>\r\n  <td class=xl1525826>10<\/td>\r\n  <td class=xl1525826>2<\/td>\r\n  <td class=xl1525826>4<\/td>\r\n  <td class=xl1525826>13<\/td>\r\n  <td class=xl1525826>14<\/td>\r\n <\/tr>\r\n <tr height=0 style='display:none'>\r\n  <td class=xl1525826>393936<\/td>\r\n  <td class=xl1525826>393955<\/td>\r\n  <td class=xl1525826>393956<\/td>\r\n  <td class=xl1525826>393954<\/td>\r\n  <td class=xl1525826>393943<\/td>\r\n  <td class=xl1525826>393960<\/td>\r\n  <td class=xl1525826>393933<\/td>\r\n  <td class=xl1525826>393961<\/td>\r\n  <td class=xl1525826>393962<\/td>\r\n  <td class=xl1525826>393949<\/td>\r\n  <td class=xl1525826>393940<\/td>\r\n  <td class=xl1525826>393935<\/td>\r\n  <td class=xl1525826>393941<\/td>\r\n  <td class=xl1525826>393944<\/td>\r\n  <td class=xl1525826>393942<\/td>\r\n  <td class=xl1525826>393964<\/td>\r\n  <td class=xl1525826>393937<\/td>\r\n  <td class=xl1525826>393965<\/td>\r\n  <td class=xl1525826>393948<\/td>\r\n  <td class=xl1525826>393963<\/td>\r\n  <td class=xl1525826>393945<\/td>\r\n  <td class=xl1525826>393946<\/td>\r\n  <td class=xl1525826>393957<\/td>\r\n  <td class=xl1525826>393939<\/td>\r\n  <td class=xl1525826>393934<\/td>\r\n  <td class=xl1525826>393938<\/td>\r\n  <td class=xl1525826>393966<\/td>\r\n  <td class=xl1525826>393950<\/td>\r\n  <td class=xl1525826>393951<\/td>\r\n  <td class=xl1525826>393952<\/td>\r\n  <td class=xl1525826>393959<\/td>\r\n  <td class=xl1525826>393947<\/td>\r\n  <td class=xl1525826>393953<\/td>\r\n  <td class=xl1525826>393958<\/td>\r\n <\/tr>\r\n <tr height=20 style='height:15.0pt'>\r\n  <td colspan=34 height=20 class=xl6825826 width=7214 style='height:15.0pt;\r\n  width:5416pt'>Tabla Campos<\/td>\r\n <\/tr>\r\n <tr height=35 style='height:26.25pt'>\r\n  <td height=35 class=xl6525826 width=56 style='height:26.25pt;width:42pt'>Ejercicio<\/td>\r\n  <td class=xl6525826 width=255 style='border-left:none;width:191pt'>Fecha de\r\n  inicio del periodo que se informa<\/td>\r\n  <td class=xl6525826 width=270 style='border-left:none;width:203pt'>Fecha de\r\n  t\u00e9rmino del periodo que se informa<\/td>\r\n  <td class=xl6525826 width=230 style='border-left:none;width:173pt'>Funci\u00f3n\r\n  del sujeto obligado (cat\u00e1logo)<\/td>\r\n  <td class=xl6525826 width=455 style='border-left:none;width:341pt'>\u00c1rea\r\n  administrativa encargada de solicitar el servicio o producto, en su caso<\/td>\r\n  <td class=xl6525826 width=244 style='border-left:none;width:183pt'>Clasificaci\u00f3n\r\n  del(los) servicios (cat\u00e1logo)<\/td>\r\n  <td class=xl6525826 width=99 style='border-left:none;width:74pt'>Tipo de\r\n  servicio<\/td>\r\n  <td class=xl6525826 width=153 style='border-left:none;width:115pt'>Tipo de\r\n  medio (cat\u00e1logo)<\/td>\r\n  <td class=xl6525826 width=137 style='border-left:none;width:103pt'>Descripci\u00f3n\r\n  de unidad<\/td>\r\n  <td class=xl6525826 width=95 style='border-left:none;width:71pt'>Tipo\r\n  (cat\u00e1logo)<\/td>\r\n  <td class=xl6525826 width=333 style='border-left:none;width:250pt'>Nombre de\r\n  la campa\u00f1a o aviso Institucional, en su caso<\/td>\r\n  <td class=xl6525826 width=119 style='border-left:none;width:89pt'>A\u00f1o de la\r\n  campa\u00f1a<\/td>\r\n  <td class=xl6525826 width=249 style='border-left:none;width:187pt'>Tema de la\r\n  campa\u00f1a o aviso institucional<\/td>\r\n  <td class=xl6525826 width=130 style='border-left:none;width:98pt'>Objetivo\r\n  institucional<\/td>\r\n  <td class=xl6525826 width=158 style='border-left:none;width:119pt'>Objetivo\r\n  de comunicaci\u00f3n<\/td>\r\n  <td class=xl6525826 width=106 style='border-left:none;width:80pt'>Costo por\r\n  unidad<\/td>\r\n  <td class=xl6525826 width=251 style='border-left:none;width:188pt'>Clave\r\n  \u00fanica de identificaci\u00f3n de campa\u00f1a<\/td>\r\n  <td class=xl6525826 width=212 style='border-left:none;width:159pt'>Autoridad\r\n  que proporcion\u00f3 la clave<\/td>\r\n  <td class=xl6525826 width=128 style='border-left:none;width:96pt'>Cobertura\r\n  (cat\u00e1logo)<\/td>\r\n  <td class=xl6525826 width=193 style='border-left:none;width:145pt'>\u00c1mbito\r\n  geogr\u00e1fico de cobertura<\/td>\r\n  <td class=xl6525826 width=308 style='border-left:none;width:231pt'>Fecha de\r\n  inicio de la campa\u00f1a o aviso institucional<span\r\n  style='mso-spacerun:yes'>\u00a0<\/span><\/td>\r\n  <td class=xl6525826 width=323 style='border-left:none;width:242pt'>Fecha de\r\n  t\u00e9rmino de la campa\u00f1a o aviso institucional<span\r\n  style='mso-spacerun:yes'>\u00a0<\/span><\/td>\r\n  <td class=xl6525826 width=98 style='border-left:none;width:74pt'>Sexo\r\n  (cat\u00e1logo)<\/td>\r\n  <td class=xl6525826 width=122 style='border-left:none;width:92pt'>Lugar de\r\n  residencia<\/td>\r\n  <td class=xl6525826 width=97 style='border-left:none;width:73pt'>Nivel\r\n  educativo<\/td>\r\n  <td class=xl6525826 width=94 style='border-left:none;width:71pt'>Grupo de\r\n  edad<\/td>\r\n  <td class=xl6525826 width=133 style='border-left:none;width:100pt'>Nivel\r\n  socioecon\u00f3mico<\/td>\r\n  <td class=xl6525826 width=322 style='border-left:none;width:242pt'>Respecto a\r\n  los proveedores y su contrataci\u00f3n <br>\r\n    Tabla_393950<\/td>\r\n  <td class=xl6525826 width=322 style='border-left:none;width:242pt'>Respecto a\r\n  los recursos y el presupuesto <br>\r\n    Tabla_393951<\/td>\r\n  <td class=xl6525826 width=322 style='border-left:none;width:242pt'>Respecto\r\n  al contrato y los montos <br>\r\n    Tabla_393952<\/td>\r\n  <td class=xl6525826 width=512 style='border-left:none;width:384pt'>\u00c1rea(s)\r\n  responsable(s) que genera(n), posee(n), publica(n) y actualizan la\r\n  informaci\u00f3n<\/td>\r\n  <td class=xl6525826 width=123 style='border-left:none;width:92pt'>Fecha de\r\n  validaci\u00f3n<\/td>\r\n  <td class=xl6525826 width=140 style='border-left:none;width:105pt'>Fecha de\r\n  actualizaci\u00f3n<\/td>\r\n  <td class=xl6525826 width=425 style='border-left:none;width:319pt'>Nota<\/td>\r\n <\/tr>\r\n <tr height=20 style='height:15.0pt'>\r\n  <td height=20 class=xl6625826 align=right style='height:15.0pt;border-top:\r\n  none'>2019<\/td>\r\n  <td class=xl6725826 align=right style='border-top:none;border-left:none'>01\/07\/2019<\/td>\r\n  <td class=xl6725826 align=right style='border-top:none;border-left:none'>30\/09\/2019<\/td>\r\n  <td class=xl6625826 style='border-top:none;border-left:none'>Contratante y\r\n  solicitante<\/td>\r\n  <td class=xl6625826 style='border-top:none;border-left:none'>Comunicaci\u00f3n\r\n  Social<\/td>\r\n  <td class=xl6625826 style='border-top:none;border-left:none'>Otros servicios\r\n  asociados a la comunica<span style='display:none'>ci\u00f3n<\/span><\/td>\r\n  <td class=xl6625826 style='border-top:none;border-left:none'>Publicaci\u00f3n<\/td>\r\n  <td class=xl6625826 style='border-top:none;border-left:none'>Otros<\/td>\r\n  <td class=xl6625826 style='border-top:none;border-left:none'>No aplica<\/td>\r\n  <td class=xl6625826 style='border-top:none;border-left:none'>Aviso instituci<span\r\n  style='display:none'>onal<\/span><\/td>\r\n  <td class=xl6625826 style='border-top:none;border-left:none'>No aplica<\/td>\r\n  <td class=xl6625826 align=right style='border-top:none;border-left:none'>2019<\/td>\r\n  <td class=xl6625826 style='border-top:none;border-left:none'>No aplica<\/td>\r\n  <td class=xl6625826 style='border-top:none;border-left:none'>No aplica<\/td>\r\n  <td class=xl6625826 style='border-top:none;border-left:none'>No aplica<\/td>\r\n  <td class=xl6625826 align=right style='border-top:none;border-left:none'>0<\/td>\r\n  <td class=xl6625826 align=right style='border-top:none;border-left:none'>0<\/td>\r\n  <td class=xl6625826 style='border-top:none;border-left:none'>No aplica<\/td>\r\n  <td class=xl6625826 style='border-top:none;border-left:none'>Delegacional o\r\n  muni<span style='display:none'>cipal<\/span><\/td>\r\n  <td class=xl6625826 style='border-top:none;border-left:none'>No aplica<\/td>\r\n  <td class=xl6725826 align=right style='border-top:none;border-left:none'>01\/07\/2019<\/td>\r\n  <td class=xl6725826 align=right style='border-top:none;border-left:none'>30\/09\/2019<\/td>\r\n  <td class=xl6625826 style='border-top:none;border-left:none'>Femenino y ma<span\r\n  style='display:none'>sculino<\/span><\/td>\r\n  <td class=xl6625826 style='border-top:none;border-left:none'>Apan<\/td>\r\n  <td class=xl6625826 style='border-top:none;border-left:none'>No aplica<\/td>\r\n  <td class=xl6625826 style='border-top:none;border-left:none'>No aplica<\/td>\r\n  <td class=xl6625826 style='border-top:none;border-left:none'>No aplica<\/td>\r\n  <td class=xl6625826 align=right style='border-top:none;border-left:none'>1<\/td>\r\n  <td class=xl6625826 align=right style='border-top:none;border-left:none'>1<\/td>\r\n  <td class=xl6625826 align=right style='border-top:none;border-left:none'>1<\/td>\r\n  <td class=xl6625826 style='border-top:none;border-left:none'>Comunicaci\u00f3n\r\n  Social<\/td>\r\n  <td class=xl6725826 align=right style='border-top:none;border-left:none'>05\/10\/2019<\/td>\r\n  <td class=xl6725826 align=right style='border-top:none;border-left:none'>05\/10\/2019<\/td>\r\n  <td class=xl6625826 style='border-top:none;border-left:none'>No existen\r\n  publicaciones pagadas por gobierno municipal de Apan<\/td>\r\n <\/tr>\r\n <![if supportMisalignedColumns]>\r\n <tr height=0 style='display:none'>\r\n  <td width=56 style='width:42pt'><\/td>\r\n  <td width=255 style='width:191pt'><\/td>\r\n  <td width=270 style='width:203pt'><\/td>\r\n  <td width=230 style='width:173pt'><\/td>\r\n  <td width=455 style='width:341pt'><\/td>\r\n  <td width=244 style='width:183pt'><\/td>\r\n  <td width=99 style='width:74pt'><\/td>\r\n  <td width=153 style='width:115pt'><\/td>\r\n  <td width=137 style='width:103pt'><\/td>\r\n  <td width=95 style='width:71pt'><\/td>\r\n  <td width=333 style='width:250pt'><\/td>\r\n  <td width=119 style='width:89pt'><\/td>\r\n  <td width=249 style='width:187pt'><\/td>\r\n  <td width=130 style='width:98pt'><\/td>\r\n  <td width=158 style='width:119pt'><\/td>\r\n  <td width=106 style='width:80pt'><\/td>\r\n  <td width=251 style='width:188pt'><\/td>\r\n  <td width=212 style='width:159pt'><\/td>\r\n  <td width=128 style='width:96pt'><\/td>\r\n  <td width=193 style='width:145pt'><\/td>\r\n  <td width=308 style='width:231pt'><\/td>\r\n  <td width=323 style='width:242pt'><\/td>\r\n  <td width=98 style='width:74pt'><\/td>\r\n  <td width=122 style='width:92pt'><\/td>\r\n  <td width=97 style='width:73pt'><\/td>\r\n  <td width=94 style='width:71pt'><\/td>\r\n  <td width=133 style='width:100pt'><\/td>\r\n  <td width=322 style='width:242pt'><\/td>\r\n  <td width=322 style='width:242pt'><\/td>\r\n  <td width=322 style='width:242pt'><\/td>\r\n  <td width=512 style='width:384pt'><\/td>\r\n  <td width=123 style='width:92pt'><\/td>\r\n  <td width=140 style='width:105pt'><\/td>\r\n  <td width=425 style='width:319pt'><\/td>\r\n <\/tr>\r\n <![endif]>\r\n<\/table>\r\n\r\n<\/div>\r\n\r\n\r\n<!----------------------------->\r\n<!--FINAL DE LOS RESULTADOS DEL ASISTENTE PARA PUBLICAR COMO P\u00c1GINA WEB DE\r\nEXCEL-->\r\n<!----------------------------->\r\n<\/body>\r\n\r\n<\/html>\r\n\t\t<\/div>\n\t\t\t\t<\/div>\n\t\t\t\t\t\t<\/div>\n\t\t\t\t\t<\/div>\n\t\t<\/div>\n\t\t\t\t\t\t\t\t<\/div>\n\t\t\t\t\t<\/div>\n\t\t<\/section>\n\t\t\t\t\t\t\t\t\t<\/div>\n\t\t\t<\/div>\n\t\t\t\t\t<\/div>\n\t\t","protected":false},"excerpt":{"rendered":"<p>&nbsp; Fracci\u00f3n XXIII b &nbsp; &lt;![if supportMisalignedColumns]&gt;&lt;![endif]&gt; 46588 T\u00cdTULO NOMBRE CORTO DESCRIPCI\u00d3N Gastos de publicidad oficial_Contrataci\u00f3n de servicios de publicidad oficial a69_f23_b La informaci\u00f3n derivada de la contrataci\u00f3n de servicios de impresi\u00f3n y publicaci\u00f3n de informaci\u00f3n espec\u00edficamente y con base en el Clasificador por Objeto del Gasto aplicable a cada sujeto obligado, as\u00ed como el [&hellip;]<\/p>\n","protected":false},"author":1,"featured_media":0,"parent":6796,"menu_order":0,"comment_status":"closed","ping_status":"closed","template":"page-template-full.php","meta":[],"jetpack_sharing_enabled":true,"_links":{"self":[{"href":"https:\/\/apan.gob.mx\/portal\/wp-json\/wp\/v2\/pages\/6929"}],"collection":[{"href":"https:\/\/apan.gob.mx\/portal\/wp-json\/wp\/v2\/pages"}],"about":[{"href":"https:\/\/apan.gob.mx\/portal\/wp-json\/wp\/v2\/types\/page"}],"author":[{"embeddable":true,"href":"https:\/\/apan.gob.mx\/portal\/wp-json\/wp\/v2\/users\/1"}],"replies":[{"embeddable":true,"href":"https:\/\/apan.gob.mx\/portal\/wp-json\/wp\/v2\/comments?post=6929"}],"version-history":[{"count":4,"href":"https:\/\/apan.gob.mx\/portal\/wp-json\/wp\/v2\/pages\/6929\/revisions"}],"predecessor-version":[{"id":6973,"href":"https:\/\/apan.gob.mx\/portal\/wp-json\/wp\/v2\/pages\/6929\/revisions\/6973"}],"up":[{"embeddable":true,"href":"https:\/\/apan.gob.mx\/portal\/wp-json\/wp\/v2\/pages\/6796"}],"wp:attachment":[{"href":"https:\/\/apan.gob.mx\/portal\/wp-json\/wp\/v2\/media?parent=6929"}],"curies":[{"name":"wp","href":"https:\/\/api.w.org\/{rel}","templated":true}]}}