{"id":6986,"date":"2019-10-08T09:36:13","date_gmt":"2019-10-08T14:36:13","guid":{"rendered":"https:\/\/apan.gob.mx\/portal\/?page_id=6986"},"modified":"2019-10-08T09:39:08","modified_gmt":"2019-10-08T14:39:08","slug":"6986-2","status":"publish","type":"page","link":"https:\/\/apan.gob.mx\/portal\/3-trimestre-2019\/6986-2\/","title":{"rendered":"<!--ut-13-2019-3-->"},"content":{"rendered":"\t\t<div data-elementor-type=\"wp-page\" data-elementor-id=\"6986\" class=\"elementor elementor-6986 elementor-bc-flex-widget\">\n\t\t\t\t\t\t<div class=\"elementor-inner\">\n\t\t\t\t<div class=\"elementor-section-wrap\">\n\t\t\t\t\t\t\t\t\t<section class=\"has_ae_slider elementor-section elementor-top-section elementor-element elementor-element-tatmmyc elementor-section-boxed elementor-section-height-default elementor-section-height-default ae-bg-gallery-type-default\" data-id=\"tatmmyc\" data-element_type=\"section\">\n\t\t\t\t\t\t<div class=\"elementor-container elementor-column-gap-default\">\n\t\t\t\t\t\t\t<div class=\"elementor-row\">\n\t\t\t\t\t<div class=\"has_ae_slider elementor-column elementor-col-100 elementor-top-column elementor-element elementor-element-elqaxet ae-bg-gallery-type-default\" data-id=\"elqaxet\" data-element_type=\"column\">\n\t\t\t<div class=\"elementor-column-wrap elementor-element-populated\">\n\t\t\t\t\t\t\t<div class=\"elementor-widget-wrap\">\n\t\t\t\t\t\t<div class=\"elementor-element elementor-element-rpzcrlf elementor-widget elementor-widget-heading\" data-id=\"rpzcrlf\" data-element_type=\"widget\" data-widget_type=\"heading.default\">\n\t\t\t\t<div class=\"elementor-widget-container\">\n\t\t\t<h2 class=\"elementor-heading-title elementor-size-medium\">Fracci\u00f3n XIII<\/h2>\t\t<\/div>\n\t\t\t\t<\/div>\n\t\t\t\t<div class=\"elementor-element elementor-element-qverbuj elementor-widget elementor-widget-html\" data-id=\"qverbuj\" data-element_type=\"widget\" data-widget_type=\"html.default\">\n\t\t\t\t<div class=\"elementor-widget-container\">\n\t\t\t<html xmlns:o=\"urn:schemas-microsoft-com:office:office\"\r\nxmlns:x=\"urn:schemas-microsoft-com:office:excel\"\r\nxmlns=\"http:\/\/www.w3.org\/TR\/REC-html40\">\r\n\r\n<head>\r\n<meta http-equiv=Content-Type content=\"text\/html; charset=windows-1252\">\r\n<meta name=ProgId content=Excel.Sheet>\r\n<meta name=Generator content=\"Microsoft Excel 15\">\r\n<link rel=File-List href=\"a69_f13_archivos\/filelist.xml\">\r\n<style id=\"a69_f13_21273_Styles\">\r\n<!--table\r\n\t{mso-displayed-decimal-separator:\"\\.\";\r\n\tmso-displayed-thousand-separator:\"\\,\";}\r\n.xl1521273\r\n\t{padding-top:1px;\r\n\tpadding-right:1px;\r\n\tpadding-left:1px;\r\n\tmso-ignore:padding;\r\n\tcolor:black;\r\n\tfont-size:11.0pt;\r\n\tfont-weight:400;\r\n\tfont-style:normal;\r\n\ttext-decoration:none;\r\n\tfont-family:Calibri, sans-serif;\r\n\tmso-font-charset:0;\r\n\tmso-number-format:General;\r\n\ttext-align:general;\r\n\tvertical-align:bottom;\r\n\tmso-background-source:auto;\r\n\tmso-pattern:auto;\r\n\twhite-space:nowrap;}\r\n.xl6521273\r\n\t{padding-top:1px;\r\n\tpadding-right:1px;\r\n\tpadding-left:1px;\r\n\tmso-ignore:padding;\r\n\tcolor:black;\r\n\tfont-size:10.0pt;\r\n\tfont-weight:400;\r\n\tfont-style:normal;\r\n\ttext-decoration:none;\r\n\tfont-family:Arial;\r\n\tmso-generic-font-family:auto;\r\n\tmso-font-charset:0;\r\n\tmso-number-format:General;\r\n\ttext-align:center;\r\n\tvertical-align:bottom;\r\n\tborder:.5pt solid windowtext;\r\n\tbackground:#E1E1E1;\r\n\tmso-pattern:black none;\r\n\twhite-space:normal;}\r\n.xl6621273\r\n\t{padding-top:1px;\r\n\tpadding-right:1px;\r\n\tpadding-left:1px;\r\n\tmso-ignore:padding;\r\n\tcolor:black;\r\n\tfont-size:11.0pt;\r\n\tfont-weight:400;\r\n\tfont-style:normal;\r\n\ttext-decoration:none;\r\n\tfont-family:Calibri, sans-serif;\r\n\tmso-font-charset:0;\r\n\tmso-number-format:General;\r\n\ttext-align:general;\r\n\tvertical-align:bottom;\r\n\tborder:.5pt solid windowtext;\r\n\tmso-background-source:auto;\r\n\tmso-pattern:auto;\r\n\twhite-space:nowrap;}\r\n.xl6721273\r\n\t{padding-top:1px;\r\n\tpadding-right:1px;\r\n\tpadding-left:1px;\r\n\tmso-ignore:padding;\r\n\tcolor:black;\r\n\tfont-size:11.0pt;\r\n\tfont-weight:400;\r\n\tfont-style:normal;\r\n\ttext-decoration:none;\r\n\tfont-family:Calibri, sans-serif;\r\n\tmso-font-charset:0;\r\n\tmso-number-format:\"Short Date\";\r\n\ttext-align:general;\r\n\tvertical-align:bottom;\r\n\tborder:.5pt solid windowtext;\r\n\tmso-background-source:auto;\r\n\tmso-pattern:auto;\r\n\twhite-space:nowrap;}\r\n.xl6821273\r\n\t{padding-top:1px;\r\n\tpadding-right:1px;\r\n\tpadding-left:1px;\r\n\tmso-ignore:padding;\r\n\tcolor:blue;\r\n\tfont-size:11.0pt;\r\n\tfont-weight:400;\r\n\tfont-style:normal;\r\n\ttext-decoration:underline;\r\n\ttext-underline-style:single;\r\n\tfont-family:Calibri, sans-serif;\r\n\tmso-font-charset:0;\r\n\tmso-number-format:General;\r\n\ttext-align:general;\r\n\tvertical-align:bottom;\r\n\tborder:.5pt solid windowtext;\r\n\tmso-background-source:auto;\r\n\tmso-pattern:auto;\r\n\twhite-space:nowrap;}\r\n.xl6921273\r\n\t{padding-top:1px;\r\n\tpadding-right:1px;\r\n\tpadding-left:1px;\r\n\tmso-ignore:padding;\r\n\tcolor:white;\r\n\tfont-size:11.0pt;\r\n\tfont-weight:700;\r\n\tfont-style:normal;\r\n\ttext-decoration:none;\r\n\tfont-family:Arial;\r\n\tmso-generic-font-family:auto;\r\n\tmso-font-charset:0;\r\n\tmso-number-format:General;\r\n\ttext-align:center;\r\n\tvertical-align:bottom;\r\n\tborder:.5pt solid windowtext;\r\n\tbackground:#333333;\r\n\tmso-pattern:black none;\r\n\twhite-space:normal;}\r\n.xl7021273\r\n\t{padding-top:1px;\r\n\tpadding-right:1px;\r\n\tpadding-left:1px;\r\n\tmso-ignore:padding;\r\n\tcolor:black;\r\n\tfont-size:10.0pt;\r\n\tfont-weight:400;\r\n\tfont-style:normal;\r\n\ttext-decoration:none;\r\n\tfont-family:Arial;\r\n\tmso-generic-font-family:auto;\r\n\tmso-font-charset:0;\r\n\tmso-number-format:General;\r\n\ttext-align:general;\r\n\tvertical-align:bottom;\r\n\tborder:.5pt solid windowtext;\r\n\tbackground:#E1E1E1;\r\n\tmso-pattern:black none;\r\n\twhite-space:nowrap;}\r\n-->\r\n<\/style>\r\n<\/head>\r\n\r\n<body>\r\n<!--[if !excel]>&nbsp;&nbsp;<![endif]-->\r\n<!--La siguiente informaci\u00f3n se gener\u00f3 mediante el Asistente para publicar como\r\np\u00e1gina web de Microsoft Excel.-->\r\n<!--Si se vuelve a publicar el mismo elemento desde Excel, se reemplazar\u00e1 toda\r\nla informaci\u00f3n comprendida entre las etiquetas DIV.-->\r\n<!----------------------------->\r\n<!--INICIO DE LOS RESULTADOS DEL ASISTENTE PARA PUBLICAR COMO P\u00c1GINA WEB DE\r\nEXCEL -->\r\n<!----------------------------->\r\n\r\n<div id=\"a69_f13_21273\" align=center x:publishsource=\"Excel\">\r\n\r\n<table border=0 cellpadding=0 cellspacing=0 width=5499 style='border-collapse:\r\n collapse;table-layout:fixed;width:4127pt'>\r\n <col width=56 style='mso-width-source:userset;mso-width-alt:2048;width:42pt'>\r\n <col width=158 style='mso-width-source:userset;mso-width-alt:5778;width:119pt'>\r\n <col width=132 style='mso-width-source:userset;mso-width-alt:4827;width:99pt'>\r\n <col width=162 style='mso-width-source:userset;mso-width-alt:5924;width:122pt'>\r\n <col width=103 span=2 style='mso-width-source:userset;mso-width-alt:3766;\r\n width:77pt'>\r\n <col width=169 style='mso-width-source:userset;mso-width-alt:6180;width:127pt'>\r\n <col width=197 style='mso-width-source:userset;mso-width-alt:7204;width:148pt'>\r\n <col width=159 style='mso-width-source:userset;mso-width-alt:5814;width:119pt'>\r\n <col width=128 style='mso-width-source:userset;mso-width-alt:4681;width:96pt'>\r\n <col width=142 style='mso-width-source:userset;mso-width-alt:5193;width:107pt'>\r\n <col width=121 style='mso-width-source:userset;mso-width-alt:4425;width:91pt'>\r\n <col width=214 style='mso-width-source:userset;mso-width-alt:7826;width:161pt'>\r\n <col width=183 style='mso-width-source:userset;mso-width-alt:6692;width:137pt'>\r\n <col width=260 style='mso-width-source:userset;mso-width-alt:9508;width:195pt'>\r\n <col width=86 style='mso-width-source:userset;mso-width-alt:3145;width:65pt'>\r\n <col width=164 style='mso-width-source:userset;mso-width-alt:5997;width:123pt'>\r\n <col width=125 style='mso-width-source:userset;mso-width-alt:4571;width:94pt'>\r\n <col width=164 style='mso-width-source:userset;mso-width-alt:5997;width:123pt'>\r\n <col width=125 style='mso-width-source:userset;mso-width-alt:4571;width:94pt'>\r\n <col width=305 style='mso-width-source:userset;mso-width-alt:11154;width:229pt'>\r\n <col width=187 style='mso-width-source:userset;mso-width-alt:6838;width:140pt'>\r\n <col width=400 style='mso-width-source:userset;mso-width-alt:14628;width:300pt'>\r\n <col width=395 style='mso-width-source:userset;mso-width-alt:14445;width:296pt'>\r\n <col width=430 style='mso-width-source:userset;mso-width-alt:15725;width:323pt'>\r\n <col width=512 style='mso-width-source:userset;mso-width-alt:18724;width:384pt'>\r\n <col width=123 style='mso-width-source:userset;mso-width-alt:4498;width:92pt'>\r\n <col width=140 style='mso-width-source:userset;mso-width-alt:5120;width:105pt'>\r\n <col width=56 style='mso-width-source:userset;mso-width-alt:2048;width:42pt'>\r\n <tr height=0 style='display:none'>\r\n  <td class=xl1521273 width=56 style='width:42pt'>44241<\/td>\r\n  <td class=xl1521273 width=158 style='width:119pt'><\/td>\r\n  <td class=xl1521273 width=132 style='width:99pt'><\/td>\r\n  <td class=xl1521273 width=162 style='width:122pt'><\/td>\r\n  <td class=xl1521273 width=103 style='width:77pt'><\/td>\r\n  <td class=xl1521273 width=103 style='width:77pt'><\/td>\r\n  <td class=xl1521273 width=169 style='width:127pt'><\/td>\r\n  <td class=xl1521273 width=197 style='width:148pt'><\/td>\r\n  <td class=xl1521273 width=159 style='width:119pt'><\/td>\r\n  <td class=xl1521273 width=128 style='width:96pt'><\/td>\r\n  <td class=xl1521273 width=142 style='width:107pt'><\/td>\r\n  <td class=xl1521273 width=121 style='width:91pt'><\/td>\r\n  <td class=xl1521273 width=214 style='width:161pt'><\/td>\r\n  <td class=xl1521273 width=183 style='width:137pt'><\/td>\r\n  <td class=xl1521273 width=260 style='width:195pt'><\/td>\r\n  <td class=xl1521273 width=86 style='width:65pt'><\/td>\r\n  <td class=xl1521273 width=164 style='width:123pt'><\/td>\r\n  <td class=xl1521273 width=125 style='width:94pt'><\/td>\r\n  <td class=xl1521273 width=164 style='width:123pt'><\/td>\r\n  <td class=xl1521273 width=125 style='width:94pt'><\/td>\r\n  <td class=xl1521273 width=305 style='width:229pt'><\/td>\r\n  <td class=xl1521273 width=187 style='width:140pt'><\/td>\r\n  <td class=xl1521273 width=400 style='width:300pt'><\/td>\r\n  <td class=xl1521273 width=395 style='width:296pt'><\/td>\r\n  <td class=xl1521273 width=430 style='width:323pt'><\/td>\r\n  <td class=xl1521273 width=512 style='width:384pt'><\/td>\r\n  <td class=xl1521273 width=123 style='width:92pt'><\/td>\r\n  <td class=xl1521273 width=140 style='width:105pt'><\/td>\r\n  <td class=xl1521273 width=56 style='width:42pt'><\/td>\r\n <\/tr>\r\n <tr height=20 style='height:15.0pt'>\r\n  <td colspan=3 height=20 class=xl6921273 width=346 style='height:15.0pt;\r\n  width:260pt'>T\u00cdTULO<\/td>\r\n  <td colspan=3 class=xl6921273 width=368 style='width:276pt'>NOMBRE CORTO<\/td>\r\n  <td colspan=3 class=xl6921273 width=525 style='width:394pt'>DESCRIPCI\u00d3N<\/td>\r\n  <td class=xl1521273><\/td>\r\n  <td class=xl1521273><\/td>\r\n  <td class=xl1521273><\/td>\r\n  <td class=xl1521273><\/td>\r\n  <td class=xl1521273><\/td>\r\n  <td class=xl1521273><\/td>\r\n  <td class=xl1521273><\/td>\r\n  <td class=xl1521273><\/td>\r\n  <td class=xl1521273><\/td>\r\n  <td class=xl1521273><\/td>\r\n  <td class=xl1521273><\/td>\r\n  <td class=xl1521273><\/td>\r\n  <td class=xl1521273><\/td>\r\n  <td class=xl1521273><\/td>\r\n  <td class=xl1521273><\/td>\r\n  <td class=xl1521273><\/td>\r\n  <td class=xl1521273><\/td>\r\n  <td class=xl1521273><\/td>\r\n  <td class=xl1521273><\/td>\r\n  <td class=xl1521273><\/td>\r\n <\/tr>\r\n <tr height=20 style='height:15.0pt'>\r\n  <td colspan=3 height=20 class=xl7021273 style='height:15.0pt'>Unidad de\r\n  Transparencia (UT)<\/td>\r\n  <td colspan=3 class=xl7021273>a69_f13<\/td>\r\n  <td colspan=3 class=xl7021273>La informaci\u00f3n necesaria para que las personas\r\n  puedan establecer contacto y comunicaci\u00f3n con la respectiva Unidad de\r\n  Transparencia (UT) del sujeto obligado, incluyendo datos generales de los\r\n  responsables de la UT as\u00ed como el domicilio oficial y direcci\u00f3n electr\u00f3nica\r\n  en la cual se podr\u00e1n recibir solicitudes de informaci\u00f3n p\u00fablica.<\/td>\r\n  <td class=xl1521273><\/td>\r\n  <td class=xl1521273><\/td>\r\n  <td class=xl1521273><\/td>\r\n  <td class=xl1521273><\/td>\r\n  <td class=xl1521273><\/td>\r\n  <td class=xl1521273><\/td>\r\n  <td class=xl1521273><\/td>\r\n  <td class=xl1521273><\/td>\r\n  <td class=xl1521273><\/td>\r\n  <td class=xl1521273><\/td>\r\n  <td class=xl1521273><\/td>\r\n  <td class=xl1521273><\/td>\r\n  <td class=xl1521273><\/td>\r\n  <td class=xl1521273><\/td>\r\n  <td class=xl1521273><\/td>\r\n  <td class=xl1521273><\/td>\r\n  <td class=xl1521273><\/td>\r\n  <td class=xl1521273><\/td>\r\n  <td class=xl1521273><\/td>\r\n  <td class=xl1521273><\/td>\r\n <\/tr>\r\n <tr height=0 style='display:none'>\r\n  <td class=xl1521273>1<\/td>\r\n  <td class=xl1521273>4<\/td>\r\n  <td class=xl1521273>4<\/td>\r\n  <td class=xl1521273>9<\/td>\r\n  <td class=xl1521273>1<\/td>\r\n  <td class=xl1521273>1<\/td>\r\n  <td class=xl1521273>1<\/td>\r\n  <td class=xl1521273>9<\/td>\r\n  <td class=xl1521273>2<\/td>\r\n  <td class=xl1521273>1<\/td>\r\n  <td class=xl1521273>2<\/td>\r\n  <td class=xl1521273>1<\/td>\r\n  <td class=xl1521273>2<\/td>\r\n  <td class=xl1521273>1<\/td>\r\n  <td class=xl1521273>9<\/td>\r\n  <td class=xl1521273>1<\/td>\r\n  <td class=xl1521273>1<\/td>\r\n  <td class=xl1521273>1<\/td>\r\n  <td class=xl1521273>1<\/td>\r\n  <td class=xl1521273>1<\/td>\r\n  <td class=xl1521273>1<\/td>\r\n  <td class=xl1521273>1<\/td>\r\n  <td class=xl1521273>2<\/td>\r\n  <td class=xl1521273>7<\/td>\r\n  <td class=xl1521273>10<\/td>\r\n  <td class=xl1521273>2<\/td>\r\n  <td class=xl1521273>4<\/td>\r\n  <td class=xl1521273>13<\/td>\r\n  <td class=xl1521273>14<\/td>\r\n <\/tr>\r\n <tr height=0 style='display:none'>\r\n  <td class=xl1521273>350456<\/td>\r\n  <td class=xl1521273>350457<\/td>\r\n  <td class=xl1521273>350458<\/td>\r\n  <td class=xl1521273>350450<\/td>\r\n  <td class=xl1521273>350473<\/td>\r\n  <td class=xl1521273>350468<\/td>\r\n  <td class=xl1521273>350469<\/td>\r\n  <td class=xl1521273>350451<\/td>\r\n  <td class=xl1521273>350446<\/td>\r\n  <td class=xl1521273>350466<\/td>\r\n  <td class=xl1521273>350447<\/td>\r\n  <td class=xl1521273>350467<\/td>\r\n  <td class=xl1521273>350445<\/td>\r\n  <td class=xl1521273>350474<\/td>\r\n  <td class=xl1521273>350455<\/td>\r\n  <td class=xl1521273>350470<\/td>\r\n  <td class=xl1521273>350463<\/td>\r\n  <td class=xl1521273>350464<\/td>\r\n  <td class=xl1521273>350471<\/td>\r\n  <td class=xl1521273>350461<\/td>\r\n  <td class=xl1521273>350472<\/td>\r\n  <td class=xl1521273>350465<\/td>\r\n  <td class=xl1521273>350462<\/td>\r\n  <td class=xl1521273>350449<\/td>\r\n  <td class=xl1521273>350452<\/td>\r\n  <td class=xl1521273>350460<\/td>\r\n  <td class=xl1521273>350448<\/td>\r\n  <td class=xl1521273>350459<\/td>\r\n  <td class=xl1521273>350454<\/td>\r\n <\/tr>\r\n <tr height=20 style='height:15.0pt'>\r\n  <td colspan=29 height=20 class=xl6921273 width=5499 style='height:15.0pt;\r\n  width:4127pt'>Tabla Campos<\/td>\r\n <\/tr>\r\n <tr height=52 style='height:39.0pt'>\r\n  <td height=52 class=xl6521273 width=56 style='height:39.0pt;width:42pt'>Ejercicio<\/td>\r\n  <td class=xl6521273 width=158 style='border-left:none;width:119pt'>Fecha de\r\n  inicio del periodo que se informa<\/td>\r\n  <td class=xl6521273 width=132 style='border-left:none;width:99pt'>Fecha de\r\n  t\u00e9rmino del periodo que se informa<\/td>\r\n  <td class=xl6521273 width=162 style='border-left:none;width:122pt'>Tipo de\r\n  vialidad (cat\u00e1logo)<\/td>\r\n  <td class=xl6521273 width=103 style='border-left:none;width:77pt'>Nombre\r\n  vialidad<\/td>\r\n  <td class=xl6521273 width=103 style='border-left:none;width:77pt'>N\u00famero\r\n  exterior<\/td>\r\n  <td class=xl6521273 width=169 style='border-left:none;width:127pt'>N\u00famero\r\n  interior, en su caso<\/td>\r\n  <td class=xl6521273 width=197 style='border-left:none;width:148pt'>Tipo de\r\n  asentamiento (cat\u00e1logo)<\/td>\r\n  <td class=xl6521273 width=159 style='border-left:none;width:119pt'>Nombre del\r\n  asentamiento<\/td>\r\n  <td class=xl6521273 width=128 style='border-left:none;width:96pt'>Clave de la\r\n  localidad<\/td>\r\n  <td class=xl6521273 width=142 style='border-left:none;width:107pt'>Nombre de\r\n  la localidad<\/td>\r\n  <td class=xl6521273 width=121 style='border-left:none;width:91pt'>Clave del\r\n  municipio<\/td>\r\n  <td class=xl6521273 width=214 style='border-left:none;width:161pt'>Nombre del\r\n  municipio o delegaci\u00f3n<\/td>\r\n  <td class=xl6521273 width=183 style='border-left:none;width:137pt'>Clave de\r\n  la entidad federativa<\/td>\r\n  <td class=xl6521273 width=260 style='border-left:none;width:195pt'>Nombre de\r\n  la entidad federativa (cat\u00e1logo)<\/td>\r\n  <td class=xl6521273 width=86 style='border-left:none;width:65pt'>C\u00f3digo\r\n  Postal<\/td>\r\n  <td class=xl6521273 width=164 style='border-left:none;width:123pt'>N\u00famero\r\n  telef\u00f3nico oficial 1<\/td>\r\n  <td class=xl6521273 width=125 style='border-left:none;width:94pt'>Extensi\u00f3n\r\n  telef\u00f3nica<\/td>\r\n  <td class=xl6521273 width=164 style='border-left:none;width:123pt'>N\u00famero\r\n  telef\u00f3nico oficial 2<\/td>\r\n  <td class=xl6521273 width=125 style='border-left:none;width:94pt'>Extensi\u00f3n\r\n  telef\u00f3nica<\/td>\r\n  <td class=xl6521273 width=305 style='border-left:none;width:229pt'>Horario de\r\n  atenci\u00f3n de la Unidad de Transparencia<\/td>\r\n  <td class=xl6521273 width=187 style='border-left:none;width:140pt'>Correo\r\n  electr\u00f3nico oficial<\/td>\r\n  <td class=xl6521273 width=400 style='border-left:none;width:300pt'>Nota que\r\n  indique que se reciben solicitudes de informaci\u00f3n p\u00fablica<\/td>\r\n  <td class=xl6521273 width=395 style='border-left:none;width:296pt'>Hiperv\u00ednculo\r\n  a la direcci\u00f3n electr\u00f3nica del sistema<\/td>\r\n  <td class=xl6521273 width=430 style='border-left:none;width:323pt'>Nombre y\r\n  cargos del personal habilitado en la Unidad de Transparencia <br>\r\n    Tabla_350452<\/td>\r\n  <td class=xl6521273 width=512 style='border-left:none;width:384pt'>\u00c1rea(s)\r\n  responsable(s) que genera(n), posee(n), publica(n) y actualizan la\r\n  informaci\u00f3n<\/td>\r\n  <td class=xl6521273 width=123 style='border-left:none;width:92pt'>Fecha de\r\n  validaci\u00f3n<\/td>\r\n  <td class=xl6521273 width=140 style='border-left:none;width:105pt'>Fecha de\r\n  actualizaci\u00f3n<\/td>\r\n  <td class=xl6521273 width=56 style='border-left:none;width:42pt'>Nota<\/td>\r\n <\/tr>\r\n <tr height=20 style='height:15.0pt'>\r\n  <td height=20 class=xl6621273 align=right style='height:15.0pt;border-top:\r\n  none'>2019<\/td>\r\n  <td class=xl6721273 align=right style='border-top:none;border-left:none'>01\/07\/2019<\/td>\r\n  <td class=xl6721273 align=right style='border-top:none;border-left:none'>30\/09\/2019<\/td>\r\n  <td class=xl6621273 style='border-top:none;border-left:none'>Calle<\/td>\r\n  <td class=xl6621273 style='border-top:none;border-left:none'>Zaragoza Norte<\/td>\r\n  <td class=xl6621273 align=right style='border-top:none;border-left:none'>6<\/td>\r\n  <td class=xl6621273 align=right style='border-top:none;border-left:none'>0<\/td>\r\n  <td class=xl6621273 style='border-top:none;border-left:none'>Ciudad<\/td>\r\n  <td class=xl6621273 style='border-top:none;border-left:none'>Apan<\/td>\r\n  <td class=xl6621273 align=right style='border-top:none;border-left:none'>1<\/td>\r\n  <td class=xl6621273 style='border-top:none;border-left:none'>Apan<\/td>\r\n  <td class=xl6621273 align=right style='border-top:none;border-left:none'>8<\/td>\r\n  <td class=xl6621273 style='border-top:none;border-left:none'>Apan<\/td>\r\n  <td class=xl6621273 align=right style='border-top:none;border-left:none'>13<\/td>\r\n  <td class=xl6621273 style='border-top:none;border-left:none'>Hidalgo<\/td>\r\n  <td class=xl6621273 align=right style='border-top:none;border-left:none'>43900<\/td>\r\n  <td class=xl6621273 align=right style='border-top:none;border-left:none'>17489123942<\/td>\r\n  <td class=xl6621273 align=right style='border-top:none;border-left:none'>0<\/td>\r\n  <td class=xl6621273 align=right style='border-top:none;border-left:none'>0<\/td>\r\n  <td class=xl6621273 align=right style='border-top:none;border-left:none'>0<\/td>\r\n  <td class=xl6621273 style='border-top:none;border-left:none'>de 9:00 a 15:30\r\n  horas de lunes a viernes y sabados<span style='display:none'> de 09:00 a\r\n  12:00<\/span><\/td>\r\n  <td class=xl6821273 style='border-top:none;border-left:none'><a\r\n  href=\"mailto:transparencia@apan.gob.mx\">transparencia@apan.gob.mx<\/a><\/td>\r\n  <td class=xl6621273 style='border-top:none;border-left:none'>Se reciben\r\n  solicitudes de informacion y de derechos arco<\/td>\r\n  <td class=xl6821273 style='border-top:none;border-left:none'><a\r\n  href=\"https:\/\/www.plataformadetransparencia.org.mx\/\">https:\/\/www.plataformadetransparencia.org.mx\/<\/a><\/td>\r\n  <td class=xl6621273 align=right style='border-top:none;border-left:none'>1<\/td>\r\n  <td class=xl6621273 style='border-top:none;border-left:none'>Unidad de\r\n  Transparencia<\/td>\r\n  <td class=xl6721273 align=right style='border-top:none;border-left:none'>05\/09\/2019<\/td>\r\n  <td class=xl6721273 align=right style='border-top:none;border-left:none'>01\/07\/2019<\/td>\r\n  <td class=xl6621273 style='border-top:none;border-left:none'>&nbsp;<\/td>\r\n <\/tr>\r\n <![if supportMisalignedColumns]>\r\n <tr height=0 style='display:none'>\r\n  <td width=56 style='width:42pt'><\/td>\r\n  <td width=158 style='width:119pt'><\/td>\r\n  <td width=132 style='width:99pt'><\/td>\r\n  <td width=162 style='width:122pt'><\/td>\r\n  <td width=103 style='width:77pt'><\/td>\r\n  <td width=103 style='width:77pt'><\/td>\r\n  <td width=169 style='width:127pt'><\/td>\r\n  <td width=197 style='width:148pt'><\/td>\r\n  <td width=159 style='width:119pt'><\/td>\r\n  <td width=128 style='width:96pt'><\/td>\r\n  <td width=142 style='width:107pt'><\/td>\r\n  <td width=121 style='width:91pt'><\/td>\r\n  <td width=214 style='width:161pt'><\/td>\r\n  <td width=183 style='width:137pt'><\/td>\r\n  <td width=260 style='width:195pt'><\/td>\r\n  <td width=86 style='width:65pt'><\/td>\r\n  <td width=164 style='width:123pt'><\/td>\r\n  <td width=125 style='width:94pt'><\/td>\r\n  <td width=164 style='width:123pt'><\/td>\r\n  <td width=125 style='width:94pt'><\/td>\r\n  <td width=305 style='width:229pt'><\/td>\r\n  <td width=187 style='width:140pt'><\/td>\r\n  <td width=400 style='width:300pt'><\/td>\r\n  <td width=395 style='width:296pt'><\/td>\r\n  <td width=430 style='width:323pt'><\/td>\r\n  <td width=512 style='width:384pt'><\/td>\r\n  <td width=123 style='width:92pt'><\/td>\r\n  <td width=140 style='width:105pt'><\/td>\r\n  <td width=56 style='width:42pt'><\/td>\r\n <\/tr>\r\n <![endif]>\r\n<\/table>\r\n\r\n<\/div>\r\n\r\n\r\n<!----------------------------->\r\n<!--FINAL DE LOS RESULTADOS DEL ASISTENTE PARA PUBLICAR COMO P\u00c1GINA WEB DE\r\nEXCEL-->\r\n<!----------------------------->\r\n<\/body>\r\n\r\n<\/html>\r\n\t\t<\/div>\n\t\t\t\t<\/div>\n\t\t\t\t\t\t<\/div>\n\t\t\t\t\t<\/div>\n\t\t<\/div>\n\t\t\t\t\t\t\t\t<\/div>\n\t\t\t\t\t<\/div>\n\t\t<\/section>\n\t\t\t\t\t\t\t\t\t<\/div>\n\t\t\t<\/div>\n\t\t\t\t\t<\/div>\n\t\t","protected":false},"excerpt":{"rendered":"<p>&nbsp; Fracci\u00f3n XIII &nbsp; &lt;![if supportMisalignedColumns]&gt;&lt;![endif]&gt; 44241 T\u00cdTULO NOMBRE CORTO DESCRIPCI\u00d3N Unidad de Transparencia (UT) a69_f13 La informaci\u00f3n necesaria para que las personas puedan establecer contacto y comunicaci\u00f3n con la respectiva Unidad de Transparencia (UT) del sujeto obligado, incluyendo datos generales de los responsables de la UT as\u00ed como el domicilio oficial y direcci\u00f3n electr\u00f3nica [&hellip;]<\/p>\n","protected":false},"author":1,"featured_media":0,"parent":6796,"menu_order":0,"comment_status":"closed","ping_status":"closed","template":"page-template-full.php","meta":[],"jetpack_sharing_enabled":true,"_links":{"self":[{"href":"https:\/\/apan.gob.mx\/portal\/wp-json\/wp\/v2\/pages\/6986"}],"collection":[{"href":"https:\/\/apan.gob.mx\/portal\/wp-json\/wp\/v2\/pages"}],"about":[{"href":"https:\/\/apan.gob.mx\/portal\/wp-json\/wp\/v2\/types\/page"}],"author":[{"embeddable":true,"href":"https:\/\/apan.gob.mx\/portal\/wp-json\/wp\/v2\/users\/1"}],"replies":[{"embeddable":true,"href":"https:\/\/apan.gob.mx\/portal\/wp-json\/wp\/v2\/comments?post=6986"}],"version-history":[{"count":3,"href":"https:\/\/apan.gob.mx\/portal\/wp-json\/wp\/v2\/pages\/6986\/revisions"}],"predecessor-version":[{"id":6990,"href":"https:\/\/apan.gob.mx\/portal\/wp-json\/wp\/v2\/pages\/6986\/revisions\/6990"}],"up":[{"embeddable":true,"href":"https:\/\/apan.gob.mx\/portal\/wp-json\/wp\/v2\/pages\/6796"}],"wp:attachment":[{"href":"https:\/\/apan.gob.mx\/portal\/wp-json\/wp\/v2\/media?parent=6986"}],"curies":[{"name":"wp","href":"https:\/\/api.w.org\/{rel}","templated":true}]}}