{"id":7001,"date":"2019-10-08T09:45:48","date_gmt":"2019-10-08T14:45:48","guid":{"rendered":"https:\/\/apan.gob.mx\/portal\/?page_id=7001"},"modified":"2019-10-08T09:49:13","modified_gmt":"2019-10-08T14:49:13","slug":"7001-2","status":"publish","type":"page","link":"https:\/\/apan.gob.mx\/portal\/3-trimestre-2019\/7001-2\/","title":{"rendered":"<!--ut-29-2019-3-->"},"content":{"rendered":"\t\t<div data-elementor-type=\"wp-page\" data-elementor-id=\"7001\" class=\"elementor elementor-7001 elementor-bc-flex-widget\">\n\t\t\t\t\t\t<div class=\"elementor-inner\">\n\t\t\t\t<div class=\"elementor-section-wrap\">\n\t\t\t\t\t\t\t\t\t<section class=\"has_ae_slider elementor-section elementor-top-section elementor-element elementor-element-inlfmnb elementor-section-boxed elementor-section-height-default elementor-section-height-default ae-bg-gallery-type-default\" data-id=\"inlfmnb\" data-element_type=\"section\">\n\t\t\t\t\t\t<div class=\"elementor-container elementor-column-gap-default\">\n\t\t\t\t\t\t\t<div class=\"elementor-row\">\n\t\t\t\t\t<div class=\"has_ae_slider elementor-column elementor-col-100 elementor-top-column elementor-element elementor-element-jxvzgqs ae-bg-gallery-type-default\" data-id=\"jxvzgqs\" data-element_type=\"column\">\n\t\t\t<div class=\"elementor-column-wrap elementor-element-populated\">\n\t\t\t\t\t\t\t<div class=\"elementor-widget-wrap\">\n\t\t\t\t\t\t<div class=\"elementor-element elementor-element-zsdndqw elementor-widget elementor-widget-heading\" data-id=\"zsdndqw\" data-element_type=\"widget\" data-widget_type=\"heading.default\">\n\t\t\t\t<div class=\"elementor-widget-container\">\n\t\t\t<h2 class=\"elementor-heading-title elementor-size-medium\">Fracci\u00f3n XXIX<\/h2>\t\t<\/div>\n\t\t\t\t<\/div>\n\t\t\t\t<div class=\"elementor-element elementor-element-tldygkm elementor-widget elementor-widget-html\" data-id=\"tldygkm\" data-element_type=\"widget\" data-widget_type=\"html.default\">\n\t\t\t\t<div class=\"elementor-widget-container\">\n\t\t\t<html xmlns:o=\"urn:schemas-microsoft-com:office:office\"\r\nxmlns:x=\"urn:schemas-microsoft-com:office:excel\"\r\nxmlns=\"http:\/\/www.w3.org\/TR\/REC-html40\">\r\n\r\n<head>\r\n<meta http-equiv=Content-Type content=\"text\/html; charset=windows-1252\">\r\n<meta name=ProgId content=Excel.Sheet>\r\n<meta name=Generator content=\"Microsoft Excel 15\">\r\n<link rel=File-List href=\"a69_f29_archivos\/filelist.xml\">\r\n<style id=\"a69_f29_4138_Styles\">\r\n<!--table\r\n\t{mso-displayed-decimal-separator:\"\\.\";\r\n\tmso-displayed-thousand-separator:\"\\,\";}\r\n.xl154138\r\n\t{padding-top:1px;\r\n\tpadding-right:1px;\r\n\tpadding-left:1px;\r\n\tmso-ignore:padding;\r\n\tcolor:black;\r\n\tfont-size:11.0pt;\r\n\tfont-weight:400;\r\n\tfont-style:normal;\r\n\ttext-decoration:none;\r\n\tfont-family:Calibri, sans-serif;\r\n\tmso-font-charset:0;\r\n\tmso-number-format:General;\r\n\ttext-align:general;\r\n\tvertical-align:bottom;\r\n\tmso-background-source:auto;\r\n\tmso-pattern:auto;\r\n\twhite-space:nowrap;}\r\n.xl654138\r\n\t{padding-top:1px;\r\n\tpadding-right:1px;\r\n\tpadding-left:1px;\r\n\tmso-ignore:padding;\r\n\tcolor:black;\r\n\tfont-size:10.0pt;\r\n\tfont-weight:400;\r\n\tfont-style:normal;\r\n\ttext-decoration:none;\r\n\tfont-family:Arial;\r\n\tmso-generic-font-family:auto;\r\n\tmso-font-charset:0;\r\n\tmso-number-format:General;\r\n\ttext-align:center;\r\n\tvertical-align:bottom;\r\n\tborder:.5pt solid windowtext;\r\n\tbackground:#E1E1E1;\r\n\tmso-pattern:black none;\r\n\twhite-space:normal;}\r\n.xl664138\r\n\t{padding-top:1px;\r\n\tpadding-right:1px;\r\n\tpadding-left:1px;\r\n\tmso-ignore:padding;\r\n\tcolor:black;\r\n\tfont-size:11.0pt;\r\n\tfont-weight:400;\r\n\tfont-style:normal;\r\n\ttext-decoration:none;\r\n\tfont-family:Calibri, sans-serif;\r\n\tmso-font-charset:0;\r\n\tmso-number-format:General;\r\n\ttext-align:general;\r\n\tvertical-align:bottom;\r\n\tborder:.5pt solid windowtext;\r\n\tmso-background-source:auto;\r\n\tmso-pattern:auto;\r\n\twhite-space:nowrap;}\r\n.xl674138\r\n\t{padding-top:1px;\r\n\tpadding-right:1px;\r\n\tpadding-left:1px;\r\n\tmso-ignore:padding;\r\n\tcolor:black;\r\n\tfont-size:11.0pt;\r\n\tfont-weight:400;\r\n\tfont-style:normal;\r\n\ttext-decoration:none;\r\n\tfont-family:Calibri, sans-serif;\r\n\tmso-font-charset:0;\r\n\tmso-number-format:\"Short Date\";\r\n\ttext-align:general;\r\n\tvertical-align:bottom;\r\n\tborder:.5pt solid windowtext;\r\n\tmso-background-source:auto;\r\n\tmso-pattern:auto;\r\n\twhite-space:nowrap;}\r\n.xl684138\r\n\t{padding-top:1px;\r\n\tpadding-right:1px;\r\n\tpadding-left:1px;\r\n\tmso-ignore:padding;\r\n\tcolor:blue;\r\n\tfont-size:11.0pt;\r\n\tfont-weight:400;\r\n\tfont-style:normal;\r\n\ttext-decoration:underline;\r\n\ttext-underline-style:single;\r\n\tfont-family:Calibri, sans-serif;\r\n\tmso-font-charset:0;\r\n\tmso-number-format:General;\r\n\ttext-align:general;\r\n\tvertical-align:bottom;\r\n\tborder:.5pt solid windowtext;\r\n\tmso-background-source:auto;\r\n\tmso-pattern:auto;\r\n\twhite-space:nowrap;}\r\n.xl694138\r\n\t{padding-top:1px;\r\n\tpadding-right:1px;\r\n\tpadding-left:1px;\r\n\tmso-ignore:padding;\r\n\tcolor:white;\r\n\tfont-size:11.0pt;\r\n\tfont-weight:700;\r\n\tfont-style:normal;\r\n\ttext-decoration:none;\r\n\tfont-family:Arial;\r\n\tmso-generic-font-family:auto;\r\n\tmso-font-charset:0;\r\n\tmso-number-format:General;\r\n\ttext-align:center;\r\n\tvertical-align:bottom;\r\n\tborder:.5pt solid windowtext;\r\n\tbackground:#333333;\r\n\tmso-pattern:black none;\r\n\twhite-space:nowrap;}\r\n.xl704138\r\n\t{padding-top:1px;\r\n\tpadding-right:1px;\r\n\tpadding-left:1px;\r\n\tmso-ignore:padding;\r\n\tcolor:black;\r\n\tfont-size:10.0pt;\r\n\tfont-weight:400;\r\n\tfont-style:normal;\r\n\ttext-decoration:none;\r\n\tfont-family:Arial;\r\n\tmso-generic-font-family:auto;\r\n\tmso-font-charset:0;\r\n\tmso-number-format:General;\r\n\ttext-align:general;\r\n\tvertical-align:bottom;\r\n\tborder:.5pt solid windowtext;\r\n\tbackground:#E1E1E1;\r\n\tmso-pattern:black none;\r\n\twhite-space:nowrap;}\r\n-->\r\n<\/style>\r\n<\/head>\r\n\r\n<body>\r\n<!--[if !excel]>&nbsp;&nbsp;<![endif]-->\r\n<!--La siguiente informaci\u00f3n se gener\u00f3 mediante el Asistente para publicar como\r\np\u00e1gina web de Microsoft Excel.-->\r\n<!--Si se vuelve a publicar el mismo elemento desde Excel, se reemplazar\u00e1 toda\r\nla informaci\u00f3n comprendida entre las etiquetas DIV.-->\r\n<!----------------------------->\r\n<!--INICIO DE LOS RESULTADOS DEL ASISTENTE PARA PUBLICAR COMO P\u00c1GINA WEB DE\r\nEXCEL -->\r\n<!----------------------------->\r\n\r\n<div id=\"a69_f29_4138\" align=center x:publishsource=\"Excel\">\r\n\r\n<table border=0 cellpadding=0 cellspacing=0 width=3562 style='border-collapse:\r\n collapse;table-layout:fixed;width:2673pt'>\r\n <col width=56 style='mso-width-source:userset;mso-width-alt:2048;width:42pt'>\r\n <col width=255 style='mso-width-source:userset;mso-width-alt:9325;width:191pt'>\r\n <col width=270 style='mso-width-source:userset;mso-width-alt:9874;width:203pt'>\r\n <col width=190 style='mso-width-source:userset;mso-width-alt:6948;width:143pt'>\r\n <col width=493 style='mso-width-source:userset;mso-width-alt:18029;width:370pt'>\r\n <col width=116 style='mso-width-source:userset;mso-width-alt:4242;width:87pt'>\r\n <col width=306 style='mso-width-source:userset;mso-width-alt:11190;width:230pt'>\r\n <col width=292 style='mso-width-source:userset;mso-width-alt:10678;width:219pt'>\r\n <col width=753 style='mso-width-source:userset;mso-width-alt:27538;width:565pt'>\r\n <col width=512 style='mso-width-source:userset;mso-width-alt:18724;width:384pt'>\r\n <col width=123 style='mso-width-source:userset;mso-width-alt:4498;width:92pt'>\r\n <col width=140 style='mso-width-source:userset;mso-width-alt:5120;width:105pt'>\r\n <col width=56 style='mso-width-source:userset;mso-width-alt:2048;width:42pt'>\r\n <tr height=0 style='display:none'>\r\n  <td class=xl154138 width=56 style='width:42pt'>45731<\/td>\r\n  <td class=xl154138 width=255 style='width:191pt'><\/td>\r\n  <td class=xl154138 width=270 style='width:203pt'><\/td>\r\n  <td class=xl154138 width=190 style='width:143pt'><\/td>\r\n  <td class=xl154138 width=493 style='width:370pt'><\/td>\r\n  <td class=xl154138 width=116 style='width:87pt'><\/td>\r\n  <td class=xl154138 width=306 style='width:230pt'><\/td>\r\n  <td class=xl154138 width=292 style='width:219pt'><\/td>\r\n  <td class=xl154138 width=753 style='width:565pt'><\/td>\r\n  <td class=xl154138 width=512 style='width:384pt'><\/td>\r\n  <td class=xl154138 width=123 style='width:92pt'><\/td>\r\n  <td class=xl154138 width=140 style='width:105pt'><\/td>\r\n  <td class=xl154138 width=56 style='width:42pt'><\/td>\r\n <\/tr>\r\n <tr height=20 style='height:15.0pt'>\r\n  <td colspan=3 height=20 class=xl694138 style='height:15.0pt'>T\u00cdTULO<\/td>\r\n  <td colspan=3 class=xl694138>NOMBRE CORTO<\/td>\r\n  <td colspan=3 class=xl694138>DESCRIPCI\u00d3N<\/td>\r\n  <td class=xl154138><\/td>\r\n  <td class=xl154138><\/td>\r\n  <td class=xl154138><\/td>\r\n  <td class=xl154138><\/td>\r\n <\/tr>\r\n <tr height=20 style='height:15.0pt'>\r\n  <td colspan=3 height=20 class=xl704138 style='height:15.0pt'>Informes\r\n  emitidos<\/td>\r\n  <td colspan=3 class=xl704138>a69_f29<\/td>\r\n  <td colspan=3 class=xl704138>La relaci\u00f3n de informes que de acuerdo con su\r\n  naturaleza y la normatividad les sea aplicable o se encuentren obligados a\r\n  rendir ante cualquier otro sujeto obligado. Deber\u00e1 incluir, los informes de\r\n  gobierno; labores o actividades; en materia de transparencia y protecci\u00f3n de\r\n  datos personales. La informaci\u00f3n no debe estar relacionada con informes\r\n  program\u00e1ticos presupuestales y financieros ni procedimientos de adjudicaci\u00f3n\r\n  directa, invitaci\u00f3n restringida y licitaci\u00f3n de cualquier naturaleza.<\/td>\r\n  <td class=xl154138><\/td>\r\n  <td class=xl154138><\/td>\r\n  <td class=xl154138><\/td>\r\n  <td class=xl154138><\/td>\r\n <\/tr>\r\n <tr height=0 style='display:none'>\r\n  <td class=xl154138>1<\/td>\r\n  <td class=xl154138>4<\/td>\r\n  <td class=xl154138>4<\/td>\r\n  <td class=xl154138>2<\/td>\r\n  <td class=xl154138>2<\/td>\r\n  <td class=xl154138>2<\/td>\r\n  <td class=xl154138>1<\/td>\r\n  <td class=xl154138>4<\/td>\r\n  <td class=xl154138>7<\/td>\r\n  <td class=xl154138>2<\/td>\r\n  <td class=xl154138>4<\/td>\r\n  <td class=xl154138>13<\/td>\r\n  <td class=xl154138>14<\/td>\r\n <\/tr>\r\n <tr height=0 style='display:none'>\r\n  <td class=xl154138>378497<\/td>\r\n  <td class=xl154138>378502<\/td>\r\n  <td class=xl154138>378503<\/td>\r\n  <td class=xl154138>378507<\/td>\r\n  <td class=xl154138>378498<\/td>\r\n  <td class=xl154138>378508<\/td>\r\n  <td class=xl154138>378509<\/td>\r\n  <td class=xl154138>378499<\/td>\r\n  <td class=xl154138>378501<\/td>\r\n  <td class=xl154138>378505<\/td>\r\n  <td class=xl154138>378500<\/td>\r\n  <td class=xl154138>378504<\/td>\r\n  <td class=xl154138>378506<\/td>\r\n <\/tr>\r\n <tr height=20 style='height:15.0pt'>\r\n  <td colspan=13 height=20 class=xl694138 style='height:15.0pt'>Tabla Campos<\/td>\r\n <\/tr>\r\n <tr height=35 style='height:26.25pt'>\r\n  <td height=35 class=xl654138 width=56 style='height:26.25pt;width:42pt'>Ejercicio<\/td>\r\n  <td class=xl654138 width=255 style='border-left:none;width:191pt'>Fecha de\r\n  inicio del periodo que se informa<\/td>\r\n  <td class=xl654138 width=270 style='border-left:none;width:203pt'>Fecha de\r\n  t\u00e9rmino del periodo que se informa<\/td>\r\n  <td class=xl654138 width=190 style='border-left:none;width:143pt'>Denominaci\u00f3n\r\n  de cada informe<\/td>\r\n  <td class=xl654138 width=493 style='border-left:none;width:370pt'>Denominaci\u00f3n\r\n  del \u00e1rea responsable de la elaboraci\u00f3n y\/o presentaci\u00f3n del informe<\/td>\r\n  <td class=xl654138 width=116 style='border-left:none;width:87pt'>Fundamento\r\n  legal<span style='mso-spacerun:yes'>\u00a0<\/span><\/td>\r\n  <td class=xl654138 width=306 style='border-left:none;width:230pt'>Periodicidad\r\n  para elaborar y\/o presentar el informe<\/td>\r\n  <td class=xl654138 width=292 style='border-left:none;width:219pt'>Fecha en\r\n  que se present\u00f3 y\/o entreg\u00f3 el informe<\/td>\r\n  <td class=xl654138 width=753 style='border-left:none;width:565pt'>Hiperv\u00ednculo\r\n  al documento del informe correspondiente<\/td>\r\n  <td class=xl654138 width=512 style='border-left:none;width:384pt'>\u00c1rea(s)\r\n  responsable(s) que genera(n), posee(n), publica(n) y actualizan la\r\n  informaci\u00f3n<\/td>\r\n  <td class=xl654138 width=123 style='border-left:none;width:92pt'>Fecha de\r\n  validaci\u00f3n<\/td>\r\n  <td class=xl654138 width=140 style='border-left:none;width:105pt'>Fecha de\r\n  actualizaci\u00f3n<\/td>\r\n  <td class=xl654138 width=56 style='border-left:none;width:42pt'>Nota<\/td>\r\n <\/tr>\r\n <tr height=20 style='height:15.0pt'>\r\n  <td height=20 class=xl664138 align=right style='height:15.0pt;border-top:\r\n  none'>2019<\/td>\r\n  <td class=xl674138 align=right style='border-top:none;border-left:none'>01\/07\/2019<\/td>\r\n  <td class=xl674138 align=right style='border-top:none;border-left:none'>30\/09\/2019<\/td>\r\n  <td class=xl664138 style='border-top:none;border-left:none'>Informe del mes\r\n  de Abril<\/td>\r\n  <td class=xl664138 style='border-top:none;border-left:none'>Unidad de\r\n  Transparencia<span style='mso-spacerun:yes'>\u00a0<\/span><\/td>\r\n  <td class=xl664138 style='border-top:none;border-left:none'>&nbsp;<\/td>\r\n  <td class=xl664138 style='border-top:none;border-left:none'>mensual<\/td>\r\n  <td class=xl674138 align=right style='border-top:none;border-left:none'>06\/08\/2019<\/td>\r\n  <td class=xl684138 style='border-top:none;border-left:none'><a\r\n  href=\"https:\/\/www.apan.gob.mx\/descargables\/transparencia\/articulo69\/fraccion29\/2019_3\/transparencia\/FraXXIXa_1_1.pdf\">https:\/\/www.apan.gob.mx\/descargables\/transparencia\/articulo69\/fraccion29\/2019_3\/transparencia\/FraXXIXa_1_1.pdf<\/a><\/td>\r\n  <td class=xl664138 style='border-top:none;border-left:none'>Unidad de\r\n  Transparencia<\/td>\r\n  <td class=xl674138 align=right style='border-top:none;border-left:none'>05\/09\/2019<\/td>\r\n  <td class=xl674138 align=right style='border-top:none;border-left:none'>01\/07\/2019<\/td>\r\n  <td class=xl664138 style='border-top:none;border-left:none'>&nbsp;<\/td>\r\n <\/tr>\r\n <tr height=20 style='height:15.0pt'>\r\n  <td height=20 class=xl664138 align=right style='height:15.0pt;border-top:\r\n  none'>2019<\/td>\r\n  <td class=xl674138 align=right style='border-top:none;border-left:none'>01\/07\/2019<\/td>\r\n  <td class=xl674138 align=right style='border-top:none;border-left:none'>30\/09\/2019<\/td>\r\n  <td class=xl664138 style='border-top:none;border-left:none'>Informe del mes\r\n  de Mayo<\/td>\r\n  <td class=xl664138 style='border-top:none;border-left:none'>Unidad de\r\n  Transparencia<span style='mso-spacerun:yes'>\u00a0<\/span><\/td>\r\n  <td class=xl664138 style='border-top:none;border-left:none'>&nbsp;<\/td>\r\n  <td class=xl664138 style='border-top:none;border-left:none'>mensual<\/td>\r\n  <td class=xl674138 align=right style='border-top:none;border-left:none'>02\/09\/2019<\/td>\r\n  <td class=xl684138 style='border-top:none;border-left:none'><a\r\n  href=\"https:\/\/www.apan.gob.mx\/descargables\/transparencia\/articulo69\/fraccion29\/2019_3\/transparencia\/FraXXIXa_1_2.pdf\">https:\/\/www.apan.gob.mx\/descargables\/transparencia\/articulo69\/fraccion29\/2019_3\/transparencia\/FraXXIXa_1_2.pdf<\/a><\/td>\r\n  <td class=xl664138 style='border-top:none;border-left:none'>Unidad de\r\n  Transparencia<span style='mso-spacerun:yes'>\u00a0<\/span><\/td>\r\n  <td class=xl674138 align=right style='border-top:none;border-left:none'>05\/09\/2019<\/td>\r\n  <td class=xl674138 align=right style='border-top:none;border-left:none'>01\/09\/2019<\/td>\r\n  <td class=xl664138 style='border-top:none;border-left:none'>&nbsp;<\/td>\r\n <\/tr>\r\n <tr height=20 style='height:15.0pt'>\r\n  <td height=20 class=xl664138 align=right style='height:15.0pt;border-top:\r\n  none'>2019<\/td>\r\n  <td class=xl674138 align=right style='border-top:none;border-left:none'>01\/07\/2019<\/td>\r\n  <td class=xl674138 align=right style='border-top:none;border-left:none'>30\/09\/2019<\/td>\r\n  <td class=xl664138 style='border-top:none;border-left:none'>Informe del mes\r\n  de Junio<\/td>\r\n  <td class=xl664138 style='border-top:none;border-left:none'>Unidad de\r\n  Transparencia<span style='mso-spacerun:yes'>\u00a0<\/span><\/td>\r\n  <td class=xl664138 style='border-top:none;border-left:none'>&nbsp;<\/td>\r\n  <td class=xl664138 style='border-top:none;border-left:none'>mensual<\/td>\r\n  <td class=xl674138 align=right style='border-top:none;border-left:none'>01\/10\/2019<\/td>\r\n  <td class=xl684138 style='border-top:none;border-left:none'><a\r\n  href=\"https:\/\/www.apan.gob.mx\/descargables\/transparencia\/articulo69\/fraccion29\/2019_3\/transparencia\/FraXXIXa_1_3.pdf\">https:\/\/www.apan.gob.mx\/descargables\/transparencia\/articulo69\/fraccion29\/2019_3\/transparencia\/FraXXIXa_1_3.pdf<\/a><\/td>\r\n  <td class=xl664138 style='border-top:none;border-left:none'>Unidad de\r\n  Transparencia<span style='mso-spacerun:yes'>\u00a0<\/span><\/td>\r\n  <td class=xl674138 align=right style='border-top:none;border-left:none'>05\/09\/2019<\/td>\r\n  <td class=xl674138 align=right style='border-top:none;border-left:none'>01\/09\/2019<\/td>\r\n  <td class=xl664138 style='border-top:none;border-left:none'>&nbsp;<\/td>\r\n <\/tr>\r\n <![if supportMisalignedColumns]>\r\n <tr height=0 style='display:none'>\r\n  <td width=56 style='width:42pt'><\/td>\r\n  <td width=255 style='width:191pt'><\/td>\r\n  <td width=270 style='width:203pt'><\/td>\r\n  <td width=190 style='width:143pt'><\/td>\r\n  <td width=493 style='width:370pt'><\/td>\r\n  <td width=116 style='width:87pt'><\/td>\r\n  <td width=306 style='width:230pt'><\/td>\r\n  <td width=292 style='width:219pt'><\/td>\r\n  <td width=753 style='width:565pt'><\/td>\r\n  <td width=512 style='width:384pt'><\/td>\r\n  <td width=123 style='width:92pt'><\/td>\r\n  <td width=140 style='width:105pt'><\/td>\r\n  <td width=56 style='width:42pt'><\/td>\r\n <\/tr>\r\n <![endif]>\r\n<\/table>\r\n\r\n<\/div>\r\n\r\n\r\n<!----------------------------->\r\n<!--FINAL DE LOS RESULTADOS DEL ASISTENTE PARA PUBLICAR COMO P\u00c1GINA WEB DE\r\nEXCEL-->\r\n<!----------------------------->\r\n<\/body>\r\n\r\n<\/html>\r\n\t\t<\/div>\n\t\t\t\t<\/div>\n\t\t\t\t\t\t<\/div>\n\t\t\t\t\t<\/div>\n\t\t<\/div>\n\t\t\t\t\t\t\t\t<\/div>\n\t\t\t\t\t<\/div>\n\t\t<\/section>\n\t\t\t\t\t\t\t\t\t<\/div>\n\t\t\t<\/div>\n\t\t\t\t\t<\/div>\n\t\t","protected":false},"excerpt":{"rendered":"<p>Fracci\u00f3n XXIX 45731 T\u00cdTULO NOMBRE CORTO DESCRIPCI\u00d3N Informes emitidos a69_f29 La relaci\u00f3n de informes que de acuerdo con su naturaleza y la normatividad les sea aplicable o se encuentren obligados a rendir ante cualquier otro sujeto obligado. Deber\u00e1 incluir, los informes de gobierno; labores o actividades; en materia de transparencia y protecci\u00f3n de datos personales. [&hellip;]<\/p>\n","protected":false},"author":1,"featured_media":0,"parent":6796,"menu_order":0,"comment_status":"closed","ping_status":"closed","template":"page-template-full.php","meta":[],"jetpack_sharing_enabled":true,"_links":{"self":[{"href":"https:\/\/apan.gob.mx\/portal\/wp-json\/wp\/v2\/pages\/7001"}],"collection":[{"href":"https:\/\/apan.gob.mx\/portal\/wp-json\/wp\/v2\/pages"}],"about":[{"href":"https:\/\/apan.gob.mx\/portal\/wp-json\/wp\/v2\/types\/page"}],"author":[{"embeddable":true,"href":"https:\/\/apan.gob.mx\/portal\/wp-json\/wp\/v2\/users\/1"}],"replies":[{"embeddable":true,"href":"https:\/\/apan.gob.mx\/portal\/wp-json\/wp\/v2\/comments?post=7001"}],"version-history":[{"count":3,"href":"https:\/\/apan.gob.mx\/portal\/wp-json\/wp\/v2\/pages\/7001\/revisions"}],"predecessor-version":[{"id":7005,"href":"https:\/\/apan.gob.mx\/portal\/wp-json\/wp\/v2\/pages\/7001\/revisions\/7005"}],"up":[{"embeddable":true,"href":"https:\/\/apan.gob.mx\/portal\/wp-json\/wp\/v2\/pages\/6796"}],"wp:attachment":[{"href":"https:\/\/apan.gob.mx\/portal\/wp-json\/wp\/v2\/media?parent=7001"}],"curies":[{"name":"wp","href":"https:\/\/api.w.org\/{rel}","templated":true}]}}