{"id":7081,"date":"2019-10-14T11:16:21","date_gmt":"2019-10-14T16:16:21","guid":{"rendered":"https:\/\/apan.gob.mx\/portal\/?page_id=7081"},"modified":"2019-10-14T11:17:41","modified_gmt":"2019-10-14T16:17:41","slug":"7081-2","status":"publish","type":"page","link":"https:\/\/apan.gob.mx\/portal\/3-trimestre-2019\/7081-2\/","title":{"rendered":"<!--sanidad-27-2019-3-->"},"content":{"rendered":"\t\t<div data-elementor-type=\"wp-page\" data-elementor-id=\"7081\" class=\"elementor elementor-7081 elementor-bc-flex-widget\">\n\t\t\t\t\t\t<div class=\"elementor-inner\">\n\t\t\t\t<div class=\"elementor-section-wrap\">\n\t\t\t\t\t\t\t\t\t<section class=\"has_ae_slider elementor-section elementor-top-section elementor-element elementor-element-ixzwuxq elementor-section-boxed elementor-section-height-default elementor-section-height-default ae-bg-gallery-type-default\" data-id=\"ixzwuxq\" data-element_type=\"section\">\n\t\t\t\t\t\t<div class=\"elementor-container elementor-column-gap-default\">\n\t\t\t\t\t\t\t<div class=\"elementor-row\">\n\t\t\t\t\t<div class=\"has_ae_slider elementor-column elementor-col-100 elementor-top-column elementor-element elementor-element-qxhignl ae-bg-gallery-type-default\" data-id=\"qxhignl\" data-element_type=\"column\">\n\t\t\t<div class=\"elementor-column-wrap elementor-element-populated\">\n\t\t\t\t\t\t\t<div class=\"elementor-widget-wrap\">\n\t\t\t\t\t\t<div class=\"elementor-element elementor-element-tficvvq elementor-widget elementor-widget-heading\" data-id=\"tficvvq\" data-element_type=\"widget\" data-widget_type=\"heading.default\">\n\t\t\t\t<div class=\"elementor-widget-container\">\n\t\t\t<h2 class=\"elementor-heading-title elementor-size-medium\">Fracci\u00f3n XXVII<\/h2>\t\t<\/div>\n\t\t\t\t<\/div>\n\t\t\t\t<div class=\"elementor-element elementor-element-gqghkea elementor-widget elementor-widget-html\" data-id=\"gqghkea\" data-element_type=\"widget\" data-widget_type=\"html.default\">\n\t\t\t\t<div class=\"elementor-widget-container\">\n\t\t\t<html xmlns:o=\"urn:schemas-microsoft-com:office:office\"\r\nxmlns:x=\"urn:schemas-microsoft-com:office:excel\"\r\nxmlns=\"http:\/\/www.w3.org\/TR\/REC-html40\">\r\n\r\n<head>\r\n<meta http-equiv=Content-Type content=\"text\/html; charset=windows-1252\">\r\n<meta name=ProgId content=Excel.Sheet>\r\n<meta name=Generator content=\"Microsoft Excel 15\">\r\n<link rel=File-List href=\"a69_f27_archivos\/filelist.xml\">\r\n<style id=\"a69_f27_2345_Styles\">\r\n<!--table\r\n\t{mso-displayed-decimal-separator:\"\\.\";\r\n\tmso-displayed-thousand-separator:\"\\,\";}\r\n.xl152345\r\n\t{padding-top:1px;\r\n\tpadding-right:1px;\r\n\tpadding-left:1px;\r\n\tmso-ignore:padding;\r\n\tcolor:black;\r\n\tfont-size:11.0pt;\r\n\tfont-weight:400;\r\n\tfont-style:normal;\r\n\ttext-decoration:none;\r\n\tfont-family:Calibri, sans-serif;\r\n\tmso-font-charset:0;\r\n\tmso-number-format:General;\r\n\ttext-align:general;\r\n\tvertical-align:bottom;\r\n\tmso-background-source:auto;\r\n\tmso-pattern:auto;\r\n\twhite-space:nowrap;}\r\n.xl652345\r\n\t{padding-top:1px;\r\n\tpadding-right:1px;\r\n\tpadding-left:1px;\r\n\tmso-ignore:padding;\r\n\tcolor:black;\r\n\tfont-size:10.0pt;\r\n\tfont-weight:400;\r\n\tfont-style:normal;\r\n\ttext-decoration:none;\r\n\tfont-family:Arial;\r\n\tmso-generic-font-family:auto;\r\n\tmso-font-charset:0;\r\n\tmso-number-format:General;\r\n\ttext-align:center;\r\n\tvertical-align:bottom;\r\n\tborder:.5pt solid windowtext;\r\n\tbackground:#E1E1E1;\r\n\tmso-pattern:black none;\r\n\twhite-space:normal;}\r\n.xl662345\r\n\t{padding-top:1px;\r\n\tpadding-right:1px;\r\n\tpadding-left:1px;\r\n\tmso-ignore:padding;\r\n\tcolor:black;\r\n\tfont-size:11.0pt;\r\n\tfont-weight:400;\r\n\tfont-style:normal;\r\n\ttext-decoration:none;\r\n\tfont-family:Calibri, sans-serif;\r\n\tmso-font-charset:0;\r\n\tmso-number-format:General;\r\n\ttext-align:general;\r\n\tvertical-align:bottom;\r\n\tborder:.5pt solid windowtext;\r\n\tmso-background-source:auto;\r\n\tmso-pattern:auto;\r\n\twhite-space:nowrap;}\r\n.xl672345\r\n\t{padding-top:1px;\r\n\tpadding-right:1px;\r\n\tpadding-left:1px;\r\n\tmso-ignore:padding;\r\n\tcolor:black;\r\n\tfont-size:11.0pt;\r\n\tfont-weight:400;\r\n\tfont-style:normal;\r\n\ttext-decoration:none;\r\n\tfont-family:Calibri, sans-serif;\r\n\tmso-font-charset:0;\r\n\tmso-number-format:\"Short Date\";\r\n\ttext-align:general;\r\n\tvertical-align:bottom;\r\n\tborder:.5pt solid windowtext;\r\n\tmso-background-source:auto;\r\n\tmso-pattern:auto;\r\n\twhite-space:nowrap;}\r\n.xl682345\r\n\t{padding-top:1px;\r\n\tpadding-right:1px;\r\n\tpadding-left:1px;\r\n\tmso-ignore:padding;\r\n\tcolor:blue;\r\n\tfont-size:11.0pt;\r\n\tfont-weight:400;\r\n\tfont-style:normal;\r\n\ttext-decoration:underline;\r\n\ttext-underline-style:single;\r\n\tfont-family:Calibri, sans-serif;\r\n\tmso-font-charset:0;\r\n\tmso-number-format:General;\r\n\ttext-align:general;\r\n\tvertical-align:bottom;\r\n\tborder:.5pt solid windowtext;\r\n\tmso-background-source:auto;\r\n\tmso-pattern:auto;\r\n\twhite-space:nowrap;}\r\n.xl692345\r\n\t{padding-top:1px;\r\n\tpadding-right:1px;\r\n\tpadding-left:1px;\r\n\tmso-ignore:padding;\r\n\tcolor:white;\r\n\tfont-size:11.0pt;\r\n\tfont-weight:700;\r\n\tfont-style:normal;\r\n\ttext-decoration:none;\r\n\tfont-family:Arial;\r\n\tmso-generic-font-family:auto;\r\n\tmso-font-charset:0;\r\n\tmso-number-format:General;\r\n\ttext-align:center;\r\n\tvertical-align:bottom;\r\n\tborder:.5pt solid windowtext;\r\n\tbackground:#333333;\r\n\tmso-pattern:black none;\r\n\twhite-space:nowrap;}\r\n.xl702345\r\n\t{padding-top:1px;\r\n\tpadding-right:1px;\r\n\tpadding-left:1px;\r\n\tmso-ignore:padding;\r\n\tcolor:black;\r\n\tfont-size:10.0pt;\r\n\tfont-weight:400;\r\n\tfont-style:normal;\r\n\ttext-decoration:none;\r\n\tfont-family:Arial;\r\n\tmso-generic-font-family:auto;\r\n\tmso-font-charset:0;\r\n\tmso-number-format:General;\r\n\ttext-align:general;\r\n\tvertical-align:bottom;\r\n\tborder:.5pt solid windowtext;\r\n\tbackground:#E1E1E1;\r\n\tmso-pattern:black none;\r\n\twhite-space:nowrap;}\r\n-->\r\n<\/style>\r\n<\/head>\r\n\r\n<body>\r\n<!--[if !excel]>&nbsp;&nbsp;<![endif]-->\r\n<!--La siguiente informaci\u00f3n se gener\u00f3 mediante el Asistente para publicar como\r\np\u00e1gina web de Microsoft Excel.-->\r\n<!--Si se vuelve a publicar el mismo elemento desde Excel, se reemplazar\u00e1 toda\r\nla informaci\u00f3n comprendida entre las etiquetas DIV.-->\r\n<!----------------------------->\r\n<!--INICIO DE LOS RESULTADOS DEL ASISTENTE PARA PUBLICAR COMO P\u00c1GINA WEB DE\r\nEXCEL -->\r\n<!----------------------------->\r\n\r\n<div id=\"a69_f27_2345\" align=center x:publishsource=\"Excel\">\r\n\r\n<table border=0 cellpadding=0 cellspacing=0 width=9130 style='border-collapse:\r\n collapse;table-layout:fixed;width:6849pt'>\r\n <col width=56 style='mso-width-source:userset;mso-width-alt:2048;width:42pt'>\r\n <col width=236 span=2 style='mso-width-source:userset;mso-width-alt:8630;\r\n width:177pt'>\r\n <col width=115 style='mso-width-source:userset;mso-width-alt:4205;width:86pt'>\r\n <col width=315 style='mso-width-source:userset;mso-width-alt:11520;width:236pt'>\r\n <col width=244 style='mso-width-source:userset;mso-width-alt:8923;width:183pt'>\r\n <col width=487 style='mso-width-source:userset;mso-width-alt:17810;width:365pt'>\r\n <col width=236 style='mso-width-source:userset;mso-width-alt:8630;width:177pt'>\r\n <col width=181 style='mso-width-source:userset;mso-width-alt:6619;width:136pt'>\r\n <col width=319 style='mso-width-source:userset;mso-width-alt:11666;width:239pt'>\r\n <col width=346 style='mso-width-source:userset;mso-width-alt:12653;width:260pt'>\r\n <col width=358 style='mso-width-source:userset;mso-width-alt:13092;width:269pt'>\r\n <col width=330 style='mso-width-source:userset;mso-width-alt:12068;width:248pt'>\r\n <col width=189 style='mso-width-source:userset;mso-width-alt:6912;width:142pt'>\r\n <col width=277 style='mso-width-source:userset;mso-width-alt:10130;width:208pt'>\r\n <col width=264 style='mso-width-source:userset;mso-width-alt:9654;width:198pt'>\r\n <col width=707 style='mso-width-source:userset;mso-width-alt:25856;width:530pt'>\r\n <col width=242 style='mso-width-source:userset;mso-width-alt:8850;width:182pt'>\r\n <col width=354 style='mso-width-source:userset;mso-width-alt:12946;width:266pt'>\r\n <col width=707 span=3 style='mso-width-source:userset;mso-width-alt:25856;\r\n width:530pt'>\r\n <col width=207 style='mso-width-source:userset;mso-width-alt:7570;width:155pt'>\r\n <col width=707 style='mso-width-source:userset;mso-width-alt:25856;width:530pt'>\r\n <col width=313 style='mso-width-source:userset;mso-width-alt:11446;width:235pt'>\r\n <col width=117 span=2 style='mso-width-source:userset;mso-width-alt:4278;\r\n width:88pt'>\r\n <col width=56 style='mso-width-source:userset;mso-width-alt:2048;width:42pt'>\r\n <tr height=0 style='display:none'>\r\n  <td class=xl152345 width=56 style='width:42pt'>50750<\/td>\r\n  <td class=xl152345 width=236 style='width:177pt'><\/td>\r\n  <td class=xl152345 width=236 style='width:177pt'><\/td>\r\n  <td class=xl152345 width=115 style='width:86pt'><\/td>\r\n  <td class=xl152345 width=315 style='width:236pt'><\/td>\r\n  <td class=xl152345 width=244 style='width:183pt'><\/td>\r\n  <td class=xl152345 width=487 style='width:365pt'><\/td>\r\n  <td class=xl152345 width=236 style='width:177pt'><\/td>\r\n  <td class=xl152345 width=181 style='width:136pt'><\/td>\r\n  <td class=xl152345 width=319 style='width:239pt'><\/td>\r\n  <td class=xl152345 width=346 style='width:260pt'><\/td>\r\n  <td class=xl152345 width=358 style='width:269pt'><\/td>\r\n  <td class=xl152345 width=330 style='width:248pt'><\/td>\r\n  <td class=xl152345 width=189 style='width:142pt'><\/td>\r\n  <td class=xl152345 width=277 style='width:208pt'><\/td>\r\n  <td class=xl152345 width=264 style='width:198pt'><\/td>\r\n  <td class=xl152345 width=707 style='width:530pt'><\/td>\r\n  <td class=xl152345 width=242 style='width:182pt'><\/td>\r\n  <td class=xl152345 width=354 style='width:266pt'><\/td>\r\n  <td class=xl152345 width=707 style='width:530pt'><\/td>\r\n  <td class=xl152345 width=707 style='width:530pt'><\/td>\r\n  <td class=xl152345 width=707 style='width:530pt'><\/td>\r\n  <td class=xl152345 width=207 style='width:155pt'><\/td>\r\n  <td class=xl152345 width=707 style='width:530pt'><\/td>\r\n  <td class=xl152345 width=313 style='width:235pt'><\/td>\r\n  <td class=xl152345 width=117 style='width:88pt'><\/td>\r\n  <td class=xl152345 width=117 style='width:88pt'><\/td>\r\n  <td class=xl152345 width=56 style='width:42pt'><\/td>\r\n <\/tr>\r\n <tr height=20 style='height:15.0pt'>\r\n  <td colspan=3 height=20 class=xl692345 style='height:15.0pt'>T\u00cdTULO<\/td>\r\n  <td colspan=3 class=xl692345>NOMBRE CORTO<\/td>\r\n  <td colspan=3 class=xl692345>DESCRIPCI\u00d3N<\/td>\r\n  <td class=xl152345><\/td>\r\n  <td class=xl152345><\/td>\r\n  <td class=xl152345><\/td>\r\n  <td class=xl152345><\/td>\r\n  <td class=xl152345><\/td>\r\n  <td class=xl152345><\/td>\r\n  <td class=xl152345><\/td>\r\n  <td class=xl152345><\/td>\r\n  <td class=xl152345><\/td>\r\n  <td class=xl152345><\/td>\r\n  <td class=xl152345><\/td>\r\n  <td class=xl152345><\/td>\r\n  <td class=xl152345><\/td>\r\n  <td class=xl152345><\/td>\r\n  <td class=xl152345><\/td>\r\n  <td class=xl152345><\/td>\r\n  <td class=xl152345><\/td>\r\n  <td class=xl152345><\/td>\r\n  <td class=xl152345><\/td>\r\n <\/tr>\r\n <tr height=20 style='height:15.0pt'>\r\n  <td colspan=3 height=20 class=xl702345 style='height:15.0pt'>Las concesiones,\r\n  contratos, convenios, permisos, licencias o autorizaciones otorgadas<\/td>\r\n  <td colspan=3 class=xl702345>a69_f27<\/td>\r\n  <td colspan=3 class=xl702345>La informaci\u00f3n de cualquier tipo de concesi\u00f3n,\r\n  contratos, convenios, permisos, licencias o autorizaciones otorgados, de\r\n  acuerdo con sus atribuciones. La informaci\u00f3n se organizar\u00e1 por acto jur\u00eddico\r\n  y publicarse a partir de la fecha en la que \u00e9ste inici\u00f3.<span\r\n  style='mso-spacerun:yes'>\u00a0<\/span><\/td>\r\n  <td class=xl152345><\/td>\r\n  <td class=xl152345><\/td>\r\n  <td class=xl152345><\/td>\r\n  <td class=xl152345><\/td>\r\n  <td class=xl152345><\/td>\r\n  <td class=xl152345><\/td>\r\n  <td class=xl152345><\/td>\r\n  <td class=xl152345><\/td>\r\n  <td class=xl152345><\/td>\r\n  <td class=xl152345><\/td>\r\n  <td class=xl152345><\/td>\r\n  <td class=xl152345><\/td>\r\n  <td class=xl152345><\/td>\r\n  <td class=xl152345><\/td>\r\n  <td class=xl152345><\/td>\r\n  <td class=xl152345><\/td>\r\n  <td class=xl152345><\/td>\r\n  <td class=xl152345><\/td>\r\n  <td class=xl152345><\/td>\r\n <\/tr>\r\n <tr height=0 style='display:none'>\r\n  <td class=xl152345>1<\/td>\r\n  <td class=xl152345>4<\/td>\r\n  <td class=xl152345>4<\/td>\r\n  <td class=xl152345>9<\/td>\r\n  <td class=xl152345>2<\/td>\r\n  <td class=xl152345>2<\/td>\r\n  <td class=xl152345>2<\/td>\r\n  <td class=xl152345>1<\/td>\r\n  <td class=xl152345>9<\/td>\r\n  <td class=xl152345>1<\/td>\r\n  <td class=xl152345>1<\/td>\r\n  <td class=xl152345>1<\/td>\r\n  <td class=xl152345>1<\/td>\r\n  <td class=xl152345>4<\/td>\r\n  <td class=xl152345>4<\/td>\r\n  <td class=xl152345>1<\/td>\r\n  <td class=xl152345>7<\/td>\r\n  <td class=xl152345>2<\/td>\r\n  <td class=xl152345>6<\/td>\r\n  <td class=xl152345>7<\/td>\r\n  <td class=xl152345>7<\/td>\r\n  <td class=xl152345>7<\/td>\r\n  <td class=xl152345>9<\/td>\r\n  <td class=xl152345>7<\/td>\r\n  <td class=xl152345>2<\/td>\r\n  <td class=xl152345>4<\/td>\r\n  <td class=xl152345>13<\/td>\r\n  <td class=xl152345>14<\/td>\r\n <\/tr>\r\n <tr height=0 style='display:none'>\r\n  <td class=xl152345>466529<\/td>\r\n  <td class=xl152345>466542<\/td>\r\n  <td class=xl152345>466543<\/td>\r\n  <td class=xl152345>466519<\/td>\r\n  <td class=xl152345>466544<\/td>\r\n  <td class=xl152345>466530<\/td>\r\n  <td class=xl152345>466531<\/td>\r\n  <td class=xl152345>466523<\/td>\r\n  <td class=xl152345>466541<\/td>\r\n  <td class=xl152345>466524<\/td>\r\n  <td class=xl152345>466525<\/td>\r\n  <td class=xl152345>466526<\/td>\r\n  <td class=xl152345>466527<\/td>\r\n  <td class=xl152345>466533<\/td>\r\n  <td class=xl152345>466534<\/td>\r\n  <td class=xl152345>466528<\/td>\r\n  <td class=xl152345>466539<\/td>\r\n  <td class=xl152345>466532<\/td>\r\n  <td class=xl152345>466545<\/td>\r\n  <td class=xl152345>466537<\/td>\r\n  <td class=xl152345>466536<\/td>\r\n  <td class=xl152345>466538<\/td>\r\n  <td class=xl152345>466546<\/td>\r\n  <td class=xl152345>466522<\/td>\r\n  <td class=xl152345>466520<\/td>\r\n  <td class=xl152345>466535<\/td>\r\n  <td class=xl152345>466540<\/td>\r\n  <td class=xl152345>466521<\/td>\r\n <\/tr>\r\n <tr height=20 style='height:15.0pt'>\r\n  <td colspan=28 height=20 class=xl692345 style='height:15.0pt'>Tabla Campos<\/td>\r\n <\/tr>\r\n <tr height=35 style='height:26.25pt'>\r\n  <td height=35 class=xl652345 width=56 style='height:26.25pt;width:42pt'>Ejercicio<\/td>\r\n  <td class=xl652345 width=236 style='border-left:none;width:177pt'>Fecha de\r\n  inicio del periodo que se informa<\/td>\r\n  <td class=xl652345 width=236 style='border-left:none;width:177pt'>Fecha de\r\n  t\u00e9rmino del periodo que se informa<\/td>\r\n  <td class=xl652345 width=115 style='border-left:none;width:86pt'>Tipo de acto\r\n  jur\u00eddico (cat\u00e1logo)<\/td>\r\n  <td class=xl652345 width=315 style='border-left:none;width:236pt'>N\u00famero de\r\n  control interno asignado, en su caso, al contrato, convenio, concesi\u00f3n, entre\r\n  otros.<\/td>\r\n  <td class=xl652345 width=244 style='border-left:none;width:183pt'>Objeto de\r\n  la realizaci\u00f3n del acto jur\u00eddico<\/td>\r\n  <td class=xl652345 width=487 style='border-left:none;width:365pt'>Fundamento\r\n  jur\u00eddico por el cual se llev\u00f3 a cabo el acto<\/td>\r\n  <td class=xl652345 width=236 style='border-left:none;width:177pt'>Unidad(es)\r\n  o \u00e1rea(s) responsable(s) de instrumentaci\u00f3n<\/td>\r\n  <td class=xl652345 width=181 style='border-left:none;width:136pt'>Sector al\r\n  cual se otorg\u00f3 el acto jur\u00eddico (cat\u00e1logo)<\/td>\r\n  <td class=xl652345 width=319 style='border-left:none;width:239pt'>Nombre(s)\r\n  del titular al cual se otorg\u00f3 el acto jur\u00eddico<\/td>\r\n  <td class=xl652345 width=346 style='border-left:none;width:260pt'>Primer\r\n  apellido del titular al cual se otorg\u00f3 el acto jur\u00eddico<\/td>\r\n  <td class=xl652345 width=358 style='border-left:none;width:269pt'>Segundo\r\n  apellido del titular al cual se otorg\u00f3 el acto jur\u00eddico<\/td>\r\n  <td class=xl652345 width=330 style='border-left:none;width:248pt'>Raz\u00f3n\r\n  social del titular al cual se otorg\u00f3 el acto jur\u00eddico<\/td>\r\n  <td class=xl652345 width=189 style='border-left:none;width:142pt'>Fecha de\r\n  inicio de vigencia del acto jur\u00eddico<span style='mso-spacerun:yes'>\u00a0<\/span><\/td>\r\n  <td class=xl652345 width=277 style='border-left:none;width:208pt'>Fecha de\r\n  t\u00e9rmino de vigencia del acto jur\u00eddico<\/td>\r\n  <td class=xl652345 width=264 style='border-left:none;width:198pt'>Cl\u00e1usula en\r\n  que se especifican los t\u00e9rminos y condiciones del acto jur\u00eddico<\/td>\r\n  <td class=xl652345 width=707 style='border-left:none;width:530pt'>Hiperv\u00ednculo\r\n  al contrato, convenio, permiso, licencia o concesi\u00f3n<\/td>\r\n  <td class=xl652345 width=242 style='border-left:none;width:182pt'>Monto total\r\n  o beneficio, servicio y\/o recurso p\u00fablico aprovechado<\/td>\r\n  <td class=xl652345 width=354 style='border-left:none;width:266pt'>Monto\r\n  entregado, bien, servicio y\/o recurso p\u00fablico aprovechado al periodo que se\r\n  informa<\/td>\r\n  <td class=xl652345 width=707 style='border-left:none;width:530pt'>Hiperv\u00ednculo\r\n  al documento donde se desglose el gasto a precios del a\u00f1o<\/td>\r\n  <td class=xl652345 width=707 style='border-left:none;width:530pt'>Hiperv\u00ednculo\r\n  al informe sobre el monto total erogado, que en su caso corresponda<\/td>\r\n  <td class=xl652345 width=707 style='border-left:none;width:530pt'>Hiperv\u00ednculo\r\n  al contrato plurianual modificado, en su caso<\/td>\r\n  <td class=xl652345 width=207 style='border-left:none;width:155pt'>Se\r\n  realizaron convenios modificatorios (cat\u00e1logo)<\/td>\r\n  <td class=xl652345 width=707 style='border-left:none;width:530pt'>Hiperv\u00ednculo\r\n  al convenio modificatorio, si as\u00ed corresponde<\/td>\r\n  <td class=xl652345 width=313 style='border-left:none;width:235pt'>\u00c1rea(s)\r\n  responsable(s) que genera(n), posee(n), publica(n) y actualizan la\r\n  informaci\u00f3n<\/td>\r\n  <td class=xl652345 width=117 style='border-left:none;width:88pt'>Fecha de\r\n  validaci\u00f3n<\/td>\r\n  <td class=xl652345 width=117 style='border-left:none;width:88pt'>Fecha de\r\n  actualizaci\u00f3n<\/td>\r\n  <td class=xl652345 width=56 style='border-left:none;width:42pt'>Nota<\/td>\r\n <\/tr>\r\n <tr height=20 style='height:15.0pt'>\r\n  <td height=20 class=xl662345 align=right style='height:15.0pt;border-top:\r\n  none'>2019<\/td>\r\n  <td class=xl672345 align=right style='border-top:none;border-left:none'>01\/07\/2019<\/td>\r\n  <td class=xl672345 align=right style='border-top:none;border-left:none'>30\/09\/2019<\/td>\r\n  <td class=xl662345 style='border-top:none;border-left:none'>Permiso<\/td>\r\n  <td class=xl662345 align=right style='border-top:none;border-left:none'>0<\/td>\r\n  <td class=xl662345 style='border-top:none;border-left:none'>Para ayudar a\r\n  Jovenes con Adicciones<span style='mso-spacerun:yes'>\u00a0<\/span><\/td>\r\n  <td class=xl662345 style='border-top:none;border-left:none'>Ley Organica del\r\n  Municipio y la Norma Oficial Mexicana NOM-028-SSA2-1999<\/td>\r\n  <td class=xl662345 style='border-top:none;border-left:none'>Direccion de\r\n  Sanidad<\/td>\r\n  <td class=xl662345 style='border-top:none;border-left:none'>P\u00fablico<\/td>\r\n  <td class=xl662345 style='border-top:none;border-left:none'>Maria Antonieta\r\n  de los Angeles<\/td>\r\n  <td class=xl662345 style='border-top:none;border-left:none'>Anaya<span\r\n  style='mso-spacerun:yes'>\u00a0<\/span><\/td>\r\n  <td class=xl662345 style='border-top:none;border-left:none'>Ortega<span\r\n  style='mso-spacerun:yes'>\u00a0<\/span><\/td>\r\n  <td class=xl662345 style='border-top:none;border-left:none'>Presidenta\r\n  Municipal Constitucional de Apan<span style='mso-spacerun:yes'>\u00a0<\/span><\/td>\r\n  <td class=xl672345 align=right style='border-top:none;border-left:none'>01\/02\/2017<\/td>\r\n  <td class=xl672345 align=right style='border-top:none;border-left:none'>31\/08\/2020<\/td>\r\n  <td class=xl662345 style='border-top:none;border-left:none'>Ley General de\r\n  salud<span style='mso-spacerun:yes'>\u00a0<\/span><\/td>\r\n  <td class=xl682345 style='border-top:none;border-left:none'><a\r\n  href=\"https:\/\/www.apan.gob.mx\/descargables\/transparencia\/articulo69\/fraccion27\/2019_3\/sanidad\/FraXXVIIa1_1.pdf\">https:\/\/www.apan.gob.mx\/descargables\/transparencia\/articulo69\/fraccion27\/2019_3\/sanidad\/FraXXVIIa1_1.pdf<\/a><\/td>\r\n  <td class=xl662345 style='border-top:none;border-left:none'>&nbsp;<\/td>\r\n  <td class=xl662345 align=right style='border-top:none;border-left:none'>0<\/td>\r\n  <td class=xl682345 style='border-top:none;border-left:none'><a\r\n  href=\"https:\/\/www.apan.gob.mx\/descargables\/transparencia\/articulo69\/fraccion27\/2019_3\/sanidad\/FrXXVIIa1_2.pdf\">https:\/\/www.apan.gob.mx\/descargables\/transparencia\/articulo69\/fraccion27\/2019_3\/sanidad\/FrXXVIIa1_2.pdf<\/a><\/td>\r\n  <td class=xl682345 style='border-top:none;border-left:none'><a\r\n  href=\"https:\/\/www.apan.gob.mx\/descargables\/transparencia\/articulo69\/fraccion27\/2019_3\/sanidad\/FrXXVIIa1_3.pdf\">https:\/\/www.apan.gob.mx\/descargables\/transparencia\/articulo69\/fraccion27\/2019_3\/sanidad\/FrXXVIIa1_3.pdf<\/a><\/td>\r\n  <td class=xl682345 style='border-top:none;border-left:none'><a\r\n  href=\"https:\/\/www.apan.gob.mx\/descargables\/transparencia\/articulo69\/fraccion27\/2019_3\/sanidad\/FrXXVIIa1_4.pdf\">https:\/\/www.apan.gob.mx\/descargables\/transparencia\/articulo69\/fraccion27\/2019_3\/sanidad\/FrXXVIIa1_4.pdf<\/a><\/td>\r\n  <td class=xl662345 style='border-top:none;border-left:none'>No<\/td>\r\n  <td class=xl682345 style='border-top:none;border-left:none'><a\r\n  href=\"https:\/\/www.apan.gob.mx\/descargables\/transparencia\/articulo69\/fraccion27\/2019_3\/sanidad\/FraXXVIIa1_5.pdf\">https:\/\/www.apan.gob.mx\/descargables\/transparencia\/articulo69\/fraccion27\/2019_3\/sanidad\/FraXXVIIa1_5.pdf<\/a><\/td>\r\n  <td class=xl662345 style='border-top:none;border-left:none'>Direccion de\r\n  Sanidad<\/td>\r\n  <td class=xl672345 align=right style='border-top:none;border-left:none'>14\/10\/2019<\/td>\r\n  <td class=xl672345 align=right style='border-top:none;border-left:none'>01\/01\/2018<\/td>\r\n  <td class=xl662345 style='border-top:none;border-left:none'>&nbsp;<\/td>\r\n <\/tr>\r\n <![if supportMisalignedColumns]>\r\n <tr height=0 style='display:none'>\r\n  <td width=56 style='width:42pt'><\/td>\r\n  <td width=236 style='width:177pt'><\/td>\r\n  <td width=236 style='width:177pt'><\/td>\r\n  <td width=115 style='width:86pt'><\/td>\r\n  <td width=315 style='width:236pt'><\/td>\r\n  <td width=244 style='width:183pt'><\/td>\r\n  <td width=487 style='width:365pt'><\/td>\r\n  <td width=236 style='width:177pt'><\/td>\r\n  <td width=181 style='width:136pt'><\/td>\r\n  <td width=319 style='width:239pt'><\/td>\r\n  <td width=346 style='width:260pt'><\/td>\r\n  <td width=358 style='width:269pt'><\/td>\r\n  <td width=330 style='width:248pt'><\/td>\r\n  <td width=189 style='width:142pt'><\/td>\r\n  <td width=277 style='width:208pt'><\/td>\r\n  <td width=264 style='width:198pt'><\/td>\r\n  <td width=707 style='width:530pt'><\/td>\r\n  <td width=242 style='width:182pt'><\/td>\r\n  <td width=354 style='width:266pt'><\/td>\r\n  <td width=707 style='width:530pt'><\/td>\r\n  <td width=707 style='width:530pt'><\/td>\r\n  <td width=707 style='width:530pt'><\/td>\r\n  <td width=207 style='width:155pt'><\/td>\r\n  <td width=707 style='width:530pt'><\/td>\r\n  <td width=313 style='width:235pt'><\/td>\r\n  <td width=117 style='width:88pt'><\/td>\r\n  <td width=117 style='width:88pt'><\/td>\r\n  <td width=56 style='width:42pt'><\/td>\r\n <\/tr>\r\n <![endif]>\r\n<\/table>\r\n\r\n<\/div>\r\n\r\n\r\n<!----------------------------->\r\n<!--FINAL DE LOS RESULTADOS DEL ASISTENTE PARA PUBLICAR COMO P\u00c1GINA WEB DE\r\nEXCEL-->\r\n<!----------------------------->\r\n<\/body>\r\n\r\n<\/html>\r\n\t\t<\/div>\n\t\t\t\t<\/div>\n\t\t\t\t\t\t<\/div>\n\t\t\t\t\t<\/div>\n\t\t<\/div>\n\t\t\t\t\t\t\t\t<\/div>\n\t\t\t\t\t<\/div>\n\t\t<\/section>\n\t\t\t\t\t\t\t\t\t<\/div>\n\t\t\t<\/div>\n\t\t\t\t\t<\/div>\n\t\t","protected":false},"excerpt":{"rendered":"<p>&nbsp; Fracci\u00f3n XXVII &nbsp; &lt;![if supportMisalignedColumns]&gt;&lt;![endif]&gt; 50750 T\u00cdTULO NOMBRE CORTO DESCRIPCI\u00d3N Las concesiones, contratos, convenios, permisos, licencias o autorizaciones otorgadas a69_f27 La informaci\u00f3n de cualquier tipo de concesi\u00f3n, contratos, convenios, permisos, licencias o autorizaciones otorgados, de acuerdo con sus atribuciones. La informaci\u00f3n se organizar\u00e1 por acto jur\u00eddico y publicarse a partir de la fecha en [&hellip;]<\/p>\n","protected":false},"author":1,"featured_media":0,"parent":6796,"menu_order":0,"comment_status":"closed","ping_status":"closed","template":"page-template-full.php","meta":[],"jetpack_sharing_enabled":true,"_links":{"self":[{"href":"https:\/\/apan.gob.mx\/portal\/wp-json\/wp\/v2\/pages\/7081"}],"collection":[{"href":"https:\/\/apan.gob.mx\/portal\/wp-json\/wp\/v2\/pages"}],"about":[{"href":"https:\/\/apan.gob.mx\/portal\/wp-json\/wp\/v2\/types\/page"}],"author":[{"embeddable":true,"href":"https:\/\/apan.gob.mx\/portal\/wp-json\/wp\/v2\/users\/1"}],"replies":[{"embeddable":true,"href":"https:\/\/apan.gob.mx\/portal\/wp-json\/wp\/v2\/comments?post=7081"}],"version-history":[{"count":3,"href":"https:\/\/apan.gob.mx\/portal\/wp-json\/wp\/v2\/pages\/7081\/revisions"}],"predecessor-version":[{"id":7085,"href":"https:\/\/apan.gob.mx\/portal\/wp-json\/wp\/v2\/pages\/7081\/revisions\/7085"}],"up":[{"embeddable":true,"href":"https:\/\/apan.gob.mx\/portal\/wp-json\/wp\/v2\/pages\/6796"}],"wp:attachment":[{"href":"https:\/\/apan.gob.mx\/portal\/wp-json\/wp\/v2\/media?parent=7081"}],"curies":[{"name":"wp","href":"https:\/\/api.w.org\/{rel}","templated":true}]}}