{"id":7156,"date":"2019-10-16T12:25:32","date_gmt":"2019-10-16T17:25:32","guid":{"rendered":"https:\/\/apan.gob.mx\/portal\/?page_id=7156"},"modified":"2019-10-16T12:28:29","modified_gmt":"2019-10-16T17:28:29","slug":"7156-2","status":"publish","type":"page","link":"https:\/\/apan.gob.mx\/portal\/7156-2\/","title":{"rendered":"<!--secretaria-41-2019-3-->"},"content":{"rendered":"\t\t<div data-elementor-type=\"wp-page\" data-elementor-id=\"7156\" class=\"elementor elementor-7156 elementor-bc-flex-widget\">\n\t\t\t\t\t\t<div class=\"elementor-inner\">\n\t\t\t\t<div class=\"elementor-section-wrap\">\n\t\t\t\t\t\t\t\t\t<section class=\"has_ae_slider elementor-section elementor-top-section elementor-element elementor-element-ziasdst elementor-section-boxed elementor-section-height-default elementor-section-height-default ae-bg-gallery-type-default\" data-id=\"ziasdst\" data-element_type=\"section\">\n\t\t\t\t\t\t<div class=\"elementor-container elementor-column-gap-default\">\n\t\t\t\t\t\t\t<div class=\"elementor-row\">\n\t\t\t\t\t<div class=\"has_ae_slider elementor-column elementor-col-100 elementor-top-column elementor-element elementor-element-vvfolsr ae-bg-gallery-type-default\" data-id=\"vvfolsr\" data-element_type=\"column\">\n\t\t\t<div class=\"elementor-column-wrap elementor-element-populated\">\n\t\t\t\t\t\t\t<div class=\"elementor-widget-wrap\">\n\t\t\t\t\t\t<div class=\"elementor-element elementor-element-dvgntko elementor-widget elementor-widget-heading\" data-id=\"dvgntko\" data-element_type=\"widget\" data-widget_type=\"heading.default\">\n\t\t\t\t<div class=\"elementor-widget-container\">\n\t\t\t<h2 class=\"elementor-heading-title elementor-size-medium\">Fracci\u00f3n XLI<\/h2>\t\t<\/div>\n\t\t\t\t<\/div>\n\t\t\t\t<div class=\"elementor-element elementor-element-zeciztm elementor-widget elementor-widget-html\" data-id=\"zeciztm\" data-element_type=\"widget\" data-widget_type=\"html.default\">\n\t\t\t\t<div class=\"elementor-widget-container\">\n\t\t\t<html xmlns:o=\"urn:schemas-microsoft-com:office:office\"\r\nxmlns:x=\"urn:schemas-microsoft-com:office:excel\"\r\nxmlns=\"http:\/\/www.w3.org\/TR\/REC-html40\">\r\n\r\n<head>\r\n<meta http-equiv=Content-Type content=\"text\/html; charset=windows-1252\">\r\n<meta name=ProgId content=Excel.Sheet>\r\n<meta name=Generator content=\"Microsoft Excel 15\">\r\n<link rel=File-List href=\"a69_f41_archivos\/filelist.xml\">\r\n<style id=\"a69_f41_15725_Styles\">\r\n<!--table\r\n\t{mso-displayed-decimal-separator:\"\\.\";\r\n\tmso-displayed-thousand-separator:\"\\,\";}\r\n.xl1515725\r\n\t{padding-top:1px;\r\n\tpadding-right:1px;\r\n\tpadding-left:1px;\r\n\tmso-ignore:padding;\r\n\tcolor:black;\r\n\tfont-size:11.0pt;\r\n\tfont-weight:400;\r\n\tfont-style:normal;\r\n\ttext-decoration:none;\r\n\tfont-family:Calibri, sans-serif;\r\n\tmso-font-charset:0;\r\n\tmso-number-format:General;\r\n\ttext-align:general;\r\n\tvertical-align:bottom;\r\n\tmso-background-source:auto;\r\n\tmso-pattern:auto;\r\n\twhite-space:nowrap;}\r\n.xl6515725\r\n\t{padding-top:1px;\r\n\tpadding-right:1px;\r\n\tpadding-left:1px;\r\n\tmso-ignore:padding;\r\n\tcolor:black;\r\n\tfont-size:10.0pt;\r\n\tfont-weight:400;\r\n\tfont-style:normal;\r\n\ttext-decoration:none;\r\n\tfont-family:Arial;\r\n\tmso-generic-font-family:auto;\r\n\tmso-font-charset:0;\r\n\tmso-number-format:General;\r\n\ttext-align:center;\r\n\tvertical-align:bottom;\r\n\tborder:.5pt solid windowtext;\r\n\tbackground:#E1E1E1;\r\n\tmso-pattern:black none;\r\n\twhite-space:normal;}\r\n.xl6615725\r\n\t{padding-top:1px;\r\n\tpadding-right:1px;\r\n\tpadding-left:1px;\r\n\tmso-ignore:padding;\r\n\tcolor:black;\r\n\tfont-size:11.0pt;\r\n\tfont-weight:400;\r\n\tfont-style:normal;\r\n\ttext-decoration:none;\r\n\tfont-family:Calibri, sans-serif;\r\n\tmso-font-charset:0;\r\n\tmso-number-format:General;\r\n\ttext-align:general;\r\n\tvertical-align:top;\r\n\tborder:.5pt solid windowtext;\r\n\tmso-background-source:auto;\r\n\tmso-pattern:auto;\r\n\twhite-space:nowrap;}\r\n.xl6715725\r\n\t{padding-top:1px;\r\n\tpadding-right:1px;\r\n\tpadding-left:1px;\r\n\tmso-ignore:padding;\r\n\tcolor:black;\r\n\tfont-size:11.0pt;\r\n\tfont-weight:400;\r\n\tfont-style:normal;\r\n\ttext-decoration:none;\r\n\tfont-family:Calibri, sans-serif;\r\n\tmso-font-charset:0;\r\n\tmso-number-format:\"Short Date\";\r\n\ttext-align:general;\r\n\tvertical-align:top;\r\n\tborder:.5pt solid windowtext;\r\n\tmso-background-source:auto;\r\n\tmso-pattern:auto;\r\n\twhite-space:nowrap;}\r\n.xl6815725\r\n\t{padding-top:1px;\r\n\tpadding-right:1px;\r\n\tpadding-left:1px;\r\n\tmso-ignore:padding;\r\n\tcolor:#0563C1;\r\n\tfont-size:11.0pt;\r\n\tfont-weight:400;\r\n\tfont-style:normal;\r\n\ttext-decoration:underline;\r\n\ttext-underline-style:single;\r\n\tfont-family:Calibri, sans-serif;\r\n\tmso-font-charset:0;\r\n\tmso-number-format:General;\r\n\ttext-align:general;\r\n\tvertical-align:top;\r\n\tborder:.5pt solid windowtext;\r\n\tmso-background-source:auto;\r\n\tmso-pattern:auto;\r\n\twhite-space:nowrap;}\r\n.xl6915725\r\n\t{padding-top:1px;\r\n\tpadding-right:1px;\r\n\tpadding-left:1px;\r\n\tmso-ignore:padding;\r\n\tcolor:black;\r\n\tfont-size:11.0pt;\r\n\tfont-weight:400;\r\n\tfont-style:normal;\r\n\ttext-decoration:none;\r\n\tfont-family:Calibri, sans-serif;\r\n\tmso-font-charset:0;\r\n\tmso-number-format:\"\\#\\,\\#\\#0\";\r\n\ttext-align:general;\r\n\tvertical-align:top;\r\n\tborder:.5pt solid windowtext;\r\n\tmso-background-source:auto;\r\n\tmso-pattern:auto;\r\n\twhite-space:nowrap;}\r\n.xl7015725\r\n\t{padding-top:1px;\r\n\tpadding-right:1px;\r\n\tpadding-left:1px;\r\n\tmso-ignore:padding;\r\n\tcolor:white;\r\n\tfont-size:11.0pt;\r\n\tfont-weight:700;\r\n\tfont-style:normal;\r\n\ttext-decoration:none;\r\n\tfont-family:Arial;\r\n\tmso-generic-font-family:auto;\r\n\tmso-font-charset:0;\r\n\tmso-number-format:General;\r\n\ttext-align:center;\r\n\tvertical-align:bottom;\r\n\tborder:.5pt solid windowtext;\r\n\tbackground:#333333;\r\n\tmso-pattern:black none;\r\n\twhite-space:normal;}\r\n.xl7115725\r\n\t{padding-top:1px;\r\n\tpadding-right:1px;\r\n\tpadding-left:1px;\r\n\tmso-ignore:padding;\r\n\tcolor:black;\r\n\tfont-size:10.0pt;\r\n\tfont-weight:400;\r\n\tfont-style:normal;\r\n\ttext-decoration:none;\r\n\tfont-family:Arial;\r\n\tmso-generic-font-family:auto;\r\n\tmso-font-charset:0;\r\n\tmso-number-format:General;\r\n\ttext-align:general;\r\n\tvertical-align:bottom;\r\n\tborder:.5pt solid windowtext;\r\n\tbackground:#E1E1E1;\r\n\tmso-pattern:black none;\r\n\twhite-space:nowrap;}\r\n-->\r\n<\/style>\r\n<\/head>\r\n\r\n<body>\r\n<!--[if !excel]>&nbsp;&nbsp;<![endif]-->\r\n<!--La siguiente informaci\u00f3n se gener\u00f3 mediante el Asistente para publicar como\r\np\u00e1gina web de Microsoft Excel.-->\r\n<!--Si se vuelve a publicar el mismo elemento desde Excel, se reemplazar\u00e1 toda\r\nla informaci\u00f3n comprendida entre las etiquetas DIV.-->\r\n<!----------------------------->\r\n<!--INICIO DE LOS RESULTADOS DEL ASISTENTE PARA PUBLICAR COMO P\u00c1GINA WEB DE\r\nEXCEL -->\r\n<!----------------------------->\r\n\r\n<div id=\"a69_f41_15725\" align=center x:publishsource=\"Excel\">\r\n\r\n<table border=0 cellpadding=0 cellspacing=0 width=6910 style='border-collapse:\r\n collapse;table-layout:fixed;width:5186pt'>\r\n <col width=56 style='mso-width-source:userset;mso-width-alt:2048;width:42pt'>\r\n <col width=255 style='mso-width-source:userset;mso-width-alt:9325;width:191pt'>\r\n <col width=270 style='mso-width-source:userset;mso-width-alt:9874;width:203pt'>\r\n <col width=417 style='mso-width-source:userset;mso-width-alt:15250;width:313pt'>\r\n <col width=108 style='mso-width-source:userset;mso-width-alt:3949;width:81pt'>\r\n <col width=544 style='mso-width-source:userset;mso-width-alt:19894;width:408pt'>\r\n <col width=369 style='mso-width-source:userset;mso-width-alt:13494;width:277pt'>\r\n <col width=221 style='mso-width-source:userset;mso-width-alt:8082;width:166pt'>\r\n <col width=392 style='mso-width-source:userset;mso-width-alt:14336;width:294pt'>\r\n <col width=322 style='mso-width-source:userset;mso-width-alt:11776;width:242pt'>\r\n <col width=198 style='mso-width-source:userset;mso-width-alt:7241;width:149pt'>\r\n <col width=187 style='mso-width-source:userset;mso-width-alt:6838;width:140pt'>\r\n <col width=262 style='mso-width-source:userset;mso-width-alt:9581;width:197pt'>\r\n <col width=530 style='mso-width-source:userset;mso-width-alt:19382;width:398pt'>\r\n <col width=450 style='mso-width-source:userset;mso-width-alt:16457;width:338pt'>\r\n <col width=455 style='mso-width-source:userset;mso-width-alt:16640;width:341pt'>\r\n <col width=686 style='mso-width-source:userset;mso-width-alt:25088;width:515pt'>\r\n <col width=512 style='mso-width-source:userset;mso-width-alt:18724;width:384pt'>\r\n <col width=96 span=2 style='mso-width-source:userset;mso-width-alt:3510;\r\n width:72pt'>\r\n <col width=484 style='mso-width-source:userset;mso-width-alt:17700;width:363pt'>\r\n <tr height=0 style='display:none'>\r\n  <td class=xl1515725 width=56 style='width:42pt'>45768<\/td>\r\n  <td class=xl1515725 width=255 style='width:191pt'><\/td>\r\n  <td class=xl1515725 width=270 style='width:203pt'><\/td>\r\n  <td class=xl1515725 width=417 style='width:313pt'><\/td>\r\n  <td class=xl1515725 width=108 style='width:81pt'><\/td>\r\n  <td class=xl1515725 width=544 style='width:408pt'><\/td>\r\n  <td class=xl1515725 width=369 style='width:277pt'><\/td>\r\n  <td class=xl1515725 width=221 style='width:166pt'><\/td>\r\n  <td class=xl1515725 width=392 style='width:294pt'><\/td>\r\n  <td class=xl1515725 width=322 style='width:242pt'><\/td>\r\n  <td class=xl1515725 width=198 style='width:149pt'><\/td>\r\n  <td class=xl1515725 width=187 style='width:140pt'><\/td>\r\n  <td class=xl1515725 width=262 style='width:197pt'><\/td>\r\n  <td class=xl1515725 width=530 style='width:398pt'><\/td>\r\n  <td class=xl1515725 width=450 style='width:338pt'><\/td>\r\n  <td class=xl1515725 width=455 style='width:341pt'><\/td>\r\n  <td class=xl1515725 width=686 style='width:515pt'><\/td>\r\n  <td class=xl1515725 width=512 style='width:384pt'><\/td>\r\n  <td class=xl1515725 width=96 style='width:72pt'><\/td>\r\n  <td class=xl1515725 width=96 style='width:72pt'><\/td>\r\n  <td class=xl1515725 width=484 style='width:363pt'><\/td>\r\n <\/tr>\r\n <tr height=20 style='height:15.0pt'>\r\n  <td colspan=3 height=20 class=xl7015725 width=581 style='height:15.0pt;\r\n  width:436pt'>T\u00cdTULO<\/td>\r\n  <td colspan=3 class=xl7015725 width=1069 style='width:802pt'>NOMBRE CORTO<\/td>\r\n  <td colspan=3 class=xl7015725 width=982 style='width:737pt'>DESCRIPCI\u00d3N<\/td>\r\n  <td class=xl1515725><\/td>\r\n  <td class=xl1515725><\/td>\r\n  <td class=xl1515725><\/td>\r\n  <td class=xl1515725><\/td>\r\n  <td class=xl1515725><\/td>\r\n  <td class=xl1515725><\/td>\r\n  <td class=xl1515725><\/td>\r\n  <td class=xl1515725><\/td>\r\n  <td class=xl1515725><\/td>\r\n  <td class=xl1515725><\/td>\r\n  <td class=xl1515725><\/td>\r\n  <td class=xl1515725><\/td>\r\n <\/tr>\r\n <tr height=20 style='height:15.0pt'>\r\n  <td colspan=3 height=20 class=xl7115725 style='height:15.0pt'>Estudios\r\n  financiados con recursos p\u00fablicos<\/td>\r\n  <td colspan=3 class=xl7115725>a69_f41<\/td>\r\n  <td colspan=3 class=xl7115725>En este apartado se deber\u00e1 publicar un cat\u00e1logo\r\n  con todos los estudios, investigaciones o an\u00e1lisis<\/td>\r\n  <td class=xl1515725><\/td>\r\n  <td class=xl1515725><\/td>\r\n  <td class=xl1515725><\/td>\r\n  <td class=xl1515725><\/td>\r\n  <td class=xl1515725><\/td>\r\n  <td class=xl1515725><\/td>\r\n  <td class=xl1515725><\/td>\r\n  <td class=xl1515725><\/td>\r\n  <td class=xl1515725><\/td>\r\n  <td class=xl1515725><\/td>\r\n  <td class=xl1515725><\/td>\r\n  <td class=xl1515725><\/td>\r\n <\/tr>\r\n <tr height=0 style='display:none'>\r\n  <td class=xl1515725>1<\/td>\r\n  <td class=xl1515725>4<\/td>\r\n  <td class=xl1515725>4<\/td>\r\n  <td class=xl1515725>9<\/td>\r\n  <td class=xl1515725>2<\/td>\r\n  <td class=xl1515725>2<\/td>\r\n  <td class=xl1515725>2<\/td>\r\n  <td class=xl1515725>1<\/td>\r\n  <td class=xl1515725>2<\/td>\r\n  <td class=xl1515725>10<\/td>\r\n  <td class=xl1515725>4<\/td>\r\n  <td class=xl1515725>1<\/td>\r\n  <td class=xl1515725>1<\/td>\r\n  <td class=xl1515725>7<\/td>\r\n  <td class=xl1515725>6<\/td>\r\n  <td class=xl1515725>6<\/td>\r\n  <td class=xl1515725>7<\/td>\r\n  <td class=xl1515725>2<\/td>\r\n  <td class=xl1515725>4<\/td>\r\n  <td class=xl1515725>13<\/td>\r\n  <td class=xl1515725>14<\/td>\r\n <\/tr>\r\n <tr height=0 style='display:none'>\r\n  <td class=xl1515725>379107<\/td>\r\n  <td class=xl1515725>379119<\/td>\r\n  <td class=xl1515725>379121<\/td>\r\n  <td class=xl1515725>379125<\/td>\r\n  <td class=xl1515725>379109<\/td>\r\n  <td class=xl1515725>379120<\/td>\r\n  <td class=xl1515725>379122<\/td>\r\n  <td class=xl1515725>379105<\/td>\r\n  <td class=xl1515725>379110<\/td>\r\n  <td class=xl1515725>379116<\/td>\r\n  <td class=xl1515725>379123<\/td>\r\n  <td class=xl1515725>379106<\/td>\r\n  <td class=xl1515725>379108<\/td>\r\n  <td class=xl1515725>379114<\/td>\r\n  <td class=xl1515725>379112<\/td>\r\n  <td class=xl1515725>379113<\/td>\r\n  <td class=xl1515725>379115<\/td>\r\n  <td class=xl1515725>379124<\/td>\r\n  <td class=xl1515725>379111<\/td>\r\n  <td class=xl1515725>379117<\/td>\r\n  <td class=xl1515725>379118<\/td>\r\n <\/tr>\r\n <tr height=20 style='height:15.0pt'>\r\n  <td colspan=21 height=20 class=xl7015725 width=6910 style='height:15.0pt;\r\n  width:5186pt'>Tabla Campos<\/td>\r\n <\/tr>\r\n <tr height=35 style='height:26.25pt'>\r\n  <td height=35 class=xl6515725 width=56 style='height:26.25pt;width:42pt'>Ejercicio<\/td>\r\n  <td class=xl6515725 width=255 style='border-left:none;width:191pt'>Fecha de\r\n  inicio del periodo que se informa<\/td>\r\n  <td class=xl6515725 width=270 style='border-left:none;width:203pt'>Fecha de\r\n  t\u00e9rmino del periodo que se informa<\/td>\r\n  <td class=xl6515725 width=417 style='border-left:none;width:313pt'>Forma y\r\n  actores participantes en la elaboraci\u00f3n del estudio (cat\u00e1logo)<\/td>\r\n  <td class=xl6515725 width=108 style='border-left:none;width:81pt'>T\u00edtulo del\r\n  estudio<\/td>\r\n  <td class=xl6515725 width=544 style='border-left:none;width:408pt'>\u00c1rea(s) al\r\n  interior del sujeto obligado que fue responsable de la elaboraci\u00f3n o\r\n  coordinaci\u00f3n<span style='mso-spacerun:yes'>\u00a0<\/span><\/td>\r\n  <td class=xl6515725 width=369 style='border-left:none;width:277pt'>Denominaci\u00f3n\r\n  de la instituci\u00f3n u organismo p\u00fablico o privado<\/td>\r\n  <td class=xl6515725 width=221 style='border-left:none;width:166pt'>N\u00famero de\r\n  ISBN<span style='mso-spacerun:yes'>\u00a0 <\/span>o ISSN , en su caso<\/td>\r\n  <td class=xl6515725 width=392 style='border-left:none;width:294pt'>Objeto del\r\n  estudio<\/td>\r\n  <td class=xl6515725 width=322 style='border-left:none;width:242pt'>Autor(es)\r\n  intelectual(es)<span style='mso-spacerun:yes'>\u00a0 <\/span><br>\r\n    Tabla_379116<\/td>\r\n  <td class=xl6515725 width=198 style='border-left:none;width:149pt'>Fecha de\r\n  publicaci\u00f3n del estudio<\/td>\r\n  <td class=xl6515725 width=187 style='border-left:none;width:140pt'>N\u00famero de\r\n  edici\u00f3n, en su caso<\/td>\r\n  <td class=xl6515725 width=262 style='border-left:none;width:197pt'>Lugar de\r\n  publicaci\u00f3n (nombre de la ciudad)<\/td>\r\n  <td class=xl6515725 width=530 style='border-left:none;width:398pt'>Hiperv\u00ednculo\r\n  a los contratos, convenios de colaboraci\u00f3n, coordinaci\u00f3n o figuras\r\n  an\u00e1logas<span style='mso-spacerun:yes'>\u00a0<\/span><\/td>\r\n  <td class=xl6515725 width=450 style='border-left:none;width:338pt'>Monto\r\n  total de los recursos p\u00fablicos destinados a la elaboraci\u00f3n del estudio<\/td>\r\n  <td class=xl6515725 width=455 style='border-left:none;width:341pt'>Monto\r\n  total de los recursos privados destinados a la elaboraci\u00f3n del estudio<span\r\n  style='mso-spacerun:yes'>\u00a0<\/span><\/td>\r\n  <td class=xl6515725 width=686 style='border-left:none;width:515pt'>Hiperv\u00ednculo\r\n  a los documentos que conforman el estudio<\/td>\r\n  <td class=xl6515725 width=512 style='border-left:none;width:384pt'>\u00c1rea(s)\r\n  responsable(s) que genera(n), posee(n), publica(n) y actualizan la\r\n  informaci\u00f3n<\/td>\r\n  <td class=xl6515725 width=96 style='border-left:none;width:72pt'>Fecha de\r\n  validaci\u00f3n<\/td>\r\n  <td class=xl6515725 width=96 style='border-left:none;width:72pt'>Fecha de\r\n  actualizaci\u00f3n<\/td>\r\n  <td class=xl6515725 width=484 style='border-left:none;width:363pt'>Nota<\/td>\r\n <\/tr>\r\n <tr height=20 style='height:15.0pt'>\r\n  <td height=20 class=xl6615725 align=right style='height:15.0pt;border-top:\r\n  none'>2019<\/td>\r\n  <td class=xl6715725 align=right style='border-top:none;border-left:none'>01\/07\/2019<\/td>\r\n  <td class=xl6715725 align=right style='border-top:none;border-left:none'>30\/09\/2019<\/td>\r\n  <td class=xl6615725 style='border-top:none;border-left:none'>&nbsp;<\/td>\r\n  <td class=xl6615725 style='border-top:none;border-left:none'>&nbsp;<\/td>\r\n  <td class=xl6615725 style='border-top:none;border-left:none'>&nbsp;<\/td>\r\n  <td class=xl6615725 style='border-top:none;border-left:none'>&nbsp;<\/td>\r\n  <td class=xl6615725 align=right style='border-top:none;border-left:none'>0<\/td>\r\n  <td class=xl6615725 style='border-top:none;border-left:none'>Obtener<span\r\n  style='mso-spacerun:yes'>\u00a0 <\/span>un programa municipal de desarrollo<span\r\n  style='mso-spacerun:yes'>\u00a0<\/span><\/td>\r\n  <td class=xl6615725 align=right style='border-top:none;border-left:none'>1<\/td>\r\n  <td class=xl6715725 style='border-top:none;border-left:none'>&nbsp;<\/td>\r\n  <td class=xl6615725 align=right style='border-top:none;border-left:none'>0<\/td>\r\n  <td class=xl6615725 style='border-top:none;border-left:none'>Hidalgo<\/td>\r\n  <td class=xl6815725 style='border-top:none;border-left:none'><a\r\n  href=\"https:\/\/www.apan.gob.mx\/descargables\/transparencia\/articulo69\/fraccion41\/2019_2\/secgral\/FrXLIa1_1.pdf\">https:\/\/www.apan.gob.mx\/descargables\/transparencia\/articulo69\/fraccion41\/2019_2<span\r\n  style='display:none'>\/secgral\/FrXLIa1_1.pdf<\/span><\/a><\/td>\r\n  <td class=xl6915725 style='border-top:none;border-left:none'>&nbsp;<\/td>\r\n  <td class=xl6615725 style='border-top:none;border-left:none'>&nbsp;<\/td>\r\n  <td class=xl6815725 style='border-top:none;border-left:none'><a\r\n  href=\"https:\/\/www.apan.gob.mx\/descargables\/transparencia\/articulo69\/fraccion41\/2019_3\/secgral\/FrXLIa1_2.pdf\">https:\/\/www.apan.gob.mx\/descargables\/transparencia\/articulo69\/fraccion41\/2019_3\/secgral\/FrXLIa1_2.pdf<\/a><\/td>\r\n  <td class=xl6615725 style='border-top:none;border-left:none'>Secretaria\r\n  General Municipal<\/td>\r\n  <td class=xl6715725 align=right style='border-top:none;border-left:none'>11\/10\/2019<\/td>\r\n  <td class=xl6715725 align=right style='border-top:none;border-left:none'>01\/01\/2019<\/td>\r\n  <td class=xl6615725 style='border-top:none;border-left:none'>En este\r\n  trimestre no se realizaron estudios financiados<span\r\n  style='mso-spacerun:yes'>\u00a0 <\/span>con fondos p\u00fablicos<\/td>\r\n <\/tr>\r\n <![if supportMisalignedColumns]>\r\n <tr height=0 style='display:none'>\r\n  <td width=56 style='width:42pt'><\/td>\r\n  <td width=255 style='width:191pt'><\/td>\r\n  <td width=270 style='width:203pt'><\/td>\r\n  <td width=417 style='width:313pt'><\/td>\r\n  <td width=108 style='width:81pt'><\/td>\r\n  <td width=544 style='width:408pt'><\/td>\r\n  <td width=369 style='width:277pt'><\/td>\r\n  <td width=221 style='width:166pt'><\/td>\r\n  <td width=392 style='width:294pt'><\/td>\r\n  <td width=322 style='width:242pt'><\/td>\r\n  <td width=198 style='width:149pt'><\/td>\r\n  <td width=187 style='width:140pt'><\/td>\r\n  <td width=262 style='width:197pt'><\/td>\r\n  <td width=530 style='width:398pt'><\/td>\r\n  <td width=450 style='width:338pt'><\/td>\r\n  <td width=455 style='width:341pt'><\/td>\r\n  <td width=686 style='width:515pt'><\/td>\r\n  <td width=512 style='width:384pt'><\/td>\r\n  <td width=96 style='width:72pt'><\/td>\r\n  <td width=96 style='width:72pt'><\/td>\r\n  <td width=484 style='width:363pt'><\/td>\r\n <\/tr>\r\n <![endif]>\r\n<\/table>\r\n\r\n<\/div>\r\n\r\n\r\n<!----------------------------->\r\n<!--FINAL DE LOS RESULTADOS DEL ASISTENTE PARA PUBLICAR COMO P\u00c1GINA WEB DE\r\nEXCEL-->\r\n<!----------------------------->\r\n<\/body>\r\n\r\n<\/html>\r\n\t\t<\/div>\n\t\t\t\t<\/div>\n\t\t\t\t\t\t<\/div>\n\t\t\t\t\t<\/div>\n\t\t<\/div>\n\t\t\t\t\t\t\t\t<\/div>\n\t\t\t\t\t<\/div>\n\t\t<\/section>\n\t\t\t\t\t\t\t\t\t<\/div>\n\t\t\t<\/div>\n\t\t\t\t\t<\/div>\n\t\t","protected":false},"excerpt":{"rendered":"<p>Fracci\u00f3n XLI 45768 T\u00cdTULO NOMBRE CORTO DESCRIPCI\u00d3N Estudios financiados con recursos p\u00fablicos a69_f41 En este apartado se deber\u00e1 publicar un cat\u00e1logo con todos los estudios, investigaciones o an\u00e1lisis 1 4 4 9 2 2 2 1 2 10 4 1 1 7 6 6 7 2 4 13 14 379107 379119 379121 379125 379109 379120 [&hellip;]<\/p>\n","protected":false},"author":1,"featured_media":0,"parent":0,"menu_order":0,"comment_status":"closed","ping_status":"closed","template":"page-template-full.php","meta":[],"jetpack_sharing_enabled":true,"_links":{"self":[{"href":"https:\/\/apan.gob.mx\/portal\/wp-json\/wp\/v2\/pages\/7156"}],"collection":[{"href":"https:\/\/apan.gob.mx\/portal\/wp-json\/wp\/v2\/pages"}],"about":[{"href":"https:\/\/apan.gob.mx\/portal\/wp-json\/wp\/v2\/types\/page"}],"author":[{"embeddable":true,"href":"https:\/\/apan.gob.mx\/portal\/wp-json\/wp\/v2\/users\/1"}],"replies":[{"embeddable":true,"href":"https:\/\/apan.gob.mx\/portal\/wp-json\/wp\/v2\/comments?post=7156"}],"version-history":[{"count":2,"href":"https:\/\/apan.gob.mx\/portal\/wp-json\/wp\/v2\/pages\/7156\/revisions"}],"predecessor-version":[{"id":7158,"href":"https:\/\/apan.gob.mx\/portal\/wp-json\/wp\/v2\/pages\/7156\/revisions\/7158"}],"wp:attachment":[{"href":"https:\/\/apan.gob.mx\/portal\/wp-json\/wp\/v2\/media?parent=7156"}],"curies":[{"name":"wp","href":"https:\/\/api.w.org\/{rel}","templated":true}]}}