{"id":7519,"date":"2020-01-08T13:23:03","date_gmt":"2020-01-08T19:23:03","guid":{"rendered":"https:\/\/apan.gob.mx\/portal\/?page_id=7519"},"modified":"2020-01-08T13:28:34","modified_gmt":"2020-01-08T19:28:34","slug":"7519-2","status":"publish","type":"page","link":"https:\/\/apan.gob.mx\/portal\/4-trimestre-2019\/7519-2\/","title":{"rendered":"<!--juridico_33_2019_3-->"},"content":{"rendered":"\t\t<div data-elementor-type=\"wp-page\" data-elementor-id=\"7519\" class=\"elementor elementor-7519 elementor-bc-flex-widget\">\n\t\t\t\t\t\t<div class=\"elementor-inner\">\n\t\t\t\t<div class=\"elementor-section-wrap\">\n\t\t\t\t\t\t\t\t\t<section class=\"has_ae_slider elementor-section elementor-top-section elementor-element elementor-element-bastlre elementor-section-boxed elementor-section-height-default elementor-section-height-default ae-bg-gallery-type-default\" data-id=\"bastlre\" data-element_type=\"section\">\n\t\t\t\t\t\t<div class=\"elementor-container elementor-column-gap-default\">\n\t\t\t\t\t\t\t<div class=\"elementor-row\">\n\t\t\t\t\t<div class=\"has_ae_slider elementor-column elementor-col-100 elementor-top-column elementor-element elementor-element-ejjhkqz ae-bg-gallery-type-default\" data-id=\"ejjhkqz\" data-element_type=\"column\">\n\t\t\t<div class=\"elementor-column-wrap elementor-element-populated\">\n\t\t\t\t\t\t\t<div class=\"elementor-widget-wrap\">\n\t\t\t\t\t\t<div class=\"elementor-element elementor-element-clovvze elementor-widget elementor-widget-heading\" data-id=\"clovvze\" data-element_type=\"widget\" data-widget_type=\"heading.default\">\n\t\t\t\t<div class=\"elementor-widget-container\">\n\t\t\t<h2 class=\"elementor-heading-title elementor-size-medium\">Fracci\u00f3n XXXIII<\/h2>\t\t<\/div>\n\t\t\t\t<\/div>\n\t\t\t\t<div class=\"elementor-element elementor-element-jrfyxvd elementor-widget elementor-widget-html\" data-id=\"jrfyxvd\" data-element_type=\"widget\" data-widget_type=\"html.default\">\n\t\t\t\t<div class=\"elementor-widget-container\">\n\t\t\t<html xmlns:v=\"urn:schemas-microsoft-com:vml\"\r\nxmlns:o=\"urn:schemas-microsoft-com:office:office\"\r\nxmlns:x=\"urn:schemas-microsoft-com:office:excel\"\r\nxmlns=\"http:\/\/www.w3.org\/TR\/REC-html40\">\r\n\r\n<head>\r\n<meta http-equiv=Content-Type content=\"text\/html; charset=windows-1252\">\r\n<meta name=ProgId content=Excel.Sheet>\r\n<meta name=Generator content=\"Microsoft Excel 15\">\r\n<link rel=File-List href=\"a69_f33_archivos\/filelist.xml\">\r\n<!--[if !mso]>\r\n<style>\r\nv\\:* {behavior:url(#default#VML);}\r\no\\:* {behavior:url(#default#VML);}\r\nx\\:* {behavior:url(#default#VML);}\r\n.shape {behavior:url(#default#VML);}\r\n<\/style>\r\n<![endif]-->\r\n<style id=\"a69_f33_6964_Styles\">\r\n<!--table\r\n\t{mso-displayed-decimal-separator:\"\\.\";\r\n\tmso-displayed-thousand-separator:\"\\,\";}\r\n.xl156964\r\n\t{padding:0px;\r\n\tmso-ignore:padding;\r\n\tcolor:black;\r\n\tfont-size:11.0pt;\r\n\tfont-weight:400;\r\n\tfont-style:normal;\r\n\ttext-decoration:none;\r\n\tfont-family:Calibri, sans-serif;\r\n\tmso-font-charset:0;\r\n\tmso-number-format:General;\r\n\ttext-align:general;\r\n\tvertical-align:bottom;\r\n\tmso-background-source:auto;\r\n\tmso-pattern:auto;\r\n\twhite-space:nowrap;}\r\n.xl656964\r\n\t{padding:0px;\r\n\tmso-ignore:padding;\r\n\tcolor:black;\r\n\tfont-size:10.0pt;\r\n\tfont-weight:400;\r\n\tfont-style:normal;\r\n\ttext-decoration:none;\r\n\tfont-family:Arial;\r\n\tmso-generic-font-family:auto;\r\n\tmso-font-charset:0;\r\n\tmso-number-format:General;\r\n\ttext-align:center;\r\n\tvertical-align:bottom;\r\n\tborder:.5pt solid windowtext;\r\n\tbackground:#E1E1E1;\r\n\tmso-pattern:black none;\r\n\twhite-space:normal;}\r\n.xl666964\r\n\t{padding:0px;\r\n\tmso-ignore:padding;\r\n\tcolor:black;\r\n\tfont-size:11.0pt;\r\n\tfont-weight:400;\r\n\tfont-style:normal;\r\n\ttext-decoration:none;\r\n\tfont-family:Calibri, sans-serif;\r\n\tmso-font-charset:0;\r\n\tmso-number-format:General;\r\n\ttext-align:general;\r\n\tvertical-align:bottom;\r\n\tborder:.5pt solid windowtext;\r\n\tmso-background-source:auto;\r\n\tmso-pattern:auto;\r\n\twhite-space:nowrap;}\r\n.xl676964\r\n\t{padding:0px;\r\n\tmso-ignore:padding;\r\n\tcolor:black;\r\n\tfont-size:11.0pt;\r\n\tfont-weight:400;\r\n\tfont-style:normal;\r\n\ttext-decoration:none;\r\n\tfont-family:Calibri, sans-serif;\r\n\tmso-font-charset:0;\r\n\tmso-number-format:\"Short Date\";\r\n\ttext-align:general;\r\n\tvertical-align:bottom;\r\n\tborder:.5pt solid windowtext;\r\n\tmso-background-source:auto;\r\n\tmso-pattern:auto;\r\n\twhite-space:nowrap;}\r\n.xl686964\r\n\t{padding:0px;\r\n\tmso-ignore:padding;\r\n\tcolor:#0563C1;\r\n\tfont-size:11.0pt;\r\n\tfont-weight:400;\r\n\tfont-style:normal;\r\n\ttext-decoration:underline;\r\n\ttext-underline-style:single;\r\n\tfont-family:Calibri, sans-serif;\r\n\tmso-font-charset:0;\r\n\tmso-number-format:General;\r\n\ttext-align:general;\r\n\tvertical-align:bottom;\r\n\tborder:.5pt solid windowtext;\r\n\tmso-background-source:auto;\r\n\tmso-pattern:auto;\r\n\twhite-space:nowrap;}\r\n.xl696964\r\n\t{padding:0px;\r\n\tmso-ignore:padding;\r\n\tcolor:white;\r\n\tfont-size:11.0pt;\r\n\tfont-weight:700;\r\n\tfont-style:normal;\r\n\ttext-decoration:none;\r\n\tfont-family:Arial;\r\n\tmso-generic-font-family:auto;\r\n\tmso-font-charset:0;\r\n\tmso-number-format:General;\r\n\ttext-align:center;\r\n\tvertical-align:bottom;\r\n\tborder:.5pt solid windowtext;\r\n\tbackground:#333333;\r\n\tmso-pattern:black none;\r\n\twhite-space:normal;}\r\n.xl706964\r\n\t{padding:0px;\r\n\tmso-ignore:padding;\r\n\tcolor:black;\r\n\tfont-size:10.0pt;\r\n\tfont-weight:400;\r\n\tfont-style:normal;\r\n\ttext-decoration:none;\r\n\tfont-family:Arial;\r\n\tmso-generic-font-family:auto;\r\n\tmso-font-charset:0;\r\n\tmso-number-format:General;\r\n\ttext-align:general;\r\n\tvertical-align:bottom;\r\n\tborder:.5pt solid windowtext;\r\n\tbackground:#E1E1E1;\r\n\tmso-pattern:black none;\r\n\twhite-space:nowrap;}\r\n-->\r\n<\/style>\r\n<\/head>\r\n\r\n<body>\r\n<!--[if !excel]>&nbsp;&nbsp;<![endif]-->\r\n<!--La siguiente informaci\u00f3n se gener\u00f3 mediante el Asistente para publicar como\r\np\u00e1gina web de Microsoft Excel.-->\r\n<!--Si se vuelve a publicar el mismo elemento desde Excel, se reemplazar\u00e1 toda\r\nla informaci\u00f3n comprendida entre las etiquetas DIV.-->\r\n<!----------------------------->\r\n<!--INICIO DE LOS RESULTADOS DEL ASISTENTE PARA PUBLICAR COMO P\u00c1GINA WEB DE\r\nEXCEL -->\r\n<!----------------------------->\r\n\r\n<div id=\"a69_f33_6964\" align=center x:publishsource=\"Excel\">\r\n\r\n<table border=0 cellpadding=0 cellspacing=0 width=5236 style='border-collapse:\r\n collapse;table-layout:fixed;width:3930pt'>\r\n <col width=56 style='mso-width-source:userset;mso-width-alt:2048;width:42pt'>\r\n <col width=255 style='mso-width-source:userset;mso-width-alt:9325;width:191pt'>\r\n <col width=270 style='mso-width-source:userset;mso-width-alt:9874;width:203pt'>\r\n <col width=169 span=2 style='mso-width-source:userset;mso-width-alt:6180;\r\n width:127pt'>\r\n <col width=172 style='mso-width-source:userset;mso-width-alt:6290;width:129pt'>\r\n <col width=287 style='mso-width-source:userset;mso-width-alt:10496;width:215pt'>\r\n <col width=322 style='mso-width-source:userset;mso-width-alt:11776;width:242pt'>\r\n <col width=149 style='mso-width-source:userset;mso-width-alt:5449;width:112pt'>\r\n <col width=248 style='mso-width-source:userset;mso-width-alt:9069;width:186pt'>\r\n <col width=352 style='mso-width-source:userset;mso-width-alt:12873;width:264pt'>\r\n <col width=256 style='mso-width-source:userset;mso-width-alt:9362;width:192pt'>\r\n <col width=273 style='mso-width-source:userset;mso-width-alt:9984;width:205pt'>\r\n <col width=294 style='mso-width-source:userset;mso-width-alt:10752;width:221pt'>\r\n <col width=709 span=2 style='mso-width-source:userset;mso-width-alt:25929;\r\n width:532pt'>\r\n <col width=288 style='mso-width-source:userset;mso-width-alt:10532;width:216pt'>\r\n <col width=101 span=2 style='mso-width-source:userset;mso-width-alt:3693;\r\n width:76pt'>\r\n <col width=56 style='mso-width-source:userset;mso-width-alt:2048;width:42pt'>\r\n <tr height=0 style='display:none'>\r\n  <td class=xl156964 width=56 style='width:42pt'>45749<\/td>\r\n  <td class=xl156964 width=255 style='width:191pt'><\/td>\r\n  <td class=xl156964 width=270 style='width:203pt'><\/td>\r\n  <td class=xl156964 width=169 style='width:127pt'><\/td>\r\n  <td class=xl156964 width=169 style='width:127pt'><\/td>\r\n  <td class=xl156964 width=172 style='width:129pt'><\/td>\r\n  <td class=xl156964 width=287 style='width:215pt'><\/td>\r\n  <td class=xl156964 width=322 style='width:242pt'><\/td>\r\n  <td class=xl156964 width=149 style='width:112pt'><\/td>\r\n  <td class=xl156964 width=248 style='width:186pt'><\/td>\r\n  <td class=xl156964 width=352 style='width:264pt'><\/td>\r\n  <td class=xl156964 width=256 style='width:192pt'><\/td>\r\n  <td class=xl156964 width=273 style='width:205pt'><\/td>\r\n  <td class=xl156964 width=294 style='width:221pt'><\/td>\r\n  <td class=xl156964 width=709 style='width:532pt'><\/td>\r\n  <td class=xl156964 width=709 style='width:532pt'><\/td>\r\n  <td class=xl156964 width=288 style='width:216pt'><\/td>\r\n  <td class=xl156964 width=101 style='width:76pt'><\/td>\r\n  <td class=xl156964 width=101 style='width:76pt'><\/td>\r\n  <td class=xl156964 width=56 style='width:42pt'><\/td>\r\n <\/tr>\r\n <tr height=20 style='height:15.0pt'>\r\n  <td colspan=3 height=20 class=xl696964 width=581 style='height:15.0pt;\r\n  width:436pt'>T\u00cdTULO<\/td>\r\n  <td colspan=3 class=xl696964 width=510 style='width:383pt'>NOMBRE CORTO<\/td>\r\n  <td colspan=3 class=xl696964 width=758 style='width:569pt'>DESCRIPCI\u00d3N<\/td>\r\n  <td class=xl156964><\/td>\r\n  <td class=xl156964><\/td>\r\n  <td class=xl156964><\/td>\r\n  <td class=xl156964><\/td>\r\n  <td class=xl156964><\/td>\r\n  <td class=xl156964><\/td>\r\n  <td class=xl156964><\/td>\r\n  <td class=xl156964><\/td>\r\n  <td class=xl156964><\/td>\r\n  <td class=xl156964><\/td>\r\n  <td class=xl156964><\/td>\r\n <\/tr>\r\n <tr height=20 style='height:15.0pt'>\r\n  <td colspan=3 height=20 class=xl706964 style='height:15.0pt'>Convenios de\r\n  coordinaci\u00f3n, de concertaci\u00f3n con el sector social o privado<\/td>\r\n  <td colspan=3 class=xl706964>a69_f33<\/td>\r\n  <td colspan=3 class=xl706964>La informaci\u00f3n relativa a cualquier convenio de\r\n  coordinaci\u00f3n y\/o de concertaci\u00f3n que suscriban para lograr los objetivos de\r\n  la planeaci\u00f3n nacional del desarrollo y que sea celebrado con los sectores\r\n  social y privado, tanto en el \u00e1mbito nacional como internacional. En el caso\r\n  de este \u00faltimo se deber\u00e1n contemplar de forma enunciativa m\u00e1s no limitativa\r\n  los convenios celebrados con organismos y organizaciones internacionales que\r\n  persigan alg\u00fan inter\u00e9s social o privado.<\/td>\r\n  <td class=xl156964><\/td>\r\n  <td class=xl156964><\/td>\r\n  <td class=xl156964><\/td>\r\n  <td class=xl156964><\/td>\r\n  <td class=xl156964><\/td>\r\n  <td class=xl156964><\/td>\r\n  <td class=xl156964><\/td>\r\n  <td class=xl156964><\/td>\r\n  <td class=xl156964><\/td>\r\n  <td class=xl156964><\/td>\r\n  <td class=xl156964><\/td>\r\n <\/tr>\r\n <tr height=0 style='display:none'>\r\n  <td class=xl156964>1<\/td>\r\n  <td class=xl156964>4<\/td>\r\n  <td class=xl156964>4<\/td>\r\n  <td class=xl156964>9<\/td>\r\n  <td class=xl156964>1<\/td>\r\n  <td class=xl156964>4<\/td>\r\n  <td class=xl156964>2<\/td>\r\n  <td class=xl156964>10<\/td>\r\n  <td class=xl156964>2<\/td>\r\n  <td class=xl156964>2<\/td>\r\n  <td class=xl156964>2<\/td>\r\n  <td class=xl156964>4<\/td>\r\n  <td class=xl156964>4<\/td>\r\n  <td class=xl156964>4<\/td>\r\n  <td class=xl156964>7<\/td>\r\n  <td class=xl156964>7<\/td>\r\n  <td class=xl156964>2<\/td>\r\n  <td class=xl156964>4<\/td>\r\n  <td class=xl156964>13<\/td>\r\n  <td class=xl156964>14<\/td>\r\n <\/tr>\r\n <tr height=0 style='display:none'>\r\n  <td class=xl156964>378792<\/td>\r\n  <td class=xl156964>378806<\/td>\r\n  <td class=xl156964>378807<\/td>\r\n  <td class=xl156964>378801<\/td>\r\n  <td class=xl156964>378810<\/td>\r\n  <td class=xl156964>378799<\/td>\r\n  <td class=xl156964>378794<\/td>\r\n  <td class=xl156964>378802<\/td>\r\n  <td class=xl156964>378793<\/td>\r\n  <td class=xl156964>378795<\/td>\r\n  <td class=xl156964>378811<\/td>\r\n  <td class=xl156964>378796<\/td>\r\n  <td class=xl156964>378797<\/td>\r\n  <td class=xl156964>378803<\/td>\r\n  <td class=xl156964>378804<\/td>\r\n  <td class=xl156964>378800<\/td>\r\n  <td class=xl156964>378808<\/td>\r\n  <td class=xl156964>378798<\/td>\r\n  <td class=xl156964>378805<\/td>\r\n  <td class=xl156964>378809<\/td>\r\n <\/tr>\r\n <tr height=20 style='height:15.0pt'>\r\n  <td colspan=20 height=20 class=xl696964 width=5236 style='height:15.0pt;\r\n  width:3930pt'>Tabla Campos<\/td>\r\n <\/tr>\r\n <tr height=35 style='height:26.25pt'>\r\n  <td height=35 class=xl656964 width=56 style='height:26.25pt;width:42pt'>Ejercicio<\/td>\r\n  <td class=xl656964 width=255 style='border-left:none;width:191pt'>Fecha de\r\n  inicio del periodo que se informa<\/td>\r\n  <td class=xl656964 width=270 style='border-left:none;width:203pt'>Fecha de\r\n  t\u00e9rmino del periodo que se informa<\/td>\r\n  <td class=xl656964 width=169 style='border-left:none;width:127pt'>Tipo de\r\n  convenio (cat\u00e1logo)<\/td>\r\n  <td class=xl656964 width=169 style='border-left:none;width:127pt'>Denominaci\u00f3n\r\n  del convenio<\/td>\r\n  <td class=xl656964 width=172 style='border-left:none;width:129pt'>Fecha de\r\n  firma del convenio<\/td>\r\n  <td class=xl656964 width=287 style='border-left:none;width:215pt'>Unidad\r\n  Administrativa responsable seguimiento<\/td>\r\n  <td class=xl656964 width=322 style='border-left:none;width:242pt'>Persona(s)\r\n  con quien se celebra el convenio <br>\r\n    Tabla_378802<\/td>\r\n  <td class=xl656964 width=149 style='border-left:none;width:112pt'>Objetivo(s)\r\n  del convenio<\/td>\r\n  <td class=xl656964 width=248 style='border-left:none;width:186pt'>Fuente de\r\n  los recursos que se emplear\u00e1n<\/td>\r\n  <td class=xl656964 width=352 style='border-left:none;width:264pt'>Descripci\u00f3n\r\n  y\/o monto de los recursos p\u00fablicos entregados<\/td>\r\n  <td class=xl656964 width=256 style='border-left:none;width:192pt'>Inicio del\r\n  periodo de vigencia del convenio<\/td>\r\n  <td class=xl656964 width=273 style='border-left:none;width:205pt'>T\u00e9rmino del\r\n  periodo de vigencia del convenio<\/td>\r\n  <td class=xl656964 width=294 style='border-left:none;width:221pt'>Fecha de\r\n  publicaci\u00f3n en DOF u otro medio oficial<\/td>\r\n  <td class=xl656964 width=709 style='border-left:none;width:532pt'>Hiperv\u00ednculo\r\n  al documento, en su caso, a la versi\u00f3n p\u00fablica<\/td>\r\n  <td class=xl656964 width=709 style='border-left:none;width:532pt'>Hiperv\u00ednculo\r\n  al documento con modificaciones, en su caso<\/td>\r\n  <td class=xl656964 width=288 style='border-left:none;width:216pt'>\u00c1rea(s)\r\n  responsable(s) que genera(n), posee(n), publica(n) y actualizan la\r\n  informaci\u00f3n<\/td>\r\n  <td class=xl656964 width=101 style='border-left:none;width:76pt'>Fecha de\r\n  validaci\u00f3n<\/td>\r\n  <td class=xl656964 width=101 style='border-left:none;width:76pt'>Fecha de\r\n  actualizaci\u00f3n<\/td>\r\n  <td class=xl656964 width=56 style='border-left:none;width:42pt'>Nota<\/td>\r\n <\/tr>\r\n <tr height=20 style='height:15.0pt'>\r\n  <td height=20 class=xl666964 align=right style='height:15.0pt;border-top:\r\n  none'>2019<\/td>\r\n  <td class=xl676964 align=right style='border-top:none;border-left:none'>01\/07\/2019<\/td>\r\n  <td class=xl676964 style='border-top:none;border-left:none'>31\/09\/2019<\/td>\r\n  <td class=xl666964 style='border-top:none;border-left:none'>De concertaci\u00f3n\r\n  con el sect<span style='display:none'>or social<\/span><\/td>\r\n  <td class=xl666964 style='border-top:none;border-left:none'>Vivero Municipal<\/td>\r\n  <td class=xl676964 align=right style='border-top:none;border-left:none'>25\/11\/2016<\/td>\r\n  <td class=xl666964 style='border-top:none;border-left:none'>Desarrollo\r\n  Agropecuario y sustentabilidad<span style='mso-spacerun:yes'>\u00a0<\/span><\/td>\r\n  <td class=xl666964 align=right style='border-top:none;border-left:none'>1<\/td>\r\n  <td class=xl666964 style='border-top:none;border-left:none'>Establecer vivero\r\n  munic<span style='display:none'>ipal<\/span><\/td>\r\n  <td class=xl666964 style='border-top:none;border-left:none'>humanos y\r\n  economicos<\/td>\r\n  <td class=xl666964 align=right style='border-top:none;border-left:none'>0<\/td>\r\n  <td class=xl676964 align=right style='border-top:none;border-left:none'>25\/11\/2016<\/td>\r\n  <td class=xl676964 align=right style='border-top:none;border-left:none'>25\/11\/2020<\/td>\r\n  <td class=xl676964 align=right style='border-top:none;border-left:none'>25\/11\/2020<\/td>\r\n  <td class=xl686964 style='border-top:none;border-left:none'><a\r\n  href=\"https:\/\/www.apan.gob.mx\/descargables\/transparencia\/articulo69\/fraccion33\/2019_3\/juridico\/FrXXXIIIa1_1.pdf\">https:\/\/www.apan.gob.mx\/descargables\/transparencia\/articulo69\/fraccion33\/2019_3\/juridico\/FrXXXIIIa1_1.pdf<\/a><\/td>\r\n  <td class=xl686964 style='border-top:none;border-left:none'><a\r\n  href=\"https:\/\/www.apan.gob.mx\/descargables\/transparencia\/articulo69\/fraccion33\/2019_3\/juridico\/FrXXXIIIa1_2.pdf\">https:\/\/www.apan.gob.mx\/descargables\/transparencia\/articulo69\/fraccion33\/2019_3\/juridico\/FrXXXIIIa1_2.pdf<\/a><\/td>\r\n  <td class=xl666964 style='border-top:none;border-left:none'>Juridico\r\n  Municipal<\/td>\r\n  <td class=xl676964 align=right style='border-top:none;border-left:none'>01\/07\/2019<\/td>\r\n  <td class=xl676964 align=right style='border-top:none;border-left:none'>06\/09\/2019<\/td>\r\n  <td class=xl666964 style='border-top:none;border-left:none'>&nbsp;<\/td>\r\n <\/tr>\r\n <![if supportMisalignedColumns]>\r\n <tr height=0 style='display:none'>\r\n  <td width=56 style='width:42pt'><\/td>\r\n  <td width=255 style='width:191pt'><\/td>\r\n  <td width=270 style='width:203pt'><\/td>\r\n  <td width=169 style='width:127pt'><\/td>\r\n  <td width=169 style='width:127pt'><\/td>\r\n  <td width=172 style='width:129pt'><\/td>\r\n  <td width=287 style='width:215pt'><\/td>\r\n  <td width=322 style='width:242pt'><\/td>\r\n  <td width=149 style='width:112pt'><\/td>\r\n  <td width=248 style='width:186pt'><\/td>\r\n  <td width=352 style='width:264pt'><\/td>\r\n  <td width=256 style='width:192pt'><\/td>\r\n  <td width=273 style='width:205pt'><\/td>\r\n  <td width=294 style='width:221pt'><\/td>\r\n  <td width=709 style='width:532pt'><\/td>\r\n  <td width=709 style='width:532pt'><\/td>\r\n  <td width=288 style='width:216pt'><\/td>\r\n  <td width=101 style='width:76pt'><\/td>\r\n  <td width=101 style='width:76pt'><\/td>\r\n  <td width=56 style='width:42pt'><\/td>\r\n <\/tr>\r\n <![endif]>\r\n<\/table>\r\n\r\n<\/div>\r\n\r\n\r\n<!----------------------------->\r\n<!--FINAL DE LOS RESULTADOS DEL ASISTENTE PARA PUBLICAR COMO P\u00c1GINA WEB DE\r\nEXCEL-->\r\n<!----------------------------->\r\n<\/body>\r\n\r\n<\/html>\r\n\t\t<\/div>\n\t\t\t\t<\/div>\n\t\t\t\t\t\t<\/div>\n\t\t\t\t\t<\/div>\n\t\t<\/div>\n\t\t\t\t\t\t\t\t<\/div>\n\t\t\t\t\t<\/div>\n\t\t<\/section>\n\t\t\t\t\t\t\t\t\t<\/div>\n\t\t\t<\/div>\n\t\t\t\t\t<\/div>\n\t\t","protected":false},"excerpt":{"rendered":"<p>Fracci\u00f3n XXXIII 45749 T\u00cdTULO NOMBRE CORTO DESCRIPCI\u00d3N Convenios de coordinaci\u00f3n, de concertaci\u00f3n con el sector social o privado a69_f33 La informaci\u00f3n relativa a cualquier convenio de coordinaci\u00f3n y\/o de concertaci\u00f3n que suscriban para lograr los objetivos de la planeaci\u00f3n nacional del desarrollo y que sea celebrado con los sectores social y privado, tanto en el [&hellip;]<\/p>\n","protected":false},"author":1,"featured_media":0,"parent":7391,"menu_order":0,"comment_status":"closed","ping_status":"closed","template":"page-template-full.php","meta":[],"jetpack_sharing_enabled":true,"_links":{"self":[{"href":"https:\/\/apan.gob.mx\/portal\/wp-json\/wp\/v2\/pages\/7519"}],"collection":[{"href":"https:\/\/apan.gob.mx\/portal\/wp-json\/wp\/v2\/pages"}],"about":[{"href":"https:\/\/apan.gob.mx\/portal\/wp-json\/wp\/v2\/types\/page"}],"author":[{"embeddable":true,"href":"https:\/\/apan.gob.mx\/portal\/wp-json\/wp\/v2\/users\/1"}],"replies":[{"embeddable":true,"href":"https:\/\/apan.gob.mx\/portal\/wp-json\/wp\/v2\/comments?post=7519"}],"version-history":[{"count":2,"href":"https:\/\/apan.gob.mx\/portal\/wp-json\/wp\/v2\/pages\/7519\/revisions"}],"predecessor-version":[{"id":7521,"href":"https:\/\/apan.gob.mx\/portal\/wp-json\/wp\/v2\/pages\/7519\/revisions\/7521"}],"up":[{"embeddable":true,"href":"https:\/\/apan.gob.mx\/portal\/wp-json\/wp\/v2\/pages\/7391"}],"wp:attachment":[{"href":"https:\/\/apan.gob.mx\/portal\/wp-json\/wp\/v2\/media?parent=7519"}],"curies":[{"name":"wp","href":"https:\/\/api.w.org\/{rel}","templated":true}]}}