{"id":7577,"date":"2020-01-10T17:47:19","date_gmt":"2020-01-10T23:47:19","guid":{"rendered":"https:\/\/apan.gob.mx\/portal\/?page_id=7577"},"modified":"2020-02-11T17:43:05","modified_gmt":"2020-02-11T23:43:05","slug":"7577-2","status":"publish","type":"page","link":"https:\/\/apan.gob.mx\/portal\/4-trimestre-2019\/7577-2\/","title":{"rendered":"<!--conciliador_19_2019_4-->"},"content":{"rendered":"\t\t<div data-elementor-type=\"wp-page\" data-elementor-id=\"7577\" class=\"elementor elementor-7577 elementor-bc-flex-widget\">\n\t\t\t\t\t\t<div class=\"elementor-inner\">\n\t\t\t\t<div class=\"elementor-section-wrap\">\n\t\t\t\t\t\t\t\t\t<section class=\"has_ae_slider elementor-section elementor-top-section elementor-element elementor-element-kxuuovg elementor-section-boxed elementor-section-height-default elementor-section-height-default ae-bg-gallery-type-default\" data-id=\"kxuuovg\" data-element_type=\"section\">\n\t\t\t\t\t\t<div class=\"elementor-container elementor-column-gap-default\">\n\t\t\t\t\t\t\t<div class=\"elementor-row\">\n\t\t\t\t\t<div class=\"has_ae_slider elementor-column elementor-col-100 elementor-top-column elementor-element elementor-element-fmpindl ae-bg-gallery-type-default\" data-id=\"fmpindl\" data-element_type=\"column\">\n\t\t\t<div class=\"elementor-column-wrap elementor-element-populated\">\n\t\t\t\t\t\t\t<div class=\"elementor-widget-wrap\">\n\t\t\t\t\t\t<div class=\"elementor-element elementor-element-tyjgaog elementor-widget elementor-widget-heading\" data-id=\"tyjgaog\" data-element_type=\"widget\" data-widget_type=\"heading.default\">\n\t\t\t\t<div class=\"elementor-widget-container\">\n\t\t\t<h2 class=\"elementor-heading-title elementor-size-medium\">Fracci\u00f3n XIX<\/h2>\t\t<\/div>\n\t\t\t\t<\/div>\n\t\t\t\t<div class=\"elementor-element elementor-element-pmgbxvx elementor-widget elementor-widget-html\" data-id=\"pmgbxvx\" data-element_type=\"widget\" data-widget_type=\"html.default\">\n\t\t\t\t<div class=\"elementor-widget-container\">\n\t\t\t<html xmlns:o=\"urn:schemas-microsoft-com:office:office\"\r\nxmlns:x=\"urn:schemas-microsoft-com:office:excel\"\r\nxmlns=\"http:\/\/www.w3.org\/TR\/REC-html40\">\r\n\r\n<head>\r\n<meta http-equiv=Content-Type content=\"text\/html; charset=windows-1252\">\r\n<meta name=ProgId content=Excel.Sheet>\r\n<meta name=Generator content=\"Microsoft Excel 15\">\r\n<link rel=File-List href=\"a69_f19_archivos\/filelist.xml\">\r\n<style id=\"a69_f19_324_Styles\">\r\n<!--table\r\n\t{mso-displayed-decimal-separator:\"\\.\";\r\n\tmso-displayed-thousand-separator:\"\\,\";}\r\n.xl15324\r\n\t{padding-top:1px;\r\n\tpadding-right:1px;\r\n\tpadding-left:1px;\r\n\tmso-ignore:padding;\r\n\tcolor:black;\r\n\tfont-size:11.0pt;\r\n\tfont-weight:400;\r\n\tfont-style:normal;\r\n\ttext-decoration:none;\r\n\tfont-family:Calibri, sans-serif;\r\n\tmso-font-charset:0;\r\n\tmso-number-format:General;\r\n\ttext-align:general;\r\n\tvertical-align:bottom;\r\n\tmso-background-source:auto;\r\n\tmso-pattern:auto;\r\n\twhite-space:nowrap;}\r\n.xl65324\r\n\t{padding-top:1px;\r\n\tpadding-right:1px;\r\n\tpadding-left:1px;\r\n\tmso-ignore:padding;\r\n\tcolor:black;\r\n\tfont-size:10.0pt;\r\n\tfont-weight:400;\r\n\tfont-style:normal;\r\n\ttext-decoration:none;\r\n\tfont-family:Arial;\r\n\tmso-generic-font-family:auto;\r\n\tmso-font-charset:0;\r\n\tmso-number-format:General;\r\n\ttext-align:center;\r\n\tvertical-align:bottom;\r\n\tborder:.5pt solid windowtext;\r\n\tbackground:#E1E1E1;\r\n\tmso-pattern:black none;\r\n\twhite-space:normal;}\r\n.xl66324\r\n\t{padding-top:1px;\r\n\tpadding-right:1px;\r\n\tpadding-left:1px;\r\n\tmso-ignore:padding;\r\n\tcolor:black;\r\n\tfont-size:10.0pt;\r\n\tfont-weight:400;\r\n\tfont-style:normal;\r\n\ttext-decoration:none;\r\n\tfont-family:Arial;\r\n\tmso-generic-font-family:auto;\r\n\tmso-font-charset:0;\r\n\tmso-number-format:General;\r\n\ttext-align:general;\r\n\tvertical-align:top;\r\n\tborder:.5pt solid windowtext;\r\n\tmso-background-source:auto;\r\n\tmso-pattern:auto;\r\n\twhite-space:normal;}\r\n.xl67324\r\n\t{padding-top:1px;\r\n\tpadding-right:1px;\r\n\tpadding-left:1px;\r\n\tmso-ignore:padding;\r\n\tcolor:black;\r\n\tfont-size:10.0pt;\r\n\tfont-weight:400;\r\n\tfont-style:normal;\r\n\ttext-decoration:none;\r\n\tfont-family:Arial;\r\n\tmso-generic-font-family:auto;\r\n\tmso-font-charset:0;\r\n\tmso-number-format:\"Short Date\";\r\n\ttext-align:general;\r\n\tvertical-align:top;\r\n\tborder:.5pt solid windowtext;\r\n\tmso-background-source:auto;\r\n\tmso-pattern:auto;\r\n\twhite-space:normal;}\r\n.xl68324\r\n\t{padding-top:1px;\r\n\tpadding-right:1px;\r\n\tpadding-left:1px;\r\n\tmso-ignore:padding;\r\n\tcolor:blue;\r\n\tfont-size:11.0pt;\r\n\tfont-weight:400;\r\n\tfont-style:normal;\r\n\ttext-decoration:underline;\r\n\ttext-underline-style:single;\r\n\tfont-family:Calibri, sans-serif;\r\n\tmso-font-charset:0;\r\n\tmso-number-format:General;\r\n\ttext-align:general;\r\n\tvertical-align:top;\r\n\tborder:.5pt solid windowtext;\r\n\tmso-background-source:auto;\r\n\tmso-pattern:auto;\r\n\twhite-space:normal;}\r\n.xl69324\r\n\t{padding-top:1px;\r\n\tpadding-right:1px;\r\n\tpadding-left:1px;\r\n\tmso-ignore:padding;\r\n\tcolor:blue;\r\n\tfont-size:11.0pt;\r\n\tfont-weight:400;\r\n\tfont-style:normal;\r\n\ttext-decoration:underline;\r\n\ttext-underline-style:single;\r\n\tfont-family:Calibri, sans-serif;\r\n\tmso-font-charset:0;\r\n\tmso-number-format:General;\r\n\ttext-align:general;\r\n\tvertical-align:bottom;\r\n\tborder:.5pt solid windowtext;\r\n\tmso-background-source:auto;\r\n\tmso-pattern:auto;\r\n\twhite-space:nowrap;}\r\n.xl70324\r\n\t{padding-top:1px;\r\n\tpadding-right:1px;\r\n\tpadding-left:1px;\r\n\tmso-ignore:padding;\r\n\tcolor:white;\r\n\tfont-size:11.0pt;\r\n\tfont-weight:700;\r\n\tfont-style:normal;\r\n\ttext-decoration:none;\r\n\tfont-family:Arial;\r\n\tmso-generic-font-family:auto;\r\n\tmso-font-charset:0;\r\n\tmso-number-format:General;\r\n\ttext-align:center;\r\n\tvertical-align:bottom;\r\n\tborder:.5pt solid windowtext;\r\n\tbackground:#333333;\r\n\tmso-pattern:black none;\r\n\twhite-space:normal;}\r\n.xl71324\r\n\t{padding-top:1px;\r\n\tpadding-right:1px;\r\n\tpadding-left:1px;\r\n\tmso-ignore:padding;\r\n\tcolor:black;\r\n\tfont-size:10.0pt;\r\n\tfont-weight:400;\r\n\tfont-style:normal;\r\n\ttext-decoration:none;\r\n\tfont-family:Arial;\r\n\tmso-generic-font-family:auto;\r\n\tmso-font-charset:0;\r\n\tmso-number-format:General;\r\n\ttext-align:general;\r\n\tvertical-align:bottom;\r\n\tborder:.5pt solid windowtext;\r\n\tbackground:#E1E1E1;\r\n\tmso-pattern:black none;\r\n\twhite-space:nowrap;}\r\n-->\r\n<\/style>\r\n<\/head>\r\n\r\n<body>\r\n<!--[if !excel]>&nbsp;&nbsp;<![endif]-->\r\n<!--La siguiente informaci\u00f3n se gener\u00f3 mediante el Asistente para publicar como\r\np\u00e1gina web de Microsoft Excel.-->\r\n<!--Si se vuelve a publicar el mismo elemento desde Excel, se reemplazar\u00e1 toda\r\nla informaci\u00f3n comprendida entre las etiquetas DIV.-->\r\n<!----------------------------->\r\n<!--INICIO DE LOS RESULTADOS DEL ASISTENTE PARA PUBLICAR COMO P\u00c1GINA WEB DE\r\nEXCEL -->\r\n<!----------------------------->\r\n\r\n<div id=\"a69_f19_324\" align=center x:publishsource=\"Excel\">\r\n\r\n<table border=0 cellpadding=0 cellspacing=0 width=6473 style='border-collapse:\r\n collapse;table-layout:fixed;width:4859pt'>\r\n <col width=56 style='mso-width-source:userset;mso-width-alt:2048;width:42pt'>\r\n <col width=163 span=2 style='mso-width-source:userset;mso-width-alt:5961;\r\n width:122pt'>\r\n <col width=161 style='mso-width-source:userset;mso-width-alt:5888;width:121pt'>\r\n <col width=162 style='mso-width-source:userset;mso-width-alt:5924;width:122pt'>\r\n <col width=229 style='mso-width-source:userset;mso-width-alt:8374;width:172pt'>\r\n <col width=341 style='mso-width-source:userset;mso-width-alt:12470;width:256pt'>\r\n <col width=137 style='mso-width-source:userset;mso-width-alt:5010;width:103pt'>\r\n <col width=209 style='mso-width-source:userset;mso-width-alt:7643;width:157pt'>\r\n <col width=216 style='mso-width-source:userset;mso-width-alt:7899;width:162pt'>\r\n <col width=753 style='mso-width-source:userset;mso-width-alt:27538;width:565pt'>\r\n <col width=130 style='mso-width-source:userset;mso-width-alt:4754;width:98pt'>\r\n <col width=389 style='mso-width-source:userset;mso-width-alt:14226;width:292pt'>\r\n <col width=226 style='mso-width-source:userset;mso-width-alt:8265;width:170pt'>\r\n <col width=149 style='mso-width-source:userset;mso-width-alt:5449;width:112pt'>\r\n <col width=205 style='mso-width-source:userset;mso-width-alt:7497;width:154pt'>\r\n <col width=286 style='mso-width-source:userset;mso-width-alt:10459;width:215pt'>\r\n <col width=284 style='mso-width-source:userset;mso-width-alt:10386;width:213pt'>\r\n <col width=322 style='mso-width-source:userset;mso-width-alt:11776;width:242pt'>\r\n <col width=279 style='mso-width-source:userset;mso-width-alt:10203;width:209pt'>\r\n <col width=266 style='mso-width-source:userset;mso-width-alt:9728;width:200pt'>\r\n <col width=512 style='mso-width-source:userset;mso-width-alt:18724;width:384pt'>\r\n <col width=123 style='mso-width-source:userset;mso-width-alt:4498;width:92pt'>\r\n <col width=140 style='mso-width-source:userset;mso-width-alt:5120;width:105pt'>\r\n <col width=572 style='mso-width-source:userset;mso-width-alt:20918;width:429pt'>\r\n <tr height=0 style='display:none'>\r\n  <td class=xl15324 width=56 style='width:42pt'>44250<\/td>\r\n  <td class=xl15324 width=163 style='width:122pt'><\/td>\r\n  <td class=xl15324 width=163 style='width:122pt'><\/td>\r\n  <td class=xl15324 width=161 style='width:121pt'><\/td>\r\n  <td class=xl15324 width=162 style='width:122pt'><\/td>\r\n  <td class=xl15324 width=229 style='width:172pt'><\/td>\r\n  <td class=xl15324 width=341 style='width:256pt'><\/td>\r\n  <td class=xl15324 width=137 style='width:103pt'><\/td>\r\n  <td class=xl15324 width=209 style='width:157pt'><\/td>\r\n  <td class=xl15324 width=216 style='width:162pt'><\/td>\r\n  <td class=xl15324 width=753 style='width:565pt'><\/td>\r\n  <td class=xl15324 width=130 style='width:98pt'><\/td>\r\n  <td class=xl15324 width=389 style='width:292pt'><\/td>\r\n  <td class=xl15324 width=226 style='width:170pt'><\/td>\r\n  <td class=xl15324 width=149 style='width:112pt'><\/td>\r\n  <td class=xl15324 width=205 style='width:154pt'><\/td>\r\n  <td class=xl15324 width=286 style='width:215pt'><\/td>\r\n  <td class=xl15324 width=284 style='width:213pt'><\/td>\r\n  <td class=xl15324 width=322 style='width:242pt'><\/td>\r\n  <td class=xl15324 width=279 style='width:209pt'><\/td>\r\n  <td class=xl15324 width=266 style='width:200pt'><\/td>\r\n  <td class=xl15324 width=512 style='width:384pt'><\/td>\r\n  <td class=xl15324 width=123 style='width:92pt'><\/td>\r\n  <td class=xl15324 width=140 style='width:105pt'><\/td>\r\n  <td class=xl15324 width=572 style='width:429pt'><\/td>\r\n <\/tr>\r\n <tr height=20 style='height:15.0pt'>\r\n  <td colspan=3 height=20 class=xl70324 width=382 style='height:15.0pt;\r\n  width:286pt'>T\u00cdTULO<\/td>\r\n  <td colspan=3 class=xl70324 width=552 style='width:415pt'>NOMBRE CORTO<\/td>\r\n  <td colspan=3 class=xl70324 width=687 style='width:516pt'>DESCRIPCI\u00d3N<\/td>\r\n  <td class=xl15324><\/td>\r\n  <td class=xl15324><\/td>\r\n  <td class=xl15324><\/td>\r\n  <td class=xl15324><\/td>\r\n  <td class=xl15324><\/td>\r\n  <td class=xl15324><\/td>\r\n  <td class=xl15324><\/td>\r\n  <td class=xl15324><\/td>\r\n  <td class=xl15324><\/td>\r\n  <td class=xl15324><\/td>\r\n  <td class=xl15324><\/td>\r\n  <td class=xl15324><\/td>\r\n  <td class=xl15324><\/td>\r\n  <td class=xl15324><\/td>\r\n  <td class=xl15324><\/td>\r\n  <td class=xl15324><\/td>\r\n <\/tr>\r\n <tr height=20 style='height:15.0pt'>\r\n  <td colspan=3 height=20 class=xl71324 style='height:15.0pt'>Servicios\r\n  ofrecidos<\/td>\r\n  <td colspan=3 class=xl71324>a69_f19<\/td>\r\n  <td colspan=3 class=xl71324>La informaci\u00f3n para dar a conocer los servicios\r\n  p\u00fablicos que presta el sujeto obligado, tanto de las actividades realizadas\r\n  por la administraci\u00f3n p\u00fablica para satisfacer necesidades de la poblaci\u00f3n,\r\n  como las realizadas por los sujetos obligados que no formen parte de la\r\n  Administraci\u00f3n P\u00fablica, pero que involucren el uso de recursos p\u00fablicos. Los\r\n  servicios deben estar al alcance de la poblaci\u00f3n sin necesidad de que el \u00e9sta\r\n  los exija, como es el caso de los tr\u00e1mites.<\/td>\r\n  <td class=xl15324><\/td>\r\n  <td class=xl15324><\/td>\r\n  <td class=xl15324><\/td>\r\n  <td class=xl15324><\/td>\r\n  <td class=xl15324><\/td>\r\n  <td class=xl15324><\/td>\r\n  <td class=xl15324><\/td>\r\n  <td class=xl15324><\/td>\r\n  <td class=xl15324><\/td>\r\n  <td class=xl15324><\/td>\r\n  <td class=xl15324><\/td>\r\n  <td class=xl15324><\/td>\r\n  <td class=xl15324><\/td>\r\n  <td class=xl15324><\/td>\r\n  <td class=xl15324><\/td>\r\n  <td class=xl15324><\/td>\r\n <\/tr>\r\n <tr height=0 style='display:none'>\r\n  <td class=xl15324>1<\/td>\r\n  <td class=xl15324>4<\/td>\r\n  <td class=xl15324>4<\/td>\r\n  <td class=xl15324>2<\/td>\r\n  <td class=xl15324>9<\/td>\r\n  <td class=xl15324>1<\/td>\r\n  <td class=xl15324>2<\/td>\r\n  <td class=xl15324>1<\/td>\r\n  <td class=xl15324>2<\/td>\r\n  <td class=xl15324>2<\/td>\r\n  <td class=xl15324>7<\/td>\r\n  <td class=xl15324>1<\/td>\r\n  <td class=xl15324>10<\/td>\r\n  <td class=xl15324>1<\/td>\r\n  <td class=xl15324>2<\/td>\r\n  <td class=xl15324>2<\/td>\r\n  <td class=xl15324>2<\/td>\r\n  <td class=xl15324>2<\/td>\r\n  <td class=xl15324>10<\/td>\r\n  <td class=xl15324>7<\/td>\r\n  <td class=xl15324>7<\/td>\r\n  <td class=xl15324>2<\/td>\r\n  <td class=xl15324>4<\/td>\r\n  <td class=xl15324>13<\/td>\r\n  <td class=xl15324>14<\/td>\r\n <\/tr>\r\n <tr height=0 style='display:none'>\r\n  <td class=xl15324>350704<\/td>\r\n  <td class=xl15324>350705<\/td>\r\n  <td class=xl15324>350706<\/td>\r\n  <td class=xl15324>350690<\/td>\r\n  <td class=xl15324>350709<\/td>\r\n  <td class=xl15324>350713<\/td>\r\n  <td class=xl15324>350692<\/td>\r\n  <td class=xl15324>350711<\/td>\r\n  <td class=xl15324>350693<\/td>\r\n  <td class=xl15324>350694<\/td>\r\n  <td class=xl15324>350700<\/td>\r\n  <td class=xl15324>350688<\/td>\r\n  <td class=xl15324>350710<\/td>\r\n  <td class=xl15324>350689<\/td>\r\n  <td class=xl15324>350695<\/td>\r\n  <td class=xl15324>350712<\/td>\r\n  <td class=xl15324>350691<\/td>\r\n  <td class=xl15324>350696<\/td>\r\n  <td class=xl15324>350701<\/td>\r\n  <td class=xl15324>350699<\/td>\r\n  <td class=xl15324>350698<\/td>\r\n  <td class=xl15324>350708<\/td>\r\n  <td class=xl15324>350697<\/td>\r\n  <td class=xl15324>350703<\/td>\r\n  <td class=xl15324>350707<\/td>\r\n <\/tr>\r\n <tr height=20 style='height:15.0pt'>\r\n  <td colspan=25 height=20 class=xl70324 width=6473 style='height:15.0pt;\r\n  width:4859pt'>Tabla Campos<\/td>\r\n <\/tr>\r\n <tr height=35 style='height:26.25pt'>\r\n  <td height=35 class=xl65324 width=56 style='height:26.25pt;width:42pt'>Ejercicio<\/td>\r\n  <td class=xl65324 width=163 style='border-left:none;width:122pt'>Fecha de\r\n  inicio del periodo que se informa<\/td>\r\n  <td class=xl65324 width=163 style='border-left:none;width:122pt'>Fecha de\r\n  t\u00e9rmino del periodo que se informa<\/td>\r\n  <td class=xl65324 width=161 style='border-left:none;width:121pt'>Denominaci\u00f3n\r\n  del servicio<\/td>\r\n  <td class=xl65324 width=162 style='border-left:none;width:122pt'>Tipo de\r\n  servicio (cat\u00e1logo)<\/td>\r\n  <td class=xl65324 width=229 style='border-left:none;width:172pt'>Tipo de\r\n  usuario y\/o poblaci\u00f3n objetivo<\/td>\r\n  <td class=xl65324 width=341 style='border-left:none;width:256pt'>Descripci\u00f3n\r\n  del objetivo del servicio<\/td>\r\n  <td class=xl65324 width=137 style='border-left:none;width:103pt'>Modalidad\r\n  del servicio<\/td>\r\n  <td class=xl65324 width=209 style='border-left:none;width:157pt'>Requisitos\r\n  para obtener el servicio<\/td>\r\n  <td class=xl65324 width=216 style='border-left:none;width:162pt'>Documentos\r\n  requeridos, en su caso<\/td>\r\n  <td class=xl65324 width=753 style='border-left:none;width:565pt'>Hiperv\u00ednculo\r\n  a los formatos respectivo(s) publicado(s) en medio oficial<\/td>\r\n  <td class=xl65324 width=130 style='border-left:none;width:98pt'>Tiempo de\r\n  respuesta<\/td>\r\n  <td class=xl65324 width=389 style='border-left:none;width:292pt'>\u00c1rea en la\r\n  que se proporciona el servicio y los datos de contacto <br>\r\n    Tabla_350710<\/td>\r\n  <td class=xl65324 width=226 style='border-left:none;width:170pt'>Costo, en su\r\n  caso especificar que es gratuito<\/td>\r\n  <td class=xl65324 width=149 style='border-left:none;width:112pt'>Sustento\r\n  legal para su cobro<\/td>\r\n  <td class=xl65324 width=205 style='border-left:none;width:154pt'>Lugares\r\n  donde se efect\u00faa el pago<\/td>\r\n  <td class=xl65324 width=286 style='border-left:none;width:215pt'>Fundamento\r\n  jur\u00eddico-administrativo del servicio<\/td>\r\n  <td class=xl65324 width=284 style='border-left:none;width:213pt'>Derechos del\r\n  usuario ante la negativa o la falta<\/td>\r\n  <td class=xl65324 width=322 style='border-left:none;width:242pt'>Lugar para\r\n  reportar presuntas anomalias <br>\r\n    Tabla_350701<\/td>\r\n  <td class=xl65324 width=279 style='border-left:none;width:209pt'>Hiperv\u00ednculo\r\n  informaci\u00f3n adicional del servicio<\/td>\r\n  <td class=xl65324 width=266 style='border-left:none;width:200pt'>Hiperv\u00ednculo\r\n  al cat\u00e1logo, manual o sistemas<span style='mso-spacerun:yes'>\u00a0<\/span><\/td>\r\n  <td class=xl65324 width=512 style='border-left:none;width:384pt'>\u00c1rea(s)\r\n  responsable(s) que genera(n), posee(n), publica(n) y actualizan la\r\n  informaci\u00f3n<\/td>\r\n  <td class=xl65324 width=123 style='border-left:none;width:92pt'>Fecha de\r\n  validaci\u00f3n<\/td>\r\n  <td class=xl65324 width=140 style='border-left:none;width:105pt'>Fecha de\r\n  actualizaci\u00f3n<\/td>\r\n  <td class=xl65324 width=572 style='border-left:none;width:429pt'>Nota<\/td>\r\n <\/tr>\r\n <tr height=35 style='mso-height-source:userset;height:26.25pt'>\r\n  <td height=35 class=xl66324 align=right width=56 style='height:26.25pt;\r\n  border-top:none;width:42pt'>2019<\/td>\r\n  <td class=xl67324 align=right width=163 style='border-top:none;border-left:\r\n  none;width:122pt'>01\/10\/2019<\/td>\r\n  <td class=xl67324 align=right width=163 style='border-top:none;border-left:\r\n  none;width:122pt'>31\/12\/2019<\/td>\r\n  <td class=xl66324 width=161 style='border-top:none;border-left:none;\r\n  width:121pt'>Orientaci\u00f3n legal<\/td>\r\n  <td class=xl66324 width=162 style='border-top:none;border-left:none;\r\n  width:122pt'>Directo<\/td>\r\n  <td class=xl66324 width=229 style='border-top:none;border-left:none;\r\n  width:172pt'>A la poblaci\u00f3n que lo solicite<\/td>\r\n  <td class=xl66324 width=341 style='border-top:none;border-left:none;\r\n  width:256pt'>Dar orientaci\u00f3n \u00fatil a la ciudadania<span\r\n  style='mso-spacerun:yes'>\u00a0 <\/span>que lo solicite<\/td>\r\n  <td class=xl66324 width=137 style='border-top:none;border-left:none;\r\n  width:103pt'>Personal<\/td>\r\n  <td class=xl66324 width=209 style='border-top:none;border-left:none;\r\n  width:157pt'>Solicitarlo<span style='mso-spacerun:yes'>\u00a0<\/span><\/td>\r\n  <td class=xl66324 width=216 style='border-top:none;border-left:none;\r\n  width:162pt'>Ninguno<span style='mso-spacerun:yes'>\u00a0<\/span><\/td>\r\n  <td class=xl68324 width=753 style='border-top:none;border-left:none;\r\n  width:565pt'><a\r\n  href=\"https:\/\/www.apan.gob.mx\/descargables\/transparencia\/articulo69\/fraccion19\/2019_4\/conciliador\/FraXIXa1_1.pdf\">https:\/\/www.apan.gob.mx\/descargables\/transparencia\/articulo69\/fraccion19\/2019_4\/conciliador\/FraXIXa1_1.pdf<\/a><\/td>\r\n  <td class=xl66324 width=130 style='border-top:none;border-left:none;\r\n  width:98pt'>de 10 a 45 minutos<\/td>\r\n  <td class=xl66324 align=right width=389 style='border-top:none;border-left:\r\n  none;width:292pt'>1<\/td>\r\n  <td class=xl66324 width=226 style='border-top:none;border-left:none;\r\n  width:170pt'>Servicio gratuito<\/td>\r\n  <td class=xl66324 width=149 style='border-top:none;border-left:none;\r\n  width:112pt'>No existe sustento legal para realizar el cobro<\/td>\r\n  <td class=xl66324 width=205 style='border-top:none;border-left:none;\r\n  width:154pt'>No aplica, al no haber sustento legal para el cobro<\/td>\r\n  <td class=xl66324 width=286 style='border-top:none;border-left:none;\r\n  width:215pt'>art\u00edculo 160 de la ley org\u00e1nica municipal<\/td>\r\n  <td class=xl66324 width=284 style='border-top:none;border-left:none;\r\n  width:213pt'>Levantar queja o denuncia<span style='mso-spacerun:yes'>\u00a0<\/span><\/td>\r\n  <td class=xl66324 align=right width=322 style='border-top:none;border-left:\r\n  none;width:242pt'>1<\/td>\r\n  <td class=xl66324 width=279 style='border-top:none;border-left:none;\r\n  width:209pt'>&nbsp;<\/td>\r\n  <td class=xl69324 style='border-top:none;border-left:none'><u\r\n  style='visibility:hidden;mso-ignore:visibility'>&nbsp;<\/u><\/td>\r\n  <td class=xl66324 width=512 style='border-top:none;border-left:none;\r\n  width:384pt'>Juzgado conciliador<\/td>\r\n  <td class=xl67324 align=right width=123 style='border-top:none;border-left:\r\n  none;width:92pt'>10\/01\/2020<\/td>\r\n  <td class=xl67324 align=right width=140 style='border-top:none;border-left:\r\n  none;width:105pt'>01\/10\/2019<\/td>\r\n  <td class=xl66324 width=572 style='border-top:none;border-left:none;\r\n  width:429pt'>No existe catalogo, manual \u00f3 sistema para este servicio,asi como\r\n  ninguna informaci\u00f3n adicional. Por lo que tanpoco hay informacion adicional\r\n  de este servicio.<\/td>\r\n <\/tr>\r\n <![if supportMisalignedColumns]>\r\n <tr height=0 style='display:none'>\r\n  <td width=56 style='width:42pt'><\/td>\r\n  <td width=163 style='width:122pt'><\/td>\r\n  <td width=163 style='width:122pt'><\/td>\r\n  <td width=161 style='width:121pt'><\/td>\r\n  <td width=162 style='width:122pt'><\/td>\r\n  <td width=229 style='width:172pt'><\/td>\r\n  <td width=341 style='width:256pt'><\/td>\r\n  <td width=137 style='width:103pt'><\/td>\r\n  <td width=209 style='width:157pt'><\/td>\r\n  <td width=216 style='width:162pt'><\/td>\r\n  <td width=753 style='width:565pt'><\/td>\r\n  <td width=130 style='width:98pt'><\/td>\r\n  <td width=389 style='width:292pt'><\/td>\r\n  <td width=226 style='width:170pt'><\/td>\r\n  <td width=149 style='width:112pt'><\/td>\r\n  <td width=205 style='width:154pt'><\/td>\r\n  <td width=286 style='width:215pt'><\/td>\r\n  <td width=284 style='width:213pt'><\/td>\r\n  <td width=322 style='width:242pt'><\/td>\r\n  <td width=279 style='width:209pt'><\/td>\r\n  <td width=266 style='width:200pt'><\/td>\r\n  <td width=512 style='width:384pt'><\/td>\r\n  <td width=123 style='width:92pt'><\/td>\r\n  <td width=140 style='width:105pt'><\/td>\r\n  <td width=572 style='width:429pt'><\/td>\r\n <\/tr>\r\n <![endif]>\r\n<\/table>\r\n\r\n<\/div>\r\n\r\n\r\n<!----------------------------->\r\n<!--FINAL DE LOS RESULTADOS DEL ASISTENTE PARA PUBLICAR COMO P\u00c1GINA WEB DE\r\nEXCEL-->\r\n<!----------------------------->\r\n<\/body>\r\n\r\n<\/html>\r\n\t\t<\/div>\n\t\t\t\t<\/div>\n\t\t\t\t\t\t<\/div>\n\t\t\t\t\t<\/div>\n\t\t<\/div>\n\t\t\t\t\t\t\t\t<\/div>\n\t\t\t\t\t<\/div>\n\t\t<\/section>\n\t\t\t\t\t\t\t\t\t<\/div>\n\t\t\t<\/div>\n\t\t\t\t\t<\/div>\n\t\t","protected":false},"excerpt":{"rendered":"<p>Fracci\u00f3n XIX 44250 T\u00cdTULO NOMBRE CORTO DESCRIPCI\u00d3N Servicios ofrecidos a69_f19 La informaci\u00f3n para dar a conocer los servicios p\u00fablicos que presta el sujeto obligado, tanto de las actividades realizadas por la administraci\u00f3n p\u00fablica para satisfacer necesidades de la poblaci\u00f3n, como las realizadas por los sujetos obligados que no formen parte de la Administraci\u00f3n P\u00fablica, pero [&hellip;]<\/p>\n","protected":false},"author":1,"featured_media":0,"parent":7391,"menu_order":0,"comment_status":"closed","ping_status":"closed","template":"page-template-full.php","meta":[],"jetpack_sharing_enabled":true,"_links":{"self":[{"href":"https:\/\/apan.gob.mx\/portal\/wp-json\/wp\/v2\/pages\/7577"}],"collection":[{"href":"https:\/\/apan.gob.mx\/portal\/wp-json\/wp\/v2\/pages"}],"about":[{"href":"https:\/\/apan.gob.mx\/portal\/wp-json\/wp\/v2\/types\/page"}],"author":[{"embeddable":true,"href":"https:\/\/apan.gob.mx\/portal\/wp-json\/wp\/v2\/users\/1"}],"replies":[{"embeddable":true,"href":"https:\/\/apan.gob.mx\/portal\/wp-json\/wp\/v2\/comments?post=7577"}],"version-history":[{"count":3,"href":"https:\/\/apan.gob.mx\/portal\/wp-json\/wp\/v2\/pages\/7577\/revisions"}],"predecessor-version":[{"id":7866,"href":"https:\/\/apan.gob.mx\/portal\/wp-json\/wp\/v2\/pages\/7577\/revisions\/7866"}],"up":[{"embeddable":true,"href":"https:\/\/apan.gob.mx\/portal\/wp-json\/wp\/v2\/pages\/7391"}],"wp:attachment":[{"href":"https:\/\/apan.gob.mx\/portal\/wp-json\/wp\/v2\/media?parent=7577"}],"curies":[{"name":"wp","href":"https:\/\/api.w.org\/{rel}","templated":true}]}}