{"id":7647,"date":"2020-01-14T13:48:52","date_gmt":"2020-01-14T19:48:52","guid":{"rendered":"https:\/\/apan.gob.mx\/portal\/?page_id=7647"},"modified":"2020-01-14T13:50:16","modified_gmt":"2020-01-14T19:50:16","slug":"7647-2","status":"publish","type":"page","link":"https:\/\/apan.gob.mx\/portal\/4-trimestre-2019\/7647-2\/","title":{"rendered":"<!--secretaria_11_2019_4-->"},"content":{"rendered":"\t\t<div data-elementor-type=\"wp-page\" data-elementor-id=\"7647\" class=\"elementor elementor-7647 elementor-bc-flex-widget\">\n\t\t\t\t\t\t<div class=\"elementor-inner\">\n\t\t\t\t<div class=\"elementor-section-wrap\">\n\t\t\t\t\t\t\t\t\t<section class=\"has_ae_slider elementor-section elementor-top-section elementor-element elementor-element-oaxvsmg elementor-section-boxed elementor-section-height-default elementor-section-height-default ae-bg-gallery-type-default\" data-id=\"oaxvsmg\" data-element_type=\"section\">\n\t\t\t\t\t\t<div class=\"elementor-container elementor-column-gap-default\">\n\t\t\t\t\t\t\t<div class=\"elementor-row\">\n\t\t\t\t\t<div class=\"has_ae_slider elementor-column elementor-col-100 elementor-top-column elementor-element elementor-element-ebiinqe ae-bg-gallery-type-default\" data-id=\"ebiinqe\" data-element_type=\"column\">\n\t\t\t<div class=\"elementor-column-wrap elementor-element-populated\">\n\t\t\t\t\t\t\t<div class=\"elementor-widget-wrap\">\n\t\t\t\t\t\t<div class=\"elementor-element elementor-element-xswznod elementor-widget elementor-widget-heading\" data-id=\"xswznod\" data-element_type=\"widget\" data-widget_type=\"heading.default\">\n\t\t\t\t<div class=\"elementor-widget-container\">\n\t\t\t<h2 class=\"elementor-heading-title elementor-size-medium\">Fracci\u00f3n XI<\/h2>\t\t<\/div>\n\t\t\t\t<\/div>\n\t\t\t\t<div class=\"elementor-element elementor-element-lyokmkf elementor-widget elementor-widget-html\" data-id=\"lyokmkf\" data-element_type=\"widget\" data-widget_type=\"html.default\">\n\t\t\t\t<div class=\"elementor-widget-container\">\n\t\t\t<html xmlns:o=\"urn:schemas-microsoft-com:office:office\"\r\nxmlns:x=\"urn:schemas-microsoft-com:office:excel\"\r\nxmlns=\"http:\/\/www.w3.org\/TR\/REC-html40\">\r\n\r\n<head>\r\n<meta http-equiv=Content-Type content=\"text\/html; charset=windows-1252\">\r\n<meta name=ProgId content=Excel.Sheet>\r\n<meta name=Generator content=\"Microsoft Excel 15\">\r\n<link rel=File-List href=\"a69_f11_archivos\/filelist.xml\">\r\n<style id=\"a69_f11_14_17862_Styles\">\r\n<!--table\r\n\t{mso-displayed-decimal-separator:\"\\.\";\r\n\tmso-displayed-thousand-separator:\"\\,\";}\r\n.xl1517862\r\n\t{padding-top:1px;\r\n\tpadding-right:1px;\r\n\tpadding-left:1px;\r\n\tmso-ignore:padding;\r\n\tcolor:black;\r\n\tfont-size:11.0pt;\r\n\tfont-weight:400;\r\n\tfont-style:normal;\r\n\ttext-decoration:none;\r\n\tfont-family:Calibri, sans-serif;\r\n\tmso-font-charset:0;\r\n\tmso-number-format:General;\r\n\ttext-align:general;\r\n\tvertical-align:bottom;\r\n\tmso-background-source:auto;\r\n\tmso-pattern:auto;\r\n\twhite-space:nowrap;}\r\n.xl6517862\r\n\t{padding-top:1px;\r\n\tpadding-right:1px;\r\n\tpadding-left:1px;\r\n\tmso-ignore:padding;\r\n\tcolor:black;\r\n\tfont-size:10.0pt;\r\n\tfont-weight:400;\r\n\tfont-style:normal;\r\n\ttext-decoration:none;\r\n\tfont-family:Arial;\r\n\tmso-generic-font-family:auto;\r\n\tmso-font-charset:0;\r\n\tmso-number-format:General;\r\n\ttext-align:center;\r\n\tvertical-align:bottom;\r\n\tborder:.5pt solid windowtext;\r\n\tbackground:#E1E1E1;\r\n\tmso-pattern:black none;\r\n\twhite-space:normal;}\r\n.xl6617862\r\n\t{padding-top:1px;\r\n\tpadding-right:1px;\r\n\tpadding-left:1px;\r\n\tmso-ignore:padding;\r\n\tcolor:black;\r\n\tfont-size:11.0pt;\r\n\tfont-weight:400;\r\n\tfont-style:normal;\r\n\ttext-decoration:none;\r\n\tfont-family:Calibri, sans-serif;\r\n\tmso-font-charset:0;\r\n\tmso-number-format:General;\r\n\ttext-align:general;\r\n\tvertical-align:middle;\r\n\tborder:.5pt solid windowtext;\r\n\tmso-background-source:auto;\r\n\tmso-pattern:auto;\r\n\twhite-space:nowrap;}\r\n.xl6717862\r\n\t{padding-top:1px;\r\n\tpadding-right:1px;\r\n\tpadding-left:1px;\r\n\tmso-ignore:padding;\r\n\tcolor:black;\r\n\tfont-size:11.0pt;\r\n\tfont-weight:400;\r\n\tfont-style:normal;\r\n\ttext-decoration:none;\r\n\tfont-family:Calibri, sans-serif;\r\n\tmso-font-charset:0;\r\n\tmso-number-format:\"Short Date\";\r\n\ttext-align:general;\r\n\tvertical-align:middle;\r\n\tborder:.5pt solid windowtext;\r\n\tmso-background-source:auto;\r\n\tmso-pattern:auto;\r\n\twhite-space:nowrap;}\r\n.xl6817862\r\n\t{padding-top:1px;\r\n\tpadding-right:1px;\r\n\tpadding-left:1px;\r\n\tmso-ignore:padding;\r\n\tcolor:#0563C1;\r\n\tfont-size:11.0pt;\r\n\tfont-weight:400;\r\n\tfont-style:normal;\r\n\ttext-decoration:underline;\r\n\ttext-underline-style:single;\r\n\tfont-family:Calibri, sans-serif;\r\n\tmso-font-charset:0;\r\n\tmso-number-format:General;\r\n\ttext-align:general;\r\n\tvertical-align:middle;\r\n\tborder:.5pt solid windowtext;\r\n\tmso-background-source:auto;\r\n\tmso-pattern:auto;\r\n\twhite-space:nowrap;}\r\n.xl6917862\r\n\t{padding-top:1px;\r\n\tpadding-right:1px;\r\n\tpadding-left:1px;\r\n\tmso-ignore:padding;\r\n\tcolor:black;\r\n\tfont-size:11.0pt;\r\n\tfont-weight:400;\r\n\tfont-style:normal;\r\n\ttext-decoration:none;\r\n\tfont-family:Calibri, sans-serif;\r\n\tmso-font-charset:0;\r\n\tmso-number-format:Fixed;\r\n\ttext-align:general;\r\n\tvertical-align:middle;\r\n\tborder:.5pt solid windowtext;\r\n\tmso-background-source:auto;\r\n\tmso-pattern:auto;\r\n\twhite-space:nowrap;}\r\n.xl7017862\r\n\t{padding-top:1px;\r\n\tpadding-right:1px;\r\n\tpadding-left:1px;\r\n\tmso-ignore:padding;\r\n\tcolor:black;\r\n\tfont-size:11.0pt;\r\n\tfont-weight:400;\r\n\tfont-style:normal;\r\n\ttext-decoration:none;\r\n\tfont-family:Calibri, sans-serif;\r\n\tmso-font-charset:0;\r\n\tmso-number-format:General;\r\n\ttext-align:general;\r\n\tvertical-align:middle;\r\n\tborder:.5pt solid windowtext;\r\n\tmso-background-source:auto;\r\n\tmso-pattern:auto;\r\n\twhite-space:normal;}\r\n.xl7117862\r\n\t{padding-top:1px;\r\n\tpadding-right:1px;\r\n\tpadding-left:1px;\r\n\tmso-ignore:padding;\r\n\tcolor:black;\r\n\tfont-size:11.0pt;\r\n\tfont-weight:400;\r\n\tfont-style:normal;\r\n\ttext-decoration:none;\r\n\tfont-family:Calibri, sans-serif;\r\n\tmso-font-charset:0;\r\n\tmso-number-format:General;\r\n\ttext-align:general;\r\n\tvertical-align:middle;\r\n\tmso-background-source:auto;\r\n\tmso-pattern:auto;\r\n\twhite-space:nowrap;}\r\n.xl7217862\r\n\t{padding-top:1px;\r\n\tpadding-right:1px;\r\n\tpadding-left:1px;\r\n\tmso-ignore:padding;\r\n\tcolor:white;\r\n\tfont-size:11.0pt;\r\n\tfont-weight:700;\r\n\tfont-style:normal;\r\n\ttext-decoration:none;\r\n\tfont-family:Arial;\r\n\tmso-generic-font-family:auto;\r\n\tmso-font-charset:0;\r\n\tmso-number-format:General;\r\n\ttext-align:center;\r\n\tvertical-align:bottom;\r\n\tborder:.5pt solid windowtext;\r\n\tbackground:#333333;\r\n\tmso-pattern:black none;\r\n\twhite-space:nowrap;}\r\n.xl7317862\r\n\t{padding-top:1px;\r\n\tpadding-right:1px;\r\n\tpadding-left:1px;\r\n\tmso-ignore:padding;\r\n\tcolor:black;\r\n\tfont-size:10.0pt;\r\n\tfont-weight:400;\r\n\tfont-style:normal;\r\n\ttext-decoration:none;\r\n\tfont-family:Arial;\r\n\tmso-generic-font-family:auto;\r\n\tmso-font-charset:0;\r\n\tmso-number-format:General;\r\n\ttext-align:general;\r\n\tvertical-align:bottom;\r\n\tborder:.5pt solid windowtext;\r\n\tbackground:#E1E1E1;\r\n\tmso-pattern:black none;\r\n\twhite-space:nowrap;}\r\n-->\r\n<\/style>\r\n<\/head>\r\n\r\n<body>\r\n<!--[if !excel]>&nbsp;&nbsp;<![endif]-->\r\n<!--La siguiente informaci\u00f3n se gener\u00f3 mediante el Asistente para publicar como\r\np\u00e1gina web de Microsoft Excel.-->\r\n<!--Si se vuelve a publicar el mismo elemento desde Excel, se reemplazar\u00e1 toda\r\nla informaci\u00f3n comprendida entre las etiquetas DIV.-->\r\n<!----------------------------->\r\n<!--INICIO DE LOS RESULTADOS DEL ASISTENTE PARA PUBLICAR COMO P\u00c1GINA WEB DE\r\nEXCEL -->\r\n<!----------------------------->\r\n\r\n<div id=\"a69_f11_14_17862\" align=center x:publishsource=\"Excel\">\r\n\r\n<table border=0 cellpadding=0 cellspacing=0 width=5373 style='border-collapse:\r\n collapse;table-layout:fixed;width:4033pt'>\r\n <col width=56 style='mso-width-source:userset;mso-width-alt:2048;width:42pt'>\r\n <col width=153 span=2 style='mso-width-source:userset;mso-width-alt:5595;\r\n width:115pt'>\r\n <col width=357 style='mso-width-source:userset;mso-width-alt:13056;width:268pt'>\r\n <col width=157 style='mso-width-source:userset;mso-width-alt:5741;width:118pt'>\r\n <col width=165 style='mso-width-source:userset;mso-width-alt:6034;width:124pt'>\r\n <col width=197 style='mso-width-source:userset;mso-width-alt:7204;width:148pt'>\r\n <col width=262 style='mso-width-source:userset;mso-width-alt:9581;width:197pt'>\r\n <col width=124 style='mso-width-source:userset;mso-width-alt:4534;width:93pt'>\r\n <col width=713 style='mso-width-source:userset;mso-width-alt:26075;width:535pt'>\r\n <col width=169 style='mso-width-source:userset;mso-width-alt:6180;width:127pt'>\r\n <col width=184 style='mso-width-source:userset;mso-width-alt:6729;width:138pt'>\r\n <col width=133 style='mso-width-source:userset;mso-width-alt:4864;width:100pt'>\r\n <col width=293 style='mso-width-source:userset;mso-width-alt:10715;width:220pt'>\r\n <col width=122 style='mso-width-source:userset;mso-width-alt:4461;width:92pt'>\r\n <col width=151 style='mso-width-source:userset;mso-width-alt:5522;width:113pt'>\r\n <col width=688 style='mso-width-source:userset;mso-width-alt:25161;width:516pt'>\r\n <col width=512 style='mso-width-source:userset;mso-width-alt:18724;width:384pt'>\r\n <col width=123 style='mso-width-source:userset;mso-width-alt:4498;width:92pt'>\r\n <col width=140 style='mso-width-source:userset;mso-width-alt:5120;width:105pt'>\r\n <col width=521 style='mso-width-source:userset;mso-width-alt:19053;width:391pt'>\r\n <tr height=0 style='display:none'>\r\n  <td class=xl1517862 width=56 style='width:42pt'>44234<\/td>\r\n  <td class=xl1517862 width=153 style='width:115pt'><\/td>\r\n  <td class=xl1517862 width=153 style='width:115pt'><\/td>\r\n  <td class=xl1517862 width=357 style='width:268pt'><\/td>\r\n  <td class=xl1517862 width=157 style='width:118pt'><\/td>\r\n  <td class=xl1517862 width=165 style='width:124pt'><\/td>\r\n  <td class=xl1517862 width=197 style='width:148pt'><\/td>\r\n  <td class=xl1517862 width=262 style='width:197pt'><\/td>\r\n  <td class=xl1517862 width=124 style='width:93pt'><\/td>\r\n  <td class=xl1517862 width=713 style='width:535pt'><\/td>\r\n  <td class=xl1517862 width=169 style='width:127pt'><\/td>\r\n  <td class=xl1517862 width=184 style='width:138pt'><\/td>\r\n  <td class=xl1517862 width=133 style='width:100pt'><\/td>\r\n  <td class=xl1517862 width=293 style='width:220pt'><\/td>\r\n  <td class=xl1517862 width=122 style='width:92pt'><\/td>\r\n  <td class=xl1517862 width=151 style='width:113pt'><\/td>\r\n  <td class=xl1517862 width=688 style='width:516pt'><\/td>\r\n  <td class=xl1517862 width=512 style='width:384pt'><\/td>\r\n  <td class=xl1517862 width=123 style='width:92pt'><\/td>\r\n  <td class=xl1517862 width=140 style='width:105pt'><\/td>\r\n  <td class=xl1517862 width=521 style='width:391pt'><\/td>\r\n <\/tr>\r\n <tr height=20 style='height:15.0pt'>\r\n  <td colspan=3 height=20 class=xl7217862 style='height:15.0pt'>T\u00cdTULO<\/td>\r\n  <td colspan=3 class=xl7217862>NOMBRE CORTO<\/td>\r\n  <td colspan=3 class=xl7217862>DESCRIPCI\u00d3N<\/td>\r\n  <td class=xl1517862><\/td>\r\n  <td class=xl1517862><\/td>\r\n  <td class=xl1517862><\/td>\r\n  <td class=xl1517862><\/td>\r\n  <td class=xl1517862><\/td>\r\n  <td class=xl1517862><\/td>\r\n  <td class=xl1517862><\/td>\r\n  <td class=xl1517862><\/td>\r\n  <td class=xl1517862><\/td>\r\n  <td class=xl1517862><\/td>\r\n  <td class=xl1517862><\/td>\r\n  <td class=xl1517862><\/td>\r\n <\/tr>\r\n <tr height=20 style='height:15.0pt'>\r\n  <td colspan=3 height=20 class=xl7317862 style='height:15.0pt'>Personal\r\n  contratado por honorarios<\/td>\r\n  <td colspan=3 class=xl7317862>a69_f11<\/td>\r\n  <td colspan=3 class=xl7317862>Los sujetos obligados publicar\u00e1n informaci\u00f3n de\r\n  las personas contratadas bajo el r\u00e9gimen de servicios profesionales por\r\n  honorarios y servicios profesionales por honorarios asimilados a salarios;\r\n  entendi\u00e9ndose \u00e9stos como los servicios que se contratan y\/o prestan a cambio\r\n  de una retribuci\u00f3n por ellos.<\/td>\r\n  <td class=xl1517862><\/td>\r\n  <td class=xl1517862><\/td>\r\n  <td class=xl1517862><\/td>\r\n  <td class=xl1517862><\/td>\r\n  <td class=xl1517862><\/td>\r\n  <td class=xl1517862><\/td>\r\n  <td class=xl1517862><\/td>\r\n  <td class=xl1517862><\/td>\r\n  <td class=xl1517862><\/td>\r\n  <td class=xl1517862><\/td>\r\n  <td class=xl1517862><\/td>\r\n  <td class=xl1517862><\/td>\r\n <\/tr>\r\n <tr height=0 style='display:none'>\r\n  <td class=xl1517862>1<\/td>\r\n  <td class=xl1517862>4<\/td>\r\n  <td class=xl1517862>4<\/td>\r\n  <td class=xl1517862>9<\/td>\r\n  <td class=xl1517862>1<\/td>\r\n  <td class=xl1517862>1<\/td>\r\n  <td class=xl1517862>1<\/td>\r\n  <td class=xl1517862>1<\/td>\r\n  <td class=xl1517862>1<\/td>\r\n  <td class=xl1517862>7<\/td>\r\n  <td class=xl1517862>4<\/td>\r\n  <td class=xl1517862>4<\/td>\r\n  <td class=xl1517862>2<\/td>\r\n  <td class=xl1517862>6<\/td>\r\n  <td class=xl1517862>6<\/td>\r\n  <td class=xl1517862>2<\/td>\r\n  <td class=xl1517862>7<\/td>\r\n  <td class=xl1517862>2<\/td>\r\n  <td class=xl1517862>4<\/td>\r\n  <td class=xl1517862>13<\/td>\r\n  <td class=xl1517862>14<\/td>\r\n <\/tr>\r\n <tr height=0 style='display:none'>\r\n  <td class=xl1517862>350329<\/td>\r\n  <td class=xl1517862>350331<\/td>\r\n  <td class=xl1517862>350332<\/td>\r\n  <td class=xl1517862>350342<\/td>\r\n  <td class=xl1517862>350324<\/td>\r\n  <td class=xl1517862>350325<\/td>\r\n  <td class=xl1517862>350326<\/td>\r\n  <td class=xl1517862>350327<\/td>\r\n  <td class=xl1517862>350328<\/td>\r\n  <td class=xl1517862>350336<\/td>\r\n  <td class=xl1517862>350344<\/td>\r\n  <td class=xl1517862>350345<\/td>\r\n  <td class=xl1517862>350330<\/td>\r\n  <td class=xl1517862>350334<\/td>\r\n  <td class=xl1517862>350335<\/td>\r\n  <td class=xl1517862>350343<\/td>\r\n  <td class=xl1517862>350337<\/td>\r\n  <td class=xl1517862>350341<\/td>\r\n  <td class=xl1517862>350333<\/td>\r\n  <td class=xl1517862>350340<\/td>\r\n  <td class=xl1517862>350339<\/td>\r\n <\/tr>\r\n <tr height=20 style='height:15.0pt'>\r\n  <td colspan=21 height=20 class=xl7217862 style='height:15.0pt'>Tabla Campos<\/td>\r\n <\/tr>\r\n <tr height=35 style='height:26.25pt'>\r\n  <td height=35 class=xl6517862 width=56 style='height:26.25pt;width:42pt'>Ejercicio<\/td>\r\n  <td class=xl6517862 width=153 style='border-left:none;width:115pt'>Fecha de\r\n  inicio del periodo que se informa<\/td>\r\n  <td class=xl6517862 width=153 style='border-left:none;width:115pt'>Fecha de\r\n  t\u00e9rmino del periodo que se informa<\/td>\r\n  <td class=xl6517862 width=357 style='border-left:none;width:268pt'>Tipo de\r\n  contrataci\u00f3n (cat\u00e1logo)<\/td>\r\n  <td class=xl6517862 width=157 style='border-left:none;width:118pt'>Partida\r\n  presupuestal de los recursos<\/td>\r\n  <td class=xl6517862 width=165 style='border-left:none;width:124pt'>Nombre(s)\r\n  de la persona contratada<span style='mso-spacerun:yes'>\u00a0<\/span><\/td>\r\n  <td class=xl6517862 width=197 style='border-left:none;width:148pt'>Primer\r\n  apellido de la persona contratada<span style='mso-spacerun:yes'>\u00a0<\/span><\/td>\r\n  <td class=xl6517862 width=262 style='border-left:none;width:197pt'>Segundo\r\n  apellido de la persona contratada<span style='mso-spacerun:yes'>\u00a0<\/span><\/td>\r\n  <td class=xl6517862 width=124 style='border-left:none;width:93pt'>N\u00famero de\r\n  contrato<\/td>\r\n  <td class=xl6517862 width=713 style='border-left:none;width:535pt'>Hiperv\u00ednculo\r\n  al contrato<\/td>\r\n  <td class=xl6517862 width=169 style='border-left:none;width:127pt'>Fecha de\r\n  inicio del contrato<\/td>\r\n  <td class=xl6517862 width=184 style='border-left:none;width:138pt'>Fecha de\r\n  t\u00e9rmino del contrato<\/td>\r\n  <td class=xl6517862 width=133 style='border-left:none;width:100pt'>Servicios\r\n  contratados<\/td>\r\n  <td class=xl6517862 width=293 style='border-left:none;width:220pt'>Remuneraci\u00f3n\r\n  mensual bruta o contraprestaci\u00f3n<\/td>\r\n  <td class=xl6517862 width=122 style='border-left:none;width:92pt'>Monto total\r\n  a pagar<\/td>\r\n  <td class=xl6517862 width=151 style='border-left:none;width:113pt'>Prestaciones,\r\n  en su caso<\/td>\r\n  <td class=xl6517862 width=688 style='border-left:none;width:516pt'>Hiperv\u00ednculo\r\n  a la normatividad que regula la celebraci\u00f3n de contratos de honorarios<\/td>\r\n  <td class=xl6517862 width=512 style='border-left:none;width:384pt'>\u00c1rea(s)\r\n  responsable(s) que genera(n), posee(n), publica(n) y actualizan la\r\n  informaci\u00f3n<\/td>\r\n  <td class=xl6517862 width=123 style='border-left:none;width:92pt'>Fecha de\r\n  validaci\u00f3n<\/td>\r\n  <td class=xl6517862 width=140 style='border-left:none;width:105pt'>Fecha de\r\n  actualizaci\u00f3n<\/td>\r\n  <td class=xl6517862 width=521 style='border-left:none;width:391pt'>Nota<\/td>\r\n <\/tr>\r\n <tr class=xl7117862 height=80 style='height:60.0pt'>\r\n  <td height=80 class=xl6617862 align=right style='height:60.0pt;border-top:\r\n  none'>2019<\/td>\r\n  <td class=xl6717862 align=right style='border-top:none;border-left:none'>01\/10\/2019<\/td>\r\n  <td class=xl6717862 align=right style='border-top:none;border-left:none'>31\/12\/2019<\/td>\r\n  <td class=xl6617862 style='border-top:none;border-left:none'>Servicios\r\n  profesionales por honorarios<\/td>\r\n  <td class=xl6617862 align=right style='border-top:none;border-left:none'>0<\/td>\r\n  <td class=xl6617862 align=right style='border-top:none;border-left:none'>0<\/td>\r\n  <td class=xl6617862 align=right style='border-top:none;border-left:none'>0<\/td>\r\n  <td class=xl6617862 align=right style='border-top:none;border-left:none'>0<\/td>\r\n  <td class=xl6617862 align=right style='border-top:none;border-left:none'>0<\/td>\r\n  <td class=xl6817862 style='border-top:none;border-left:none'><a\r\n  href=\"https:\/\/www.apan.gob.mx\/descargables\/transparencia\/articulo69\/fraccion11\/2019_4\/secretaria\/FrXIa1_1.pdf\">https:\/\/www.apan.gob.mx\/descargables\/transparencia\/articulo69\/fraccion11\/2019_4\/secretaria\/FrXIa1_1.pdf<\/a><\/td>\r\n  <td class=xl6717862 align=right style='border-top:none;border-left:none'>01\/01\/2019<\/td>\r\n  <td class=xl6717862 align=right style='border-top:none;border-left:none'>01\/01\/2019<\/td>\r\n  <td class=xl6617862 align=right style='border-top:none;border-left:none'>0<\/td>\r\n  <td class=xl6917862 align=right style='border-top:none;border-left:none'>0.00<\/td>\r\n  <td class=xl6917862 align=right style='border-top:none;border-left:none'>0.00<\/td>\r\n  <td class=xl6617862 align=right style='border-top:none;border-left:none'>0<\/td>\r\n  <td class=xl6817862 style='border-top:none;border-left:none'><a\r\n  href=\"https:\/\/www.apan.gob.mx\/descargables\/transparencia\/articulo69\/fraccion11\/2019_3\/secgral\/FrXIa1_2.pdf\">https:\/\/www.apan.gob.mx\/descargables\/transparencia\/articulo69\/fraccion11\/2019_3\/secgral\/FrXIa1_2.pdf<\/a><\/td>\r\n  <td class=xl6617862 style='border-top:none;border-left:none'>Secretar\u00eda\r\n  Municipal<\/td>\r\n  <td class=xl6717862 align=right style='border-top:none;border-left:none'>01\/10\/2019<\/td>\r\n  <td class=xl6717862 align=right style='border-top:none;border-left:none'>13\/01\/2020<\/td>\r\n  <td class=xl7017862 width=521 style='border-top:none;border-left:none;\r\n  width:391pt'>En este periodo que se informa no se encuentra contratada\r\n  persona alguna con el regimen de Honorarios, por lo que los campos que\r\n  aparecen vacios no generan informacion y solo para efectos de formato se\r\n  ponen las fechas inicio de contrato y fin de contrato la siguiente 01\/01\/2019<\/td>\r\n <\/tr>\r\n <tr height=20 style='height:15.0pt'>\r\n  <td height=20 class=xl1517862 style='height:15.0pt'><\/td>\r\n  <td class=xl1517862><\/td>\r\n  <td class=xl1517862><\/td>\r\n  <td class=xl1517862><\/td>\r\n  <td class=xl1517862><\/td>\r\n  <td class=xl1517862><\/td>\r\n  <td class=xl1517862><\/td>\r\n  <td class=xl1517862><\/td>\r\n  <td class=xl1517862><\/td>\r\n  <td class=xl1517862><\/td>\r\n  <td class=xl1517862><\/td>\r\n  <td class=xl1517862><\/td>\r\n  <td class=xl1517862><\/td>\r\n  <td class=xl1517862><\/td>\r\n  <td class=xl1517862><\/td>\r\n  <td class=xl1517862><\/td>\r\n  <td class=xl1517862><\/td>\r\n  <td class=xl1517862><\/td>\r\n  <td class=xl1517862><\/td>\r\n  <td class=xl1517862><\/td>\r\n  <td class=xl1517862><\/td>\r\n <\/tr>\r\n <tr height=20 style='height:15.0pt'>\r\n  <td height=20 class=xl1517862 style='height:15.0pt'><\/td>\r\n  <td class=xl1517862><\/td>\r\n  <td class=xl1517862><\/td>\r\n  <td class=xl1517862><\/td>\r\n  <td class=xl1517862><\/td>\r\n  <td class=xl1517862><\/td>\r\n  <td class=xl1517862><\/td>\r\n  <td class=xl1517862><\/td>\r\n  <td class=xl1517862><\/td>\r\n  <td class=xl1517862><\/td>\r\n  <td class=xl1517862><\/td>\r\n  <td class=xl1517862><\/td>\r\n  <td class=xl1517862><\/td>\r\n  <td class=xl1517862><\/td>\r\n  <td class=xl1517862><\/td>\r\n  <td class=xl1517862><\/td>\r\n  <td class=xl1517862><\/td>\r\n  <td class=xl1517862><\/td>\r\n  <td class=xl1517862><\/td>\r\n  <td class=xl1517862><\/td>\r\n  <td class=xl1517862><\/td>\r\n <\/tr>\r\n <![if supportMisalignedColumns]>\r\n <tr height=0 style='display:none'>\r\n  <td width=56 style='width:42pt'><\/td>\r\n  <td width=153 style='width:115pt'><\/td>\r\n  <td width=153 style='width:115pt'><\/td>\r\n  <td width=357 style='width:268pt'><\/td>\r\n  <td width=157 style='width:118pt'><\/td>\r\n  <td width=165 style='width:124pt'><\/td>\r\n  <td width=197 style='width:148pt'><\/td>\r\n  <td width=262 style='width:197pt'><\/td>\r\n  <td width=124 style='width:93pt'><\/td>\r\n  <td width=713 style='width:535pt'><\/td>\r\n  <td width=169 style='width:127pt'><\/td>\r\n  <td width=184 style='width:138pt'><\/td>\r\n  <td width=133 style='width:100pt'><\/td>\r\n  <td width=293 style='width:220pt'><\/td>\r\n  <td width=122 style='width:92pt'><\/td>\r\n  <td width=151 style='width:113pt'><\/td>\r\n  <td width=688 style='width:516pt'><\/td>\r\n  <td width=512 style='width:384pt'><\/td>\r\n  <td width=123 style='width:92pt'><\/td>\r\n  <td width=140 style='width:105pt'><\/td>\r\n  <td width=521 style='width:391pt'><\/td>\r\n <\/tr>\r\n <![endif]>\r\n<\/table>\r\n\r\n<\/div>\r\n\r\n\r\n<!----------------------------->\r\n<!--FINAL DE LOS RESULTADOS DEL ASISTENTE PARA PUBLICAR COMO P\u00c1GINA WEB DE\r\nEXCEL-->\r\n<!----------------------------->\r\n<\/body>\r\n\r\n<\/html>\r\n\t\t<\/div>\n\t\t\t\t<\/div>\n\t\t\t\t\t\t<\/div>\n\t\t\t\t\t<\/div>\n\t\t<\/div>\n\t\t\t\t\t\t\t\t<\/div>\n\t\t\t\t\t<\/div>\n\t\t<\/section>\n\t\t\t\t\t\t\t\t\t<\/div>\n\t\t\t<\/div>\n\t\t\t\t\t<\/div>\n\t\t","protected":false},"excerpt":{"rendered":"<p>Fracci\u00f3n XI 44234 T\u00cdTULO NOMBRE CORTO DESCRIPCI\u00d3N Personal contratado por honorarios a69_f11 Los sujetos obligados publicar\u00e1n informaci\u00f3n de las personas contratadas bajo el r\u00e9gimen de servicios profesionales por honorarios y servicios profesionales por honorarios asimilados a salarios; entendi\u00e9ndose \u00e9stos como los servicios que se contratan y\/o prestan a cambio de una retribuci\u00f3n por ellos. 1 [&hellip;]<\/p>\n","protected":false},"author":1,"featured_media":0,"parent":7391,"menu_order":0,"comment_status":"closed","ping_status":"closed","template":"page-template-full.php","meta":[],"jetpack_sharing_enabled":true,"_links":{"self":[{"href":"https:\/\/apan.gob.mx\/portal\/wp-json\/wp\/v2\/pages\/7647"}],"collection":[{"href":"https:\/\/apan.gob.mx\/portal\/wp-json\/wp\/v2\/pages"}],"about":[{"href":"https:\/\/apan.gob.mx\/portal\/wp-json\/wp\/v2\/types\/page"}],"author":[{"embeddable":true,"href":"https:\/\/apan.gob.mx\/portal\/wp-json\/wp\/v2\/users\/1"}],"replies":[{"embeddable":true,"href":"https:\/\/apan.gob.mx\/portal\/wp-json\/wp\/v2\/comments?post=7647"}],"version-history":[{"count":3,"href":"https:\/\/apan.gob.mx\/portal\/wp-json\/wp\/v2\/pages\/7647\/revisions"}],"predecessor-version":[{"id":7650,"href":"https:\/\/apan.gob.mx\/portal\/wp-json\/wp\/v2\/pages\/7647\/revisions\/7650"}],"up":[{"embeddable":true,"href":"https:\/\/apan.gob.mx\/portal\/wp-json\/wp\/v2\/pages\/7391"}],"wp:attachment":[{"href":"https:\/\/apan.gob.mx\/portal\/wp-json\/wp\/v2\/media?parent=7647"}],"curies":[{"name":"wp","href":"https:\/\/api.w.org\/{rel}","templated":true}]}}