{"id":7652,"date":"2020-01-14T13:52:23","date_gmt":"2020-01-14T19:52:23","guid":{"rendered":"https:\/\/apan.gob.mx\/portal\/?page_id=7652"},"modified":"2020-02-11T22:14:57","modified_gmt":"2020-02-12T04:14:57","slug":"7652-2","status":"publish","type":"page","link":"https:\/\/apan.gob.mx\/portal\/4-trimestre-2019\/7652-2\/","title":{"rendered":"<!--secretaria_14_2019_4-->"},"content":{"rendered":"\t\t<div data-elementor-type=\"wp-page\" data-elementor-id=\"7652\" class=\"elementor elementor-7652 elementor-bc-flex-widget\">\n\t\t\t\t\t\t<div class=\"elementor-inner\">\n\t\t\t\t<div class=\"elementor-section-wrap\">\n\t\t\t\t\t\t\t\t\t<section class=\"has_ae_slider elementor-section elementor-top-section elementor-element elementor-element-oimehci elementor-section-boxed elementor-section-height-default elementor-section-height-default ae-bg-gallery-type-default\" data-id=\"oimehci\" data-element_type=\"section\">\n\t\t\t\t\t\t<div class=\"elementor-container elementor-column-gap-default\">\n\t\t\t\t\t\t\t<div class=\"elementor-row\">\n\t\t\t\t\t<div class=\"has_ae_slider elementor-column elementor-col-100 elementor-top-column elementor-element elementor-element-hmwhtey ae-bg-gallery-type-default\" data-id=\"hmwhtey\" data-element_type=\"column\">\n\t\t\t<div class=\"elementor-column-wrap elementor-element-populated\">\n\t\t\t\t\t\t\t<div class=\"elementor-widget-wrap\">\n\t\t\t\t\t\t<div class=\"elementor-element elementor-element-xruvclg elementor-widget elementor-widget-heading\" data-id=\"xruvclg\" data-element_type=\"widget\" data-widget_type=\"heading.default\">\n\t\t\t\t<div class=\"elementor-widget-container\">\n\t\t\t<h2 class=\"elementor-heading-title elementor-size-medium\">Fracci\u00f3n XIV<\/h2>\t\t<\/div>\n\t\t\t\t<\/div>\n\t\t\t\t<div class=\"elementor-element elementor-element-qbvajor elementor-widget elementor-widget-html\" data-id=\"qbvajor\" data-element_type=\"widget\" data-widget_type=\"html.default\">\n\t\t\t\t<div class=\"elementor-widget-container\">\n\t\t\t<html xmlns:o=\"urn:schemas-microsoft-com:office:office\"\r\nxmlns:x=\"urn:schemas-microsoft-com:office:excel\"\r\nxmlns=\"http:\/\/www.w3.org\/TR\/REC-html40\">\r\n\r\n<head>\r\n<meta http-equiv=Content-Type content=\"text\/html; charset=windows-1252\">\r\n<meta name=ProgId content=Excel.Sheet>\r\n<meta name=Generator content=\"Microsoft Excel 15\">\r\n<link rel=File-List href=\"a69_f14_archivos\/filelist.xml\">\r\n<style id=\"a69_f14_25830_Styles\">\r\n<!--table\r\n\t{mso-displayed-decimal-separator:\"\\.\";\r\n\tmso-displayed-thousand-separator:\"\\,\";}\r\n.xl1525830\r\n\t{padding-top:1px;\r\n\tpadding-right:1px;\r\n\tpadding-left:1px;\r\n\tmso-ignore:padding;\r\n\tcolor:black;\r\n\tfont-size:11.0pt;\r\n\tfont-weight:400;\r\n\tfont-style:normal;\r\n\ttext-decoration:none;\r\n\tfont-family:Calibri, sans-serif;\r\n\tmso-font-charset:0;\r\n\tmso-number-format:General;\r\n\ttext-align:general;\r\n\tvertical-align:bottom;\r\n\tmso-background-source:auto;\r\n\tmso-pattern:auto;\r\n\twhite-space:nowrap;}\r\n.xl6525830\r\n\t{padding-top:1px;\r\n\tpadding-right:1px;\r\n\tpadding-left:1px;\r\n\tmso-ignore:padding;\r\n\tcolor:black;\r\n\tfont-size:10.0pt;\r\n\tfont-weight:400;\r\n\tfont-style:normal;\r\n\ttext-decoration:none;\r\n\tfont-family:Arial;\r\n\tmso-generic-font-family:auto;\r\n\tmso-font-charset:0;\r\n\tmso-number-format:General;\r\n\ttext-align:center;\r\n\tvertical-align:bottom;\r\n\tborder:.5pt solid windowtext;\r\n\tbackground:#E1E1E1;\r\n\tmso-pattern:black none;\r\n\twhite-space:normal;}\r\n.xl6625830\r\n\t{padding-top:1px;\r\n\tpadding-right:1px;\r\n\tpadding-left:1px;\r\n\tmso-ignore:padding;\r\n\tcolor:black;\r\n\tfont-size:11.0pt;\r\n\tfont-weight:400;\r\n\tfont-style:normal;\r\n\ttext-decoration:none;\r\n\tfont-family:Calibri, sans-serif;\r\n\tmso-font-charset:0;\r\n\tmso-number-format:General;\r\n\ttext-align:general;\r\n\tvertical-align:bottom;\r\n\tborder:.5pt solid windowtext;\r\n\tmso-background-source:auto;\r\n\tmso-pattern:auto;\r\n\twhite-space:nowrap;}\r\n.xl6725830\r\n\t{padding-top:1px;\r\n\tpadding-right:1px;\r\n\tpadding-left:1px;\r\n\tmso-ignore:padding;\r\n\tcolor:black;\r\n\tfont-size:11.0pt;\r\n\tfont-weight:400;\r\n\tfont-style:normal;\r\n\ttext-decoration:none;\r\n\tfont-family:Calibri, sans-serif;\r\n\tmso-font-charset:0;\r\n\tmso-number-format:\"Short Date\";\r\n\ttext-align:general;\r\n\tvertical-align:bottom;\r\n\tborder:.5pt solid windowtext;\r\n\tmso-background-source:auto;\r\n\tmso-pattern:auto;\r\n\twhite-space:nowrap;}\r\n.xl6825830\r\n\t{padding-top:1px;\r\n\tpadding-right:1px;\r\n\tpadding-left:1px;\r\n\tmso-ignore:padding;\r\n\tcolor:#0563C1;\r\n\tfont-size:11.0pt;\r\n\tfont-weight:400;\r\n\tfont-style:normal;\r\n\ttext-decoration:underline;\r\n\ttext-underline-style:single;\r\n\tfont-family:Calibri, sans-serif;\r\n\tmso-font-charset:0;\r\n\tmso-number-format:General;\r\n\ttext-align:general;\r\n\tvertical-align:bottom;\r\n\tborder:.5pt solid windowtext;\r\n\tmso-background-source:auto;\r\n\tmso-pattern:auto;\r\n\twhite-space:nowrap;}\r\n.xl6925830\r\n\t{padding-top:1px;\r\n\tpadding-right:1px;\r\n\tpadding-left:1px;\r\n\tmso-ignore:padding;\r\n\tcolor:white;\r\n\tfont-size:11.0pt;\r\n\tfont-weight:700;\r\n\tfont-style:normal;\r\n\ttext-decoration:none;\r\n\tfont-family:Arial;\r\n\tmso-generic-font-family:auto;\r\n\tmso-font-charset:0;\r\n\tmso-number-format:General;\r\n\ttext-align:center;\r\n\tvertical-align:bottom;\r\n\tborder:.5pt solid windowtext;\r\n\tbackground:#333333;\r\n\tmso-pattern:black none;\r\n\twhite-space:nowrap;}\r\n.xl7025830\r\n\t{padding-top:1px;\r\n\tpadding-right:1px;\r\n\tpadding-left:1px;\r\n\tmso-ignore:padding;\r\n\tcolor:black;\r\n\tfont-size:10.0pt;\r\n\tfont-weight:400;\r\n\tfont-style:normal;\r\n\ttext-decoration:none;\r\n\tfont-family:Arial;\r\n\tmso-generic-font-family:auto;\r\n\tmso-font-charset:0;\r\n\tmso-number-format:General;\r\n\ttext-align:general;\r\n\tvertical-align:bottom;\r\n\tborder:.5pt solid windowtext;\r\n\tbackground:#E1E1E1;\r\n\tmso-pattern:black none;\r\n\twhite-space:nowrap;}\r\n-->\r\n<\/style>\r\n<\/head>\r\n\r\n<body>\r\n<!--[if !excel]>&nbsp;&nbsp;<![endif]-->\r\n<!--La siguiente informaci\u00f3n se gener\u00f3 mediante el Asistente para publicar como\r\np\u00e1gina web de Microsoft Excel.-->\r\n<!--Si se vuelve a publicar el mismo elemento desde Excel, se reemplazar\u00e1 toda\r\nla informaci\u00f3n comprendida entre las etiquetas DIV.-->\r\n<!----------------------------->\r\n<!--INICIO DE LOS RESULTADOS DEL ASISTENTE PARA PUBLICAR COMO P\u00c1GINA WEB DE\r\nEXCEL -->\r\n<!----------------------------->\r\n\r\n<div id=\"a69_f14_25830\" align=center x:publishsource=\"Excel\">\r\n\r\n<table border=0 cellpadding=0 cellspacing=0 width=7329 style='border-collapse:\r\n collapse;table-layout:fixed;width:5499pt'>\r\n <col width=56 style='mso-width-source:userset;mso-width-alt:2048;width:42pt'>\r\n <col width=163 span=2 style='mso-width-source:userset;mso-width-alt:5961;\r\n width:122pt'>\r\n <col width=157 style='mso-width-source:userset;mso-width-alt:5741;width:118pt'>\r\n <col width=193 style='mso-width-source:userset;mso-width-alt:7058;width:145pt'>\r\n <col width=204 style='mso-width-source:userset;mso-width-alt:7460;width:153pt'>\r\n <col width=150 style='mso-width-source:userset;mso-width-alt:5485;width:113pt'>\r\n <col width=156 style='mso-width-source:userset;mso-width-alt:5705;width:117pt'>\r\n <col width=206 style='mso-width-source:userset;mso-width-alt:7533;width:155pt'>\r\n <col width=197 style='mso-width-source:userset;mso-width-alt:7204;width:148pt'>\r\n <col width=135 style='mso-width-source:userset;mso-width-alt:4937;width:101pt'>\r\n <col width=130 style='mso-width-source:userset;mso-width-alt:4754;width:98pt'>\r\n <col width=411 style='mso-width-source:userset;mso-width-alt:15030;width:308pt'>\r\n <col width=165 style='mso-width-source:userset;mso-width-alt:6034;width:124pt'>\r\n <col width=696 style='mso-width-source:userset;mso-width-alt:25453;width:522pt'>\r\n <col width=259 style='mso-width-source:userset;mso-width-alt:9472;width:194pt'>\r\n <col width=239 style='mso-width-source:userset;mso-width-alt:8740;width:179pt'>\r\n <col width=210 style='mso-width-source:userset;mso-width-alt:7680;width:158pt'>\r\n <col width=236 style='mso-width-source:userset;mso-width-alt:8630;width:177pt'>\r\n <col width=249 style='mso-width-source:userset;mso-width-alt:9106;width:187pt'>\r\n <col width=696 span=2 style='mso-width-source:userset;mso-width-alt:25453;\r\n width:522pt'>\r\n <col width=254 style='mso-width-source:userset;mso-width-alt:9289;width:191pt'>\r\n <col width=101 style='mso-width-source:userset;mso-width-alt:3693;width:76pt'>\r\n <col width=91 style='mso-width-source:userset;mso-width-alt:3328;width:68pt'>\r\n <col width=1116 style='mso-width-source:userset;mso-width-alt:40813;\r\n width:837pt'>\r\n <tr height=0 style='display:none'>\r\n  <td class=xl1525830 width=56 style='width:42pt'>44242<\/td>\r\n  <td class=xl1525830 width=163 style='width:122pt'><\/td>\r\n  <td class=xl1525830 width=163 style='width:122pt'><\/td>\r\n  <td class=xl1525830 width=157 style='width:118pt'><\/td>\r\n  <td class=xl1525830 width=193 style='width:145pt'><\/td>\r\n  <td class=xl1525830 width=204 style='width:153pt'><\/td>\r\n  <td class=xl1525830 width=150 style='width:113pt'><\/td>\r\n  <td class=xl1525830 width=156 style='width:117pt'><\/td>\r\n  <td class=xl1525830 width=206 style='width:155pt'><\/td>\r\n  <td class=xl1525830 width=197 style='width:148pt'><\/td>\r\n  <td class=xl1525830 width=135 style='width:101pt'><\/td>\r\n  <td class=xl1525830 width=130 style='width:98pt'><\/td>\r\n  <td class=xl1525830 width=411 style='width:308pt'><\/td>\r\n  <td class=xl1525830 width=165 style='width:124pt'><\/td>\r\n  <td class=xl1525830 width=696 style='width:522pt'><\/td>\r\n  <td class=xl1525830 width=259 style='width:194pt'><\/td>\r\n  <td class=xl1525830 width=239 style='width:179pt'><\/td>\r\n  <td class=xl1525830 width=210 style='width:158pt'><\/td>\r\n  <td class=xl1525830 width=236 style='width:177pt'><\/td>\r\n  <td class=xl1525830 width=249 style='width:187pt'><\/td>\r\n  <td class=xl1525830 width=696 style='width:522pt'><\/td>\r\n  <td class=xl1525830 width=696 style='width:522pt'><\/td>\r\n  <td class=xl1525830 width=254 style='width:191pt'><\/td>\r\n  <td class=xl1525830 width=101 style='width:76pt'><\/td>\r\n  <td class=xl1525830 width=91 style='width:68pt'><\/td>\r\n  <td class=xl1525830 width=1116 style='width:837pt'><\/td>\r\n <\/tr>\r\n <tr height=20 style='height:15.0pt'>\r\n  <td colspan=3 height=20 class=xl6925830 style='height:15.0pt'>T\u00cdTULO<\/td>\r\n  <td colspan=3 class=xl6925830>NOMBRE CORTO<\/td>\r\n  <td colspan=3 class=xl6925830>DESCRIPCI\u00d3N<\/td>\r\n  <td class=xl1525830><\/td>\r\n  <td class=xl1525830><\/td>\r\n  <td class=xl1525830><\/td>\r\n  <td class=xl1525830><\/td>\r\n  <td class=xl1525830><\/td>\r\n  <td class=xl1525830><\/td>\r\n  <td class=xl1525830><\/td>\r\n  <td class=xl1525830><\/td>\r\n  <td class=xl1525830><\/td>\r\n  <td class=xl1525830><\/td>\r\n  <td class=xl1525830><\/td>\r\n  <td class=xl1525830><\/td>\r\n  <td class=xl1525830><\/td>\r\n  <td class=xl1525830><\/td>\r\n  <td class=xl1525830><\/td>\r\n  <td class=xl1525830><\/td>\r\n  <td class=xl1525830><\/td>\r\n <\/tr>\r\n <tr height=20 style='height:15.0pt'>\r\n  <td colspan=3 height=20 class=xl7025830 style='height:15.0pt'>Concursos para\r\n  ocupar cargos p\u00fablicos<\/td>\r\n  <td colspan=3 class=xl7025830>a69_f14<\/td>\r\n  <td colspan=3 class=xl7025830>Se publicar\u00e1n los avisos, invitaciones y\/o\r\n  convocatorias que emita para ocupar cualquier tipo de cargo, puesto o\r\n  equivalente; cuando sea sometido a concurso, p\u00fablico o cerrado, de acuerdo\r\n  con su naturaleza, normatividad aplicable, necesidades institucionales y su\r\n  presupuesto autorizado. Asimismo, se publicar\u00e1 el estado y\/o etapa en el que\r\n  se encuentra el proceso de selecci\u00f3n y los resultados.<span\r\n  style='mso-spacerun:yes'>\u00a0<\/span><\/td>\r\n  <td class=xl1525830><\/td>\r\n  <td class=xl1525830><\/td>\r\n  <td class=xl1525830><\/td>\r\n  <td class=xl1525830><\/td>\r\n  <td class=xl1525830><\/td>\r\n  <td class=xl1525830><\/td>\r\n  <td class=xl1525830><\/td>\r\n  <td class=xl1525830><\/td>\r\n  <td class=xl1525830><\/td>\r\n  <td class=xl1525830><\/td>\r\n  <td class=xl1525830><\/td>\r\n  <td class=xl1525830><\/td>\r\n  <td class=xl1525830><\/td>\r\n  <td class=xl1525830><\/td>\r\n  <td class=xl1525830><\/td>\r\n  <td class=xl1525830><\/td>\r\n  <td class=xl1525830><\/td>\r\n <\/tr>\r\n <tr height=0 style='display:none'>\r\n  <td class=xl1525830>1<\/td>\r\n  <td class=xl1525830>4<\/td>\r\n  <td class=xl1525830>4<\/td>\r\n  <td class=xl1525830>9<\/td>\r\n  <td class=xl1525830>9<\/td>\r\n  <td class=xl1525830>9<\/td>\r\n  <td class=xl1525830>1<\/td>\r\n  <td class=xl1525830>1<\/td>\r\n  <td class=xl1525830>2<\/td>\r\n  <td class=xl1525830>1<\/td>\r\n  <td class=xl1525830>6<\/td>\r\n  <td class=xl1525830>6<\/td>\r\n  <td class=xl1525830>4<\/td>\r\n  <td class=xl1525830>1<\/td>\r\n  <td class=xl1525830>7<\/td>\r\n  <td class=xl1525830>9<\/td>\r\n  <td class=xl1525830>3<\/td>\r\n  <td class=xl1525830>1<\/td>\r\n  <td class=xl1525830>1<\/td>\r\n  <td class=xl1525830>1<\/td>\r\n  <td class=xl1525830>7<\/td>\r\n  <td class=xl1525830>7<\/td>\r\n  <td class=xl1525830>2<\/td>\r\n  <td class=xl1525830>4<\/td>\r\n  <td class=xl1525830>13<\/td>\r\n  <td class=xl1525830>14<\/td>\r\n <\/tr>\r\n <tr height=0 style='display:none'>\r\n  <td class=xl1525830>350492<\/td>\r\n  <td class=xl1525830>350494<\/td>\r\n  <td class=xl1525830>350493<\/td>\r\n  <td class=xl1525830>350488<\/td>\r\n  <td class=xl1525830>350498<\/td>\r\n  <td class=xl1525830>350489<\/td>\r\n  <td class=xl1525830>350475<\/td>\r\n  <td class=xl1525830>350499<\/td>\r\n  <td class=xl1525830>350479<\/td>\r\n  <td class=xl1525830>350478<\/td>\r\n  <td class=xl1525830>350482<\/td>\r\n  <td class=xl1525830>350483<\/td>\r\n  <td class=xl1525830>350490<\/td>\r\n  <td class=xl1525830>350497<\/td>\r\n  <td class=xl1525830>350500<\/td>\r\n  <td class=xl1525830>350485<\/td>\r\n  <td class=xl1525830>350480<\/td>\r\n  <td class=xl1525830>350476<\/td>\r\n  <td class=xl1525830>350477<\/td>\r\n  <td class=xl1525830>350491<\/td>\r\n  <td class=xl1525830>350484<\/td>\r\n  <td class=xl1525830>350501<\/td>\r\n  <td class=xl1525830>350495<\/td>\r\n  <td class=xl1525830>350481<\/td>\r\n  <td class=xl1525830>350487<\/td>\r\n  <td class=xl1525830>350496<\/td>\r\n <\/tr>\r\n <tr height=20 style='height:15.0pt'>\r\n  <td colspan=26 height=20 class=xl6925830 style='height:15.0pt'>Tabla Campos<\/td>\r\n <\/tr>\r\n <tr height=52 style='height:39.0pt'>\r\n  <td height=52 class=xl6525830 width=56 style='height:39.0pt;width:42pt'>Ejercicio<\/td>\r\n  <td class=xl6525830 width=163 style='border-left:none;width:122pt'>Fecha de\r\n  inicio del periodo que se informa<\/td>\r\n  <td class=xl6525830 width=163 style='border-left:none;width:122pt'>Fecha de\r\n  t\u00e9rmino del periodo que se informa<\/td>\r\n  <td class=xl6525830 width=157 style='border-left:none;width:118pt'>Tipo de\r\n  evento (cat\u00e1logo)<\/td>\r\n  <td class=xl6525830 width=193 style='border-left:none;width:145pt'>Alcance\r\n  del concurso (cat\u00e1logo)<\/td>\r\n  <td class=xl6525830 width=204 style='border-left:none;width:153pt'>Tipo de\r\n  cargo o puesto (cat\u00e1logo)<\/td>\r\n  <td class=xl6525830 width=150 style='border-left:none;width:113pt'>Clave o\r\n  nivel del puesto<span style='mso-spacerun:yes'>\u00a0<\/span><\/td>\r\n  <td class=xl6525830 width=156 style='border-left:none;width:117pt'>Denominaci\u00f3n\r\n  del puesto<\/td>\r\n  <td class=xl6525830 width=206 style='border-left:none;width:155pt'>Denominaci\u00f3n\r\n  del cargo o funci\u00f3n<\/td>\r\n  <td class=xl6525830 width=197 style='border-left:none;width:148pt'>Denominaci\u00f3n\r\n  del \u00e1rea o unidad<\/td>\r\n  <td class=xl6525830 width=135 style='border-left:none;width:101pt'>Salario\r\n  bruto mensual<\/td>\r\n  <td class=xl6525830 width=130 style='border-left:none;width:98pt'>Salario\r\n  neto mensual<\/td>\r\n  <td class=xl6525830 width=411 style='border-left:none;width:308pt'>Fecha de\r\n  publicaci\u00f3n del concurso, convocatoria, invitaci\u00f3n y\/o aviso<\/td>\r\n  <td class=xl6525830 width=165 style='border-left:none;width:124pt'>N\u00famero de\r\n  la convocatoria<\/td>\r\n  <td class=xl6525830 width=696 style='border-left:none;width:522pt'>Hiperv\u00ednculo\r\n  al documento<\/td>\r\n  <td class=xl6525830 width=259 style='border-left:none;width:194pt'>Estado del\r\n  proceso del concurso (cat\u00e1logo)<\/td>\r\n  <td class=xl6525830 width=239 style='border-left:none;width:179pt'>N\u00famero\r\n  total de candidatos registrados<\/td>\r\n  <td class=xl6525830 width=210 style='border-left:none;width:158pt'>Nombre(s)\r\n  de la persona aceptada<\/td>\r\n  <td class=xl6525830 width=236 style='border-left:none;width:177pt'>Primer\r\n  apellido de la persona aceptada<\/td>\r\n  <td class=xl6525830 width=249 style='border-left:none;width:187pt'>Segundo\r\n  apellido de la persona aceptada<\/td>\r\n  <td class=xl6525830 width=696 style='border-left:none;width:522pt'>Hiperv\u00ednculo\r\n  a la versi\u00f3n p\u00fablica del acta<\/td>\r\n  <td class=xl6525830 width=696 style='border-left:none;width:522pt'>Hiperv\u00ednculo\r\n  al sistema electr\u00f3nico de convocatorias y\/o concursos, en su caso<\/td>\r\n  <td class=xl6525830 width=254 style='border-left:none;width:191pt'>\u00c1rea(s)\r\n  responsable(s) que genera(n), posee(n), publica(n) y actualizan la\r\n  informaci\u00f3n<\/td>\r\n  <td class=xl6525830 width=101 style='border-left:none;width:76pt'>Fecha de\r\n  validaci\u00f3n<\/td>\r\n  <td class=xl6525830 width=91 style='border-left:none;width:68pt'>Fecha de\r\n  actualizaci\u00f3n<\/td>\r\n  <td class=xl6525830 width=1116 style='border-left:none;width:837pt'>Nota<\/td>\r\n <\/tr>\r\n <tr height=20 style='height:15.0pt'>\r\n  <td height=20 class=xl6625830 align=right style='height:15.0pt;border-top:\r\n  none'>2019<\/td>\r\n  <td class=xl6725830 align=right style='border-top:none;border-left:none'>01\/10\/2019<\/td>\r\n  <td class=xl6725830 align=right style='border-top:none;border-left:none'>31\/12\/2019<\/td>\r\n  <td class=xl6625830 style='border-top:none;border-left:none'>&nbsp;<\/td>\r\n  <td class=xl6625830 style='border-top:none;border-left:none'>&nbsp;<\/td>\r\n  <td class=xl6625830 style='border-top:none;border-left:none'>&nbsp;<\/td>\r\n  <td class=xl6625830 style='border-top:none;border-left:none'>&nbsp;<\/td>\r\n  <td class=xl6625830 style='border-top:none;border-left:none'>&nbsp;<\/td>\r\n  <td class=xl6625830 style='border-top:none;border-left:none'>&nbsp;<\/td>\r\n  <td class=xl6625830 style='border-top:none;border-left:none'>&nbsp;<\/td>\r\n  <td class=xl6625830 style='border-top:none;border-left:none'>&nbsp;<\/td>\r\n  <td class=xl6625830 style='border-top:none;border-left:none'>&nbsp;<\/td>\r\n  <td class=xl6625830 style='border-top:none;border-left:none'>&nbsp;<\/td>\r\n  <td class=xl6625830 style='border-top:none;border-left:none'>&nbsp;<\/td>\r\n  <td class=xl6825830 style='border-top:none;border-left:none'><a\r\n  href=\"https:\/\/www.apan.gob.mx\/descargables\/transparencia\/articulo69\/fraccion14\/2019_4\/secgral\/FrXIVa1_1.pdf\">https:\/\/www.apan.gob.mx\/descargables\/transparencia\/articulo69\/fraccion14\/2019_4\/secgral\/FrXIVa1_1.pdf<\/a><\/td>\r\n  <td class=xl6625830 style='border-top:none;border-left:none'>&nbsp;<\/td>\r\n  <td class=xl6625830 style='border-top:none;border-left:none'>&nbsp;<\/td>\r\n  <td class=xl6625830 style='border-top:none;border-left:none'>&nbsp;<\/td>\r\n  <td class=xl6625830 style='border-top:none;border-left:none'>&nbsp;<\/td>\r\n  <td class=xl6625830 style='border-top:none;border-left:none'>&nbsp;<\/td>\r\n  <td class=xl6825830 style='border-top:none;border-left:none'><a\r\n  href=\"https:\/\/www.apan.gob.mx\/descargables\/transparencia\/articulo69\/fraccion14\/2019_3\/secgral\/FrXIVa1_2.pdf\">https:\/\/www.apan.gob.mx\/descargables\/transparencia\/articulo69\/fraccion14\/2019_3\/secgral\/FrXIVa1_2.pdf<\/a><\/td>\r\n  <td class=xl6825830 style='border-top:none;border-left:none'><a\r\n  href=\"https:\/\/www.apan.gob.mx\/descargables\/transparencia\/articulo69\/fraccion14\/2019_4\/secgral\/FrXIVa1_3.pdf\">https:\/\/www.apan.gob.mx\/descargables\/transparencia\/articulo69\/fraccion14\/2019_4\/secgral\/FrXIVa1_3.pdf<\/a><\/td>\r\n  <td class=xl6625830 style='border-top:none;border-left:none'>Secretaria\r\n  General Municipal<\/td>\r\n  <td class=xl6725830 align=right style='border-top:none;border-left:none'>13\/01\/2020<\/td>\r\n  <td class=xl6725830 align=right style='border-top:none;border-left:none'>01\/10\/2019<\/td>\r\n  <td class=xl6625830 style='border-top:none;border-left:none'>En este\r\n  trimestre no se ha abierto concurso para ocupar cargos p\u00fablicos, por esa\r\n  raz\u00f3n habr\u00e1 campos vac\u00edos ya que no han generado informaci\u00f3n para el periodo\r\n  que se informa.<\/td>\r\n <\/tr>\r\n <![if supportMisalignedColumns]>\r\n <tr height=0 style='display:none'>\r\n  <td width=56 style='width:42pt'><\/td>\r\n  <td width=163 style='width:122pt'><\/td>\r\n  <td width=163 style='width:122pt'><\/td>\r\n  <td width=157 style='width:118pt'><\/td>\r\n  <td width=193 style='width:145pt'><\/td>\r\n  <td width=204 style='width:153pt'><\/td>\r\n  <td width=150 style='width:113pt'><\/td>\r\n  <td width=156 style='width:117pt'><\/td>\r\n  <td width=206 style='width:155pt'><\/td>\r\n  <td width=197 style='width:148pt'><\/td>\r\n  <td width=135 style='width:101pt'><\/td>\r\n  <td width=130 style='width:98pt'><\/td>\r\n  <td width=411 style='width:308pt'><\/td>\r\n  <td width=165 style='width:124pt'><\/td>\r\n  <td width=696 style='width:522pt'><\/td>\r\n  <td width=259 style='width:194pt'><\/td>\r\n  <td width=239 style='width:179pt'><\/td>\r\n  <td width=210 style='width:158pt'><\/td>\r\n  <td width=236 style='width:177pt'><\/td>\r\n  <td width=249 style='width:187pt'><\/td>\r\n  <td width=696 style='width:522pt'><\/td>\r\n  <td width=696 style='width:522pt'><\/td>\r\n  <td width=254 style='width:191pt'><\/td>\r\n  <td width=101 style='width:76pt'><\/td>\r\n  <td width=91 style='width:68pt'><\/td>\r\n  <td width=1116 style='width:837pt'><\/td>\r\n <\/tr>\r\n <![endif]>\r\n<\/table>\r\n\r\n<\/div>\r\n\r\n\r\n<!----------------------------->\r\n<!--FINAL DE LOS RESULTADOS DEL ASISTENTE PARA PUBLICAR COMO P\u00c1GINA WEB DE\r\nEXCEL-->\r\n<!----------------------------->\r\n<\/body>\r\n\r\n<\/html>\r\n\t\t<\/div>\n\t\t\t\t<\/div>\n\t\t\t\t\t\t<\/div>\n\t\t\t\t\t<\/div>\n\t\t<\/div>\n\t\t\t\t\t\t\t\t<\/div>\n\t\t\t\t\t<\/div>\n\t\t<\/section>\n\t\t\t\t\t\t\t\t\t<\/div>\n\t\t\t<\/div>\n\t\t\t\t\t<\/div>\n\t\t","protected":false},"excerpt":{"rendered":"<p>Fracci\u00f3n XIV 44242 T\u00cdTULO NOMBRE CORTO DESCRIPCI\u00d3N Concursos para ocupar cargos p\u00fablicos a69_f14 Se publicar\u00e1n los avisos, invitaciones y\/o convocatorias que emita para ocupar cualquier tipo de cargo, puesto o equivalente; cuando sea sometido a concurso, p\u00fablico o cerrado, de acuerdo con su naturaleza, normatividad aplicable, necesidades institucionales y su presupuesto autorizado. Asimismo, se publicar\u00e1 [&hellip;]<\/p>\n","protected":false},"author":1,"featured_media":0,"parent":7391,"menu_order":0,"comment_status":"closed","ping_status":"closed","template":"page-template-full.php","meta":[],"jetpack_sharing_enabled":true,"_links":{"self":[{"href":"https:\/\/apan.gob.mx\/portal\/wp-json\/wp\/v2\/pages\/7652"}],"collection":[{"href":"https:\/\/apan.gob.mx\/portal\/wp-json\/wp\/v2\/pages"}],"about":[{"href":"https:\/\/apan.gob.mx\/portal\/wp-json\/wp\/v2\/types\/page"}],"author":[{"embeddable":true,"href":"https:\/\/apan.gob.mx\/portal\/wp-json\/wp\/v2\/users\/1"}],"replies":[{"embeddable":true,"href":"https:\/\/apan.gob.mx\/portal\/wp-json\/wp\/v2\/comments?post=7652"}],"version-history":[{"count":3,"href":"https:\/\/apan.gob.mx\/portal\/wp-json\/wp\/v2\/pages\/7652\/revisions"}],"predecessor-version":[{"id":7885,"href":"https:\/\/apan.gob.mx\/portal\/wp-json\/wp\/v2\/pages\/7652\/revisions\/7885"}],"up":[{"embeddable":true,"href":"https:\/\/apan.gob.mx\/portal\/wp-json\/wp\/v2\/pages\/7391"}],"wp:attachment":[{"href":"https:\/\/apan.gob.mx\/portal\/wp-json\/wp\/v2\/media?parent=7652"}],"curies":[{"name":"wp","href":"https:\/\/api.w.org\/{rel}","templated":true}]}}