{"id":7749,"date":"2020-01-27T14:03:06","date_gmt":"2020-01-27T20:03:06","guid":{"rendered":"https:\/\/apan.gob.mx\/portal\/?page_id=7749"},"modified":"2020-01-27T14:04:02","modified_gmt":"2020-01-27T20:04:02","slug":"7749-2","status":"publish","type":"page","link":"https:\/\/apan.gob.mx\/portal\/4-trimestre-2019\/7749-2\/","title":{"rendered":"<!--tesoreria_22_2019_4-->"},"content":{"rendered":"\t\t<div data-elementor-type=\"wp-page\" data-elementor-id=\"7749\" class=\"elementor elementor-7749 elementor-bc-flex-widget\">\n\t\t\t\t\t\t<div class=\"elementor-inner\">\n\t\t\t\t<div class=\"elementor-section-wrap\">\n\t\t\t\t\t\t\t\t\t<section class=\"has_ae_slider elementor-section elementor-top-section elementor-element elementor-element-touevba elementor-section-boxed elementor-section-height-default elementor-section-height-default ae-bg-gallery-type-default\" data-id=\"touevba\" data-element_type=\"section\">\n\t\t\t\t\t\t<div class=\"elementor-container elementor-column-gap-default\">\n\t\t\t\t\t\t\t<div class=\"elementor-row\">\n\t\t\t\t\t<div class=\"has_ae_slider elementor-column elementor-col-100 elementor-top-column elementor-element elementor-element-gltvwus ae-bg-gallery-type-default\" data-id=\"gltvwus\" data-element_type=\"column\">\n\t\t\t<div class=\"elementor-column-wrap elementor-element-populated\">\n\t\t\t\t\t\t\t<div class=\"elementor-widget-wrap\">\n\t\t\t\t\t\t<div class=\"elementor-element elementor-element-qoewqmm elementor-widget elementor-widget-heading\" data-id=\"qoewqmm\" data-element_type=\"widget\" data-widget_type=\"heading.default\">\n\t\t\t\t<div class=\"elementor-widget-container\">\n\t\t\t<h2 class=\"elementor-heading-title elementor-size-medium\">Fracci\u00f3n XXII<\/h2>\t\t<\/div>\n\t\t\t\t<\/div>\n\t\t\t\t<div class=\"elementor-element elementor-element-ydafgxg elementor-widget elementor-widget-html\" data-id=\"ydafgxg\" data-element_type=\"widget\" data-widget_type=\"html.default\">\n\t\t\t\t<div class=\"elementor-widget-container\">\n\t\t\t<html xmlns:o=\"urn:schemas-microsoft-com:office:office\"\r\nxmlns:x=\"urn:schemas-microsoft-com:office:excel\"\r\nxmlns=\"http:\/\/www.w3.org\/TR\/REC-html40\">\r\n\r\n<head>\r\n<meta http-equiv=Content-Type content=\"text\/html; charset=windows-1252\">\r\n<meta name=ProgId content=Excel.Sheet>\r\n<meta name=Generator content=\"Microsoft Excel 15\">\r\n<link rel=File-List href=\"a69_f22%20T4%202019_archivos\/filelist.xml\">\r\n<style id=\"a69_f22 T1 2019_32428_Styles\">\r\n<!--table\r\n\t{mso-displayed-decimal-separator:\"\\.\";\r\n\tmso-displayed-thousand-separator:\"\\,\";}\r\n.xl1532428\r\n\t{padding-top:1px;\r\n\tpadding-right:1px;\r\n\tpadding-left:1px;\r\n\tmso-ignore:padding;\r\n\tcolor:black;\r\n\tfont-size:11.0pt;\r\n\tfont-weight:400;\r\n\tfont-style:normal;\r\n\ttext-decoration:none;\r\n\tfont-family:Calibri, sans-serif;\r\n\tmso-font-charset:0;\r\n\tmso-number-format:General;\r\n\ttext-align:general;\r\n\tvertical-align:bottom;\r\n\tmso-background-source:auto;\r\n\tmso-pattern:auto;\r\n\twhite-space:nowrap;}\r\n.xl6532428\r\n\t{padding-top:1px;\r\n\tpadding-right:1px;\r\n\tpadding-left:1px;\r\n\tmso-ignore:padding;\r\n\tcolor:black;\r\n\tfont-size:10.0pt;\r\n\tfont-weight:400;\r\n\tfont-style:normal;\r\n\ttext-decoration:none;\r\n\tfont-family:Arial, sans-serif;\r\n\tmso-font-charset:0;\r\n\tmso-number-format:General;\r\n\ttext-align:center;\r\n\tvertical-align:bottom;\r\n\tborder:.5pt solid windowtext;\r\n\tbackground:#E1E1E1;\r\n\tmso-pattern:black none;\r\n\twhite-space:normal;}\r\n.xl6632428\r\n\t{padding-top:1px;\r\n\tpadding-right:1px;\r\n\tpadding-left:1px;\r\n\tmso-ignore:padding;\r\n\tcolor:white;\r\n\tfont-size:11.0pt;\r\n\tfont-weight:700;\r\n\tfont-style:normal;\r\n\ttext-decoration:none;\r\n\tfont-family:Arial, sans-serif;\r\n\tmso-font-charset:0;\r\n\tmso-number-format:General;\r\n\ttext-align:center;\r\n\tvertical-align:bottom;\r\n\tborder:.5pt solid windowtext;\r\n\tbackground:#333333;\r\n\tmso-pattern:black none;\r\n\twhite-space:nowrap;}\r\n.xl6732428\r\n\t{padding-top:1px;\r\n\tpadding-right:1px;\r\n\tpadding-left:1px;\r\n\tmso-ignore:padding;\r\n\tcolor:black;\r\n\tfont-size:10.0pt;\r\n\tfont-weight:400;\r\n\tfont-style:normal;\r\n\ttext-decoration:none;\r\n\tfont-family:Arial, sans-serif;\r\n\tmso-font-charset:0;\r\n\tmso-number-format:General;\r\n\ttext-align:general;\r\n\tvertical-align:bottom;\r\n\tborder:.5pt solid windowtext;\r\n\tbackground:#E1E1E1;\r\n\tmso-pattern:black none;\r\n\twhite-space:nowrap;}\r\n.xl6832428\r\n\t{padding-top:1px;\r\n\tpadding-right:1px;\r\n\tpadding-left:1px;\r\n\tmso-ignore:padding;\r\n\tcolor:black;\r\n\tfont-size:11.0pt;\r\n\tfont-weight:400;\r\n\tfont-style:normal;\r\n\ttext-decoration:none;\r\n\tfont-family:Calibri, sans-serif;\r\n\tmso-font-charset:0;\r\n\tmso-number-format:General;\r\n\ttext-align:general;\r\n\tvertical-align:bottom;\r\n\tborder:.5pt solid windowtext;\r\n\tmso-background-source:auto;\r\n\tmso-pattern:auto;\r\n\twhite-space:nowrap;}\r\n.xl6932428\r\n\t{padding-top:1px;\r\n\tpadding-right:1px;\r\n\tpadding-left:1px;\r\n\tmso-ignore:padding;\r\n\tcolor:black;\r\n\tfont-size:11.0pt;\r\n\tfont-weight:400;\r\n\tfont-style:normal;\r\n\ttext-decoration:none;\r\n\tfont-family:Calibri, sans-serif;\r\n\tmso-font-charset:0;\r\n\tmso-number-format:\"Short Date\";\r\n\ttext-align:general;\r\n\tvertical-align:bottom;\r\n\tborder:.5pt solid windowtext;\r\n\tmso-background-source:auto;\r\n\tmso-pattern:auto;\r\n\twhite-space:nowrap;}\r\n.xl7032428\r\n\t{padding-top:1px;\r\n\tpadding-right:1px;\r\n\tpadding-left:1px;\r\n\tmso-ignore:padding;\r\n\tcolor:black;\r\n\tfont-size:11.0pt;\r\n\tfont-weight:400;\r\n\tfont-style:normal;\r\n\ttext-decoration:none;\r\n\tfont-family:Calibri, sans-serif;\r\n\tmso-font-charset:0;\r\n\tmso-number-format:General;\r\n\ttext-align:general;\r\n\tvertical-align:bottom;\r\n\tborder:.5pt solid windowtext;\r\n\tmso-background-source:auto;\r\n\tmso-pattern:auto;\r\n\twhite-space:nowrap;}\r\n.xl7132428\r\n\t{padding-top:1px;\r\n\tpadding-right:1px;\r\n\tpadding-left:1px;\r\n\tmso-ignore:padding;\r\n\tcolor:#0563C1;\r\n\tfont-size:11.0pt;\r\n\tfont-weight:400;\r\n\tfont-style:normal;\r\n\ttext-decoration:underline;\r\n\ttext-underline-style:single;\r\n\tfont-family:Calibri, sans-serif;\r\n\tmso-font-charset:0;\r\n\tmso-number-format:General;\r\n\ttext-align:general;\r\n\tvertical-align:bottom;\r\n\tborder:.5pt solid windowtext;\r\n\tmso-background-source:auto;\r\n\tmso-pattern:auto;\r\n\twhite-space:nowrap;}\r\n-->\r\n<\/style>\r\n<\/head>\r\n\r\n<body>\r\n<!--[if !excel]>&nbsp;&nbsp;<![endif]-->\r\n<!--La siguiente informaci\u00f3n se gener\u00f3 mediante el Asistente para publicar como\r\np\u00e1gina web de Microsoft Excel.-->\r\n<!--Si se vuelve a publicar el mismo elemento desde Excel, se reemplazar\u00e1 toda\r\nla informaci\u00f3n comprendida entre las etiquetas DIV.-->\r\n<!----------------------------->\r\n<!--INICIO DE LOS RESULTADOS DEL ASISTENTE PARA PUBLICAR COMO P\u00c1GINA WEB DE\r\nEXCEL -->\r\n<!----------------------------->\r\n\r\n<div id=\"a69_f22 T1 2019_32428\" align=center x:publishsource=\"Excel\">\r\n\r\n<table border=0 cellpadding=0 cellspacing=0 width=6063 style='border-collapse:\r\n collapse;table-layout:fixed;width:4553pt'>\r\n <col width=56 style='mso-width-source:userset;mso-width-alt:2048;width:42pt'>\r\n <col width=153 span=2 style='mso-width-source:userset;mso-width-alt:5595;\r\n width:115pt'>\r\n <col width=70 style='mso-width-source:userset;mso-width-alt:2560;width:53pt'>\r\n <col width=138 style='mso-width-source:userset;mso-width-alt:5046;width:104pt'>\r\n <col width=111 style='mso-width-source:userset;mso-width-alt:4059;width:83pt'>\r\n <col width=60 style='mso-width-source:userset;mso-width-alt:2194;width:45pt'>\r\n <col width=133 style='mso-width-source:userset;mso-width-alt:4864;width:100pt'>\r\n <col width=116 style='mso-width-source:userset;mso-width-alt:4242;width:87pt'>\r\n <col width=127 style='mso-width-source:userset;mso-width-alt:4644;width:95pt'>\r\n <col width=137 style='mso-width-source:userset;mso-width-alt:5010;width:103pt'>\r\n <col width=164 style='mso-width-source:userset;mso-width-alt:5997;width:123pt'>\r\n <col width=138 style='mso-width-source:userset;mso-width-alt:5046;width:104pt'>\r\n <col width=180 style='mso-width-source:userset;mso-width-alt:6582;width:135pt'>\r\n <col width=197 style='mso-width-source:userset;mso-width-alt:7204;width:148pt'>\r\n <col width=123 style='mso-width-source:userset;mso-width-alt:4498;width:92pt'>\r\n <col width=252 style='mso-width-source:userset;mso-width-alt:9216;width:189pt'>\r\n <col width=166 style='mso-width-source:userset;mso-width-alt:6070;width:125pt'>\r\n <col width=308 style='mso-width-source:userset;mso-width-alt:11264;width:231pt'>\r\n <col width=291 style='mso-width-source:userset;mso-width-alt:10642;width:218pt'>\r\n <col width=218 style='mso-width-source:userset;mso-width-alt:7972;width:164pt'>\r\n <col width=213 style='mso-width-source:userset;mso-width-alt:7789;width:160pt'>\r\n <col width=239 style='mso-width-source:userset;mso-width-alt:8740;width:179pt'>\r\n <col width=318 style='mso-width-source:userset;mso-width-alt:11629;width:239pt'>\r\n <col width=161 style='mso-width-source:userset;mso-width-alt:5888;width:121pt'>\r\n <col width=206 style='mso-width-source:userset;mso-width-alt:7533;width:155pt'>\r\n <col width=373 style='mso-width-source:userset;mso-width-alt:13641;width:280pt'>\r\n <col width=332 style='mso-width-source:userset;mso-width-alt:12141;width:249pt'>\r\n <col width=90 span=2 style='mso-width-source:userset;mso-width-alt:3291;\r\n width:68pt'>\r\n <col width=750 style='mso-width-source:userset;mso-width-alt:27428;width:563pt'>\r\n <tr height=0 style='display:none'>\r\n  <td class=xl1532428 width=56 style='width:42pt'>44256<\/td>\r\n  <td class=xl1532428 width=153 style='width:115pt'><\/td>\r\n  <td class=xl1532428 width=153 style='width:115pt'><\/td>\r\n  <td class=xl1532428 width=70 style='width:53pt'><\/td>\r\n  <td class=xl1532428 width=138 style='width:104pt'><\/td>\r\n  <td class=xl1532428 width=111 style='width:83pt'><\/td>\r\n  <td class=xl1532428 width=60 style='width:45pt'><\/td>\r\n  <td class=xl1532428 width=133 style='width:100pt'><\/td>\r\n  <td class=xl1532428 width=116 style='width:87pt'><\/td>\r\n  <td class=xl1532428 width=127 style='width:95pt'><\/td>\r\n  <td class=xl1532428 width=137 style='width:103pt'><\/td>\r\n  <td class=xl1532428 width=164 style='width:123pt'><\/td>\r\n  <td class=xl1532428 width=138 style='width:104pt'><\/td>\r\n  <td class=xl1532428 width=180 style='width:135pt'><\/td>\r\n  <td class=xl1532428 width=197 style='width:148pt'><\/td>\r\n  <td class=xl1532428 width=123 style='width:92pt'><\/td>\r\n  <td class=xl1532428 width=252 style='width:189pt'><\/td>\r\n  <td class=xl1532428 width=166 style='width:125pt'><\/td>\r\n  <td class=xl1532428 width=308 style='width:231pt'><\/td>\r\n  <td class=xl1532428 width=291 style='width:218pt'><\/td>\r\n  <td class=xl1532428 width=218 style='width:164pt'><\/td>\r\n  <td class=xl1532428 width=213 style='width:160pt'><\/td>\r\n  <td class=xl1532428 width=239 style='width:179pt'><\/td>\r\n  <td class=xl1532428 width=318 style='width:239pt'><\/td>\r\n  <td class=xl1532428 width=161 style='width:121pt'><\/td>\r\n  <td class=xl1532428 width=206 style='width:155pt'><\/td>\r\n  <td class=xl1532428 width=373 style='width:280pt'><\/td>\r\n  <td class=xl1532428 width=332 style='width:249pt'><\/td>\r\n  <td class=xl1532428 width=90 style='width:68pt'><\/td>\r\n  <td class=xl1532428 width=90 style='width:68pt'><\/td>\r\n  <td class=xl1532428 width=750 style='width:563pt'><\/td>\r\n <\/tr>\r\n <tr height=20 style='height:15.0pt'>\r\n  <td colspan=3 height=20 class=xl6632428 style='height:15.0pt'>T\u00cdTULO<\/td>\r\n  <td colspan=3 class=xl6632428>NOMBRE CORTO<\/td>\r\n  <td colspan=3 class=xl6632428>DESCRIPCI\u00d3N<\/td>\r\n  <td class=xl1532428><\/td>\r\n  <td class=xl1532428><\/td>\r\n  <td class=xl1532428><\/td>\r\n  <td class=xl1532428><\/td>\r\n  <td class=xl1532428><\/td>\r\n  <td class=xl1532428><\/td>\r\n  <td class=xl1532428><\/td>\r\n  <td class=xl1532428><\/td>\r\n  <td class=xl1532428><\/td>\r\n  <td class=xl1532428><\/td>\r\n  <td class=xl1532428><\/td>\r\n  <td class=xl1532428><\/td>\r\n  <td class=xl1532428><\/td>\r\n  <td class=xl1532428><\/td>\r\n  <td class=xl1532428><\/td>\r\n  <td class=xl1532428><\/td>\r\n  <td class=xl1532428><\/td>\r\n  <td class=xl1532428><\/td>\r\n  <td class=xl1532428><\/td>\r\n  <td class=xl1532428><\/td>\r\n  <td class=xl1532428><\/td>\r\n  <td class=xl1532428><\/td>\r\n <\/tr>\r\n <tr height=20 style='height:15.0pt'>\r\n  <td colspan=3 height=20 class=xl6732428 style='height:15.0pt'>Deuda P\u00fablica<\/td>\r\n  <td colspan=3 class=xl6732428>a69_f22<\/td>\r\n  <td colspan=3 class=xl6732428>Los sujetos obligados publicar\u00e1n la informaci\u00f3n\r\n  que hagan del conocimiento de la Secretar\u00eda de Hacienda y Cr\u00e9dito P\u00fablico\r\n  (SHCP) (o su hom\u00f3loga estatal) sobre los datos de todos los financiamientos\r\n  contratados o empr\u00e9stitos, as\u00ed como de los movimientos que se efect\u00faen en\r\n  \u00e9stos, de acuerdo con lo se\u00f1alado en el art\u00edculo 28 de la Ley General de\r\n  Deuda P\u00fablica o norma que resulte aplicable.<\/td>\r\n  <td class=xl1532428><\/td>\r\n  <td class=xl1532428><\/td>\r\n  <td class=xl1532428><\/td>\r\n  <td class=xl1532428><\/td>\r\n  <td class=xl1532428><\/td>\r\n  <td class=xl1532428><\/td>\r\n  <td class=xl1532428><\/td>\r\n  <td class=xl1532428><\/td>\r\n  <td class=xl1532428><\/td>\r\n  <td class=xl1532428><\/td>\r\n  <td class=xl1532428><\/td>\r\n  <td class=xl1532428><\/td>\r\n  <td class=xl1532428><\/td>\r\n  <td class=xl1532428><\/td>\r\n  <td class=xl1532428><\/td>\r\n  <td class=xl1532428><\/td>\r\n  <td class=xl1532428><\/td>\r\n  <td class=xl1532428><\/td>\r\n  <td class=xl1532428><\/td>\r\n  <td class=xl1532428><\/td>\r\n  <td class=xl1532428><\/td>\r\n  <td class=xl1532428><\/td>\r\n <\/tr>\r\n <tr height=0 style='display:none'>\r\n  <td class=xl1532428>1<\/td>\r\n  <td class=xl1532428>4<\/td>\r\n  <td class=xl1532428>4<\/td>\r\n  <td class=xl1532428>1<\/td>\r\n  <td class=xl1532428>1<\/td>\r\n  <td class=xl1532428>9<\/td>\r\n  <td class=xl1532428>1<\/td>\r\n  <td class=xl1532428>4<\/td>\r\n  <td class=xl1532428>6<\/td>\r\n  <td class=xl1532428>1<\/td>\r\n  <td class=xl1532428>2<\/td>\r\n  <td class=xl1532428>3<\/td>\r\n  <td class=xl1532428>4<\/td>\r\n  <td class=xl1532428>1<\/td>\r\n  <td class=xl1532428>2<\/td>\r\n  <td class=xl1532428>6<\/td>\r\n  <td class=xl1532428>7<\/td>\r\n  <td class=xl1532428>7<\/td>\r\n  <td class=xl1532428>7<\/td>\r\n  <td class=xl1532428>7<\/td>\r\n  <td class=xl1532428>7<\/td>\r\n  <td class=xl1532428>7<\/td>\r\n  <td class=xl1532428>7<\/td>\r\n  <td class=xl1532428>4<\/td>\r\n  <td class=xl1532428>7<\/td>\r\n  <td class=xl1532428>7<\/td>\r\n  <td class=xl1532428>7<\/td>\r\n  <td class=xl1532428>2<\/td>\r\n  <td class=xl1532428>4<\/td>\r\n  <td class=xl1532428>13<\/td>\r\n  <td class=xl1532428>14<\/td>\r\n <\/tr>\r\n <tr height=0 style='display:none'>\r\n  <td class=xl1532428>350832<\/td>\r\n  <td class=xl1532428>350833<\/td>\r\n  <td class=xl1532428>350834<\/td>\r\n  <td class=xl1532428>350812<\/td>\r\n  <td class=xl1532428>350813<\/td>\r\n  <td class=xl1532428>350839<\/td>\r\n  <td class=xl1532428>350814<\/td>\r\n  <td class=xl1532428>350817<\/td>\r\n  <td class=xl1532428>350837<\/td>\r\n  <td class=xl1532428>350843<\/td>\r\n  <td class=xl1532428>350838<\/td>\r\n  <td class=xl1532428>350840<\/td>\r\n  <td class=xl1532428>350818<\/td>\r\n  <td class=xl1532428>350815<\/td>\r\n  <td class=xl1532428>350816<\/td>\r\n  <td class=xl1532428>350821<\/td>\r\n  <td class=xl1532428>350841<\/td>\r\n  <td class=xl1532428>350822<\/td>\r\n  <td class=xl1532428>350823<\/td>\r\n  <td class=xl1532428>350842<\/td>\r\n  <td class=xl1532428>350824<\/td>\r\n  <td class=xl1532428>350829<\/td>\r\n  <td class=xl1532428>350825<\/td>\r\n  <td class=xl1532428>350819<\/td>\r\n  <td class=xl1532428>350826<\/td>\r\n  <td class=xl1532428>350827<\/td>\r\n  <td class=xl1532428>350828<\/td>\r\n  <td class=xl1532428>350835<\/td>\r\n  <td class=xl1532428>350820<\/td>\r\n  <td class=xl1532428>350831<\/td>\r\n  <td class=xl1532428>350836<\/td>\r\n <\/tr>\r\n <tr height=20 style='height:15.0pt'>\r\n  <td colspan=31 height=20 class=xl6632428 style='height:15.0pt'>Tabla Campos<\/td>\r\n <\/tr>\r\n <tr height=52 style='height:39.0pt'>\r\n  <td height=52 class=xl6532428 width=56 style='height:39.0pt;width:42pt'>Ejercicio<\/td>\r\n  <td class=xl6532428 width=153 style='border-left:none;width:115pt'>Fecha de\r\n  inicio del periodo que se informa<\/td>\r\n  <td class=xl6532428 width=153 style='border-left:none;width:115pt'>Fecha de\r\n  t\u00e9rmino del periodo que se informa<\/td>\r\n  <td class=xl6532428 width=70 style='border-left:none;width:53pt'>Acreditado<\/td>\r\n  <td class=xl6532428 width=138 style='border-left:none;width:104pt'>Denominaci\u00f3n\r\n  de la instancia ejecutora<\/td>\r\n  <td class=xl6532428 width=111 style='border-left:none;width:83pt'>Tipo de\r\n  obligaci\u00f3n (cat\u00e1logo)<\/td>\r\n  <td class=xl6532428 width=60 style='border-left:none;width:45pt'>Acreedor<\/td>\r\n  <td class=xl6532428 width=133 style='border-left:none;width:100pt'>Fecha de\r\n  firma del contrato<\/td>\r\n  <td class=xl6532428 width=116 style='border-left:none;width:87pt'>Monto\r\n  original contratado<\/td>\r\n  <td class=xl6532428 width=127 style='border-left:none;width:95pt'>Plazo de\r\n  tasa de inter\u00e9s pactado<\/td>\r\n  <td class=xl6532428 width=137 style='border-left:none;width:103pt'>Tasa de\r\n  inter\u00e9s mensual pactada<\/td>\r\n  <td class=xl6532428 width=164 style='border-left:none;width:123pt'>Plazo\r\n  pactado en meses para pagar la deuda<\/td>\r\n  <td class=xl6532428 width=138 style='border-left:none;width:104pt'>Fecha de\r\n  vencimiento de la deuda<\/td>\r\n  <td class=xl6532428 width=180 style='border-left:none;width:135pt'>Recurso\r\n  afectado como fuente o garant\u00eda de pago<\/td>\r\n  <td class=xl6532428 width=197 style='border-left:none;width:148pt'>Destino\r\n  para el cual fue contra\u00edda la obligaci\u00f3n<\/td>\r\n  <td class=xl6532428 width=123 style='border-left:none;width:92pt'>Saldo al\r\n  periodo que se informa<\/td>\r\n  <td class=xl6532428 width=252 style='border-left:none;width:189pt'>Hiperv\u00ednculo\r\n  a la autorizaci\u00f3n de la propuesta, en su caso<\/td>\r\n  <td class=xl6532428 width=166 style='border-left:none;width:125pt'>Hiperv\u00ednculo\r\n  al listado de resoluciones negativas<\/td>\r\n  <td class=xl6532428 width=308 style='border-left:none;width:231pt'>Hiperv\u00ednculo\r\n  al contrato o instrumento en el cual se contrajo la obligaci\u00f3n<\/td>\r\n  <td class=xl6532428 width=291 style='border-left:none;width:218pt'>Hiperv\u00ednculo\r\n  al documento o instrumento de modificaciones, en su caso<\/td>\r\n  <td class=xl6532428 width=218 style='border-left:none;width:164pt'>Hiperv\u00ednculo\r\n  a la informaci\u00f3n de finanzas p\u00fablicas y deuda p\u00fablica<\/td>\r\n  <td class=xl6532428 width=213 style='border-left:none;width:160pt'>Hiperv\u00ednculo\r\n  al informe enviado a la SHCP con listado de empr\u00e9sitos<\/td>\r\n  <td class=xl6532428 width=239 style='border-left:none;width:179pt'>Hiperv\u00ednculo\r\n  al Informe de Cuenta P\u00fablica enviado a la SHCP u hom\u00f3loga<\/td>\r\n  <td class=xl6532428 width=318 style='border-left:none;width:239pt'>Fecha de\r\n  inscripci\u00f3n en el Registro de Obligaciones y Empr\u00e9stitos vigentes, en su caso<\/td>\r\n  <td class=xl6532428 width=161 style='border-left:none;width:121pt'>Hiperv\u00ednculo\r\n  al Informe de la deuda p\u00fablica consolidado<\/td>\r\n  <td class=xl6532428 width=206 style='border-left:none;width:155pt'>Hiperv\u00ednculo\r\n  al informe consolidado de Cuenta P\u00fablica<\/td>\r\n  <td class=xl6532428 width=373 style='border-left:none;width:280pt'>Hiperv\u00ednculo\r\n  a la propuesta y reportes (organismos financieros internacionales)<\/td>\r\n  <td class=xl6532428 width=332 style='border-left:none;width:249pt'>\u00c1rea(s)\r\n  responsable(s) que genera(n), posee(n), publica(n) y actualizan la\r\n  informaci\u00f3n<\/td>\r\n  <td class=xl6532428 width=90 style='border-left:none;width:68pt'>Fecha de\r\n  validaci\u00f3n<\/td>\r\n  <td class=xl6532428 width=90 style='border-left:none;width:68pt'>Fecha de\r\n  actualizaci\u00f3n<\/td>\r\n  <td class=xl6532428 width=750 style='border-left:none;width:563pt'>Nota<\/td>\r\n <\/tr>\r\n <tr height=20 style='height:15.0pt'>\r\n  <td height=20 class=xl6832428 align=right style='height:15.0pt;border-top:\r\n  none'>2019<\/td>\r\n  <td class=xl6932428 align=right style='border-top:none;border-left:none'>01\/10\/2019<\/td>\r\n  <td class=xl6932428 align=right style='border-top:none;border-left:none'>31\/12\/2019<\/td>\r\n  <td class=xl6832428 style='border-top:none;border-left:none'>na<\/td>\r\n  <td class=xl6832428 style='border-top:none;border-left:none'>na<\/td>\r\n  <td class=xl6832428 style='border-top:none;border-left:none'>&nbsp;<\/td>\r\n  <td class=xl6832428 style='border-top:none;border-left:none'>na<\/td>\r\n  <td class=xl6932428 align=right style='border-top:none;border-left:none'>01\/01\/2019<\/td>\r\n  <td class=xl6832428 align=right style='border-top:none;border-left:none'>0<\/td>\r\n  <td class=xl6832428 style='border-top:none;border-left:none'>na<\/td>\r\n  <td class=xl7032428 align=right style='border-top:none;border-left:none'>0<\/td>\r\n  <td class=xl6832428 align=right style='border-top:none;border-left:none'>0<\/td>\r\n  <td class=xl6932428 align=right style='border-top:none;border-left:none'>01\/01\/2019<\/td>\r\n  <td class=xl6832428 style='border-top:none;border-left:none'>&nbsp;<\/td>\r\n  <td class=xl6832428 style='border-top:none;border-left:none'>&nbsp;<\/td>\r\n  <td class=xl6832428 style='border-top:none;border-left:none'>&nbsp;<\/td>\r\n  <td class=xl6832428 style='border-top:none;border-left:none'>&nbsp;<\/td>\r\n  <td class=xl6832428 style='border-top:none;border-left:none'>&nbsp;<\/td>\r\n  <td class=xl6832428 style='border-top:none;border-left:none'>&nbsp;<\/td>\r\n  <td class=xl6832428 style='border-top:none;border-left:none'>&nbsp;<\/td>\r\n  <td class=xl6832428 style='border-top:none;border-left:none'>&nbsp;<\/td>\r\n  <td class=xl6832428 style='border-top:none;border-left:none'>&nbsp;<\/td>\r\n  <td class=xl6832428 style='border-top:none;border-left:none'>&nbsp;<\/td>\r\n  <td class=xl6832428 style='border-top:none;border-left:none'>&nbsp;<\/td>\r\n  <td class=xl6832428 style='border-top:none;border-left:none'>&nbsp;<\/td>\r\n  <td class=xl6832428 style='border-top:none;border-left:none'>&nbsp;<\/td>\r\n  <td class=xl7132428 style='border-top:none;border-left:none'><a\r\n  href=\"https:\/\/apan.gob.mx\/portal\/transparencia-publica\/\">https:\/\/apan.gob.mx\/portal\/transparencia-publica\/<\/a><\/td>\r\n  <td class=xl6832428 style='border-top:none;border-left:none'>Tesoreria\r\n  Municipal de Apan, Hgo.<\/td>\r\n  <td class=xl6932428 style='border-top:none;border-left:none'>0\/01\/20<\/td>\r\n  <td class=xl6932428 align=right style='border-top:none;border-left:none'>03\/01\/2020<\/td>\r\n  <td class=xl6832428 style='border-top:none;border-left:none'>Al per\u00edodo\r\n  reportado, el municipio no tiene financiamiento, cr\u00e9dito<span\r\n  style='mso-spacerun:yes'>\u00a0 <\/span>o cualquier otra forma de deuda\r\n  p\u00fablica<span style='mso-spacerun:yes'>\u00a0 <\/span>vigente.<\/td>\r\n <\/tr>\r\n <![if supportMisalignedColumns]>\r\n <tr height=0 style='display:none'>\r\n  <td width=56 style='width:42pt'><\/td>\r\n  <td width=153 style='width:115pt'><\/td>\r\n  <td width=153 style='width:115pt'><\/td>\r\n  <td width=70 style='width:53pt'><\/td>\r\n  <td width=138 style='width:104pt'><\/td>\r\n  <td width=111 style='width:83pt'><\/td>\r\n  <td width=60 style='width:45pt'><\/td>\r\n  <td width=133 style='width:100pt'><\/td>\r\n  <td width=116 style='width:87pt'><\/td>\r\n  <td width=127 style='width:95pt'><\/td>\r\n  <td width=137 style='width:103pt'><\/td>\r\n  <td width=164 style='width:123pt'><\/td>\r\n  <td width=138 style='width:104pt'><\/td>\r\n  <td width=180 style='width:135pt'><\/td>\r\n  <td width=197 style='width:148pt'><\/td>\r\n  <td width=123 style='width:92pt'><\/td>\r\n  <td width=252 style='width:189pt'><\/td>\r\n  <td width=166 style='width:125pt'><\/td>\r\n  <td width=308 style='width:231pt'><\/td>\r\n  <td width=291 style='width:218pt'><\/td>\r\n  <td width=218 style='width:164pt'><\/td>\r\n  <td width=213 style='width:160pt'><\/td>\r\n  <td width=239 style='width:179pt'><\/td>\r\n  <td width=318 style='width:239pt'><\/td>\r\n  <td width=161 style='width:121pt'><\/td>\r\n  <td width=206 style='width:155pt'><\/td>\r\n  <td width=373 style='width:280pt'><\/td>\r\n  <td width=332 style='width:249pt'><\/td>\r\n  <td width=90 style='width:68pt'><\/td>\r\n  <td width=90 style='width:68pt'><\/td>\r\n  <td width=750 style='width:563pt'><\/td>\r\n <\/tr>\r\n <![endif]>\r\n<\/table>\r\n\r\n<\/div>\r\n\r\n\r\n<!----------------------------->\r\n<!--FINAL DE LOS RESULTADOS DEL ASISTENTE PARA PUBLICAR COMO P\u00c1GINA WEB DE\r\nEXCEL-->\r\n<!----------------------------->\r\n<\/body>\r\n\r\n<\/html>\r\n\t\t<\/div>\n\t\t\t\t<\/div>\n\t\t\t\t\t\t<\/div>\n\t\t\t\t\t<\/div>\n\t\t<\/div>\n\t\t\t\t\t\t\t\t<\/div>\n\t\t\t\t\t<\/div>\n\t\t<\/section>\n\t\t\t\t\t\t\t\t\t<\/div>\n\t\t\t<\/div>\n\t\t\t\t\t<\/div>\n\t\t","protected":false},"excerpt":{"rendered":"<p>Fracci\u00f3n XXII 44256 T\u00cdTULO NOMBRE CORTO DESCRIPCI\u00d3N Deuda P\u00fablica a69_f22 Los sujetos obligados publicar\u00e1n la informaci\u00f3n que hagan del conocimiento de la Secretar\u00eda de Hacienda y Cr\u00e9dito P\u00fablico (SHCP) (o su hom\u00f3loga estatal) sobre los datos de todos los financiamientos contratados o empr\u00e9stitos, as\u00ed como de los movimientos que se efect\u00faen en \u00e9stos, de acuerdo [&hellip;]<\/p>\n","protected":false},"author":1,"featured_media":0,"parent":7391,"menu_order":0,"comment_status":"closed","ping_status":"closed","template":"page-template-full.php","meta":[],"jetpack_sharing_enabled":true,"_links":{"self":[{"href":"https:\/\/apan.gob.mx\/portal\/wp-json\/wp\/v2\/pages\/7749"}],"collection":[{"href":"https:\/\/apan.gob.mx\/portal\/wp-json\/wp\/v2\/pages"}],"about":[{"href":"https:\/\/apan.gob.mx\/portal\/wp-json\/wp\/v2\/types\/page"}],"author":[{"embeddable":true,"href":"https:\/\/apan.gob.mx\/portal\/wp-json\/wp\/v2\/users\/1"}],"replies":[{"embeddable":true,"href":"https:\/\/apan.gob.mx\/portal\/wp-json\/wp\/v2\/comments?post=7749"}],"version-history":[{"count":2,"href":"https:\/\/apan.gob.mx\/portal\/wp-json\/wp\/v2\/pages\/7749\/revisions"}],"predecessor-version":[{"id":7751,"href":"https:\/\/apan.gob.mx\/portal\/wp-json\/wp\/v2\/pages\/7749\/revisions\/7751"}],"up":[{"embeddable":true,"href":"https:\/\/apan.gob.mx\/portal\/wp-json\/wp\/v2\/pages\/7391"}],"wp:attachment":[{"href":"https:\/\/apan.gob.mx\/portal\/wp-json\/wp\/v2\/media?parent=7749"}],"curies":[{"name":"wp","href":"https:\/\/api.w.org\/{rel}","templated":true}]}}