{"id":7757,"date":"2020-01-27T14:10:24","date_gmt":"2020-01-27T20:10:24","guid":{"rendered":"https:\/\/apan.gob.mx\/portal\/?page_id=7757"},"modified":"2020-01-27T14:11:22","modified_gmt":"2020-01-27T20:11:22","slug":"7757-2","status":"publish","type":"page","link":"https:\/\/apan.gob.mx\/portal\/4-trimestre-2019\/7757-2\/","title":{"rendered":"<!--tesoreria_24_2019_4-->"},"content":{"rendered":"\t\t<div data-elementor-type=\"wp-page\" data-elementor-id=\"7757\" class=\"elementor elementor-7757 elementor-bc-flex-widget\">\n\t\t\t\t\t\t<div class=\"elementor-inner\">\n\t\t\t\t<div class=\"elementor-section-wrap\">\n\t\t\t\t\t\t\t\t\t<section class=\"has_ae_slider elementor-section elementor-top-section elementor-element elementor-element-yjqxeop elementor-section-boxed elementor-section-height-default elementor-section-height-default ae-bg-gallery-type-default\" data-id=\"yjqxeop\" data-element_type=\"section\">\n\t\t\t\t\t\t<div class=\"elementor-container elementor-column-gap-default\">\n\t\t\t\t\t\t\t<div class=\"elementor-row\">\n\t\t\t\t\t<div class=\"has_ae_slider elementor-column elementor-col-100 elementor-top-column elementor-element elementor-element-pvqqqfb ae-bg-gallery-type-default\" data-id=\"pvqqqfb\" data-element_type=\"column\">\n\t\t\t<div class=\"elementor-column-wrap elementor-element-populated\">\n\t\t\t\t\t\t\t<div class=\"elementor-widget-wrap\">\n\t\t\t\t\t\t<div class=\"elementor-element elementor-element-eslfjfb elementor-widget elementor-widget-heading\" data-id=\"eslfjfb\" data-element_type=\"widget\" data-widget_type=\"heading.default\">\n\t\t\t\t<div class=\"elementor-widget-container\">\n\t\t\t<h2 class=\"elementor-heading-title elementor-size-medium\">Fracci\u00f3n XXIV<\/h2>\t\t<\/div>\n\t\t\t\t<\/div>\n\t\t\t\t<div class=\"elementor-element elementor-element-ontayrl elementor-widget elementor-widget-html\" data-id=\"ontayrl\" data-element_type=\"widget\" data-widget_type=\"html.default\">\n\t\t\t\t<div class=\"elementor-widget-container\">\n\t\t\t<html xmlns:o=\"urn:schemas-microsoft-com:office:office\"\r\nxmlns:x=\"urn:schemas-microsoft-com:office:excel\"\r\nxmlns=\"http:\/\/www.w3.org\/TR\/REC-html40\">\r\n\r\n<head>\r\n<meta http-equiv=Content-Type content=\"text\/html; charset=windows-1252\">\r\n<meta name=ProgId content=Excel.Sheet>\r\n<meta name=Generator content=\"Microsoft Excel 15\">\r\n<link rel=File-List href=\"a69_f24%20T4%202019_archivos\/filelist.xml\">\r\n<style id=\"a69_f24 T1 2019_11869_Styles\">\r\n<!--table\r\n\t{mso-displayed-decimal-separator:\"\\.\";\r\n\tmso-displayed-thousand-separator:\"\\,\";}\r\n.xl1511869\r\n\t{padding-top:1px;\r\n\tpadding-right:1px;\r\n\tpadding-left:1px;\r\n\tmso-ignore:padding;\r\n\tcolor:black;\r\n\tfont-size:11.0pt;\r\n\tfont-weight:400;\r\n\tfont-style:normal;\r\n\ttext-decoration:none;\r\n\tfont-family:Calibri, sans-serif;\r\n\tmso-font-charset:0;\r\n\tmso-number-format:General;\r\n\ttext-align:general;\r\n\tvertical-align:bottom;\r\n\tmso-background-source:auto;\r\n\tmso-pattern:auto;\r\n\twhite-space:nowrap;}\r\n.xl6311869\r\n\t{padding-top:1px;\r\n\tpadding-right:1px;\r\n\tpadding-left:1px;\r\n\tmso-ignore:padding;\r\n\tcolor:black;\r\n\tfont-size:10.0pt;\r\n\tfont-weight:400;\r\n\tfont-style:normal;\r\n\ttext-decoration:none;\r\n\tfont-family:Arial;\r\n\tmso-generic-font-family:auto;\r\n\tmso-font-charset:0;\r\n\tmso-number-format:General;\r\n\ttext-align:center;\r\n\tvertical-align:bottom;\r\n\tborder:.5pt solid windowtext;\r\n\tbackground:#E1E1E1;\r\n\tmso-pattern:black none;\r\n\twhite-space:normal;}\r\n.xl6411869\r\n\t{padding-top:1px;\r\n\tpadding-right:1px;\r\n\tpadding-left:1px;\r\n\tmso-ignore:padding;\r\n\tcolor:black;\r\n\tfont-size:11.0pt;\r\n\tfont-weight:400;\r\n\tfont-style:normal;\r\n\ttext-decoration:none;\r\n\tfont-family:Calibri, sans-serif;\r\n\tmso-font-charset:0;\r\n\tmso-number-format:General;\r\n\ttext-align:general;\r\n\tvertical-align:bottom;\r\n\tborder:.5pt solid windowtext;\r\n\tmso-background-source:auto;\r\n\tmso-pattern:auto;\r\n\twhite-space:nowrap;}\r\n.xl6511869\r\n\t{padding-top:1px;\r\n\tpadding-right:1px;\r\n\tpadding-left:1px;\r\n\tmso-ignore:padding;\r\n\tcolor:black;\r\n\tfont-size:11.0pt;\r\n\tfont-weight:400;\r\n\tfont-style:normal;\r\n\ttext-decoration:none;\r\n\tfont-family:Calibri, sans-serif;\r\n\tmso-font-charset:0;\r\n\tmso-number-format:\"Short Date\";\r\n\ttext-align:general;\r\n\tvertical-align:bottom;\r\n\tborder:.5pt solid windowtext;\r\n\tmso-background-source:auto;\r\n\tmso-pattern:auto;\r\n\twhite-space:nowrap;}\r\n.xl6611869\r\n\t{padding-top:1px;\r\n\tpadding-right:1px;\r\n\tpadding-left:1px;\r\n\tmso-ignore:padding;\r\n\tcolor:black;\r\n\tfont-size:11.0pt;\r\n\tfont-weight:400;\r\n\tfont-style:normal;\r\n\ttext-decoration:none;\r\n\tfont-family:Calibri, sans-serif;\r\n\tmso-font-charset:0;\r\n\tmso-number-format:General;\r\n\ttext-align:general;\r\n\tvertical-align:bottom;\r\n\tborder:.5pt solid windowtext;\r\n\tmso-background-source:auto;\r\n\tmso-pattern:auto;\r\n\twhite-space:normal;}\r\n.xl6711869\r\n\t{padding-top:1px;\r\n\tpadding-right:1px;\r\n\tpadding-left:1px;\r\n\tmso-ignore:padding;\r\n\tcolor:white;\r\n\tfont-size:11.0pt;\r\n\tfont-weight:700;\r\n\tfont-style:normal;\r\n\ttext-decoration:none;\r\n\tfont-family:Arial;\r\n\tmso-generic-font-family:auto;\r\n\tmso-font-charset:0;\r\n\tmso-number-format:General;\r\n\ttext-align:center;\r\n\tvertical-align:bottom;\r\n\tborder:.5pt solid windowtext;\r\n\tbackground:#333333;\r\n\tmso-pattern:black none;\r\n\twhite-space:nowrap;}\r\n.xl6811869\r\n\t{padding-top:1px;\r\n\tpadding-right:1px;\r\n\tpadding-left:1px;\r\n\tmso-ignore:padding;\r\n\tcolor:black;\r\n\tfont-size:10.0pt;\r\n\tfont-weight:400;\r\n\tfont-style:normal;\r\n\ttext-decoration:none;\r\n\tfont-family:Arial;\r\n\tmso-generic-font-family:auto;\r\n\tmso-font-charset:0;\r\n\tmso-number-format:General;\r\n\ttext-align:general;\r\n\tvertical-align:bottom;\r\n\tborder:.5pt solid windowtext;\r\n\tbackground:#E1E1E1;\r\n\tmso-pattern:black none;\r\n\twhite-space:nowrap;}\r\n-->\r\n<\/style>\r\n<\/head>\r\n\r\n<body>\r\n<!--[if !excel]>&nbsp;&nbsp;<![endif]-->\r\n<!--La siguiente informaci\u00f3n se gener\u00f3 mediante el Asistente para publicar como\r\np\u00e1gina web de Microsoft Excel.-->\r\n<!--Si se vuelve a publicar el mismo elemento desde Excel, se reemplazar\u00e1 toda\r\nla informaci\u00f3n comprendida entre las etiquetas DIV.-->\r\n<!----------------------------->\r\n<!--INICIO DE LOS RESULTADOS DEL ASISTENTE PARA PUBLICAR COMO P\u00c1GINA WEB DE\r\nEXCEL -->\r\n<!----------------------------->\r\n\r\n<div id=\"a69_f24 T1 2019_11869\" align=center x:publishsource=\"Excel\">\r\n\r\n<table border=0 cellpadding=0 cellspacing=0 width=7791 style='border-collapse:\r\n collapse;table-layout:fixed;width:5846pt'>\r\n <col width=56 style='mso-width-source:userset;mso-width-alt:2048;width:42pt'>\r\n <col width=147 span=2 style='mso-width-source:userset;mso-width-alt:5376;\r\n width:110pt'>\r\n <col width=141 style='mso-width-source:userset;mso-width-alt:5156;width:106pt'>\r\n <col width=106 style='mso-width-source:userset;mso-width-alt:3876;width:80pt'>\r\n <col width=105 style='mso-width-source:userset;mso-width-alt:3840;width:79pt'>\r\n <col width=106 style='mso-width-source:userset;mso-width-alt:3876;width:80pt'>\r\n <col width=127 style='mso-width-source:userset;mso-width-alt:4644;width:95pt'>\r\n <col width=248 style='mso-width-source:userset;mso-width-alt:9069;width:186pt'>\r\n <col width=387 style='mso-width-source:userset;mso-width-alt:14153;width:290pt'>\r\n <col width=272 style='mso-width-source:userset;mso-width-alt:9947;width:204pt'>\r\n <col width=325 style='mso-width-source:userset;mso-width-alt:11885;width:244pt'>\r\n <col width=258 style='mso-width-source:userset;mso-width-alt:9435;width:194pt'>\r\n <col width=153 style='mso-width-source:userset;mso-width-alt:5595;width:115pt'>\r\n <col width=132 style='mso-width-source:userset;mso-width-alt:4827;width:99pt'>\r\n <col width=279 style='mso-width-source:userset;mso-width-alt:10203;width:209pt'>\r\n <col width=382 style='mso-width-source:userset;mso-width-alt:13970;width:287pt'>\r\n <col width=290 style='mso-width-source:userset;mso-width-alt:10605;width:218pt'>\r\n <col width=263 style='mso-width-source:userset;mso-width-alt:9618;width:197pt'>\r\n <col width=366 style='mso-width-source:userset;mso-width-alt:13385;width:275pt'>\r\n <col width=322 style='mso-width-source:userset;mso-width-alt:11776;width:242pt'>\r\n <col width=404 style='mso-width-source:userset;mso-width-alt:14774;width:303pt'>\r\n <col width=307 style='mso-width-source:userset;mso-width-alt:11227;width:230pt'>\r\n <col width=540 style='mso-width-source:userset;mso-width-alt:19748;width:405pt'>\r\n <col width=190 style='mso-width-source:userset;mso-width-alt:6948;width:143pt'>\r\n <col width=271 style='mso-width-source:userset;mso-width-alt:9910;width:203pt'>\r\n <col width=512 style='mso-width-source:userset;mso-width-alt:18724;width:384pt'>\r\n <col width=123 style='mso-width-source:userset;mso-width-alt:4498;width:92pt'>\r\n <col width=140 style='mso-width-source:userset;mso-width-alt:5120;width:105pt'>\r\n <col width=372 style='mso-width-source:userset;mso-width-alt:13604;width:279pt'>\r\n <col width=64 span=5 style='width:48pt'>\r\n <tr height=0 style='display:none'>\r\n  <td class=xl1511869 width=56 style='width:42pt'>44266<\/td>\r\n  <td class=xl1511869 width=147 style='width:110pt'><\/td>\r\n  <td class=xl1511869 width=147 style='width:110pt'><\/td>\r\n  <td class=xl1511869 width=141 style='width:106pt'><\/td>\r\n  <td class=xl1511869 width=106 style='width:80pt'><\/td>\r\n  <td class=xl1511869 width=105 style='width:79pt'><\/td>\r\n  <td class=xl1511869 width=106 style='width:80pt'><\/td>\r\n  <td class=xl1511869 width=127 style='width:95pt'><\/td>\r\n  <td class=xl1511869 width=248 style='width:186pt'><\/td>\r\n  <td class=xl1511869 width=387 style='width:290pt'><\/td>\r\n  <td class=xl1511869 width=272 style='width:204pt'><\/td>\r\n  <td class=xl1511869 width=325 style='width:244pt'><\/td>\r\n  <td class=xl1511869 width=258 style='width:194pt'><\/td>\r\n  <td class=xl1511869 width=153 style='width:115pt'><\/td>\r\n  <td class=xl1511869 width=132 style='width:99pt'><\/td>\r\n  <td class=xl1511869 width=279 style='width:209pt'><\/td>\r\n  <td class=xl1511869 width=382 style='width:287pt'><\/td>\r\n  <td class=xl1511869 width=290 style='width:218pt'><\/td>\r\n  <td class=xl1511869 width=263 style='width:197pt'><\/td>\r\n  <td class=xl1511869 width=366 style='width:275pt'><\/td>\r\n  <td class=xl1511869 width=322 style='width:242pt'><\/td>\r\n  <td class=xl1511869 width=404 style='width:303pt'><\/td>\r\n  <td class=xl1511869 width=307 style='width:230pt'><\/td>\r\n  <td class=xl1511869 width=540 style='width:405pt'><\/td>\r\n  <td class=xl1511869 width=190 style='width:143pt'><\/td>\r\n  <td class=xl1511869 width=271 style='width:203pt'><\/td>\r\n  <td class=xl1511869 width=512 style='width:384pt'><\/td>\r\n  <td class=xl1511869 width=123 style='width:92pt'><\/td>\r\n  <td class=xl1511869 width=140 style='width:105pt'><\/td>\r\n  <td class=xl1511869 width=372 style='width:279pt'><\/td>\r\n  <td class=xl1511869 width=64 style='width:48pt'><\/td>\r\n  <td class=xl1511869 width=64 style='width:48pt'><\/td>\r\n  <td class=xl1511869 width=64 style='width:48pt'><\/td>\r\n  <td class=xl1511869 width=64 style='width:48pt'><\/td>\r\n  <td class=xl1511869 width=64 style='width:48pt'><\/td>\r\n <\/tr>\r\n <tr height=20 style='height:15.0pt'>\r\n  <td colspan=3 height=20 class=xl6711869 style='height:15.0pt'>T\u00cdTULO<\/td>\r\n  <td colspan=3 class=xl6711869>NOMBRE CORTO<\/td>\r\n  <td colspan=3 class=xl6711869>DESCRIPCI\u00d3N<\/td>\r\n  <td class=xl1511869><\/td>\r\n  <td class=xl1511869><\/td>\r\n  <td class=xl1511869><\/td>\r\n  <td class=xl1511869><\/td>\r\n  <td class=xl1511869><\/td>\r\n  <td class=xl1511869><\/td>\r\n  <td class=xl1511869><\/td>\r\n  <td class=xl1511869><\/td>\r\n  <td class=xl1511869><\/td>\r\n  <td class=xl1511869><\/td>\r\n  <td class=xl1511869><\/td>\r\n  <td class=xl1511869><\/td>\r\n  <td class=xl1511869><\/td>\r\n  <td class=xl1511869><\/td>\r\n  <td class=xl1511869><\/td>\r\n  <td class=xl1511869><\/td>\r\n  <td class=xl1511869><\/td>\r\n  <td class=xl1511869><\/td>\r\n  <td class=xl1511869><\/td>\r\n  <td class=xl1511869><\/td>\r\n  <td class=xl1511869><\/td>\r\n  <td class=xl1511869><\/td>\r\n  <td class=xl1511869><\/td>\r\n  <td class=xl1511869><\/td>\r\n  <td class=xl1511869><\/td>\r\n  <td class=xl1511869><\/td>\r\n <\/tr>\r\n <tr height=20 style='height:15.0pt'>\r\n  <td colspan=3 height=20 class=xl6811869 style='height:15.0pt'>Resultados de\r\n  auditor\u00edas realizadas<\/td>\r\n  <td colspan=3 class=xl6811869>a69_f24<\/td>\r\n  <td colspan=3 class=xl6811869>La informaci\u00f3n correspondiente a los resultados\r\n  de las auditor\u00edas internas y externas realizadas a su ejercicio presupuestal,\r\n  as\u00ed como los hallazgos, observaciones, conclusiones, recomendaciones,\r\n  dict\u00e1menes o documentos correspondientes, entregados por la instancia que las\r\n  haya realizado y, en su caso, el seguimiento a cada una de ellas.<\/td>\r\n  <td class=xl1511869><\/td>\r\n  <td class=xl1511869><\/td>\r\n  <td class=xl1511869><\/td>\r\n  <td class=xl1511869><\/td>\r\n  <td class=xl1511869><\/td>\r\n  <td class=xl1511869><\/td>\r\n  <td class=xl1511869><\/td>\r\n  <td class=xl1511869><\/td>\r\n  <td class=xl1511869><\/td>\r\n  <td class=xl1511869><\/td>\r\n  <td class=xl1511869><\/td>\r\n  <td class=xl1511869><\/td>\r\n  <td class=xl1511869><\/td>\r\n  <td class=xl1511869><\/td>\r\n  <td class=xl1511869><\/td>\r\n  <td class=xl1511869><\/td>\r\n  <td class=xl1511869><\/td>\r\n  <td class=xl1511869><\/td>\r\n  <td class=xl1511869><\/td>\r\n  <td class=xl1511869><\/td>\r\n  <td class=xl1511869><\/td>\r\n  <td class=xl1511869><\/td>\r\n  <td class=xl1511869><\/td>\r\n  <td class=xl1511869><\/td>\r\n  <td class=xl1511869><\/td>\r\n  <td class=xl1511869><\/td>\r\n <\/tr>\r\n <tr height=0 style='display:none'>\r\n  <td class=xl1511869>1<\/td>\r\n  <td class=xl1511869>4<\/td>\r\n  <td class=xl1511869>4<\/td>\r\n  <td class=xl1511869>1<\/td>\r\n  <td class=xl1511869>1<\/td>\r\n  <td class=xl1511869>9<\/td>\r\n  <td class=xl1511869>1<\/td>\r\n  <td class=xl1511869>1<\/td>\r\n  <td class=xl1511869>1<\/td>\r\n  <td class=xl1511869>1<\/td>\r\n  <td class=xl1511869>1<\/td>\r\n  <td class=xl1511869>1<\/td>\r\n  <td class=xl1511869>2<\/td>\r\n  <td class=xl1511869>2<\/td>\r\n  <td class=xl1511869>2<\/td>\r\n  <td class=xl1511869>2<\/td>\r\n  <td class=xl1511869>7<\/td>\r\n  <td class=xl1511869>2<\/td>\r\n  <td class=xl1511869>7<\/td>\r\n  <td class=xl1511869>7<\/td>\r\n  <td class=xl1511869>2<\/td>\r\n  <td class=xl1511869>1<\/td>\r\n  <td class=xl1511869>3<\/td>\r\n  <td class=xl1511869>7<\/td>\r\n  <td class=xl1511869>3<\/td>\r\n  <td class=xl1511869>7<\/td>\r\n  <td class=xl1511869>2<\/td>\r\n  <td class=xl1511869>4<\/td>\r\n  <td class=xl1511869>13<\/td>\r\n  <td class=xl1511869>14<\/td>\r\n  <td class=xl1511869><\/td>\r\n  <td class=xl1511869><\/td>\r\n  <td class=xl1511869><\/td>\r\n  <td class=xl1511869><\/td>\r\n  <td class=xl1511869><\/td>\r\n <\/tr>\r\n <tr height=0 style='display:none'>\r\n  <td class=xl1511869>351010<\/td>\r\n  <td class=xl1511869>351021<\/td>\r\n  <td class=xl1511869>351022<\/td>\r\n  <td class=xl1511869>351002<\/td>\r\n  <td class=xl1511869>351003<\/td>\r\n  <td class=xl1511869>351019<\/td>\r\n  <td class=xl1511869>351004<\/td>\r\n  <td class=xl1511869>351005<\/td>\r\n  <td class=xl1511869>351006<\/td>\r\n  <td class=xl1511869>351007<\/td>\r\n  <td class=xl1511869>351008<\/td>\r\n  <td class=xl1511869>351023<\/td>\r\n  <td class=xl1511869>351011<\/td>\r\n  <td class=xl1511869>351030<\/td>\r\n  <td class=xl1511869>351012<\/td>\r\n  <td class=xl1511869>351015<\/td>\r\n  <td class=xl1511869>351031<\/td>\r\n  <td class=xl1511869>351014<\/td>\r\n  <td class=xl1511869>351028<\/td>\r\n  <td class=xl1511869>351025<\/td>\r\n  <td class=xl1511869>351013<\/td>\r\n  <td class=xl1511869>351009<\/td>\r\n  <td class=xl1511869>351016<\/td>\r\n  <td class=xl1511869>351026<\/td>\r\n  <td class=xl1511869>351032<\/td>\r\n  <td class=xl1511869>351018<\/td>\r\n  <td class=xl1511869>351027<\/td>\r\n  <td class=xl1511869>351017<\/td>\r\n  <td class=xl1511869>351024<\/td>\r\n  <td class=xl1511869>351029<\/td>\r\n  <td class=xl1511869><\/td>\r\n  <td class=xl1511869><\/td>\r\n  <td class=xl1511869><\/td>\r\n  <td class=xl1511869><\/td>\r\n  <td class=xl1511869><\/td>\r\n <\/tr>\r\n <tr height=20 style='height:15.0pt'>\r\n  <td colspan=30 height=20 class=xl6711869 style='height:15.0pt'>Tabla Campos<\/td>\r\n  <td class=xl1511869><\/td>\r\n  <td class=xl1511869><\/td>\r\n  <td class=xl1511869><\/td>\r\n  <td class=xl1511869><\/td>\r\n  <td class=xl1511869><\/td>\r\n <\/tr>\r\n <tr height=35 style='height:26.25pt'>\r\n  <td height=35 class=xl6311869 width=56 style='height:26.25pt;width:42pt'>Ejercicio<\/td>\r\n  <td class=xl6311869 width=147 style='border-left:none;width:110pt'>Fecha de\r\n  inicio del periodo que se informa<\/td>\r\n  <td class=xl6311869 width=147 style='border-left:none;width:110pt'>Fecha de\r\n  t\u00e9rmino del periodo que se informa<\/td>\r\n  <td class=xl6311869 width=141 style='border-left:none;width:106pt'>Ejercicio(s)\r\n  auditado(s)<\/td>\r\n  <td class=xl6311869 width=106 style='border-left:none;width:80pt'>Periodo\r\n  auditado<\/td>\r\n  <td class=xl6311869 width=105 style='border-left:none;width:79pt'>Rubro\r\n  (cat\u00e1logo)<\/td>\r\n  <td class=xl6311869 width=106 style='border-left:none;width:80pt'>Tipo de\r\n  auditor\u00eda<\/td>\r\n  <td class=xl6311869 width=127 style='border-left:none;width:95pt'>N\u00famero de\r\n  auditor\u00eda<\/td>\r\n  <td class=xl6311869 width=248 style='border-left:none;width:186pt'>\u00d3rgano que\r\n  realiz\u00f3 la revisi\u00f3n o auditor\u00eda<\/td>\r\n  <td class=xl6311869 width=387 style='border-left:none;width:290pt'>N\u00famero o\r\n  folio que identifique el oficio o documento de apertura<\/td>\r\n  <td class=xl6311869 width=272 style='border-left:none;width:204pt'>N\u00famero del\r\n  oficio de solicitud de informaci\u00f3n<\/td>\r\n  <td class=xl6311869 width=325 style='border-left:none;width:244pt'>N\u00famero de\r\n  oficio de solicitud de informaci\u00f3n adicional<\/td>\r\n  <td class=xl6311869 width=258 style='border-left:none;width:194pt'>Objetivo(s)\r\n  de la realizaci\u00f3n de la auditor\u00eda<\/td>\r\n  <td class=xl6311869 width=153 style='border-left:none;width:115pt'>Rubros\r\n  sujetos a revisi\u00f3n<\/td>\r\n  <td class=xl6311869 width=132 style='border-left:none;width:99pt'>Fundamentos\r\n  legales<\/td>\r\n  <td class=xl6311869 width=279 style='border-left:none;width:209pt'>N\u00famero de\r\n  oficio de notificaci\u00f3n de resultados<\/td>\r\n  <td class=xl6311869 width=382 style='border-left:none;width:287pt'>Hiperv\u00ednculo\r\n  al oficio o documento de notificaci\u00f3n de resultados<\/td>\r\n  <td class=xl6311869 width=290 style='border-left:none;width:218pt'>Por rubro\r\n  sujeto a revisi\u00f3n, especificar hallazgos<\/td>\r\n  <td class=xl6311869 width=263 style='border-left:none;width:197pt'>Hiperv\u00ednculo\r\n  a las recomendaciones hechas<\/td>\r\n  <td class=xl6311869 width=366 style='border-left:none;width:275pt'>Hiperv\u00ednculos\r\n  a los informes finales, de revisi\u00f3n y\/o dictamen<\/td>\r\n  <td class=xl6311869 width=322 style='border-left:none;width:242pt'>Tipo de\r\n  acci\u00f3n determinada por el \u00f3rgano fiscalizador<\/td>\r\n  <td class=xl6311869 width=404 style='border-left:none;width:303pt'>Servidor(a)\r\n  p\u00fablico(a) y\/o \u00e1rea responsable de recibir los resultados<\/td>\r\n  <td class=xl6311869 width=307 style='border-left:none;width:230pt'>Total de\r\n  solventaciones y\/o aclaraciones realizadas<\/td>\r\n  <td class=xl6311869 width=540 style='border-left:none;width:405pt'>Hiperv\u00ednculo\r\n  al informe sobre las aclaraciones realizadas por el sujeto obligado, en su\r\n  caso<\/td>\r\n  <td class=xl6311869 width=190 style='border-left:none;width:143pt'>Total de\r\n  acciones por solventar<\/td>\r\n  <td class=xl6311869 width=271 style='border-left:none;width:203pt'>Hiperv\u00ednculo\r\n  al Programa anual de auditor\u00edas<\/td>\r\n  <td class=xl6311869 width=512 style='border-left:none;width:384pt'>\u00c1rea(s)\r\n  responsable(s) que genera(n), posee(n), publica(n) y actualizan la\r\n  informaci\u00f3n<\/td>\r\n  <td class=xl6311869 width=123 style='border-left:none;width:92pt'>Fecha de\r\n  validaci\u00f3n<\/td>\r\n  <td class=xl6311869 width=140 style='border-left:none;width:105pt'>Fecha de\r\n  actualizaci\u00f3n<\/td>\r\n  <td class=xl6311869 width=372 style='border-left:none;width:279pt'>Nota<\/td>\r\n  <td class=xl1511869><\/td>\r\n  <td class=xl1511869><\/td>\r\n  <td class=xl1511869><\/td>\r\n  <td class=xl1511869><\/td>\r\n  <td class=xl1511869><\/td>\r\n <\/tr>\r\n <tr height=20 style='height:15.0pt'>\r\n  <td height=20 class=xl6411869 align=right style='height:15.0pt;border-top:\r\n  none'>2019<\/td>\r\n  <td class=xl6511869 align=right style='border-top:none;border-left:none'>01\/10\/2019<\/td>\r\n  <td class=xl6511869 align=right style='border-top:none;border-left:none'>31\/12\/2019<\/td>\r\n  <td class=xl6411869 style='border-top:none;border-left:none'>&nbsp;<\/td>\r\n  <td class=xl6411869 style='border-top:none;border-left:none'>&nbsp;<\/td>\r\n  <td class=xl6411869 style='border-top:none;border-left:none'>&nbsp;<\/td>\r\n  <td class=xl6411869 style='border-top:none;border-left:none'>&nbsp;<\/td>\r\n  <td class=xl6411869 style='border-top:none;border-left:none'>&nbsp;<\/td>\r\n  <td class=xl6411869 style='border-top:none;border-left:none'>&nbsp;<\/td>\r\n  <td class=xl6411869 style='border-top:none;border-left:none'>&nbsp;<\/td>\r\n  <td class=xl6411869 style='border-top:none;border-left:none'>&nbsp;<\/td>\r\n  <td class=xl6411869 style='border-top:none;border-left:none'>&nbsp;<\/td>\r\n  <td class=xl6411869 style='border-top:none;border-left:none'>&nbsp;<\/td>\r\n  <td class=xl6411869 style='border-top:none;border-left:none'>&nbsp;<\/td>\r\n  <td class=xl6411869 style='border-top:none;border-left:none'>&nbsp;<\/td>\r\n  <td class=xl6411869 style='border-top:none;border-left:none'>&nbsp;<\/td>\r\n  <td class=xl6411869 style='border-top:none;border-left:none'>&nbsp;<\/td>\r\n  <td class=xl6411869 style='border-top:none;border-left:none'>&nbsp;<\/td>\r\n  <td class=xl6411869 style='border-top:none;border-left:none'>&nbsp;<\/td>\r\n  <td class=xl6411869 style='border-top:none;border-left:none'>&nbsp;<\/td>\r\n  <td class=xl6411869 style='border-top:none;border-left:none'>&nbsp;<\/td>\r\n  <td class=xl6411869 style='border-top:none;border-left:none'>&nbsp;<\/td>\r\n  <td class=xl6411869 style='border-top:none;border-left:none'>&nbsp;<\/td>\r\n  <td class=xl6411869 style='border-top:none;border-left:none'>&nbsp;<\/td>\r\n  <td class=xl6411869 style='border-top:none;border-left:none'>&nbsp;<\/td>\r\n  <td class=xl6411869 style='border-top:none;border-left:none'>&nbsp;<\/td>\r\n  <td class=xl6411869 style='border-top:none;border-left:none'>Tesoreria\r\n  Municipal de Apan Hidalgo<\/td>\r\n  <td class=xl6511869 align=right style='border-top:none;border-left:none'>03\/01\/2020<\/td>\r\n  <td class=xl6511869 align=right style='border-top:none;border-left:none'>03\/01\/2020<\/td>\r\n  <td class=xl6611869 width=372 style='border-top:none;border-left:none;\r\n  width:279pt'>Al periodo reportado<span style='mso-spacerun:yes'>\u00a0\u00a0 <\/span>no\r\n  se tiene ejercicio 2019 auditado.<\/td>\r\n  <td class=xl1511869><\/td>\r\n  <td class=xl1511869><\/td>\r\n  <td class=xl1511869><\/td>\r\n  <td class=xl1511869><\/td>\r\n  <td class=xl1511869><\/td>\r\n <\/tr>\r\n <![if supportMisalignedColumns]>\r\n <tr height=0 style='display:none'>\r\n  <td width=56 style='width:42pt'><\/td>\r\n  <td width=147 style='width:110pt'><\/td>\r\n  <td width=147 style='width:110pt'><\/td>\r\n  <td width=141 style='width:106pt'><\/td>\r\n  <td width=106 style='width:80pt'><\/td>\r\n  <td width=105 style='width:79pt'><\/td>\r\n  <td width=106 style='width:80pt'><\/td>\r\n  <td width=127 style='width:95pt'><\/td>\r\n  <td width=248 style='width:186pt'><\/td>\r\n  <td width=387 style='width:290pt'><\/td>\r\n  <td width=272 style='width:204pt'><\/td>\r\n  <td width=325 style='width:244pt'><\/td>\r\n  <td width=258 style='width:194pt'><\/td>\r\n  <td width=153 style='width:115pt'><\/td>\r\n  <td width=132 style='width:99pt'><\/td>\r\n  <td width=279 style='width:209pt'><\/td>\r\n  <td width=382 style='width:287pt'><\/td>\r\n  <td width=290 style='width:218pt'><\/td>\r\n  <td width=263 style='width:197pt'><\/td>\r\n  <td width=366 style='width:275pt'><\/td>\r\n  <td width=322 style='width:242pt'><\/td>\r\n  <td width=404 style='width:303pt'><\/td>\r\n  <td width=307 style='width:230pt'><\/td>\r\n  <td width=540 style='width:405pt'><\/td>\r\n  <td width=190 style='width:143pt'><\/td>\r\n  <td width=271 style='width:203pt'><\/td>\r\n  <td width=512 style='width:384pt'><\/td>\r\n  <td width=123 style='width:92pt'><\/td>\r\n  <td width=140 style='width:105pt'><\/td>\r\n  <td width=372 style='width:279pt'><\/td>\r\n  <td width=64 style='width:48pt'><\/td>\r\n  <td width=64 style='width:48pt'><\/td>\r\n  <td width=64 style='width:48pt'><\/td>\r\n  <td width=64 style='width:48pt'><\/td>\r\n  <td width=64 style='width:48pt'><\/td>\r\n <\/tr>\r\n <![endif]>\r\n<\/table>\r\n\r\n<\/div>\r\n\r\n\r\n<!----------------------------->\r\n<!--FINAL DE LOS RESULTADOS DEL ASISTENTE PARA PUBLICAR COMO P\u00c1GINA WEB DE\r\nEXCEL-->\r\n<!----------------------------->\r\n<\/body>\r\n\r\n<\/html>\r\n\t\t<\/div>\n\t\t\t\t<\/div>\n\t\t\t\t\t\t<\/div>\n\t\t\t\t\t<\/div>\n\t\t<\/div>\n\t\t\t\t\t\t\t\t<\/div>\n\t\t\t\t\t<\/div>\n\t\t<\/section>\n\t\t\t\t\t\t\t\t\t<\/div>\n\t\t\t<\/div>\n\t\t\t\t\t<\/div>\n\t\t","protected":false},"excerpt":{"rendered":"<p>Fracci\u00f3n XXIV 44266 T\u00cdTULO NOMBRE CORTO DESCRIPCI\u00d3N Resultados de auditor\u00edas realizadas a69_f24 La informaci\u00f3n correspondiente a los resultados de las auditor\u00edas internas y externas realizadas a su ejercicio presupuestal, as\u00ed como los hallazgos, observaciones, conclusiones, recomendaciones, dict\u00e1menes o documentos correspondientes, entregados por la instancia que las haya realizado y, en su caso, el seguimiento a [&hellip;]<\/p>\n","protected":false},"author":1,"featured_media":0,"parent":7391,"menu_order":0,"comment_status":"closed","ping_status":"closed","template":"page-template-full.php","meta":[],"jetpack_sharing_enabled":true,"_links":{"self":[{"href":"https:\/\/apan.gob.mx\/portal\/wp-json\/wp\/v2\/pages\/7757"}],"collection":[{"href":"https:\/\/apan.gob.mx\/portal\/wp-json\/wp\/v2\/pages"}],"about":[{"href":"https:\/\/apan.gob.mx\/portal\/wp-json\/wp\/v2\/types\/page"}],"author":[{"embeddable":true,"href":"https:\/\/apan.gob.mx\/portal\/wp-json\/wp\/v2\/users\/1"}],"replies":[{"embeddable":true,"href":"https:\/\/apan.gob.mx\/portal\/wp-json\/wp\/v2\/comments?post=7757"}],"version-history":[{"count":2,"href":"https:\/\/apan.gob.mx\/portal\/wp-json\/wp\/v2\/pages\/7757\/revisions"}],"predecessor-version":[{"id":7759,"href":"https:\/\/apan.gob.mx\/portal\/wp-json\/wp\/v2\/pages\/7757\/revisions\/7759"}],"up":[{"embeddable":true,"href":"https:\/\/apan.gob.mx\/portal\/wp-json\/wp\/v2\/pages\/7391"}],"wp:attachment":[{"href":"https:\/\/apan.gob.mx\/portal\/wp-json\/wp\/v2\/media?parent=7757"}],"curies":[{"name":"wp","href":"https:\/\/api.w.org\/{rel}","templated":true}]}}