{"id":7765,"date":"2020-01-27T14:14:56","date_gmt":"2020-01-27T20:14:56","guid":{"rendered":"https:\/\/apan.gob.mx\/portal\/?page_id=7765"},"modified":"2020-01-27T14:15:56","modified_gmt":"2020-01-27T20:15:56","slug":"7765-2","status":"publish","type":"page","link":"https:\/\/apan.gob.mx\/portal\/4-trimestre-2019\/7765-2\/","title":{"rendered":"<!--tesoreria_26_2019_4-->"},"content":{"rendered":"\t\t<div data-elementor-type=\"wp-page\" data-elementor-id=\"7765\" class=\"elementor elementor-7765 elementor-bc-flex-widget\">\n\t\t\t\t\t\t<div class=\"elementor-inner\">\n\t\t\t\t<div class=\"elementor-section-wrap\">\n\t\t\t\t\t\t\t\t\t<section class=\"has_ae_slider elementor-section elementor-top-section elementor-element elementor-element-mcvnbpg elementor-section-boxed elementor-section-height-default elementor-section-height-default ae-bg-gallery-type-default\" data-id=\"mcvnbpg\" data-element_type=\"section\">\n\t\t\t\t\t\t<div class=\"elementor-container elementor-column-gap-default\">\n\t\t\t\t\t\t\t<div class=\"elementor-row\">\n\t\t\t\t\t<div class=\"has_ae_slider elementor-column elementor-col-100 elementor-top-column elementor-element elementor-element-icnsgio ae-bg-gallery-type-default\" data-id=\"icnsgio\" data-element_type=\"column\">\n\t\t\t<div class=\"elementor-column-wrap elementor-element-populated\">\n\t\t\t\t\t\t\t<div class=\"elementor-widget-wrap\">\n\t\t\t\t\t\t<div class=\"elementor-element elementor-element-iibgkeh elementor-widget elementor-widget-heading\" data-id=\"iibgkeh\" data-element_type=\"widget\" data-widget_type=\"heading.default\">\n\t\t\t\t<div class=\"elementor-widget-container\">\n\t\t\t<h2 class=\"elementor-heading-title elementor-size-medium\">Fracci\u00f3n XXVI<\/h2>\t\t<\/div>\n\t\t\t\t<\/div>\n\t\t\t\t<div class=\"elementor-element elementor-element-vncyjii elementor-widget elementor-widget-html\" data-id=\"vncyjii\" data-element_type=\"widget\" data-widget_type=\"html.default\">\n\t\t\t\t<div class=\"elementor-widget-container\">\n\t\t\t<html xmlns:o=\"urn:schemas-microsoft-com:office:office\"\r\nxmlns:x=\"urn:schemas-microsoft-com:office:excel\"\r\nxmlns=\"http:\/\/www.w3.org\/TR\/REC-html40\">\r\n\r\n<head>\r\n<meta http-equiv=Content-Type content=\"text\/html; charset=windows-1252\">\r\n<meta name=ProgId content=Excel.Sheet>\r\n<meta name=Generator content=\"Microsoft Excel 15\">\r\n<link rel=File-List href=\"a69_f26%20T4%202019_archivos\/filelist.xml\">\r\n<style id=\"a69_f26 T1 2019_18779_Styles\">\r\n<!--table\r\n\t{mso-displayed-decimal-separator:\"\\.\";\r\n\tmso-displayed-thousand-separator:\"\\,\";}\r\n.xl1518779\r\n\t{padding-top:1px;\r\n\tpadding-right:1px;\r\n\tpadding-left:1px;\r\n\tmso-ignore:padding;\r\n\tcolor:black;\r\n\tfont-size:11.0pt;\r\n\tfont-weight:400;\r\n\tfont-style:normal;\r\n\ttext-decoration:none;\r\n\tfont-family:Calibri, sans-serif;\r\n\tmso-font-charset:0;\r\n\tmso-number-format:General;\r\n\ttext-align:general;\r\n\tvertical-align:bottom;\r\n\tmso-background-source:auto;\r\n\tmso-pattern:auto;\r\n\twhite-space:nowrap;}\r\n.xl6318779\r\n\t{padding-top:1px;\r\n\tpadding-right:1px;\r\n\tpadding-left:1px;\r\n\tmso-ignore:padding;\r\n\tcolor:black;\r\n\tfont-size:10.0pt;\r\n\tfont-weight:400;\r\n\tfont-style:normal;\r\n\ttext-decoration:none;\r\n\tfont-family:Arial;\r\n\tmso-generic-font-family:auto;\r\n\tmso-font-charset:0;\r\n\tmso-number-format:General;\r\n\ttext-align:center;\r\n\tvertical-align:bottom;\r\n\tborder:.5pt solid windowtext;\r\n\tbackground:#E1E1E1;\r\n\tmso-pattern:black none;\r\n\twhite-space:normal;}\r\n.xl6418779\r\n\t{padding-top:1px;\r\n\tpadding-right:1px;\r\n\tpadding-left:1px;\r\n\tmso-ignore:padding;\r\n\tcolor:black;\r\n\tfont-size:11.0pt;\r\n\tfont-weight:400;\r\n\tfont-style:normal;\r\n\ttext-decoration:none;\r\n\tfont-family:Calibri, sans-serif;\r\n\tmso-font-charset:0;\r\n\tmso-number-format:General;\r\n\ttext-align:general;\r\n\tvertical-align:bottom;\r\n\tborder:.5pt solid windowtext;\r\n\tmso-background-source:auto;\r\n\tmso-pattern:auto;\r\n\twhite-space:nowrap;}\r\n.xl6518779\r\n\t{padding-top:1px;\r\n\tpadding-right:1px;\r\n\tpadding-left:1px;\r\n\tmso-ignore:padding;\r\n\tcolor:black;\r\n\tfont-size:11.0pt;\r\n\tfont-weight:400;\r\n\tfont-style:normal;\r\n\ttext-decoration:none;\r\n\tfont-family:Calibri, sans-serif;\r\n\tmso-font-charset:0;\r\n\tmso-number-format:\"Short Date\";\r\n\ttext-align:general;\r\n\tvertical-align:bottom;\r\n\tborder:.5pt solid windowtext;\r\n\tmso-background-source:auto;\r\n\tmso-pattern:auto;\r\n\twhite-space:nowrap;}\r\n.xl6618779\r\n\t{padding-top:1px;\r\n\tpadding-right:1px;\r\n\tpadding-left:1px;\r\n\tmso-ignore:padding;\r\n\tcolor:white;\r\n\tfont-size:11.0pt;\r\n\tfont-weight:700;\r\n\tfont-style:normal;\r\n\ttext-decoration:none;\r\n\tfont-family:Arial;\r\n\tmso-generic-font-family:auto;\r\n\tmso-font-charset:0;\r\n\tmso-number-format:General;\r\n\ttext-align:center;\r\n\tvertical-align:bottom;\r\n\tborder:.5pt solid windowtext;\r\n\tbackground:#333333;\r\n\tmso-pattern:black none;\r\n\twhite-space:nowrap;}\r\n.xl6718779\r\n\t{padding-top:1px;\r\n\tpadding-right:1px;\r\n\tpadding-left:1px;\r\n\tmso-ignore:padding;\r\n\tcolor:black;\r\n\tfont-size:10.0pt;\r\n\tfont-weight:400;\r\n\tfont-style:normal;\r\n\ttext-decoration:none;\r\n\tfont-family:Arial;\r\n\tmso-generic-font-family:auto;\r\n\tmso-font-charset:0;\r\n\tmso-number-format:General;\r\n\ttext-align:general;\r\n\tvertical-align:bottom;\r\n\tborder:.5pt solid windowtext;\r\n\tbackground:#E1E1E1;\r\n\tmso-pattern:black none;\r\n\twhite-space:nowrap;}\r\n-->\r\n<\/style>\r\n<\/head>\r\n\r\n<body>\r\n<!--[if !excel]>&nbsp;&nbsp;<![endif]-->\r\n<!--La siguiente informaci\u00f3n se gener\u00f3 mediante el Asistente para publicar como\r\np\u00e1gina web de Microsoft Excel.-->\r\n<!--Si se vuelve a publicar el mismo elemento desde Excel, se reemplazar\u00e1 toda\r\nla informaci\u00f3n comprendida entre las etiquetas DIV.-->\r\n<!----------------------------->\r\n<!--INICIO DE LOS RESULTADOS DEL ASISTENTE PARA PUBLICAR COMO P\u00c1GINA WEB DE\r\nEXCEL -->\r\n<!----------------------------->\r\n\r\n<div id=\"a69_f26 T1 2019_18779\" align=center x:publishsource=\"Excel\">\r\n\r\n<table border=0 cellpadding=0 cellspacing=0 width=6226 style='border-collapse:\r\n collapse;table-layout:fixed;width:4669pt'>\r\n <col width=56 style='mso-width-source:userset;mso-width-alt:2048;width:42pt'>\r\n <col width=160 span=2 style='mso-width-source:userset;mso-width-alt:5851;\r\n width:120pt'>\r\n <col width=263 style='mso-width-source:userset;mso-width-alt:9618;width:197pt'>\r\n <col width=247 style='mso-width-source:userset;mso-width-alt:9033;width:185pt'>\r\n <col width=239 style='mso-width-source:userset;mso-width-alt:8740;width:179pt'>\r\n <col width=176 style='mso-width-source:userset;mso-width-alt:6436;width:132pt'>\r\n <col width=123 style='mso-width-source:userset;mso-width-alt:4498;width:92pt'>\r\n <col width=115 style='mso-width-source:userset;mso-width-alt:4205;width:86pt'>\r\n <col width=206 style='mso-width-source:userset;mso-width-alt:7533;width:155pt'>\r\n <col width=148 style='mso-width-source:userset;mso-width-alt:5412;width:111pt'>\r\n <col width=156 style='mso-width-source:userset;mso-width-alt:5705;width:117pt'>\r\n <col width=143 style='mso-width-source:userset;mso-width-alt:5229;width:107pt'>\r\n <col width=197 style='mso-width-source:userset;mso-width-alt:7204;width:148pt'>\r\n <col width=266 style='mso-width-source:userset;mso-width-alt:9728;width:200pt'>\r\n <col width=155 style='mso-width-source:userset;mso-width-alt:5668;width:116pt'>\r\n <col width=143 style='mso-width-source:userset;mso-width-alt:5229;width:107pt'>\r\n <col width=199 style='mso-width-source:userset;mso-width-alt:7277;width:149pt'>\r\n <col width=242 style='mso-width-source:userset;mso-width-alt:8850;width:182pt'>\r\n <col width=139 style='mso-width-source:userset;mso-width-alt:5083;width:104pt'>\r\n <col width=203 style='mso-width-source:userset;mso-width-alt:7424;width:152pt'>\r\n <col width=248 style='mso-width-source:userset;mso-width-alt:9069;width:186pt'>\r\n <col width=275 style='mso-width-source:userset;mso-width-alt:10057;width:206pt'>\r\n <col width=304 style='mso-width-source:userset;mso-width-alt:11117;width:228pt'>\r\n <col width=266 style='mso-width-source:userset;mso-width-alt:9728;width:200pt'>\r\n <col width=274 style='mso-width-source:userset;mso-width-alt:10020;width:206pt'>\r\n <col width=312 style='mso-width-source:userset;mso-width-alt:11410;width:234pt'>\r\n <col width=116 span=2 style='mso-width-source:userset;mso-width-alt:4242;\r\n width:87pt'>\r\n <col width=579 style='mso-width-source:userset;mso-width-alt:21174;width:434pt'>\r\n <tr height=0 style='display:none'>\r\n  <td class=xl1518779 width=56 style='width:42pt'>44271<\/td>\r\n  <td class=xl1518779 width=160 style='width:120pt'><\/td>\r\n  <td class=xl1518779 width=160 style='width:120pt'><\/td>\r\n  <td class=xl1518779 width=263 style='width:197pt'><\/td>\r\n  <td class=xl1518779 width=247 style='width:185pt'><\/td>\r\n  <td class=xl1518779 width=239 style='width:179pt'><\/td>\r\n  <td class=xl1518779 width=176 style='width:132pt'><\/td>\r\n  <td class=xl1518779 width=123 style='width:92pt'><\/td>\r\n  <td class=xl1518779 width=115 style='width:86pt'><\/td>\r\n  <td class=xl1518779 width=206 style='width:155pt'><\/td>\r\n  <td class=xl1518779 width=148 style='width:111pt'><\/td>\r\n  <td class=xl1518779 width=156 style='width:117pt'><\/td>\r\n  <td class=xl1518779 width=143 style='width:107pt'><\/td>\r\n  <td class=xl1518779 width=197 style='width:148pt'><\/td>\r\n  <td class=xl1518779 width=266 style='width:200pt'><\/td>\r\n  <td class=xl1518779 width=155 style='width:116pt'><\/td>\r\n  <td class=xl1518779 width=143 style='width:107pt'><\/td>\r\n  <td class=xl1518779 width=199 style='width:149pt'><\/td>\r\n  <td class=xl1518779 width=242 style='width:182pt'><\/td>\r\n  <td class=xl1518779 width=139 style='width:104pt'><\/td>\r\n  <td class=xl1518779 width=203 style='width:152pt'><\/td>\r\n  <td class=xl1518779 width=248 style='width:186pt'><\/td>\r\n  <td class=xl1518779 width=275 style='width:206pt'><\/td>\r\n  <td class=xl1518779 width=304 style='width:228pt'><\/td>\r\n  <td class=xl1518779 width=266 style='width:200pt'><\/td>\r\n  <td class=xl1518779 width=274 style='width:206pt'><\/td>\r\n  <td class=xl1518779 width=312 style='width:234pt'><\/td>\r\n  <td class=xl1518779 width=116 style='width:87pt'><\/td>\r\n  <td class=xl1518779 width=116 style='width:87pt'><\/td>\r\n  <td class=xl1518779 width=579 style='width:434pt'><\/td>\r\n <\/tr>\r\n <tr height=20 style='height:15.0pt'>\r\n  <td colspan=3 height=20 class=xl6618779 style='height:15.0pt'>T\u00cdTULO<\/td>\r\n  <td colspan=3 class=xl6618779>NOMBRE CORTO<\/td>\r\n  <td colspan=3 class=xl6618779>DESCRIPCI\u00d3N<\/td>\r\n  <td class=xl1518779><\/td>\r\n  <td class=xl1518779><\/td>\r\n  <td class=xl1518779><\/td>\r\n  <td class=xl1518779><\/td>\r\n  <td class=xl1518779><\/td>\r\n  <td class=xl1518779><\/td>\r\n  <td class=xl1518779><\/td>\r\n  <td class=xl1518779><\/td>\r\n  <td class=xl1518779><\/td>\r\n  <td class=xl1518779><\/td>\r\n  <td class=xl1518779><\/td>\r\n  <td class=xl1518779><\/td>\r\n  <td class=xl1518779><\/td>\r\n  <td class=xl1518779><\/td>\r\n  <td class=xl1518779><\/td>\r\n  <td class=xl1518779><\/td>\r\n  <td class=xl1518779><\/td>\r\n  <td class=xl1518779><\/td>\r\n  <td class=xl1518779><\/td>\r\n  <td class=xl1518779><\/td>\r\n  <td class=xl1518779><\/td>\r\n <\/tr>\r\n <tr height=20 style='height:15.0pt'>\r\n  <td colspan=3 height=20 class=xl6718779 style='height:15.0pt'>Personas que\r\n  usan recursos p\u00fablicos<\/td>\r\n  <td colspan=3 class=xl6718779>a69_f26<\/td>\r\n  <td colspan=3 class=xl6718779>El listado de personas f\u00edsicas y\/o morales,\r\n  nacionales y\/o extranjeras a quienes, por cualquier motivo, han asignado o\r\n  permitido el uso de recursos p\u00fablicos y de aquellas que realizan actos de\r\n  autoridad. La informaci\u00f3n que se reporte deber\u00e1 corresponder con la enviada\r\n  a<span style='mso-spacerun:yes'>\u00a0 <\/span>los organismos garantes, para su\r\n  an\u00e1lisis y elaboraci\u00f3n de listados de<span style='mso-spacerun:yes'>\u00a0\r\n  <\/span>personas f\u00edsicas y morales requeridos por los art\u00edculos 81 y 82 de la\r\n  Ley General de Transparencia<\/td>\r\n  <td class=xl1518779><\/td>\r\n  <td class=xl1518779><\/td>\r\n  <td class=xl1518779><\/td>\r\n  <td class=xl1518779><\/td>\r\n  <td class=xl1518779><\/td>\r\n  <td class=xl1518779><\/td>\r\n  <td class=xl1518779><\/td>\r\n  <td class=xl1518779><\/td>\r\n  <td class=xl1518779><\/td>\r\n  <td class=xl1518779><\/td>\r\n  <td class=xl1518779><\/td>\r\n  <td class=xl1518779><\/td>\r\n  <td class=xl1518779><\/td>\r\n  <td class=xl1518779><\/td>\r\n  <td class=xl1518779><\/td>\r\n  <td class=xl1518779><\/td>\r\n  <td class=xl1518779><\/td>\r\n  <td class=xl1518779><\/td>\r\n  <td class=xl1518779><\/td>\r\n  <td class=xl1518779><\/td>\r\n  <td class=xl1518779><\/td>\r\n <\/tr>\r\n <tr height=0 style='display:none'>\r\n  <td class=xl1518779>1<\/td>\r\n  <td class=xl1518779>4<\/td>\r\n  <td class=xl1518779>4<\/td>\r\n  <td class=xl1518779>1<\/td>\r\n  <td class=xl1518779>1<\/td>\r\n  <td class=xl1518779>1<\/td>\r\n  <td class=xl1518779>1<\/td>\r\n  <td class=xl1518779>9<\/td>\r\n  <td class=xl1518779>1<\/td>\r\n  <td class=xl1518779>9<\/td>\r\n  <td class=xl1518779>9<\/td>\r\n  <td class=xl1518779>2<\/td>\r\n  <td class=xl1518779>2<\/td>\r\n  <td class=xl1518779>6<\/td>\r\n  <td class=xl1518779>6<\/td>\r\n  <td class=xl1518779>1<\/td>\r\n  <td class=xl1518779>1<\/td>\r\n  <td class=xl1518779>4<\/td>\r\n  <td class=xl1518779>7<\/td>\r\n  <td class=xl1518779>4<\/td>\r\n  <td class=xl1518779>7<\/td>\r\n  <td class=xl1518779>1<\/td>\r\n  <td class=xl1518779>4<\/td>\r\n  <td class=xl1518779>4<\/td>\r\n  <td class=xl1518779>9<\/td>\r\n  <td class=xl1518779>9<\/td>\r\n  <td class=xl1518779>2<\/td>\r\n  <td class=xl1518779>4<\/td>\r\n  <td class=xl1518779>13<\/td>\r\n  <td class=xl1518779>14<\/td>\r\n <\/tr>\r\n <tr height=0 style='display:none'>\r\n  <td class=xl1518779>351108<\/td>\r\n  <td class=xl1518779>351122<\/td>\r\n  <td class=xl1518779>351123<\/td>\r\n  <td class=xl1518779>351109<\/td>\r\n  <td class=xl1518779>351110<\/td>\r\n  <td class=xl1518779>351129<\/td>\r\n  <td class=xl1518779>351111<\/td>\r\n  <td class=xl1518779>351124<\/td>\r\n  <td class=xl1518779>351133<\/td>\r\n  <td class=xl1518779>351134<\/td>\r\n  <td class=xl1518779>351120<\/td>\r\n  <td class=xl1518779>351112<\/td>\r\n  <td class=xl1518779>351126<\/td>\r\n  <td class=xl1518779>351116<\/td>\r\n  <td class=xl1518779>351117<\/td>\r\n  <td class=xl1518779>351107<\/td>\r\n  <td class=xl1518779>351127<\/td>\r\n  <td class=xl1518779>351113<\/td>\r\n  <td class=xl1518779>351118<\/td>\r\n  <td class=xl1518779>351115<\/td>\r\n  <td class=xl1518779>351119<\/td>\r\n  <td class=xl1518779>351135<\/td>\r\n  <td class=xl1518779>351136<\/td>\r\n  <td class=xl1518779>351137<\/td>\r\n  <td class=xl1518779>351131<\/td>\r\n  <td class=xl1518779>351132<\/td>\r\n  <td class=xl1518779>351128<\/td>\r\n  <td class=xl1518779>351114<\/td>\r\n  <td class=xl1518779>351125<\/td>\r\n  <td class=xl1518779>351130<\/td>\r\n <\/tr>\r\n <tr height=20 style='height:15.0pt'>\r\n  <td colspan=30 height=20 class=xl6618779 style='height:15.0pt'>Tabla Campos<\/td>\r\n <\/tr>\r\n <tr height=35 style='height:26.25pt'>\r\n  <td height=35 class=xl6318779 width=56 style='height:26.25pt;width:42pt'>Ejercicio<\/td>\r\n  <td class=xl6318779 width=160 style='border-left:none;width:120pt'>Fecha de\r\n  inicio del periodo que se informa<\/td>\r\n  <td class=xl6318779 width=160 style='border-left:none;width:120pt'>Fecha de\r\n  t\u00e9rmino del periodo que se informa<\/td>\r\n  <td class=xl6318779 width=263 style='border-left:none;width:197pt'>Nombre(s)\r\n  de la persona que recibi\u00f3 los recursos del beneficiario<\/td>\r\n  <td class=xl6318779 width=247 style='border-left:none;width:185pt'>Primer\r\n  apellido de la persona que recibi\u00f3 los recursos del beneficiario<\/td>\r\n  <td class=xl6318779 width=239 style='border-left:none;width:179pt'>Segundo\r\n  apellido de la persona que recibi\u00f3 los recursos del beneficiario<\/td>\r\n  <td class=xl6318779 width=176 style='border-left:none;width:132pt'>Denominaci\u00f3n\r\n  o raz\u00f3n social del beneficiario<\/td>\r\n  <td class=xl6318779 width=123 style='border-left:none;width:92pt'>Personer\u00eda\r\n  jur\u00eddica (cat\u00e1logo)<\/td>\r\n  <td class=xl6318779 width=115 style='border-left:none;width:86pt'>Clasificaci\u00f3n\r\n  de la persona moral<span style='mso-spacerun:yes'>\u00a0<\/span><\/td>\r\n  <td class=xl6318779 width=206 style='border-left:none;width:155pt'>Tipo de\r\n  acci\u00f3n que realiza la persona f\u00edsica o moral (cat\u00e1logo)<\/td>\r\n  <td class=xl6318779 width=148 style='border-left:none;width:111pt'>\u00c1mbito de\r\n  aplicaci\u00f3n o destino (cat\u00e1logo)<\/td>\r\n  <td class=xl6318779 width=156 style='border-left:none;width:117pt'>Fundamento\r\n  jur\u00eddico para usar recursos p\u00fablicos<\/td>\r\n  <td class=xl6318779 width=143 style='border-left:none;width:107pt'>Tipo de\r\n  recurso p\u00fablico<\/td>\r\n  <td class=xl6318779 width=197 style='border-left:none;width:148pt'>Monto\r\n  total y\/o recurso p\u00fablico entregado en el ejercicio fiscal<\/td>\r\n  <td class=xl6318779 width=266 style='border-left:none;width:200pt'>Monto por\r\n  entregarse y\/o recurso p\u00fablico que se permiti\u00f3 usar, en su caso<\/td>\r\n  <td class=xl6318779 width=155 style='border-left:none;width:116pt'>Periodicidad\r\n  de entrega de recursos<\/td>\r\n  <td class=xl6318779 width=143 style='border-left:none;width:107pt'>Modalidad\r\n  de entrega del recurso<\/td>\r\n  <td class=xl6318779 width=199 style='border-left:none;width:149pt'>Fecha en\r\n  la que se entregaron o se entregar\u00e1n los recursos<\/td>\r\n  <td class=xl6318779 width=242 style='border-left:none;width:182pt'>Hiperv\u00ednculo\r\n  a los informes sobre el uso y destino de los recursos<span\r\n  style='mso-spacerun:yes'>\u00a0<\/span><\/td>\r\n  <td class=xl6318779 width=139 style='border-left:none;width:104pt'>Fecha de\r\n  firma entrega de recursos<\/td>\r\n  <td class=xl6318779 width=203 style='border-left:none;width:152pt'>Hiperv\u00ednculo\r\n  al convenio, acuerdo o convocatoria<\/td>\r\n  <td class=xl6318779 width=248 style='border-left:none;width:186pt'>Acto(s) de\r\n  autoridad para los que se facult\u00f3 a la persona f\u00edsica o moral<\/td>\r\n  <td class=xl6318779 width=275 style='border-left:none;width:206pt'>Fecha de\r\n  inicio del periodo para el que fue facultado para realizar el acto de\r\n  autoridad<\/td>\r\n  <td class=xl6318779 width=304 style='border-left:none;width:228pt'>Fecha de\r\n  t\u00e9rmino del periodo para el que fue facultado para realizar el acto de\r\n  autoridad<\/td>\r\n  <td class=xl6318779 width=266 style='border-left:none;width:200pt'>El\r\n  gobierno particip\u00f3 en la creaci\u00f3n de la persona f\u00edsica o moral (cat\u00e1logo)<\/td>\r\n  <td class=xl6318779 width=274 style='border-left:none;width:206pt'>La persona\r\n  f\u00edsica o moral realiza una funci\u00f3n gubernamental (cat\u00e1logo)<\/td>\r\n  <td class=xl6318779 width=312 style='border-left:none;width:234pt'>\u00c1rea(s)\r\n  responsable(s) que genera(n), posee(n), publica(n) y actualizan la\r\n  informaci\u00f3n<\/td>\r\n  <td class=xl6318779 width=116 style='border-left:none;width:87pt'>Fecha de\r\n  validaci\u00f3n<\/td>\r\n  <td class=xl6318779 width=116 style='border-left:none;width:87pt'>Fecha de\r\n  actualizaci\u00f3n<\/td>\r\n  <td class=xl6318779 width=579 style='border-left:none;width:434pt'>Nota<\/td>\r\n <\/tr>\r\n <tr height=20 style='height:15.0pt'>\r\n  <td height=20 class=xl6418779 align=right style='height:15.0pt;border-top:\r\n  none'>2019<\/td>\r\n  <td class=xl6518779 align=right style='border-top:none;border-left:none'>01\/10\/2019<\/td>\r\n  <td class=xl6518779 align=right style='border-top:none;border-left:none'>31\/12\/2019<\/td>\r\n  <td class=xl6418779 style='border-top:none;border-left:none'>na<\/td>\r\n  <td class=xl6418779 style='border-top:none;border-left:none'>na<\/td>\r\n  <td class=xl6418779 style='border-top:none;border-left:none'>na<\/td>\r\n  <td class=xl6418779 style='border-top:none;border-left:none'>na<\/td>\r\n  <td class=xl6418779 style='border-top:none;border-left:none'>&nbsp;<\/td>\r\n  <td class=xl6418779 style='border-top:none;border-left:none'>na<\/td>\r\n  <td class=xl6418779 style='border-top:none;border-left:none'>&nbsp;<\/td>\r\n  <td class=xl6418779 style='border-top:none;border-left:none'>&nbsp;<\/td>\r\n  <td class=xl6418779 style='border-top:none;border-left:none'>na<\/td>\r\n  <td class=xl6418779 style='border-top:none;border-left:none'>na<\/td>\r\n  <td class=xl6418779 align=right style='border-top:none;border-left:none'>0<\/td>\r\n  <td class=xl6418779 align=right style='border-top:none;border-left:none'>0<\/td>\r\n  <td class=xl6418779 style='border-top:none;border-left:none'>na<\/td>\r\n  <td class=xl6418779 style='border-top:none;border-left:none'>na<\/td>\r\n  <td class=xl6418779 style='border-top:none;border-left:none'>&nbsp;<\/td>\r\n  <td class=xl6418779 style='border-top:none;border-left:none'>&nbsp;<\/td>\r\n  <td class=xl6418779 style='border-top:none;border-left:none'>&nbsp;<\/td>\r\n  <td class=xl6418779 style='border-top:none;border-left:none'>&nbsp;<\/td>\r\n  <td class=xl6418779 style='border-top:none;border-left:none'>&nbsp;<\/td>\r\n  <td class=xl6418779 style='border-top:none;border-left:none'>&nbsp;<\/td>\r\n  <td class=xl6418779 style='border-top:none;border-left:none'>&nbsp;<\/td>\r\n  <td class=xl6418779 style='border-top:none;border-left:none'>&nbsp;<\/td>\r\n  <td class=xl6418779 style='border-top:none;border-left:none'>&nbsp;<\/td>\r\n  <td class=xl6418779 style='border-top:none;border-left:none'>Tesoreria\r\n  Municipal de Apan Hidalgo<\/td>\r\n  <td class=xl6518779 align=right style='border-top:none;border-left:none'>03\/01\/2020<\/td>\r\n  <td class=xl6518779 align=right style='border-top:none;border-left:none'>03\/01\/2020<\/td>\r\n  <td class=xl6418779 style='border-top:none;border-left:none'>En este periodo\r\n  el municipio reporta, que ningun tipo de recurso fue ejercido por terceros.<\/td>\r\n <\/tr>\r\n <![if supportMisalignedColumns]>\r\n <tr height=0 style='display:none'>\r\n  <td width=56 style='width:42pt'><\/td>\r\n  <td width=160 style='width:120pt'><\/td>\r\n  <td width=160 style='width:120pt'><\/td>\r\n  <td width=263 style='width:197pt'><\/td>\r\n  <td width=247 style='width:185pt'><\/td>\r\n  <td width=239 style='width:179pt'><\/td>\r\n  <td width=176 style='width:132pt'><\/td>\r\n  <td width=123 style='width:92pt'><\/td>\r\n  <td width=115 style='width:86pt'><\/td>\r\n  <td width=206 style='width:155pt'><\/td>\r\n  <td width=148 style='width:111pt'><\/td>\r\n  <td width=156 style='width:117pt'><\/td>\r\n  <td width=143 style='width:107pt'><\/td>\r\n  <td width=197 style='width:148pt'><\/td>\r\n  <td width=266 style='width:200pt'><\/td>\r\n  <td width=155 style='width:116pt'><\/td>\r\n  <td width=143 style='width:107pt'><\/td>\r\n  <td width=199 style='width:149pt'><\/td>\r\n  <td width=242 style='width:182pt'><\/td>\r\n  <td width=139 style='width:104pt'><\/td>\r\n  <td width=203 style='width:152pt'><\/td>\r\n  <td width=248 style='width:186pt'><\/td>\r\n  <td width=275 style='width:206pt'><\/td>\r\n  <td width=304 style='width:228pt'><\/td>\r\n  <td width=266 style='width:200pt'><\/td>\r\n  <td width=274 style='width:206pt'><\/td>\r\n  <td width=312 style='width:234pt'><\/td>\r\n  <td width=116 style='width:87pt'><\/td>\r\n  <td width=116 style='width:87pt'><\/td>\r\n  <td width=579 style='width:434pt'><\/td>\r\n <\/tr>\r\n <![endif]>\r\n<\/table>\r\n\r\n<\/div>\r\n\r\n\r\n<!----------------------------->\r\n<!--FINAL DE LOS RESULTADOS DEL ASISTENTE PARA PUBLICAR COMO P\u00c1GINA WEB DE\r\nEXCEL-->\r\n<!----------------------------->\r\n<\/body>\r\n\r\n<\/html>\r\n\t\t<\/div>\n\t\t\t\t<\/div>\n\t\t\t\t\t\t<\/div>\n\t\t\t\t\t<\/div>\n\t\t<\/div>\n\t\t\t\t\t\t\t\t<\/div>\n\t\t\t\t\t<\/div>\n\t\t<\/section>\n\t\t\t\t\t\t\t\t\t<\/div>\n\t\t\t<\/div>\n\t\t\t\t\t<\/div>\n\t\t","protected":false},"excerpt":{"rendered":"<p>Fracci\u00f3n XXVI 44271 T\u00cdTULO NOMBRE CORTO DESCRIPCI\u00d3N Personas que usan recursos p\u00fablicos a69_f26 El listado de personas f\u00edsicas y\/o morales, nacionales y\/o extranjeras a quienes, por cualquier motivo, han asignado o permitido el uso de recursos p\u00fablicos y de aquellas que realizan actos de autoridad. La informaci\u00f3n que se reporte deber\u00e1 corresponder con la enviada [&hellip;]<\/p>\n","protected":false},"author":1,"featured_media":0,"parent":7391,"menu_order":0,"comment_status":"closed","ping_status":"closed","template":"page-template-full.php","meta":[],"jetpack_sharing_enabled":true,"_links":{"self":[{"href":"https:\/\/apan.gob.mx\/portal\/wp-json\/wp\/v2\/pages\/7765"}],"collection":[{"href":"https:\/\/apan.gob.mx\/portal\/wp-json\/wp\/v2\/pages"}],"about":[{"href":"https:\/\/apan.gob.mx\/portal\/wp-json\/wp\/v2\/types\/page"}],"author":[{"embeddable":true,"href":"https:\/\/apan.gob.mx\/portal\/wp-json\/wp\/v2\/users\/1"}],"replies":[{"embeddable":true,"href":"https:\/\/apan.gob.mx\/portal\/wp-json\/wp\/v2\/comments?post=7765"}],"version-history":[{"count":2,"href":"https:\/\/apan.gob.mx\/portal\/wp-json\/wp\/v2\/pages\/7765\/revisions"}],"predecessor-version":[{"id":7767,"href":"https:\/\/apan.gob.mx\/portal\/wp-json\/wp\/v2\/pages\/7765\/revisions\/7767"}],"up":[{"embeddable":true,"href":"https:\/\/apan.gob.mx\/portal\/wp-json\/wp\/v2\/pages\/7391"}],"wp:attachment":[{"href":"https:\/\/apan.gob.mx\/portal\/wp-json\/wp\/v2\/media?parent=7765"}],"curies":[{"name":"wp","href":"https:\/\/api.w.org\/{rel}","templated":true}]}}