{"id":9540,"date":"2021-01-11T12:42:55","date_gmt":"2021-01-11T18:42:55","guid":{"rendered":"https:\/\/apan.gob.mx\/portal\/?page_id=9540"},"modified":"2021-01-11T12:44:02","modified_gmt":"2021-01-11T18:44:02","slug":"9540-2","status":"publish","type":"page","link":"https:\/\/apan.gob.mx\/portal\/4-trimestre-2020\/9540-2\/","title":{"rendered":"<!--secretaria_11_2020_4-->"},"content":{"rendered":"\t\t<div data-elementor-type=\"wp-page\" data-elementor-id=\"9540\" class=\"elementor elementor-9540 elementor-bc-flex-widget\">\n\t\t\t\t\t\t<div class=\"elementor-inner\">\n\t\t\t\t<div class=\"elementor-section-wrap\">\n\t\t\t\t\t\t\t\t\t<section class=\"has_ae_slider elementor-section elementor-top-section elementor-element elementor-element-qnadqpe elementor-section-boxed elementor-section-height-default elementor-section-height-default ae-bg-gallery-type-default\" data-id=\"qnadqpe\" data-element_type=\"section\">\n\t\t\t\t\t\t<div class=\"elementor-container elementor-column-gap-default\">\n\t\t\t\t\t\t\t<div class=\"elementor-row\">\n\t\t\t\t\t<div class=\"has_ae_slider elementor-column elementor-col-100 elementor-top-column elementor-element elementor-element-rljsfeo ae-bg-gallery-type-default\" data-id=\"rljsfeo\" data-element_type=\"column\">\n\t\t\t<div class=\"elementor-column-wrap elementor-element-populated\">\n\t\t\t\t\t\t\t<div class=\"elementor-widget-wrap\">\n\t\t\t\t\t\t<div class=\"elementor-element elementor-element-wnqmzkj elementor-widget elementor-widget-heading\" data-id=\"wnqmzkj\" data-element_type=\"widget\" data-widget_type=\"heading.default\">\n\t\t\t\t<div class=\"elementor-widget-container\">\n\t\t\t<h2 class=\"elementor-heading-title elementor-size-medium\">Fracci\u00f3n XI<\/h2>\t\t<\/div>\n\t\t\t\t<\/div>\n\t\t\t\t<div class=\"elementor-element elementor-element-zjtzave elementor-widget elementor-widget-html\" data-id=\"zjtzave\" data-element_type=\"widget\" data-widget_type=\"html.default\">\n\t\t\t\t<div class=\"elementor-widget-container\">\n\t\t\t<html xmlns:v=\"urn:schemas-microsoft-com:vml\"\r\nxmlns:o=\"urn:schemas-microsoft-com:office:office\"\r\nxmlns:x=\"urn:schemas-microsoft-com:office:excel\"\r\nxmlns=\"http:\/\/www.w3.org\/TR\/REC-html40\">\r\n\r\n<head>\r\n<meta http-equiv=Content-Type content=\"text\/html; charset=windows-1252\">\r\n<meta name=ProgId content=Excel.Sheet>\r\n<meta name=Generator content=\"Microsoft Excel 15\">\r\n<link rel=File-List\r\nhref=\"Fracci\u00f3n%2011%20%20T4%20%20Secretaria_archivos\/filelist.xml\">\r\n<!--[if !mso]>\r\n<style>\r\nv\\:* {behavior:url(#default#VML);}\r\no\\:* {behavior:url(#default#VML);}\r\nx\\:* {behavior:url(#default#VML);}\r\n.shape {behavior:url(#default#VML);}\r\n<\/style>\r\n<![endif]-->\r\n<style id=\"Fracci\u00f3n 11_13652_Styles\">\r\n<!--table\r\n\t{mso-displayed-decimal-separator:\"\\.\";\r\n\tmso-displayed-thousand-separator:\"\\,\";}\r\n.xl1513652\r\n\t{padding:0px;\r\n\tmso-ignore:padding;\r\n\tcolor:black;\r\n\tfont-size:11.0pt;\r\n\tfont-weight:400;\r\n\tfont-style:normal;\r\n\ttext-decoration:none;\r\n\tfont-family:Calibri, sans-serif;\r\n\tmso-font-charset:0;\r\n\tmso-number-format:General;\r\n\ttext-align:general;\r\n\tvertical-align:bottom;\r\n\tmso-background-source:auto;\r\n\tmso-pattern:auto;\r\n\twhite-space:nowrap;}\r\n.xl6513652\r\n\t{padding:0px;\r\n\tmso-ignore:padding;\r\n\tcolor:black;\r\n\tfont-size:10.0pt;\r\n\tfont-weight:400;\r\n\tfont-style:normal;\r\n\ttext-decoration:none;\r\n\tfont-family:Arial;\r\n\tmso-generic-font-family:auto;\r\n\tmso-font-charset:0;\r\n\tmso-number-format:General;\r\n\ttext-align:center;\r\n\tvertical-align:bottom;\r\n\tborder:.5pt solid windowtext;\r\n\tbackground:#E1E1E1;\r\n\tmso-pattern:black none;\r\n\twhite-space:normal;}\r\n.xl6613652\r\n\t{padding:0px;\r\n\tmso-ignore:padding;\r\n\tcolor:black;\r\n\tfont-size:11.0pt;\r\n\tfont-weight:400;\r\n\tfont-style:normal;\r\n\ttext-decoration:none;\r\n\tfont-family:Calibri, sans-serif;\r\n\tmso-font-charset:0;\r\n\tmso-number-format:General;\r\n\ttext-align:general;\r\n\tvertical-align:bottom;\r\n\tborder:.5pt solid windowtext;\r\n\tmso-background-source:auto;\r\n\tmso-pattern:auto;\r\n\twhite-space:nowrap;}\r\n.xl6713652\r\n\t{padding:0px;\r\n\tmso-ignore:padding;\r\n\tcolor:black;\r\n\tfont-size:11.0pt;\r\n\tfont-weight:400;\r\n\tfont-style:normal;\r\n\ttext-decoration:none;\r\n\tfont-family:Calibri, sans-serif;\r\n\tmso-font-charset:0;\r\n\tmso-number-format:\"Short Date\";\r\n\ttext-align:general;\r\n\tvertical-align:bottom;\r\n\tborder:.5pt solid windowtext;\r\n\tmso-background-source:auto;\r\n\tmso-pattern:auto;\r\n\twhite-space:nowrap;}\r\n.xl6813652\r\n\t{padding:0px;\r\n\tmso-ignore:padding;\r\n\tcolor:black;\r\n\tfont-size:11.0pt;\r\n\tfont-weight:400;\r\n\tfont-style:normal;\r\n\ttext-decoration:none;\r\n\tfont-family:Calibri, sans-serif;\r\n\tmso-font-charset:0;\r\n\tmso-number-format:Fixed;\r\n\ttext-align:general;\r\n\tvertical-align:bottom;\r\n\tborder:.5pt solid windowtext;\r\n\tmso-background-source:auto;\r\n\tmso-pattern:auto;\r\n\twhite-space:nowrap;}\r\n.xl6913652\r\n\t{padding:0px;\r\n\tmso-ignore:padding;\r\n\tcolor:white;\r\n\tfont-size:11.0pt;\r\n\tfont-weight:700;\r\n\tfont-style:normal;\r\n\ttext-decoration:none;\r\n\tfont-family:Arial;\r\n\tmso-generic-font-family:auto;\r\n\tmso-font-charset:0;\r\n\tmso-number-format:General;\r\n\ttext-align:center;\r\n\tvertical-align:bottom;\r\n\tborder:.5pt solid windowtext;\r\n\tbackground:#333333;\r\n\tmso-pattern:black none;\r\n\twhite-space:nowrap;}\r\n.xl7013652\r\n\t{padding:0px;\r\n\tmso-ignore:padding;\r\n\tcolor:black;\r\n\tfont-size:10.0pt;\r\n\tfont-weight:400;\r\n\tfont-style:normal;\r\n\ttext-decoration:none;\r\n\tfont-family:Arial;\r\n\tmso-generic-font-family:auto;\r\n\tmso-font-charset:0;\r\n\tmso-number-format:General;\r\n\ttext-align:general;\r\n\tvertical-align:bottom;\r\n\tborder:.5pt solid windowtext;\r\n\tbackground:#E1E1E1;\r\n\tmso-pattern:black none;\r\n\twhite-space:nowrap;}\r\n.xl7113652\r\n\t{padding:0px;\r\n\tmso-ignore:padding;\r\n\tcolor:#0563C1;\r\n\tfont-size:11.0pt;\r\n\tfont-weight:400;\r\n\tfont-style:normal;\r\n\ttext-decoration:underline;\r\n\ttext-underline-style:single;\r\n\tfont-family:Calibri, sans-serif;\r\n\tmso-font-charset:0;\r\n\tmso-number-format:General;\r\n\ttext-align:general;\r\n\tvertical-align:bottom;\r\n\tborder:.5pt solid windowtext;\r\n\tmso-background-source:auto;\r\n\tmso-pattern:auto;\r\n\twhite-space:nowrap;}\r\n-->\r\n<\/style>\r\n<\/head>\r\n\r\n<body>\r\n<!--[if !excel]>&nbsp;&nbsp;<![endif]-->\r\n<!--La siguiente informaci\u00f3n se gener\u00f3 mediante el Asistente para publicar como\r\np\u00e1gina web de Microsoft Excel.-->\r\n<!--Si se vuelve a publicar el mismo elemento desde Excel, se reemplazar\u00e1 toda\r\nla informaci\u00f3n comprendida entre las etiquetas DIV.-->\r\n<!----------------------------->\r\n<!--INICIO DE LOS RESULTADOS DEL ASISTENTE PARA PUBLICAR COMO P\u00c1GINA WEB DE\r\nEXCEL -->\r\n<!----------------------------->\r\n\r\n<div id=\"Fracci\u00f3n 11_13652\" align=center x:publishsource=\"Excel\">\r\n\r\n<table border=0 cellpadding=0 cellspacing=0 width=4780 style='border-collapse:\r\n collapse;table-layout:fixed;width:3585pt'>\r\n <col width=56 style='mso-width-source:userset;mso-width-alt:2048;width:42pt'>\r\n <col width=172 span=2 style='mso-width-source:userset;mso-width-alt:6290;\r\n width:129pt'>\r\n <col width=381 style='mso-width-source:userset;mso-width-alt:13933;width:286pt'>\r\n <col width=137 span=2 style='mso-width-source:userset;mso-width-alt:5010;\r\n width:103pt'>\r\n <col width=168 style='mso-width-source:userset;mso-width-alt:6144;width:126pt'>\r\n <col width=146 style='mso-width-source:userset;mso-width-alt:5339;width:110pt'>\r\n <col width=102 style='mso-width-source:userset;mso-width-alt:3730;width:77pt'>\r\n <col width=679 style='mso-width-source:userset;mso-width-alt:24832;width:509pt'>\r\n <col width=120 span=2 style='mso-width-source:userset;mso-width-alt:4388;\r\n width:90pt'>\r\n <col width=316 style='mso-width-source:userset;mso-width-alt:11556;width:237pt'>\r\n <col width=152 style='mso-width-source:userset;mso-width-alt:5558;width:114pt'>\r\n <col width=71 style='mso-width-source:userset;mso-width-alt:2596;width:53pt'>\r\n <col width=151 style='mso-width-source:userset;mso-width-alt:5522;width:113pt'>\r\n <col width=679 style='mso-width-source:userset;mso-width-alt:24832;width:509pt'>\r\n <col width=283 style='mso-width-source:userset;mso-width-alt:10349;width:212pt'>\r\n <col width=123 style='mso-width-source:userset;mso-width-alt:4498;width:92pt'>\r\n <col width=140 style='mso-width-source:userset;mso-width-alt:5120;width:105pt'>\r\n <col width=475 style='mso-width-source:userset;mso-width-alt:17371;width:356pt'>\r\n <tr height=0 style='display:none'>\r\n  <td class=xl1513652 width=56 style='width:42pt'>44234<\/td>\r\n  <td class=xl1513652 width=172 style='width:129pt'><\/td>\r\n  <td class=xl1513652 width=172 style='width:129pt'><\/td>\r\n  <td class=xl1513652 width=381 style='width:286pt'><\/td>\r\n  <td class=xl1513652 width=137 style='width:103pt'><\/td>\r\n  <td class=xl1513652 width=137 style='width:103pt'><\/td>\r\n  <td class=xl1513652 width=168 style='width:126pt'><\/td>\r\n  <td class=xl1513652 width=146 style='width:110pt'><\/td>\r\n  <td class=xl1513652 width=102 style='width:77pt'><\/td>\r\n  <td class=xl1513652 width=679 style='width:509pt'><\/td>\r\n  <td class=xl1513652 width=120 style='width:90pt'><\/td>\r\n  <td class=xl1513652 width=120 style='width:90pt'><\/td>\r\n  <td class=xl1513652 width=316 style='width:237pt'><\/td>\r\n  <td class=xl1513652 width=152 style='width:114pt'><\/td>\r\n  <td class=xl1513652 width=71 style='width:53pt'><\/td>\r\n  <td class=xl1513652 width=151 style='width:113pt'><\/td>\r\n  <td class=xl1513652 width=679 style='width:509pt'><\/td>\r\n  <td class=xl1513652 width=283 style='width:212pt'><\/td>\r\n  <td class=xl1513652 width=123 style='width:92pt'><\/td>\r\n  <td class=xl1513652 width=140 style='width:105pt'><\/td>\r\n  <td class=xl1513652 width=475 style='width:356pt'><\/td>\r\n <\/tr>\r\n <tr height=20 style='height:15.0pt'>\r\n  <td colspan=3 height=20 class=xl6913652 style='height:15.0pt'>T\u00cdTULO<\/td>\r\n  <td colspan=3 class=xl6913652>NOMBRE CORTO<\/td>\r\n  <td colspan=3 class=xl6913652>DESCRIPCI\u00d3N<\/td>\r\n  <td class=xl1513652><\/td>\r\n  <td class=xl1513652><\/td>\r\n  <td class=xl1513652><\/td>\r\n  <td class=xl1513652><\/td>\r\n  <td class=xl1513652><\/td>\r\n  <td class=xl1513652><\/td>\r\n  <td class=xl1513652><\/td>\r\n  <td class=xl1513652><\/td>\r\n  <td class=xl1513652><\/td>\r\n  <td class=xl1513652><\/td>\r\n  <td class=xl1513652><\/td>\r\n  <td class=xl1513652><\/td>\r\n <\/tr>\r\n <tr height=20 style='height:15.0pt'>\r\n  <td colspan=3 height=20 class=xl7013652 style='height:15.0pt'>Personal\r\n  contratado por honorarios<\/td>\r\n  <td colspan=3 class=xl7013652>a69_f11<\/td>\r\n  <td colspan=3 class=xl7013652>Los sujetos obligados publicar\u00e1n informaci\u00f3n de\r\n  las personas contratadas bajo el r\u00e9gimen de servicios profesionales por\r\n  honorarios y servicios profesionales por honorarios asimilados a salarios;\r\n  entendi\u00e9ndose \u00e9stos como los servicios que se contratan y\/o prestan a cambio\r\n  de una retribuci\u00f3n por ellos.<\/td>\r\n  <td class=xl1513652><\/td>\r\n  <td class=xl1513652><\/td>\r\n  <td class=xl1513652><\/td>\r\n  <td class=xl1513652><\/td>\r\n  <td class=xl1513652><\/td>\r\n  <td class=xl1513652><\/td>\r\n  <td class=xl1513652><\/td>\r\n  <td class=xl1513652><\/td>\r\n  <td class=xl1513652><\/td>\r\n  <td class=xl1513652><\/td>\r\n  <td class=xl1513652><\/td>\r\n  <td class=xl1513652><\/td>\r\n <\/tr>\r\n <tr height=0 style='display:none'>\r\n  <td class=xl1513652>1<\/td>\r\n  <td class=xl1513652>4<\/td>\r\n  <td class=xl1513652>4<\/td>\r\n  <td class=xl1513652>9<\/td>\r\n  <td class=xl1513652>1<\/td>\r\n  <td class=xl1513652>1<\/td>\r\n  <td class=xl1513652>1<\/td>\r\n  <td class=xl1513652>1<\/td>\r\n  <td class=xl1513652>1<\/td>\r\n  <td class=xl1513652>7<\/td>\r\n  <td class=xl1513652>4<\/td>\r\n  <td class=xl1513652>4<\/td>\r\n  <td class=xl1513652>2<\/td>\r\n  <td class=xl1513652>6<\/td>\r\n  <td class=xl1513652>6<\/td>\r\n  <td class=xl1513652>2<\/td>\r\n  <td class=xl1513652>7<\/td>\r\n  <td class=xl1513652>2<\/td>\r\n  <td class=xl1513652>4<\/td>\r\n  <td class=xl1513652>13<\/td>\r\n  <td class=xl1513652>14<\/td>\r\n <\/tr>\r\n <tr height=0 style='display:none'>\r\n  <td class=xl1513652>350329<\/td>\r\n  <td class=xl1513652>350331<\/td>\r\n  <td class=xl1513652>350332<\/td>\r\n  <td class=xl1513652>350342<\/td>\r\n  <td class=xl1513652>350324<\/td>\r\n  <td class=xl1513652>350325<\/td>\r\n  <td class=xl1513652>350326<\/td>\r\n  <td class=xl1513652>350327<\/td>\r\n  <td class=xl1513652>350328<\/td>\r\n  <td class=xl1513652>350336<\/td>\r\n  <td class=xl1513652>350344<\/td>\r\n  <td class=xl1513652>350345<\/td>\r\n  <td class=xl1513652>350330<\/td>\r\n  <td class=xl1513652>350334<\/td>\r\n  <td class=xl1513652>350335<\/td>\r\n  <td class=xl1513652>350343<\/td>\r\n  <td class=xl1513652>350337<\/td>\r\n  <td class=xl1513652>350341<\/td>\r\n  <td class=xl1513652>350333<\/td>\r\n  <td class=xl1513652>350340<\/td>\r\n  <td class=xl1513652>350339<\/td>\r\n <\/tr>\r\n <tr height=20 style='height:15.0pt'>\r\n  <td colspan=21 height=20 class=xl6913652 style='height:15.0pt'>Tabla Campos<\/td>\r\n <\/tr>\r\n <tr height=52 style='height:39.0pt'>\r\n  <td height=52 class=xl6513652 width=56 style='height:39.0pt;width:42pt'>Ejercicio<\/td>\r\n  <td class=xl6513652 width=172 style='border-left:none;width:129pt'>Fecha de\r\n  inicio del periodo que se informa<\/td>\r\n  <td class=xl6513652 width=172 style='border-left:none;width:129pt'>Fecha de\r\n  t\u00e9rmino del periodo que se informa<\/td>\r\n  <td class=xl6513652 width=381 style='border-left:none;width:286pt'>Tipo de\r\n  contrataci\u00f3n (cat\u00e1logo)<\/td>\r\n  <td class=xl6513652 width=137 style='border-left:none;width:103pt'>Partida\r\n  presupuestal de los recursos<\/td>\r\n  <td class=xl6513652 width=137 style='border-left:none;width:103pt'>Nombre(s)\r\n  de la persona contratada<span style='mso-spacerun:yes'>\u00a0<\/span><\/td>\r\n  <td class=xl6513652 width=168 style='border-left:none;width:126pt'>Primer\r\n  apellido de la persona contratada<span style='mso-spacerun:yes'>\u00a0<\/span><\/td>\r\n  <td class=xl6513652 width=146 style='border-left:none;width:110pt'>Segundo\r\n  apellido de la persona contratada<span style='mso-spacerun:yes'>\u00a0<\/span><\/td>\r\n  <td class=xl6513652 width=102 style='border-left:none;width:77pt'>N\u00famero de\r\n  contrato<\/td>\r\n  <td class=xl6513652 width=679 style='border-left:none;width:509pt'>Hiperv\u00ednculo\r\n  al contrato<\/td>\r\n  <td class=xl6513652 width=120 style='border-left:none;width:90pt'>Fecha de\r\n  inicio del contrato<\/td>\r\n  <td class=xl6513652 width=120 style='border-left:none;width:90pt'>Fecha de\r\n  t\u00e9rmino del contrato<\/td>\r\n  <td class=xl6513652 width=316 style='border-left:none;width:237pt'>Servicios\r\n  contratados<\/td>\r\n  <td class=xl6513652 width=152 style='border-left:none;width:114pt'>Remuneraci\u00f3n\r\n  mensual bruta o contraprestaci\u00f3n<\/td>\r\n  <td class=xl6513652 width=71 style='border-left:none;width:53pt'>Monto total\r\n  a pagar<\/td>\r\n  <td class=xl6513652 width=151 style='border-left:none;width:113pt'>Prestaciones,\r\n  en su caso<\/td>\r\n  <td class=xl6513652 width=679 style='border-left:none;width:509pt'>Hiperv\u00ednculo\r\n  a la normatividad que regula la celebraci\u00f3n de contratos de honorarios<\/td>\r\n  <td class=xl6513652 width=283 style='border-left:none;width:212pt'>\u00c1rea(s)\r\n  responsable(s) que genera(n), posee(n), publica(n) y actualizan la\r\n  informaci\u00f3n<\/td>\r\n  <td class=xl6513652 width=123 style='border-left:none;width:92pt'>Fecha de\r\n  validaci\u00f3n<\/td>\r\n  <td class=xl6513652 width=140 style='border-left:none;width:105pt'>Fecha de\r\n  actualizaci\u00f3n<\/td>\r\n  <td class=xl6513652 width=475 style='border-left:none;width:356pt'>Nota<\/td>\r\n <\/tr>\r\n <tr height=20 style='height:15.0pt'>\r\n  <td height=20 class=xl6613652 align=right style='height:15.0pt;border-top:\r\n  none'>2020<\/td>\r\n  <td class=xl6713652 align=right style='border-top:none;border-left:none'>01\/10\/2020<\/td>\r\n  <td class=xl6713652 align=right style='border-top:none;border-left:none'>31\/12\/2020<\/td>\r\n  <td class=xl6613652 style='border-top:none;border-left:none'>&nbsp;<\/td>\r\n  <td class=xl6613652 style='border-top:none;border-left:none'>&nbsp;<\/td>\r\n  <td class=xl6613652 style='border-top:none;border-left:none'>&nbsp;<\/td>\r\n  <td class=xl6613652 style='border-top:none;border-left:none'>&nbsp;<\/td>\r\n  <td class=xl6613652 style='border-top:none;border-left:none'>&nbsp;<\/td>\r\n  <td class=xl6613652 style='border-top:none;border-left:none'>&nbsp;<\/td>\r\n  <td class=xl7113652 style='border-top:none;border-left:none'><a\r\n  href=\"https:\/\/www.apan.gob.mx\/descargables\/transparencia\/articulo69\/fraccion11\/2020_4\/secgral\/FraXIa1_1.pdf\">https:\/\/www.apan.gob.mx\/descargables\/transparencia\/articulo69\/fraccion11\/2020_4\/secgral\/FraXIa1_1.pdf<\/a><\/td>\r\n  <td class=xl6713652 style='border-top:none;border-left:none'>&nbsp;<\/td>\r\n  <td class=xl6713652 style='border-top:none;border-left:none'>&nbsp;<\/td>\r\n  <td class=xl6613652 style='border-top:none;border-left:none'>&nbsp;<\/td>\r\n  <td class=xl6813652 style='border-top:none;border-left:none'>&nbsp;<\/td>\r\n  <td class=xl6813652 style='border-top:none;border-left:none'>&nbsp;<\/td>\r\n  <td class=xl6613652 style='border-top:none;border-left:none'>&nbsp;<\/td>\r\n  <td class=xl7113652 style='border-top:none;border-left:none'><a\r\n  href=\"https:\/\/www.apan.gob.mx\/descargables\/transparencia\/articulo69\/fraccion11\/2020_4\/secgral\/FrXIa1_2.pdf\">https:\/\/www.apan.gob.mx\/descargables\/transparencia\/articulo69\/fraccion11\/2020_4\/secgral\/FrXIa1_2.pdf<\/a><\/td>\r\n  <td class=xl6613652 style='border-top:none;border-left:none'>Secretaria\r\n  general municipal<\/td>\r\n  <td class=xl6713652 align=right style='border-top:none;border-left:none'>03\/01\/2021<\/td>\r\n  <td class=xl6713652 align=right style='border-top:none;border-left:none'>03\/01\/2021<\/td>\r\n  <td class=xl6613652 style='border-top:none;border-left:none'>EN ESTE\r\n  TRIMESTRE NO SE HA CONTRATADO PERSONAL<span style='mso-spacerun:yes'>\u00a0\r\n  <\/span>POR HONORARIOS<\/td>\r\n <\/tr>\r\n <![if supportMisalignedColumns]>\r\n <tr height=0 style='display:none'>\r\n  <td width=56 style='width:42pt'><\/td>\r\n  <td width=172 style='width:129pt'><\/td>\r\n  <td width=172 style='width:129pt'><\/td>\r\n  <td width=381 style='width:286pt'><\/td>\r\n  <td width=137 style='width:103pt'><\/td>\r\n  <td width=137 style='width:103pt'><\/td>\r\n  <td width=168 style='width:126pt'><\/td>\r\n  <td width=146 style='width:110pt'><\/td>\r\n  <td width=102 style='width:77pt'><\/td>\r\n  <td width=679 style='width:509pt'><\/td>\r\n  <td width=120 style='width:90pt'><\/td>\r\n  <td width=120 style='width:90pt'><\/td>\r\n  <td width=316 style='width:237pt'><\/td>\r\n  <td width=152 style='width:114pt'><\/td>\r\n  <td width=71 style='width:53pt'><\/td>\r\n  <td width=151 style='width:113pt'><\/td>\r\n  <td width=679 style='width:509pt'><\/td>\r\n  <td width=283 style='width:212pt'><\/td>\r\n  <td width=123 style='width:92pt'><\/td>\r\n  <td width=140 style='width:105pt'><\/td>\r\n  <td width=475 style='width:356pt'><\/td>\r\n <\/tr>\r\n <![endif]>\r\n<\/table>\r\n\r\n<\/div>\r\n\r\n\r\n<!----------------------------->\r\n<!--FINAL DE LOS RESULTADOS DEL ASISTENTE PARA PUBLICAR COMO P\u00c1GINA WEB DE\r\nEXCEL-->\r\n<!----------------------------->\r\n<\/body>\r\n\r\n<\/html>\r\n\t\t<\/div>\n\t\t\t\t<\/div>\n\t\t\t\t\t\t<\/div>\n\t\t\t\t\t<\/div>\n\t\t<\/div>\n\t\t\t\t\t\t\t\t<\/div>\n\t\t\t\t\t<\/div>\n\t\t<\/section>\n\t\t\t\t\t\t\t\t\t<\/div>\n\t\t\t<\/div>\n\t\t\t\t\t<\/div>\n\t\t","protected":false},"excerpt":{"rendered":"<p>Fracci\u00f3n XI 44234 T\u00cdTULO NOMBRE CORTO DESCRIPCI\u00d3N Personal contratado por honorarios a69_f11 Los sujetos obligados publicar\u00e1n informaci\u00f3n de las personas contratadas bajo el r\u00e9gimen de servicios profesionales por honorarios y servicios profesionales por honorarios asimilados a salarios; entendi\u00e9ndose \u00e9stos como los servicios que se contratan y\/o prestan a cambio de una retribuci\u00f3n por ellos. 1 [&hellip;]<\/p>\n","protected":false},"author":1,"featured_media":0,"parent":9489,"menu_order":0,"comment_status":"closed","ping_status":"closed","template":"page-template-full.php","meta":[],"jetpack_sharing_enabled":true,"_links":{"self":[{"href":"https:\/\/apan.gob.mx\/portal\/wp-json\/wp\/v2\/pages\/9540"}],"collection":[{"href":"https:\/\/apan.gob.mx\/portal\/wp-json\/wp\/v2\/pages"}],"about":[{"href":"https:\/\/apan.gob.mx\/portal\/wp-json\/wp\/v2\/types\/page"}],"author":[{"embeddable":true,"href":"https:\/\/apan.gob.mx\/portal\/wp-json\/wp\/v2\/users\/1"}],"replies":[{"embeddable":true,"href":"https:\/\/apan.gob.mx\/portal\/wp-json\/wp\/v2\/comments?post=9540"}],"version-history":[{"count":2,"href":"https:\/\/apan.gob.mx\/portal\/wp-json\/wp\/v2\/pages\/9540\/revisions"}],"predecessor-version":[{"id":9542,"href":"https:\/\/apan.gob.mx\/portal\/wp-json\/wp\/v2\/pages\/9540\/revisions\/9542"}],"up":[{"embeddable":true,"href":"https:\/\/apan.gob.mx\/portal\/wp-json\/wp\/v2\/pages\/9489"}],"wp:attachment":[{"href":"https:\/\/apan.gob.mx\/portal\/wp-json\/wp\/v2\/media?parent=9540"}],"curies":[{"name":"wp","href":"https:\/\/api.w.org\/{rel}","templated":true}]}}