{"id":9622,"date":"2021-01-12T11:23:08","date_gmt":"2021-01-12T17:23:08","guid":{"rendered":"https:\/\/apan.gob.mx\/portal\/?page_id=9622"},"modified":"2021-01-12T11:23:52","modified_gmt":"2021-01-12T17:23:52","slug":"9622-2","status":"publish","type":"page","link":"https:\/\/apan.gob.mx\/portal\/4-trimestre-2020\/9622-2\/","title":{"rendered":"<!--tesoreria_20_2020_4-->"},"content":{"rendered":"\t\t<div data-elementor-type=\"wp-page\" data-elementor-id=\"9622\" class=\"elementor elementor-9622 elementor-bc-flex-widget\">\n\t\t\t\t\t\t<div class=\"elementor-inner\">\n\t\t\t\t<div class=\"elementor-section-wrap\">\n\t\t\t\t\t\t\t\t\t<section class=\"has_ae_slider elementor-section elementor-top-section elementor-element elementor-element-ojqicvh elementor-section-boxed elementor-section-height-default elementor-section-height-default ae-bg-gallery-type-default\" data-id=\"ojqicvh\" data-element_type=\"section\">\n\t\t\t\t\t\t<div class=\"elementor-container elementor-column-gap-default\">\n\t\t\t\t\t\t\t<div class=\"elementor-row\">\n\t\t\t\t\t<div class=\"has_ae_slider elementor-column elementor-col-100 elementor-top-column elementor-element elementor-element-uoqpnyd ae-bg-gallery-type-default\" data-id=\"uoqpnyd\" data-element_type=\"column\">\n\t\t\t<div class=\"elementor-column-wrap elementor-element-populated\">\n\t\t\t\t\t\t\t<div class=\"elementor-widget-wrap\">\n\t\t\t\t\t\t<div class=\"elementor-element elementor-element-egabiwf elementor-widget elementor-widget-heading\" data-id=\"egabiwf\" data-element_type=\"widget\" data-widget_type=\"heading.default\">\n\t\t\t\t<div class=\"elementor-widget-container\">\n\t\t\t<h2 class=\"elementor-heading-title elementor-size-medium\">Fracci\u00f3n XX<\/h2>\t\t<\/div>\n\t\t\t\t<\/div>\n\t\t\t\t<div class=\"elementor-element elementor-element-cfitzdj elementor-widget elementor-widget-html\" data-id=\"cfitzdj\" data-element_type=\"widget\" data-widget_type=\"html.default\">\n\t\t\t\t<div class=\"elementor-widget-container\">\n\t\t\t<html xmlns:o=\"urn:schemas-microsoft-com:office:office\"\r\nxmlns:x=\"urn:schemas-microsoft-com:office:excel\"\r\nxmlns=\"http:\/\/www.w3.org\/TR\/REC-html40\">\r\n\r\n<head>\r\n<meta http-equiv=Content-Type content=\"text\/html; charset=windows-1252\">\r\n<meta name=ProgId content=Excel.Sheet>\r\n<meta name=Generator content=\"Microsoft Excel 15\">\r\n<link rel=File-List href=\"a69_f20_archivos\/filelist.xml\">\r\n<style id=\"a69_f20_8389_Styles\">\r\n<!--table\r\n\t{mso-displayed-decimal-separator:\"\\.\";\r\n\tmso-displayed-thousand-separator:\"\\,\";}\r\n.xl158389\r\n\t{padding-top:1px;\r\n\tpadding-right:1px;\r\n\tpadding-left:1px;\r\n\tmso-ignore:padding;\r\n\tcolor:black;\r\n\tfont-size:11.0pt;\r\n\tfont-weight:400;\r\n\tfont-style:normal;\r\n\ttext-decoration:none;\r\n\tfont-family:Calibri, sans-serif;\r\n\tmso-font-charset:0;\r\n\tmso-number-format:General;\r\n\ttext-align:general;\r\n\tvertical-align:bottom;\r\n\tmso-background-source:auto;\r\n\tmso-pattern:auto;\r\n\twhite-space:nowrap;}\r\n.xl668389\r\n\t{padding-top:1px;\r\n\tpadding-right:1px;\r\n\tpadding-left:1px;\r\n\tmso-ignore:padding;\r\n\tcolor:black;\r\n\tfont-size:10.0pt;\r\n\tfont-weight:400;\r\n\tfont-style:normal;\r\n\ttext-decoration:none;\r\n\tfont-family:Arial;\r\n\tmso-generic-font-family:auto;\r\n\tmso-font-charset:0;\r\n\tmso-number-format:General;\r\n\ttext-align:center;\r\n\tvertical-align:bottom;\r\n\tborder:.5pt solid windowtext;\r\n\tbackground:#E1E1E1;\r\n\tmso-pattern:black none;\r\n\twhite-space:normal;}\r\n.xl678389\r\n\t{padding-top:1px;\r\n\tpadding-right:1px;\r\n\tpadding-left:1px;\r\n\tmso-ignore:padding;\r\n\tcolor:black;\r\n\tfont-size:11.0pt;\r\n\tfont-weight:400;\r\n\tfont-style:normal;\r\n\ttext-decoration:none;\r\n\tfont-family:Calibri, sans-serif;\r\n\tmso-font-charset:0;\r\n\tmso-number-format:General;\r\n\ttext-align:general;\r\n\tvertical-align:bottom;\r\n\tborder:.5pt solid windowtext;\r\n\tmso-background-source:auto;\r\n\tmso-pattern:auto;\r\n\twhite-space:nowrap;}\r\n.xl688389\r\n\t{padding-top:1px;\r\n\tpadding-right:1px;\r\n\tpadding-left:1px;\r\n\tmso-ignore:padding;\r\n\tcolor:black;\r\n\tfont-size:11.0pt;\r\n\tfont-weight:400;\r\n\tfont-style:normal;\r\n\ttext-decoration:none;\r\n\tfont-family:Calibri, sans-serif;\r\n\tmso-font-charset:0;\r\n\tmso-number-format:\"Short Date\";\r\n\ttext-align:general;\r\n\tvertical-align:bottom;\r\n\tborder:.5pt solid windowtext;\r\n\tmso-background-source:auto;\r\n\tmso-pattern:auto;\r\n\twhite-space:nowrap;}\r\n.xl698389\r\n\t{padding-top:1px;\r\n\tpadding-right:1px;\r\n\tpadding-left:1px;\r\n\tmso-ignore:padding;\r\n\tcolor:black;\r\n\tfont-size:11.0pt;\r\n\tfont-weight:400;\r\n\tfont-style:normal;\r\n\ttext-decoration:none;\r\n\tfont-family:Calibri, sans-serif;\r\n\tmso-font-charset:0;\r\n\tmso-number-format:General;\r\n\ttext-align:center;\r\n\tvertical-align:middle;\r\n\tborder:.5pt solid windowtext;\r\n\tmso-background-source:auto;\r\n\tmso-pattern:auto;\r\n\twhite-space:nowrap;}\r\n.xl708389\r\n\t{padding-top:1px;\r\n\tpadding-right:1px;\r\n\tpadding-left:1px;\r\n\tmso-ignore:padding;\r\n\tcolor:#0563C1;\r\n\tfont-size:11.0pt;\r\n\tfont-weight:400;\r\n\tfont-style:normal;\r\n\ttext-decoration:underline;\r\n\ttext-underline-style:single;\r\n\tfont-family:Calibri, sans-serif;\r\n\tmso-font-charset:0;\r\n\tmso-number-format:General;\r\n\ttext-align:general;\r\n\tvertical-align:bottom;\r\n\tborder:.5pt solid windowtext;\r\n\tmso-background-source:auto;\r\n\tmso-pattern:auto;\r\n\twhite-space:nowrap;}\r\n.xl718389\r\n\t{padding-top:1px;\r\n\tpadding-right:1px;\r\n\tpadding-left:1px;\r\n\tmso-ignore:padding;\r\n\tcolor:white;\r\n\tfont-size:11.0pt;\r\n\tfont-weight:700;\r\n\tfont-style:normal;\r\n\ttext-decoration:none;\r\n\tfont-family:Arial;\r\n\tmso-generic-font-family:auto;\r\n\tmso-font-charset:0;\r\n\tmso-number-format:General;\r\n\ttext-align:center;\r\n\tvertical-align:bottom;\r\n\tborder:.5pt solid windowtext;\r\n\tbackground:#333333;\r\n\tmso-pattern:black none;\r\n\twhite-space:normal;}\r\n.xl728389\r\n\t{padding-top:1px;\r\n\tpadding-right:1px;\r\n\tpadding-left:1px;\r\n\tmso-ignore:padding;\r\n\tcolor:black;\r\n\tfont-size:10.0pt;\r\n\tfont-weight:400;\r\n\tfont-style:normal;\r\n\ttext-decoration:none;\r\n\tfont-family:Arial;\r\n\tmso-generic-font-family:auto;\r\n\tmso-font-charset:0;\r\n\tmso-number-format:General;\r\n\ttext-align:general;\r\n\tvertical-align:bottom;\r\n\tborder:.5pt solid windowtext;\r\n\tbackground:#E1E1E1;\r\n\tmso-pattern:black none;\r\n\twhite-space:nowrap;}\r\n-->\r\n<\/style>\r\n<\/head>\r\n\r\n<body>\r\n<!--[if !excel]>&nbsp;&nbsp;<![endif]-->\r\n<!--La siguiente informaci\u00f3n se gener\u00f3 mediante el Asistente para publicar como\r\np\u00e1gina web de Microsoft Excel.-->\r\n<!--Si se vuelve a publicar el mismo elemento desde Excel, se reemplazar\u00e1 toda\r\nla informaci\u00f3n comprendida entre las etiquetas DIV.-->\r\n<!----------------------------->\r\n<!--INICIO DE LOS RESULTADOS DEL ASISTENTE PARA PUBLICAR COMO P\u00c1GINA WEB DE\r\nEXCEL -->\r\n<!----------------------------->\r\n\r\n<div id=\"a69_f20_8389\" align=center x:publishsource=\"Excel\">\r\n\r\n<table border=0 cellpadding=0 cellspacing=0 width=7173 style='border-collapse:\r\n collapse;table-layout:fixed;width:5383pt'>\r\n <col width=56 style='mso-width-source:userset;mso-width-alt:2048;width:42pt'>\r\n <col width=255 style='mso-width-source:userset;mso-width-alt:9325;width:191pt'>\r\n <col width=270 style='mso-width-source:userset;mso-width-alt:9874;width:203pt'>\r\n <col width=159 style='mso-width-source:userset;mso-width-alt:5814;width:119pt'>\r\n <col width=229 style='mso-width-source:userset;mso-width-alt:8374;width:172pt'>\r\n <col width=215 style='mso-width-source:userset;mso-width-alt:7862;width:161pt'>\r\n <col width=135 style='mso-width-source:userset;mso-width-alt:4937;width:101pt'>\r\n <col width=341 style='mso-width-source:userset;mso-width-alt:12470;width:256pt'>\r\n <col width=147 style='mso-width-source:userset;mso-width-alt:5376;width:110pt'>\r\n <col width=241 style='mso-width-source:userset;mso-width-alt:8813;width:181pt'>\r\n <col width=304 style='mso-width-source:userset;mso-width-alt:11117;width:228pt'>\r\n <col width=228 style='mso-width-source:userset;mso-width-alt:8338;width:171pt'>\r\n <col width=373 style='mso-width-source:userset;mso-width-alt:13641;width:280pt'>\r\n <col width=273 style='mso-width-source:userset;mso-width-alt:9984;width:205pt'>\r\n <col width=174 style='mso-width-source:userset;mso-width-alt:6363;width:131pt'>\r\n <col width=322 style='mso-width-source:userset;mso-width-alt:11776;width:242pt'>\r\n <col width=283 style='mso-width-source:userset;mso-width-alt:10349;width:212pt'>\r\n <col width=130 style='mso-width-source:userset;mso-width-alt:4754;width:98pt'>\r\n <col width=322 style='mso-width-source:userset;mso-width-alt:11776;width:242pt'>\r\n <col width=437 style='mso-width-source:userset;mso-width-alt:15981;width:328pt'>\r\n <col width=277 style='mso-width-source:userset;mso-width-alt:10130;width:208pt'>\r\n <col width=242 style='mso-width-source:userset;mso-width-alt:8850;width:182pt'>\r\n <col width=513 style='mso-width-source:userset;mso-width-alt:18761;width:385pt'>\r\n <col width=123 style='mso-width-source:userset;mso-width-alt:4498;width:92pt'>\r\n <col width=140 style='mso-width-source:userset;mso-width-alt:5120;width:105pt'>\r\n <col width=984 style='mso-width-source:userset;mso-width-alt:35986;width:738pt'>\r\n <tr height=0 style='display:none'>\r\n  <td class=xl158389 width=56 style='width:42pt'>44251<\/td>\r\n  <td class=xl158389 width=255 style='width:191pt'><\/td>\r\n  <td class=xl158389 width=270 style='width:203pt'><\/td>\r\n  <td class=xl158389 width=159 style='width:119pt'><\/td>\r\n  <td class=xl158389 width=229 style='width:172pt'><\/td>\r\n  <td class=xl158389 width=215 style='width:161pt'><\/td>\r\n  <td class=xl158389 width=135 style='width:101pt'><\/td>\r\n  <td class=xl158389 width=341 style='width:256pt'><\/td>\r\n  <td class=xl158389 width=147 style='width:110pt'><\/td>\r\n  <td class=xl158389 width=241 style='width:181pt'><\/td>\r\n  <td class=xl158389 width=304 style='width:228pt'><\/td>\r\n  <td class=xl158389 width=228 style='width:171pt'><\/td>\r\n  <td class=xl158389 width=373 style='width:280pt'><\/td>\r\n  <td class=xl158389 width=273 style='width:205pt'><\/td>\r\n  <td class=xl158389 width=174 style='width:131pt'><\/td>\r\n  <td class=xl158389 width=322 style='width:242pt'><\/td>\r\n  <td class=xl158389 width=283 style='width:212pt'><\/td>\r\n  <td class=xl158389 width=130 style='width:98pt'><\/td>\r\n  <td class=xl158389 width=322 style='width:242pt'><\/td>\r\n  <td class=xl158389 width=437 style='width:328pt'><\/td>\r\n  <td class=xl158389 width=277 style='width:208pt'><\/td>\r\n  <td class=xl158389 width=242 style='width:182pt'><\/td>\r\n  <td class=xl158389 width=513 style='width:385pt'><\/td>\r\n  <td class=xl158389 width=123 style='width:92pt'><\/td>\r\n  <td class=xl158389 width=140 style='width:105pt'><\/td>\r\n  <td class=xl158389 width=984 style='width:738pt'><\/td>\r\n <\/tr>\r\n <tr height=20 style='height:15.0pt'>\r\n  <td colspan=3 height=20 class=xl718389 width=581 style='height:15.0pt;\r\n  width:436pt'>T\u00cdTULO<\/td>\r\n  <td colspan=3 class=xl718389 width=603 style='width:452pt'>NOMBRE CORTO<\/td>\r\n  <td colspan=3 class=xl718389 width=623 style='width:467pt'>DESCRIPCI\u00d3N<\/td>\r\n  <td class=xl158389><\/td>\r\n  <td class=xl158389><\/td>\r\n  <td class=xl158389><\/td>\r\n  <td class=xl158389><\/td>\r\n  <td class=xl158389><\/td>\r\n  <td class=xl158389><\/td>\r\n  <td class=xl158389><\/td>\r\n  <td class=xl158389><\/td>\r\n  <td class=xl158389><\/td>\r\n  <td class=xl158389><\/td>\r\n  <td class=xl158389><\/td>\r\n  <td class=xl158389><\/td>\r\n  <td class=xl158389><\/td>\r\n  <td class=xl158389><\/td>\r\n  <td class=xl158389><\/td>\r\n  <td class=xl158389><\/td>\r\n  <td class=xl158389><\/td>\r\n <\/tr>\r\n <tr height=20 style='height:15.0pt'>\r\n  <td colspan=3 height=20 class=xl728389 style='height:15.0pt'>Tr\u00e1mites\r\n  ofrecidos<\/td>\r\n  <td colspan=3 class=xl728389>a69_f20<\/td>\r\n  <td colspan=3 class=xl728389>La informaci\u00f3n relacionada con las tareas\r\n  administrativas que realizan los sujetos obligados en sus diferentes \u00e1mbitos\r\n  con el objeto de atender las peticiones que realicen los particulares ya sea\r\n  para la obtenci\u00f3n de un beneficio, o cumplir con alguna obligaci\u00f3n ante una\r\n  autoridad, de conformidad con la normatividad respecto de los tr\u00e1mites que\r\n  realizan. Generalmente \u00e9stos implican la entrega de informaci\u00f3n ante una\r\n  autoridad por parte de los particulares.<\/td>\r\n  <td class=xl158389><\/td>\r\n  <td class=xl158389><\/td>\r\n  <td class=xl158389><\/td>\r\n  <td class=xl158389><\/td>\r\n  <td class=xl158389><\/td>\r\n  <td class=xl158389><\/td>\r\n  <td class=xl158389><\/td>\r\n  <td class=xl158389><\/td>\r\n  <td class=xl158389><\/td>\r\n  <td class=xl158389><\/td>\r\n  <td class=xl158389><\/td>\r\n  <td class=xl158389><\/td>\r\n  <td class=xl158389><\/td>\r\n  <td class=xl158389><\/td>\r\n  <td class=xl158389><\/td>\r\n  <td class=xl158389><\/td>\r\n  <td class=xl158389><\/td>\r\n <\/tr>\r\n <tr height=0 style='display:none'>\r\n  <td class=xl158389>1<\/td>\r\n  <td class=xl158389>4<\/td>\r\n  <td class=xl158389>4<\/td>\r\n  <td class=xl158389>2<\/td>\r\n  <td class=xl158389>2<\/td>\r\n  <td class=xl158389>2<\/td>\r\n  <td class=xl158389>1<\/td>\r\n  <td class=xl158389>7<\/td>\r\n  <td class=xl158389>2<\/td>\r\n  <td class=xl158389>7<\/td>\r\n  <td class=xl158389>1<\/td>\r\n  <td class=xl158389>1<\/td>\r\n  <td class=xl158389>10<\/td>\r\n  <td class=xl158389>6<\/td>\r\n  <td class=xl158389>2<\/td>\r\n  <td class=xl158389>10<\/td>\r\n  <td class=xl158389>2<\/td>\r\n  <td class=xl158389>2<\/td>\r\n  <td class=xl158389>10<\/td>\r\n  <td class=xl158389>2<\/td>\r\n  <td class=xl158389>7<\/td>\r\n  <td class=xl158389>7<\/td>\r\n  <td class=xl158389>2<\/td>\r\n  <td class=xl158389>4<\/td>\r\n  <td class=xl158389>13<\/td>\r\n  <td class=xl158389>14<\/td>\r\n <\/tr>\r\n <tr height=0 style='display:none'>\r\n  <td class=xl158389>350731<\/td>\r\n  <td class=xl158389>350733<\/td>\r\n  <td class=xl158389>350732<\/td>\r\n  <td class=xl158389>350716<\/td>\r\n  <td class=xl158389>350744<\/td>\r\n  <td class=xl158389>350717<\/td>\r\n  <td class=xl158389>350715<\/td>\r\n  <td class=xl158389>350734<\/td>\r\n  <td class=xl158389>350745<\/td>\r\n  <td class=xl158389>350738<\/td>\r\n  <td class=xl158389>350735<\/td>\r\n  <td class=xl158389>350714<\/td>\r\n  <td class=xl158389>350724<\/td>\r\n  <td class=xl158389>350721<\/td>\r\n  <td class=xl158389>350719<\/td>\r\n  <td class=xl158389>350726<\/td>\r\n  <td class=xl158389>350718<\/td>\r\n  <td class=xl158389>350741<\/td>\r\n  <td class=xl158389>350725<\/td>\r\n  <td class=xl158389>350743<\/td>\r\n  <td class=xl158389>350722<\/td>\r\n  <td class=xl158389>350723<\/td>\r\n  <td class=xl158389>350737<\/td>\r\n  <td class=xl158389>350720<\/td>\r\n  <td class=xl158389>350730<\/td>\r\n  <td class=xl158389>350736<\/td>\r\n <\/tr>\r\n <tr height=20 style='height:15.0pt'>\r\n  <td colspan=26 height=20 class=xl718389 width=7173 style='height:15.0pt;\r\n  width:5383pt'>Tabla Campos<\/td>\r\n <\/tr>\r\n <tr height=35 style='height:26.25pt'>\r\n  <td height=35 class=xl668389 width=56 style='height:26.25pt;width:42pt'>Ejercicio<\/td>\r\n  <td class=xl668389 width=255 style='border-left:none;width:191pt'>Fecha de\r\n  inicio del periodo que se informa<\/td>\r\n  <td class=xl668389 width=270 style='border-left:none;width:203pt'>Fecha de\r\n  t\u00e9rmino del periodo que se informa<\/td>\r\n  <td class=xl668389 width=159 style='border-left:none;width:119pt'>Denominaci\u00f3n\r\n  del tr\u00e1mite<\/td>\r\n  <td class=xl668389 width=229 style='border-left:none;width:172pt'>Tipo de\r\n  usuario y\/o poblaci\u00f3n objetivo<\/td>\r\n  <td class=xl668389 width=215 style='border-left:none;width:161pt'>Descripci\u00f3n\r\n  del objetivo del tr\u00e1mite<\/td>\r\n  <td class=xl668389 width=135 style='border-left:none;width:101pt'>Modalidad\r\n  del tr\u00e1mite<\/td>\r\n  <td class=xl668389 width=341 style='border-left:none;width:256pt'>Hiperv\u00ednculo\r\n  a los requisitos para llevar a cabo el tr\u00e1mite<\/td>\r\n  <td class=xl668389 width=147 style='border-left:none;width:110pt'>Documentos\r\n  requeridos<\/td>\r\n  <td class=xl668389 width=241 style='border-left:none;width:181pt'>Hiperv\u00ednculo\r\n  al\/los formatos respectivos<\/td>\r\n  <td class=xl668389 width=304 style='border-left:none;width:228pt'>Tiempo de\r\n  respuesta por parte del sujeto Obligado<\/td>\r\n  <td class=xl668389 width=228 style='border-left:none;width:171pt'>Vigencia de\r\n  los resultados del tr\u00e1mite<\/td>\r\n  <td class=xl668389 width=373 style='border-left:none;width:280pt'>\u00c1rea y\r\n  datos de contacto del lugar donde se realiza el tr\u00e1mite <br>\r\n    Tabla_350724<\/td>\r\n  <td class=xl668389 width=273 style='border-left:none;width:205pt'>Costo, en\r\n  su caso, especificar que es gratuito<\/td>\r\n  <td class=xl668389 width=174 style='border-left:none;width:131pt'>Sustento\r\n  legal para su cobro<\/td>\r\n  <td class=xl668389 width=322 style='border-left:none;width:242pt'>Lugares\r\n  donde se efect\u00faa el pago <br>\r\n    Tabla_350726<\/td>\r\n  <td class=xl668389 width=283 style='border-left:none;width:212pt'>Fundamento\r\n  jur\u00eddico-administrativo del tr\u00e1mite<\/td>\r\n  <td class=xl668389 width=130 style='border-left:none;width:98pt'>Derechos del\r\n  usuario<\/td>\r\n  <td class=xl668389 width=322 style='border-left:none;width:242pt'>Lugares\r\n  para reportar presuntas anomal\u00edas <br>\r\n    Tabla_350725<\/td>\r\n  <td class=xl668389 width=437 style='border-left:none;width:328pt'>Otros\r\n  datos, en su caso, para el env\u00edo de consultas, documentos y quejas<\/td>\r\n  <td class=xl668389 width=277 style='border-left:none;width:208pt'>Hiperv\u00ednculo\r\n  informaci\u00f3n adicional del tr\u00e1mite<\/td>\r\n  <td class=xl668389 width=242 style='border-left:none;width:182pt'>Hiperv\u00ednculo\r\n  al sistema correspondiente<\/td>\r\n  <td class=xl668389 width=513 style='border-left:none;width:385pt'>\u00c1rea(s)\r\n  responsable(s) que genera(n), posee(n), publica(n) y actualizan la\r\n  informaci\u00f3n<\/td>\r\n  <td class=xl668389 width=123 style='border-left:none;width:92pt'>Fecha de\r\n  validaci\u00f3n<\/td>\r\n  <td class=xl668389 width=140 style='border-left:none;width:105pt'>Fecha de\r\n  actualizaci\u00f3n<\/td>\r\n  <td class=xl668389 width=984 style='border-left:none;width:738pt'>Nota<\/td>\r\n <\/tr>\r\n <tr height=20 style='height:15.0pt'>\r\n  <td height=20 class=xl678389 align=right style='height:15.0pt;border-top:\r\n  none'>2020<\/td>\r\n  <td class=xl688389 align=right style='border-top:none;border-left:none'>01\/10\/2020<\/td>\r\n  <td class=xl688389 align=right style='border-top:none;border-left:none'>31\/12\/2020<\/td>\r\n  <td class=xl678389 align=right style='border-top:none;border-left:none'>0<\/td>\r\n  <td class=xl678389 align=right style='border-top:none;border-left:none'>0<\/td>\r\n  <td class=xl678389 align=right style='border-top:none;border-left:none'>0<\/td>\r\n  <td class=xl678389 align=right style='border-top:none;border-left:none'>0<\/td>\r\n  <td class=xl708389 style='border-top:none;border-left:none'><u\r\n  style='visibility:hidden;mso-ignore:visibility'>&nbsp;<\/u><\/td>\r\n  <td class=xl678389 align=right style='border-top:none;border-left:none'>0<\/td>\r\n  <td class=xl708389 style='border-top:none;border-left:none'><u\r\n  style='visibility:hidden;mso-ignore:visibility'>&nbsp;<\/u><\/td>\r\n  <td class=xl678389 align=right style='border-top:none;border-left:none'>0<\/td>\r\n  <td class=xl678389 align=right style='border-top:none;border-left:none'>0<\/td>\r\n  <td class=xl678389 align=right style='border-top:none;border-left:none'>1<\/td>\r\n  <td class=xl678389 align=right style='border-top:none;border-left:none'>0<\/td>\r\n  <td class=xl678389 align=right style='border-top:none;border-left:none'>0<\/td>\r\n  <td class=xl678389 align=right style='border-top:none;border-left:none'>1<\/td>\r\n  <td class=xl678389 align=right style='border-top:none;border-left:none'>0<\/td>\r\n  <td class=xl678389 align=right style='border-top:none;border-left:none'>0<\/td>\r\n  <td class=xl678389 align=right style='border-top:none;border-left:none'>1<\/td>\r\n  <td class=xl678389 align=right style='border-top:none;border-left:none'>0<\/td>\r\n  <td class=xl708389 style='border-top:none;border-left:none'><u\r\n  style='visibility:hidden;mso-ignore:visibility'>&nbsp;<\/u><\/td>\r\n  <td class=xl708389 style='border-top:none;border-left:none'><u\r\n  style='visibility:hidden;mso-ignore:visibility'>&nbsp;<\/u><\/td>\r\n  <td class=xl698389 style='border-top:none;border-left:none'>Tesoreria\r\n  Municipal de Apan Hidalgo<\/td>\r\n  <td class=xl688389 align=right style='border-top:none;border-left:none'>06\/01\/2021<\/td>\r\n  <td class=xl688389 align=right style='border-top:none;border-left:none'>06\/01\/2021<\/td>\r\n  <td class=xl678389 style='border-top:none;border-left:none'>en los campos que\r\n  carecen de informaci\u00f3n hasta el momento no se ha generado dicha informacion\r\n  dado a que la tesoreria brinda ningun tr\u00e1mite al p\u00fablico<\/td>\r\n <\/tr>\r\n <![if supportMisalignedColumns]>\r\n <tr height=0 style='display:none'>\r\n  <td width=56 style='width:42pt'><\/td>\r\n  <td width=255 style='width:191pt'><\/td>\r\n  <td width=270 style='width:203pt'><\/td>\r\n  <td width=159 style='width:119pt'><\/td>\r\n  <td width=229 style='width:172pt'><\/td>\r\n  <td width=215 style='width:161pt'><\/td>\r\n  <td width=135 style='width:101pt'><\/td>\r\n  <td width=341 style='width:256pt'><\/td>\r\n  <td width=147 style='width:110pt'><\/td>\r\n  <td width=241 style='width:181pt'><\/td>\r\n  <td width=304 style='width:228pt'><\/td>\r\n  <td width=228 style='width:171pt'><\/td>\r\n  <td width=373 style='width:280pt'><\/td>\r\n  <td width=273 style='width:205pt'><\/td>\r\n  <td width=174 style='width:131pt'><\/td>\r\n  <td width=322 style='width:242pt'><\/td>\r\n  <td width=283 style='width:212pt'><\/td>\r\n  <td width=130 style='width:98pt'><\/td>\r\n  <td width=322 style='width:242pt'><\/td>\r\n  <td width=437 style='width:328pt'><\/td>\r\n  <td width=277 style='width:208pt'><\/td>\r\n  <td width=242 style='width:182pt'><\/td>\r\n  <td width=513 style='width:385pt'><\/td>\r\n  <td width=123 style='width:92pt'><\/td>\r\n  <td width=140 style='width:105pt'><\/td>\r\n  <td width=984 style='width:738pt'><\/td>\r\n <\/tr>\r\n <![endif]>\r\n<\/table>\r\n\r\n<\/div>\r\n\r\n\r\n<!----------------------------->\r\n<!--FINAL DE LOS RESULTADOS DEL ASISTENTE PARA PUBLICAR COMO P\u00c1GINA WEB DE\r\nEXCEL-->\r\n<!----------------------------->\r\n<\/body>\r\n\r\n<\/html>\r\n\t\t<\/div>\n\t\t\t\t<\/div>\n\t\t\t\t\t\t<\/div>\n\t\t\t\t\t<\/div>\n\t\t<\/div>\n\t\t\t\t\t\t\t\t<\/div>\n\t\t\t\t\t<\/div>\n\t\t<\/section>\n\t\t\t\t\t\t\t\t\t<\/div>\n\t\t\t<\/div>\n\t\t\t\t\t<\/div>\n\t\t","protected":false},"excerpt":{"rendered":"<p>Fracci\u00f3n XX 44251 T\u00cdTULO NOMBRE CORTO DESCRIPCI\u00d3N Tr\u00e1mites ofrecidos a69_f20 La informaci\u00f3n relacionada con las tareas administrativas que realizan los sujetos obligados en sus diferentes \u00e1mbitos con el objeto de atender las peticiones que realicen los particulares ya sea para la obtenci\u00f3n de un beneficio, o cumplir con alguna obligaci\u00f3n ante una autoridad, de conformidad [&hellip;]<\/p>\n","protected":false},"author":1,"featured_media":0,"parent":9489,"menu_order":0,"comment_status":"closed","ping_status":"closed","template":"page-template-full.php","meta":[],"jetpack_sharing_enabled":true,"_links":{"self":[{"href":"https:\/\/apan.gob.mx\/portal\/wp-json\/wp\/v2\/pages\/9622"}],"collection":[{"href":"https:\/\/apan.gob.mx\/portal\/wp-json\/wp\/v2\/pages"}],"about":[{"href":"https:\/\/apan.gob.mx\/portal\/wp-json\/wp\/v2\/types\/page"}],"author":[{"embeddable":true,"href":"https:\/\/apan.gob.mx\/portal\/wp-json\/wp\/v2\/users\/1"}],"replies":[{"embeddable":true,"href":"https:\/\/apan.gob.mx\/portal\/wp-json\/wp\/v2\/comments?post=9622"}],"version-history":[{"count":2,"href":"https:\/\/apan.gob.mx\/portal\/wp-json\/wp\/v2\/pages\/9622\/revisions"}],"predecessor-version":[{"id":9624,"href":"https:\/\/apan.gob.mx\/portal\/wp-json\/wp\/v2\/pages\/9622\/revisions\/9624"}],"up":[{"embeddable":true,"href":"https:\/\/apan.gob.mx\/portal\/wp-json\/wp\/v2\/pages\/9489"}],"wp:attachment":[{"href":"https:\/\/apan.gob.mx\/portal\/wp-json\/wp\/v2\/media?parent=9622"}],"curies":[{"name":"wp","href":"https:\/\/api.w.org\/{rel}","templated":true}]}}