{"id":9671,"date":"2021-01-12T12:31:59","date_gmt":"2021-01-12T18:31:59","guid":{"rendered":"https:\/\/apan.gob.mx\/portal\/?page_id=9671"},"modified":"2021-01-12T12:33:54","modified_gmt":"2021-01-12T18:33:54","slug":"9671-2","status":"publish","type":"page","link":"https:\/\/apan.gob.mx\/portal\/4-trimestre-2020\/9671-2\/","title":{"rendered":"<!--tesoreria_48_2020_4-->"},"content":{"rendered":"\t\t<div data-elementor-type=\"wp-page\" data-elementor-id=\"9671\" class=\"elementor elementor-9671 elementor-bc-flex-widget\">\n\t\t\t\t\t\t<div class=\"elementor-inner\">\n\t\t\t\t<div class=\"elementor-section-wrap\">\n\t\t\t\t\t\t\t\t\t<section class=\"has_ae_slider elementor-section elementor-top-section elementor-element elementor-element-yxpmzmr elementor-section-boxed elementor-section-height-default elementor-section-height-default ae-bg-gallery-type-default\" data-id=\"yxpmzmr\" data-element_type=\"section\">\n\t\t\t\t\t\t<div class=\"elementor-container elementor-column-gap-default\">\n\t\t\t\t\t\t\t<div class=\"elementor-row\">\n\t\t\t\t\t<div class=\"has_ae_slider elementor-column elementor-col-100 elementor-top-column elementor-element elementor-element-wwkjlmt ae-bg-gallery-type-default\" data-id=\"wwkjlmt\" data-element_type=\"column\">\n\t\t\t<div class=\"elementor-column-wrap elementor-element-populated\">\n\t\t\t\t\t\t\t<div class=\"elementor-widget-wrap\">\n\t\t\t\t\t\t<div class=\"elementor-element elementor-element-irunpfq elementor-widget elementor-widget-heading\" data-id=\"irunpfq\" data-element_type=\"widget\" data-widget_type=\"heading.default\">\n\t\t\t\t<div class=\"elementor-widget-container\">\n\t\t\t<h2 class=\"elementor-heading-title elementor-size-medium\">Fracci\u00f3n XLVIII a<\/h2>\t\t<\/div>\n\t\t\t\t<\/div>\n\t\t\t\t<div class=\"elementor-element elementor-element-sedavdr elementor-widget elementor-widget-html\" data-id=\"sedavdr\" data-element_type=\"widget\" data-widget_type=\"html.default\">\n\t\t\t\t<div class=\"elementor-widget-container\">\n\t\t\t<html xmlns:o=\"urn:schemas-microsoft-com:office:office\"\r\nxmlns:x=\"urn:schemas-microsoft-com:office:excel\"\r\nxmlns=\"http:\/\/www.w3.org\/TR\/REC-html40\">\r\n\r\n<head>\r\n<meta http-equiv=Content-Type content=\"text\/html; charset=windows-1252\">\r\n<meta name=ProgId content=Excel.Sheet>\r\n<meta name=Generator content=\"Microsoft Excel 15\">\r\n<link rel=File-List href=\"a69_f48_a%20(1)_archivos\/filelist.xml\">\r\n<style id=\"a69_f48_a (1)_30355_Styles\">\r\n<!--table\r\n\t{mso-displayed-decimal-separator:\"\\.\";\r\n\tmso-displayed-thousand-separator:\"\\,\";}\r\n.xl1530355\r\n\t{padding-top:1px;\r\n\tpadding-right:1px;\r\n\tpadding-left:1px;\r\n\tmso-ignore:padding;\r\n\tcolor:black;\r\n\tfont-size:11.0pt;\r\n\tfont-weight:400;\r\n\tfont-style:normal;\r\n\ttext-decoration:none;\r\n\tfont-family:Calibri, sans-serif;\r\n\tmso-font-charset:0;\r\n\tmso-number-format:General;\r\n\ttext-align:general;\r\n\tvertical-align:bottom;\r\n\tmso-background-source:auto;\r\n\tmso-pattern:auto;\r\n\twhite-space:nowrap;}\r\n.xl6430355\r\n\t{padding-top:1px;\r\n\tpadding-right:1px;\r\n\tpadding-left:1px;\r\n\tmso-ignore:padding;\r\n\tcolor:black;\r\n\tfont-size:10.0pt;\r\n\tfont-weight:400;\r\n\tfont-style:normal;\r\n\ttext-decoration:none;\r\n\tfont-family:Arial;\r\n\tmso-generic-font-family:auto;\r\n\tmso-font-charset:0;\r\n\tmso-number-format:General;\r\n\ttext-align:center;\r\n\tvertical-align:bottom;\r\n\tborder:.5pt solid windowtext;\r\n\tbackground:#E1E1E1;\r\n\tmso-pattern:black none;\r\n\twhite-space:normal;}\r\n.xl6530355\r\n\t{padding-top:1px;\r\n\tpadding-right:1px;\r\n\tpadding-left:1px;\r\n\tmso-ignore:padding;\r\n\tcolor:white;\r\n\tfont-size:11.0pt;\r\n\tfont-weight:700;\r\n\tfont-style:normal;\r\n\ttext-decoration:none;\r\n\tfont-family:Arial;\r\n\tmso-generic-font-family:auto;\r\n\tmso-font-charset:0;\r\n\tmso-number-format:General;\r\n\ttext-align:center;\r\n\tvertical-align:bottom;\r\n\tborder:.5pt solid windowtext;\r\n\tbackground:#333333;\r\n\tmso-pattern:black none;\r\n\twhite-space:nowrap;}\r\n.xl6630355\r\n\t{padding-top:1px;\r\n\tpadding-right:1px;\r\n\tpadding-left:1px;\r\n\tmso-ignore:padding;\r\n\tcolor:black;\r\n\tfont-size:10.0pt;\r\n\tfont-weight:400;\r\n\tfont-style:normal;\r\n\ttext-decoration:none;\r\n\tfont-family:Arial;\r\n\tmso-generic-font-family:auto;\r\n\tmso-font-charset:0;\r\n\tmso-number-format:General;\r\n\ttext-align:general;\r\n\tvertical-align:bottom;\r\n\tborder:.5pt solid windowtext;\r\n\tbackground:#E1E1E1;\r\n\tmso-pattern:black none;\r\n\twhite-space:nowrap;}\r\n.xl6730355\r\n\t{padding-top:1px;\r\n\tpadding-right:1px;\r\n\tpadding-left:1px;\r\n\tmso-ignore:padding;\r\n\tcolor:black;\r\n\tfont-size:11.0pt;\r\n\tfont-weight:400;\r\n\tfont-style:normal;\r\n\ttext-decoration:none;\r\n\tfont-family:Calibri, sans-serif;\r\n\tmso-font-charset:0;\r\n\tmso-number-format:General;\r\n\ttext-align:general;\r\n\tvertical-align:bottom;\r\n\tborder:.5pt solid windowtext;\r\n\tmso-background-source:auto;\r\n\tmso-pattern:auto;\r\n\twhite-space:nowrap;}\r\n.xl6830355\r\n\t{padding-top:1px;\r\n\tpadding-right:1px;\r\n\tpadding-left:1px;\r\n\tmso-ignore:padding;\r\n\tcolor:black;\r\n\tfont-size:11.0pt;\r\n\tfont-weight:400;\r\n\tfont-style:normal;\r\n\ttext-decoration:none;\r\n\tfont-family:Calibri, sans-serif;\r\n\tmso-font-charset:0;\r\n\tmso-number-format:\"Short Date\";\r\n\ttext-align:general;\r\n\tvertical-align:bottom;\r\n\tborder:.5pt solid windowtext;\r\n\tmso-background-source:auto;\r\n\tmso-pattern:auto;\r\n\twhite-space:nowrap;}\r\n.xl6930355\r\n\t{padding-top:1px;\r\n\tpadding-right:1px;\r\n\tpadding-left:1px;\r\n\tmso-ignore:padding;\r\n\tcolor:#0563C1;\r\n\tfont-size:11.0pt;\r\n\tfont-weight:400;\r\n\tfont-style:normal;\r\n\ttext-decoration:underline;\r\n\ttext-underline-style:single;\r\n\tfont-family:Calibri, sans-serif;\r\n\tmso-font-charset:0;\r\n\tmso-number-format:General;\r\n\ttext-align:general;\r\n\tvertical-align:bottom;\r\n\tborder:.5pt solid windowtext;\r\n\tmso-background-source:auto;\r\n\tmso-pattern:auto;\r\n\twhite-space:nowrap;}\r\n-->\r\n<\/style>\r\n<\/head>\r\n\r\n<body>\r\n<!--[if !excel]>&nbsp;&nbsp;<![endif]-->\r\n<!--La siguiente informaci\u00f3n se gener\u00f3 mediante el Asistente para publicar como\r\np\u00e1gina web de Microsoft Excel.-->\r\n<!--Si se vuelve a publicar el mismo elemento desde Excel, se reemplazar\u00e1 toda\r\nla informaci\u00f3n comprendida entre las etiquetas DIV.-->\r\n<!----------------------------->\r\n<!--INICIO DE LOS RESULTADOS DEL ASISTENTE PARA PUBLICAR COMO P\u00c1GINA WEB DE\r\nEXCEL -->\r\n<!----------------------------->\r\n\r\n<div id=\"a69_f48_a (1)_30355\" align=center x:publishsource=\"Excel\">\r\n\r\n<table border=0 cellpadding=0 cellspacing=0 width=3540 style='border-collapse:\r\n collapse;table-layout:fixed;width:2655pt'>\r\n <col width=56 style='mso-width-source:userset;mso-width-alt:2048;width:42pt'>\r\n <col width=255 style='mso-width-source:userset;mso-width-alt:9325;width:191pt'>\r\n <col width=270 style='mso-width-source:userset;mso-width-alt:9874;width:203pt'>\r\n <col width=481 style='mso-width-source:userset;mso-width-alt:17590;width:361pt'>\r\n <col width=135 style='mso-width-source:userset;mso-width-alt:4937;width:101pt'>\r\n <col width=725 style='mso-width-source:userset;mso-width-alt:26514;width:544pt'>\r\n <col width=512 style='mso-width-source:userset;mso-width-alt:18724;width:384pt'>\r\n <col width=123 style='mso-width-source:userset;mso-width-alt:4498;width:92pt'>\r\n <col width=140 style='mso-width-source:userset;mso-width-alt:5120;width:105pt'>\r\n <col width=843 style='mso-width-source:userset;mso-width-alt:30829;width:632pt'>\r\n <tr height=0 style='display:none'>\r\n  <td class=xl1530355 width=56 style='width:42pt'>46817<\/td>\r\n  <td class=xl1530355 width=255 style='width:191pt'><\/td>\r\n  <td class=xl1530355 width=270 style='width:203pt'><\/td>\r\n  <td class=xl1530355 width=481 style='width:361pt'><\/td>\r\n  <td class=xl1530355 width=135 style='width:101pt'><\/td>\r\n  <td class=xl1530355 width=725 style='width:544pt'><\/td>\r\n  <td class=xl1530355 width=512 style='width:384pt'><\/td>\r\n  <td class=xl1530355 width=123 style='width:92pt'><\/td>\r\n  <td class=xl1530355 width=140 style='width:105pt'><\/td>\r\n  <td class=xl1530355 width=843 style='width:632pt'><\/td>\r\n <\/tr>\r\n <tr height=20 style='height:15.0pt'>\r\n  <td colspan=3 height=20 class=xl6530355 style='height:15.0pt'>T\u00cdTULO<\/td>\r\n  <td colspan=3 class=xl6530355>NOMBRE CORTO<\/td>\r\n  <td colspan=3 class=xl6530355>DESCRIPCI\u00d3N<\/td>\r\n  <td class=xl1530355><\/td>\r\n <\/tr>\r\n <tr height=20 style='height:15.0pt'>\r\n  <td colspan=3 height=20 class=xl6630355 style='height:15.0pt'>M\u00e1s informaci\u00f3n\r\n  relacionada_Informaci\u00f3n de inter\u00e9s p\u00fablico<\/td>\r\n  <td colspan=3 class=xl6630355>a69_f48_a<\/td>\r\n  <td colspan=3 class=xl6630355>La informaci\u00f3n de inter\u00e9s p\u00fablico podr\u00e1 ser, de\r\n  manera enunciativa y no limitativa: informes especiales, reportes de\r\n  resultados, estudios, indicadores, investigaciones, campa\u00f1as, alertas,\r\n  prevenciones, mecanismos de participaci\u00f3n ciudadana, acceso a servicios<\/td>\r\n  <td class=xl1530355><\/td>\r\n <\/tr>\r\n <tr height=0 style='display:none'>\r\n  <td class=xl1530355>1<\/td>\r\n  <td class=xl1530355>4<\/td>\r\n  <td class=xl1530355>4<\/td>\r\n  <td class=xl1530355>2<\/td>\r\n  <td class=xl1530355>4<\/td>\r\n  <td class=xl1530355>7<\/td>\r\n  <td class=xl1530355>2<\/td>\r\n  <td class=xl1530355>4<\/td>\r\n  <td class=xl1530355>13<\/td>\r\n  <td class=xl1530355>14<\/td>\r\n <\/tr>\r\n <tr height=0 style='display:none'>\r\n  <td class=xl1530355>397878<\/td>\r\n  <td class=xl1530355>397882<\/td>\r\n  <td class=xl1530355>397873<\/td>\r\n  <td class=xl1530355>397874<\/td>\r\n  <td class=xl1530355>397875<\/td>\r\n  <td class=xl1530355>397876<\/td>\r\n  <td class=xl1530355>397877<\/td>\r\n  <td class=xl1530355>397879<\/td>\r\n  <td class=xl1530355>397880<\/td>\r\n  <td class=xl1530355>397881<\/td>\r\n <\/tr>\r\n <tr height=20 style='height:15.0pt'>\r\n  <td colspan=10 height=20 class=xl6530355 style='height:15.0pt'>Tabla Campos<\/td>\r\n <\/tr>\r\n <tr height=35 style='height:26.25pt'>\r\n  <td height=35 class=xl6430355 width=56 style='height:26.25pt;width:42pt'>Ejercicio<\/td>\r\n  <td class=xl6430355 width=255 style='border-left:none;width:191pt'>Fecha de\r\n  inicio del periodo que se informa<\/td>\r\n  <td class=xl6430355 width=270 style='border-left:none;width:203pt'>Fecha de\r\n  t\u00e9rmino del periodo que se informa<\/td>\r\n  <td class=xl6430355 width=481 style='border-left:none;width:361pt'>Descripci\u00f3n\r\n  breve, clara y precisa que d\u00e9 cuenta del contenido de la informaci\u00f3n<\/td>\r\n  <td class=xl6430355 width=135 style='border-left:none;width:101pt'>Fecha de\r\n  elaboraci\u00f3n<span style='mso-spacerun:yes'>\u00a0<\/span><\/td>\r\n  <td class=xl6430355 width=725 style='border-left:none;width:544pt'>Hiperv\u00ednculo\r\n  a la informaci\u00f3n, documentos o datos respectivos<\/td>\r\n  <td class=xl6430355 width=512 style='border-left:none;width:384pt'>\u00c1rea(s)\r\n  responsable(s) que genera(n), posee(n), publica(n) y actualizan la\r\n  informaci\u00f3n<\/td>\r\n  <td class=xl6430355 width=123 style='border-left:none;width:92pt'>Fecha de\r\n  validaci\u00f3n<\/td>\r\n  <td class=xl6430355 width=140 style='border-left:none;width:105pt'>Fecha de\r\n  actualizaci\u00f3n<\/td>\r\n  <td class=xl6430355 width=843 style='border-left:none;width:632pt'>Nota<\/td>\r\n <\/tr>\r\n <tr height=20 style='height:15.0pt'>\r\n  <td height=20 class=xl6730355 align=right style='height:15.0pt;border-top:\r\n  none'>2020<\/td>\r\n  <td class=xl6830355 align=right style='border-top:none;border-left:none'>01\/10\/2020<\/td>\r\n  <td class=xl6830355 align=right style='border-top:none;border-left:none'>31\/12\/2020<\/td>\r\n  <td class=xl6730355 style='border-top:none;border-left:none'>&nbsp;<\/td>\r\n  <td class=xl6730355 style='border-top:none;border-left:none'>&nbsp;<\/td>\r\n  <td class=xl6930355 style='border-top:none;border-left:none'><a\r\n  href=\"https:\/\/www.apan.gob.mx\/descargables\/transparencia\/articulo69\/fraccion48\/2020_4\/tesoreria\/a\/FraXLVIIIa1_1.pdf\">https:\/\/www.apan.gob.mx\/descargables\/transparencia\/articulo69\/fraccion48\/2020_4\/tesoreria\/a\/FraXLVIIIa1_1.pdf<\/a><\/td>\r\n  <td class=xl6730355 style='border-top:none;border-left:none'>TESORERIA\r\n  MUNICIPAL<\/td>\r\n  <td class=xl6830355 align=right style='border-top:none;border-left:none'>05\/01\/2021<\/td>\r\n  <td class=xl6830355 align=right style='border-top:none;border-left:none'>05\/01\/2021<\/td>\r\n  <td class=xl6730355 style='border-top:none;border-left:none'>hasta el momento\r\n  la tesoreria municipal de apan no ha generado informacion alguna relacionada\r\n  con Informaci\u00f3n de inter\u00e9s p\u00fablico<\/td>\r\n <\/tr>\r\n <![if supportMisalignedColumns]>\r\n <tr height=0 style='display:none'>\r\n  <td width=56 style='width:42pt'><\/td>\r\n  <td width=255 style='width:191pt'><\/td>\r\n  <td width=270 style='width:203pt'><\/td>\r\n  <td width=481 style='width:361pt'><\/td>\r\n  <td width=135 style='width:101pt'><\/td>\r\n  <td width=725 style='width:544pt'><\/td>\r\n  <td width=512 style='width:384pt'><\/td>\r\n  <td width=123 style='width:92pt'><\/td>\r\n  <td width=140 style='width:105pt'><\/td>\r\n  <td width=843 style='width:632pt'><\/td>\r\n <\/tr>\r\n <![endif]>\r\n<\/table>\r\n\r\n<\/div>\r\n\r\n\r\n<!----------------------------->\r\n<!--FINAL DE LOS RESULTADOS DEL ASISTENTE PARA PUBLICAR COMO P\u00c1GINA WEB DE\r\nEXCEL-->\r\n<!----------------------------->\r\n<\/body>\r\n\r\n<\/html>\r\n\t\t<\/div>\n\t\t\t\t<\/div>\n\t\t\t\t<div class=\"elementor-element elementor-element-dxuex5z elementor-widget elementor-widget-heading\" data-id=\"dxuex5z\" data-element_type=\"widget\" data-widget_type=\"heading.default\">\n\t\t\t\t<div class=\"elementor-widget-container\">\n\t\t\t<h2 class=\"elementor-heading-title elementor-size-medium\">Fracci\u00f3n XLVIII c<\/h2>\t\t<\/div>\n\t\t\t\t<\/div>\n\t\t\t\t<div class=\"elementor-element elementor-element-kh9rxv9 elementor-widget elementor-widget-html\" data-id=\"kh9rxv9\" data-element_type=\"widget\" data-widget_type=\"html.default\">\n\t\t\t\t<div class=\"elementor-widget-container\">\n\t\t\t<html xmlns:o=\"urn:schemas-microsoft-com:office:office\"\r\nxmlns:x=\"urn:schemas-microsoft-com:office:excel\"\r\nxmlns=\"http:\/\/www.w3.org\/TR\/REC-html40\">\r\n\r\n<head>\r\n<meta http-equiv=Content-Type content=\"text\/html; charset=windows-1252\">\r\n<meta name=ProgId content=Excel.Sheet>\r\n<meta name=Generator content=\"Microsoft Excel 15\">\r\n<link rel=File-List href=\"a69_f48_c_archivos\/filelist.xml\">\r\n<style id=\"a69_f48_c_839_Styles\">\r\n<!--table\r\n\t{mso-displayed-decimal-separator:\"\\.\";\r\n\tmso-displayed-thousand-separator:\"\\,\";}\r\n.xl15839\r\n\t{padding-top:1px;\r\n\tpadding-right:1px;\r\n\tpadding-left:1px;\r\n\tmso-ignore:padding;\r\n\tcolor:black;\r\n\tfont-size:11.0pt;\r\n\tfont-weight:400;\r\n\tfont-style:normal;\r\n\ttext-decoration:none;\r\n\tfont-family:Calibri, sans-serif;\r\n\tmso-font-charset:0;\r\n\tmso-number-format:General;\r\n\ttext-align:general;\r\n\tvertical-align:bottom;\r\n\tmso-background-source:auto;\r\n\tmso-pattern:auto;\r\n\twhite-space:nowrap;}\r\n.xl66839\r\n\t{padding-top:1px;\r\n\tpadding-right:1px;\r\n\tpadding-left:1px;\r\n\tmso-ignore:padding;\r\n\tcolor:black;\r\n\tfont-size:10.0pt;\r\n\tfont-weight:400;\r\n\tfont-style:normal;\r\n\ttext-decoration:none;\r\n\tfont-family:Arial;\r\n\tmso-generic-font-family:auto;\r\n\tmso-font-charset:0;\r\n\tmso-number-format:General;\r\n\ttext-align:center;\r\n\tvertical-align:bottom;\r\n\tborder:.5pt solid windowtext;\r\n\tbackground:#E1E1E1;\r\n\tmso-pattern:black none;\r\n\twhite-space:normal;}\r\n.xl67839\r\n\t{padding-top:1px;\r\n\tpadding-right:1px;\r\n\tpadding-left:1px;\r\n\tmso-ignore:padding;\r\n\tcolor:black;\r\n\tfont-size:11.0pt;\r\n\tfont-weight:400;\r\n\tfont-style:normal;\r\n\ttext-decoration:none;\r\n\tfont-family:Calibri, sans-serif;\r\n\tmso-font-charset:0;\r\n\tmso-number-format:General;\r\n\ttext-align:general;\r\n\tvertical-align:bottom;\r\n\tborder:.5pt solid windowtext;\r\n\tmso-background-source:auto;\r\n\tmso-pattern:auto;\r\n\twhite-space:nowrap;}\r\n.xl68839\r\n\t{padding-top:1px;\r\n\tpadding-right:1px;\r\n\tpadding-left:1px;\r\n\tmso-ignore:padding;\r\n\tcolor:black;\r\n\tfont-size:11.0pt;\r\n\tfont-weight:400;\r\n\tfont-style:normal;\r\n\ttext-decoration:none;\r\n\tfont-family:Calibri, sans-serif;\r\n\tmso-font-charset:0;\r\n\tmso-number-format:\"Short Date\";\r\n\ttext-align:general;\r\n\tvertical-align:bottom;\r\n\tborder:.5pt solid windowtext;\r\n\tmso-background-source:auto;\r\n\tmso-pattern:auto;\r\n\twhite-space:nowrap;}\r\n.xl69839\r\n\t{padding-top:1px;\r\n\tpadding-right:1px;\r\n\tpadding-left:1px;\r\n\tmso-ignore:padding;\r\n\tcolor:black;\r\n\tfont-size:11.0pt;\r\n\tfont-weight:400;\r\n\tfont-style:normal;\r\n\ttext-decoration:none;\r\n\tfont-family:Calibri, sans-serif;\r\n\tmso-font-charset:0;\r\n\tmso-number-format:General;\r\n\ttext-align:center;\r\n\tvertical-align:middle;\r\n\tborder:.5pt solid windowtext;\r\n\tmso-background-source:auto;\r\n\tmso-pattern:auto;\r\n\twhite-space:nowrap;}\r\n.xl70839\r\n\t{padding-top:1px;\r\n\tpadding-right:1px;\r\n\tpadding-left:1px;\r\n\tmso-ignore:padding;\r\n\tcolor:#0563C1;\r\n\tfont-size:11.0pt;\r\n\tfont-weight:400;\r\n\tfont-style:normal;\r\n\ttext-decoration:underline;\r\n\ttext-underline-style:single;\r\n\tfont-family:Calibri, sans-serif;\r\n\tmso-font-charset:0;\r\n\tmso-number-format:General;\r\n\ttext-align:general;\r\n\tvertical-align:bottom;\r\n\tborder:.5pt solid windowtext;\r\n\tmso-background-source:auto;\r\n\tmso-pattern:auto;\r\n\twhite-space:nowrap;}\r\n.xl71839\r\n\t{padding-top:1px;\r\n\tpadding-right:1px;\r\n\tpadding-left:1px;\r\n\tmso-ignore:padding;\r\n\tcolor:white;\r\n\tfont-size:11.0pt;\r\n\tfont-weight:700;\r\n\tfont-style:normal;\r\n\ttext-decoration:none;\r\n\tfont-family:Arial;\r\n\tmso-generic-font-family:auto;\r\n\tmso-font-charset:0;\r\n\tmso-number-format:General;\r\n\ttext-align:center;\r\n\tvertical-align:bottom;\r\n\tborder:.5pt solid windowtext;\r\n\tbackground:#333333;\r\n\tmso-pattern:black none;\r\n\twhite-space:nowrap;}\r\n.xl72839\r\n\t{padding-top:1px;\r\n\tpadding-right:1px;\r\n\tpadding-left:1px;\r\n\tmso-ignore:padding;\r\n\tcolor:black;\r\n\tfont-size:10.0pt;\r\n\tfont-weight:400;\r\n\tfont-style:normal;\r\n\ttext-decoration:none;\r\n\tfont-family:Arial;\r\n\tmso-generic-font-family:auto;\r\n\tmso-font-charset:0;\r\n\tmso-number-format:General;\r\n\ttext-align:general;\r\n\tvertical-align:bottom;\r\n\tborder:.5pt solid windowtext;\r\n\tbackground:#E1E1E1;\r\n\tmso-pattern:black none;\r\n\twhite-space:nowrap;}\r\n-->\r\n<\/style>\r\n<\/head>\r\n\r\n<body>\r\n<!--[if !excel]>&nbsp;&nbsp;<![endif]-->\r\n<!--La siguiente informaci\u00f3n se gener\u00f3 mediante el Asistente para publicar como\r\np\u00e1gina web de Microsoft Excel.-->\r\n<!--Si se vuelve a publicar el mismo elemento desde Excel, se reemplazar\u00e1 toda\r\nla informaci\u00f3n comprendida entre las etiquetas DIV.-->\r\n<!----------------------------->\r\n<!--INICIO DE LOS RESULTADOS DEL ASISTENTE PARA PUBLICAR COMO P\u00c1GINA WEB DE\r\nEXCEL -->\r\n<!----------------------------->\r\n\r\n<div id=\"a69_f48_c_839\" align=center x:publishsource=\"Excel\">\r\n\r\n<table border=0 cellpadding=0 cellspacing=0 width=1903 style='border-collapse:\r\n collapse;table-layout:fixed;width:1428pt'>\r\n <col width=56 style='mso-width-source:userset;mso-width-alt:2048;width:42pt'>\r\n <col width=255 style='mso-width-source:userset;mso-width-alt:9325;width:191pt'>\r\n <col width=270 style='mso-width-source:userset;mso-width-alt:9874;width:203pt'>\r\n <col width=428 style='mso-width-source:userset;mso-width-alt:15652;width:321pt'>\r\n <col width=513 style='mso-width-source:userset;mso-width-alt:18761;width:385pt'>\r\n <col width=123 style='mso-width-source:userset;mso-width-alt:4498;width:92pt'>\r\n <col width=140 style='mso-width-source:userset;mso-width-alt:5120;width:105pt'>\r\n <col width=56 style='mso-width-source:userset;mso-width-alt:2048;width:42pt'>\r\n <col width=62 style='width:47pt'>\r\n <tr height=0 style='display:none'>\r\n  <td class=xl15839 width=56 style='width:42pt'>46821<\/td>\r\n  <td class=xl15839 width=255 style='width:191pt'><\/td>\r\n  <td class=xl15839 width=270 style='width:203pt'><\/td>\r\n  <td class=xl15839 width=428 style='width:321pt'><\/td>\r\n  <td class=xl15839 width=513 style='width:385pt'><\/td>\r\n  <td class=xl15839 width=123 style='width:92pt'><\/td>\r\n  <td class=xl15839 width=140 style='width:105pt'><\/td>\r\n  <td class=xl15839 width=56 style='width:42pt'><\/td>\r\n  <td class=xl15839 width=62 style='width:47pt'><\/td>\r\n <\/tr>\r\n <tr height=20 style='height:15.0pt'>\r\n  <td colspan=3 height=20 class=xl71839 style='height:15.0pt'>T\u00cdTULO<\/td>\r\n  <td colspan=3 class=xl71839>NOMBRE CORTO<\/td>\r\n  <td colspan=3 class=xl71839>DESCRIPCI\u00d3N<\/td>\r\n <\/tr>\r\n <tr height=20 style='height:15.0pt'>\r\n  <td colspan=3 height=20 class=xl72839 style='height:15.0pt'>M\u00e1s informaci\u00f3n\r\n  relacionada_Transparencia proactiva<\/td>\r\n  <td colspan=3 class=xl72839>a69_f48_c<\/td>\r\n  <td colspan=3 class=xl72839>Deber\u00e1 habilitarse un v\u00ednculo de acceso a la\r\n  informaci\u00f3n generada de manera proactiva por los sujetos obligados, en el\r\n  marco de lo dispuesto en el Cap\u00edtulo Segundo del T\u00edtulo Cuarto de la Ley\r\n  General y del apartado en dicha materia de los Lineamientos para determinar\r\n  los cat\u00e1logos y publicaci\u00f3n de informaci\u00f3n de inter\u00e9s p\u00fablico; y para la\r\n  emisi\u00f3n y evaluaci\u00f3n de pol\u00edticas de Transparencia Proactiva<span\r\n  style='mso-spacerun:yes'>\u00a0<\/span><\/td>\r\n <\/tr>\r\n <tr height=0 style='display:none'>\r\n  <td class=xl15839>1<\/td>\r\n  <td class=xl15839>4<\/td>\r\n  <td class=xl15839>4<\/td>\r\n  <td class=xl15839>7<\/td>\r\n  <td class=xl15839>2<\/td>\r\n  <td class=xl15839>4<\/td>\r\n  <td class=xl15839>13<\/td>\r\n  <td class=xl15839>14<\/td>\r\n  <td class=xl15839><\/td>\r\n <\/tr>\r\n <tr height=0 style='display:none'>\r\n  <td class=xl15839>397923<\/td>\r\n  <td class=xl15839>397924<\/td>\r\n  <td class=xl15839>397925<\/td>\r\n  <td class=xl15839>397919<\/td>\r\n  <td class=xl15839>397926<\/td>\r\n  <td class=xl15839>397922<\/td>\r\n  <td class=xl15839>397921<\/td>\r\n  <td class=xl15839>397920<\/td>\r\n  <td class=xl15839><\/td>\r\n <\/tr>\r\n <tr height=20 style='height:15.0pt'>\r\n  <td colspan=8 height=20 class=xl71839 style='height:15.0pt'>Tabla Campos<\/td>\r\n  <td class=xl15839><\/td>\r\n <\/tr>\r\n <tr height=35 style='height:26.25pt'>\r\n  <td height=35 class=xl66839 width=56 style='height:26.25pt;width:42pt'>Ejercicio<\/td>\r\n  <td class=xl66839 width=255 style='border-left:none;width:191pt'>Fecha de\r\n  inicio del periodo que se informa<\/td>\r\n  <td class=xl66839 width=270 style='border-left:none;width:203pt'>Fecha de\r\n  t\u00e9rmino del periodo que se informa<\/td>\r\n  <td class=xl66839 width=428 style='border-left:none;width:321pt'>Hiperv\u00ednculo\r\n  la informaci\u00f3n publicada de manera proactiva (en su caso)<\/td>\r\n  <td class=xl66839 width=513 style='border-left:none;width:385pt'>\u00c1rea(s)\r\n  responsable(s) que genera(n), posee(n), publica(n) y actualizan la\r\n  informaci\u00f3n<\/td>\r\n  <td class=xl66839 width=123 style='border-left:none;width:92pt'>Fecha de\r\n  validaci\u00f3n<\/td>\r\n  <td class=xl66839 width=140 style='border-left:none;width:105pt'>Fecha de\r\n  actualizaci\u00f3n<\/td>\r\n  <td class=xl66839 width=56 style='border-left:none;width:42pt'>Nota<\/td>\r\n  <td class=xl15839><\/td>\r\n <\/tr>\r\n <tr height=20 style='height:15.0pt'>\r\n  <td height=20 class=xl67839 align=right style='height:15.0pt;border-top:none'>2020<\/td>\r\n  <td class=xl68839 align=right style='border-top:none;border-left:none'>01\/10\/2020<\/td>\r\n  <td class=xl68839 align=right style='border-top:none;border-left:none'>31\/12\/2020<\/td>\r\n  <td class=xl70839 style='border-top:none;border-left:none'><u\r\n  style='visibility:hidden;mso-ignore:visibility'>&nbsp;<\/u><\/td>\r\n  <td class=xl69839 style='border-top:none;border-left:none'>Tesoreria\r\n  Municipal de Apan Hidalgo<\/td>\r\n  <td class=xl68839 align=right style='border-top:none;border-left:none'>06\/01\/2021<\/td>\r\n  <td class=xl68839 align=right style='border-top:none;border-left:none'>06\/01\/2021<\/td>\r\n  <td class=xl67839 style='border-top:none;border-left:none'>&nbsp;<\/td>\r\n  <td class=xl15839><\/td>\r\n <\/tr>\r\n <![if supportMisalignedColumns]>\r\n <tr height=0 style='display:none'>\r\n  <td width=56 style='width:42pt'><\/td>\r\n  <td width=255 style='width:191pt'><\/td>\r\n  <td width=270 style='width:203pt'><\/td>\r\n  <td width=428 style='width:321pt'><\/td>\r\n  <td width=513 style='width:385pt'><\/td>\r\n  <td width=123 style='width:92pt'><\/td>\r\n  <td width=140 style='width:105pt'><\/td>\r\n  <td width=56 style='width:42pt'><\/td>\r\n  <td width=62 style='width:47pt'><\/td>\r\n <\/tr>\r\n <![endif]>\r\n<\/table>\r\n\r\n<\/div>\r\n\r\n\r\n<!----------------------------->\r\n<!--FINAL DE LOS RESULTADOS DEL ASISTENTE PARA PUBLICAR COMO P\u00c1GINA WEB DE\r\nEXCEL-->\r\n<!----------------------------->\r\n<\/body>\r\n\r\n<\/html>\r\n\t\t<\/div>\n\t\t\t\t<\/div>\n\t\t\t\t\t\t<\/div>\n\t\t\t\t\t<\/div>\n\t\t<\/div>\n\t\t\t\t\t\t\t\t<\/div>\n\t\t\t\t\t<\/div>\n\t\t<\/section>\n\t\t\t\t\t\t\t\t\t<\/div>\n\t\t\t<\/div>\n\t\t\t\t\t<\/div>\n\t\t","protected":false},"excerpt":{"rendered":"<p>Fracci\u00f3n XLVIII a 46817 T\u00cdTULO NOMBRE CORTO DESCRIPCI\u00d3N M\u00e1s informaci\u00f3n relacionada_Informaci\u00f3n de inter\u00e9s p\u00fablico a69_f48_a La informaci\u00f3n de inter\u00e9s p\u00fablico podr\u00e1 ser, de manera enunciativa y no limitativa: informes especiales, reportes de resultados, estudios, indicadores, investigaciones, campa\u00f1as, alertas, prevenciones, mecanismos de participaci\u00f3n ciudadana, acceso a servicios 1 4 4 2 4 7 2 4 13 [&hellip;]<\/p>\n","protected":false},"author":1,"featured_media":0,"parent":9489,"menu_order":0,"comment_status":"closed","ping_status":"closed","template":"page-template-full.php","meta":[],"jetpack_sharing_enabled":true,"_links":{"self":[{"href":"https:\/\/apan.gob.mx\/portal\/wp-json\/wp\/v2\/pages\/9671"}],"collection":[{"href":"https:\/\/apan.gob.mx\/portal\/wp-json\/wp\/v2\/pages"}],"about":[{"href":"https:\/\/apan.gob.mx\/portal\/wp-json\/wp\/v2\/types\/page"}],"author":[{"embeddable":true,"href":"https:\/\/apan.gob.mx\/portal\/wp-json\/wp\/v2\/users\/1"}],"replies":[{"embeddable":true,"href":"https:\/\/apan.gob.mx\/portal\/wp-json\/wp\/v2\/comments?post=9671"}],"version-history":[{"count":2,"href":"https:\/\/apan.gob.mx\/portal\/wp-json\/wp\/v2\/pages\/9671\/revisions"}],"predecessor-version":[{"id":9673,"href":"https:\/\/apan.gob.mx\/portal\/wp-json\/wp\/v2\/pages\/9671\/revisions\/9673"}],"up":[{"embeddable":true,"href":"https:\/\/apan.gob.mx\/portal\/wp-json\/wp\/v2\/pages\/9489"}],"wp:attachment":[{"href":"https:\/\/apan.gob.mx\/portal\/wp-json\/wp\/v2\/media?parent=9671"}],"curies":[{"name":"wp","href":"https:\/\/api.w.org\/{rel}","templated":true}]}}