{"id":9808,"date":"2021-01-18T10:15:42","date_gmt":"2021-01-18T16:15:42","guid":{"rendered":"https:\/\/apan.gob.mx\/portal\/?page_id=9808"},"modified":"2021-01-18T10:17:03","modified_gmt":"2021-01-18T16:17:03","slug":"9808-2","status":"publish","type":"page","link":"https:\/\/apan.gob.mx\/portal\/4-trimestre-2020\/9808-2\/","title":{"rendered":"<!--conciliador_19_2020_4-->"},"content":{"rendered":"\t\t<div data-elementor-type=\"wp-page\" data-elementor-id=\"9808\" class=\"elementor elementor-9808 elementor-bc-flex-widget\">\n\t\t\t\t\t\t<section class=\"has_ae_slider elementor-section elementor-top-section elementor-element elementor-element-ytbkcdd elementor-section-boxed elementor-section-height-default elementor-section-height-default ae-bg-gallery-type-default\" data-id=\"ytbkcdd\" data-element_type=\"section\" data-e-type=\"section\">\n\t\t\t\t\t\t<div class=\"elementor-container elementor-column-gap-default\">\n\t\t\t\t\t<div class=\"has_ae_slider elementor-column elementor-col-100 elementor-top-column elementor-element elementor-element-rwodeef ae-bg-gallery-type-default\" data-id=\"rwodeef\" data-element_type=\"column\" data-e-type=\"column\">\n\t\t\t<div class=\"elementor-widget-wrap elementor-element-populated\">\n\t\t\t\t\t\t<div class=\"elementor-element elementor-element-hmdmpkd elementor-widget elementor-widget-heading\" data-id=\"hmdmpkd\" data-element_type=\"widget\" data-e-type=\"widget\" data-widget_type=\"heading.default\">\n\t\t\t\t<div class=\"elementor-widget-container\">\n\t\t\t\t\t<h2 class=\"elementor-heading-title elementor-size-medium\">Fracci\u00f3n XIX<\/h2>\t\t\t\t<\/div>\n\t\t\t\t<\/div>\n\t\t\t\t<div class=\"elementor-element elementor-element-vxhvtyp elementor-widget elementor-widget-html\" data-id=\"vxhvtyp\" data-element_type=\"widget\" data-e-type=\"widget\" data-widget_type=\"html.default\">\n\t\t\t\t<div class=\"elementor-widget-container\">\n\t\t\t\t\t<html xmlns:v=\"urn:schemas-microsoft-com:vml\"\r\nxmlns:o=\"urn:schemas-microsoft-com:office:office\"\r\nxmlns:x=\"urn:schemas-microsoft-com:office:excel\"\r\nxmlns=\"http:\/\/www.w3.org\/TR\/REC-html40\">\r\n\r\n<head>\r\n<meta http-equiv=Content-Type content=\"text\/html; charset=windows-1252\">\r\n<meta name=ProgId content=Excel.Sheet>\r\n<meta name=Generator content=\"Microsoft Excel 15\">\r\n<link rel=File-List href=\"a69_f19_archivos\/filelist.xml\">\r\n<style id=\"a69_f19_28131_Styles\"><!--table\r\n\t{mso-displayed-decimal-separator:\"\\.\";\r\n\tmso-displayed-thousand-separator:\"\\,\";}\r\n.xl1528131\r\n\t{padding:0px;\r\n\tmso-ignore:padding;\r\n\tcolor:black;\r\n\tfont-size:11.0pt;\r\n\tfont-weight:400;\r\n\tfont-style:normal;\r\n\ttext-decoration:none;\r\n\tfont-family:Calibri, sans-serif;\r\n\tmso-font-charset:0;\r\n\tmso-number-format:General;\r\n\ttext-align:general;\r\n\tvertical-align:bottom;\r\n\tmso-background-source:auto;\r\n\tmso-pattern:auto;\r\n\twhite-space:nowrap;}\r\n.xl6528131\r\n\t{padding:0px;\r\n\tmso-ignore:padding;\r\n\tcolor:black;\r\n\tfont-size:10.0pt;\r\n\tfont-weight:400;\r\n\tfont-style:normal;\r\n\ttext-decoration:none;\r\n\tfont-family:Arial;\r\n\tmso-generic-font-family:auto;\r\n\tmso-font-charset:0;\r\n\tmso-number-format:General;\r\n\ttext-align:center;\r\n\tvertical-align:bottom;\r\n\tborder:.5pt solid windowtext;\r\n\tbackground:#E1E1E1;\r\n\tmso-pattern:black none;\r\n\twhite-space:normal;}\r\n.xl6628131\r\n\t{padding:0px;\r\n\tmso-ignore:padding;\r\n\tcolor:black;\r\n\tfont-size:10.0pt;\r\n\tfont-weight:400;\r\n\tfont-style:normal;\r\n\ttext-decoration:none;\r\n\tfont-family:Arial;\r\n\tmso-generic-font-family:auto;\r\n\tmso-font-charset:0;\r\n\tmso-number-format:General;\r\n\ttext-align:general;\r\n\tvertical-align:top;\r\n\tborder:.5pt solid windowtext;\r\n\tmso-background-source:auto;\r\n\tmso-pattern:auto;\r\n\twhite-space:normal;}\r\n.xl6728131\r\n\t{padding:0px;\r\n\tmso-ignore:padding;\r\n\tcolor:black;\r\n\tfont-size:10.0pt;\r\n\tfont-weight:400;\r\n\tfont-style:normal;\r\n\ttext-decoration:none;\r\n\tfont-family:Arial;\r\n\tmso-generic-font-family:auto;\r\n\tmso-font-charset:0;\r\n\tmso-number-format:\"Short Date\";\r\n\ttext-align:general;\r\n\tvertical-align:top;\r\n\tborder:.5pt solid windowtext;\r\n\tmso-background-source:auto;\r\n\tmso-pattern:auto;\r\n\twhite-space:normal;}\r\n.xl6828131\r\n\t{padding:0px;\r\n\tmso-ignore:padding;\r\n\tcolor:blue;\r\n\tfont-size:11.0pt;\r\n\tfont-weight:400;\r\n\tfont-style:normal;\r\n\ttext-decoration:underline;\r\n\ttext-underline-style:single;\r\n\tfont-family:Calibri, sans-serif;\r\n\tmso-font-charset:0;\r\n\tmso-number-format:General;\r\n\ttext-align:general;\r\n\tvertical-align:top;\r\n\tborder:.5pt solid windowtext;\r\n\tmso-background-source:auto;\r\n\tmso-pattern:auto;\r\n\twhite-space:normal;}\r\n.xl6928131\r\n\t{padding:0px;\r\n\tmso-ignore:padding;\r\n\tcolor:white;\r\n\tfont-size:11.0pt;\r\n\tfont-weight:700;\r\n\tfont-style:normal;\r\n\ttext-decoration:none;\r\n\tfont-family:Arial;\r\n\tmso-generic-font-family:auto;\r\n\tmso-font-charset:0;\r\n\tmso-number-format:General;\r\n\ttext-align:center;\r\n\tvertical-align:bottom;\r\n\tborder:.5pt solid windowtext;\r\n\tbackground:#333333;\r\n\tmso-pattern:black none;\r\n\twhite-space:normal;}\r\n.xl7028131\r\n\t{padding:0px;\r\n\tmso-ignore:padding;\r\n\tcolor:black;\r\n\tfont-size:10.0pt;\r\n\tfont-weight:400;\r\n\tfont-style:normal;\r\n\ttext-decoration:none;\r\n\tfont-family:Arial;\r\n\tmso-generic-font-family:auto;\r\n\tmso-font-charset:0;\r\n\tmso-number-format:General;\r\n\ttext-align:general;\r\n\tvertical-align:bottom;\r\n\tborder:.5pt solid windowtext;\r\n\tbackground:#E1E1E1;\r\n\tmso-pattern:black none;\r\n\twhite-space:nowrap;}\r\n--><\/style>\r\n<!--[if !mso]>\r\n<style>\r\nv\\:* {behavior:url(#default#VML);}\r\no\\:* {behavior:url(#default#VML);}\r\nx\\:* {behavior:url(#default#VML);}\r\n.shape {behavior:url(#default#VML);}\r\n<\/style>\r\n<![endif]--><\/head>\r\n\r\n<body>\r\n<!--[if !excel]>&nbsp;&nbsp;<![endif]-->\r\n<!--La siguiente informaci\u00f3n se gener\u00f3 mediante el Asistente para publicar como\r\np\u00e1gina web de Microsoft Excel.-->\r\n<!--Si se vuelve a publicar el mismo elemento desde Excel, se reemplazar\u00e1 toda\r\nla informaci\u00f3n comprendida entre las etiquetas DIV.-->\r\n<!----------------------------->\r\n<!--INICIO DE LOS RESULTADOS DEL ASISTENTE PARA PUBLICAR COMO P\u00c1GINA WEB DE\r\nEXCEL -->\r\n<!----------------------------->\r\n\r\n<div id=\"a69_f19_28131\" align=center x:publishsource=\"Excel\">\r\n\r\n<table border=0 cellpadding=0 cellspacing=0 width=6743 style='border-collapse:\r\n collapse;table-layout:fixed;width:5062pt'>\r\n <col width=56 style='mso-width-source:userset;mso-width-alt:2048;width:42pt'>\r\n <col width=255 style='mso-width-source:userset;mso-width-alt:9325;width:191pt'>\r\n <col width=270 style='mso-width-source:userset;mso-width-alt:9874;width:203pt'>\r\n <col width=161 style='mso-width-source:userset;mso-width-alt:5888;width:121pt'>\r\n <col width=162 style='mso-width-source:userset;mso-width-alt:5924;width:122pt'>\r\n <col width=229 style='mso-width-source:userset;mso-width-alt:8374;width:172pt'>\r\n <col width=341 style='mso-width-source:userset;mso-width-alt:12470;width:256pt'>\r\n <col width=137 style='mso-width-source:userset;mso-width-alt:5010;width:103pt'>\r\n <col width=209 style='mso-width-source:userset;mso-width-alt:7643;width:157pt'>\r\n <col width=216 style='mso-width-source:userset;mso-width-alt:7899;width:162pt'>\r\n <col width=753 style='mso-width-source:userset;mso-width-alt:27538;width:565pt'>\r\n <col width=130 style='mso-width-source:userset;mso-width-alt:4754;width:98pt'>\r\n <col width=389 style='mso-width-source:userset;mso-width-alt:14226;width:292pt'>\r\n <col width=269 style='mso-width-source:userset;mso-width-alt:9837;width:202pt'>\r\n <col width=174 style='mso-width-source:userset;mso-width-alt:6363;width:131pt'>\r\n <col width=205 style='mso-width-source:userset;mso-width-alt:7497;width:154pt'>\r\n <col width=286 style='mso-width-source:userset;mso-width-alt:10459;width:215pt'>\r\n <col width=284 style='mso-width-source:userset;mso-width-alt:10386;width:213pt'>\r\n <col width=322 style='mso-width-source:userset;mso-width-alt:11776;width:242pt'>\r\n <col width=279 style='mso-width-source:userset;mso-width-alt:10203;width:209pt'>\r\n <col width=269 style='mso-width-source:userset;mso-width-alt:9837;width:202pt'>\r\n <col width=512 style='mso-width-source:userset;mso-width-alt:18724;width:384pt'>\r\n <col width=123 style='mso-width-source:userset;mso-width-alt:4498;width:92pt'>\r\n <col width=140 style='mso-width-source:userset;mso-width-alt:5120;width:105pt'>\r\n <col width=572 style='mso-width-source:userset;mso-width-alt:20918;width:429pt'>\r\n <tr height=0 style='display:none'>\r\n  <td class=xl1528131 width=56 style='width:42pt'>44250<\/td>\r\n  <td class=xl1528131 width=255 style='width:191pt'><\/td>\r\n  <td class=xl1528131 width=270 style='width:203pt'><\/td>\r\n  <td class=xl1528131 width=161 style='width:121pt'><\/td>\r\n  <td class=xl1528131 width=162 style='width:122pt'><\/td>\r\n  <td class=xl1528131 width=229 style='width:172pt'><\/td>\r\n  <td class=xl1528131 width=341 style='width:256pt'><\/td>\r\n  <td class=xl1528131 width=137 style='width:103pt'><\/td>\r\n  <td class=xl1528131 width=209 style='width:157pt'><\/td>\r\n  <td class=xl1528131 width=216 style='width:162pt'><\/td>\r\n  <td class=xl1528131 width=753 style='width:565pt'><\/td>\r\n  <td class=xl1528131 width=130 style='width:98pt'><\/td>\r\n  <td class=xl1528131 width=389 style='width:292pt'><\/td>\r\n  <td class=xl1528131 width=269 style='width:202pt'><\/td>\r\n  <td class=xl1528131 width=174 style='width:131pt'><\/td>\r\n  <td class=xl1528131 width=205 style='width:154pt'><\/td>\r\n  <td class=xl1528131 width=286 style='width:215pt'><\/td>\r\n  <td class=xl1528131 width=284 style='width:213pt'><\/td>\r\n  <td class=xl1528131 width=322 style='width:242pt'><\/td>\r\n  <td class=xl1528131 width=279 style='width:209pt'><\/td>\r\n  <td class=xl1528131 width=269 style='width:202pt'><\/td>\r\n  <td class=xl1528131 width=512 style='width:384pt'><\/td>\r\n  <td class=xl1528131 width=123 style='width:92pt'><\/td>\r\n  <td class=xl1528131 width=140 style='width:105pt'><\/td>\r\n  <td class=xl1528131 width=572 style='width:429pt'><\/td>\r\n <\/tr>\r\n <tr height=20 style='height:15.0pt'>\r\n  <td colspan=3 height=20 class=xl6928131 width=581 style='height:15.0pt;\r\n  width:436pt'>T\u00cdTULO<\/td>\r\n  <td colspan=3 class=xl6928131 width=552 style='width:415pt'>NOMBRE CORTO<\/td>\r\n  <td colspan=3 class=xl6928131 width=687 style='width:516pt'>DESCRIPCI\u00d3N<\/td>\r\n  <td class=xl1528131><\/td>\r\n  <td class=xl1528131><\/td>\r\n  <td class=xl1528131><\/td>\r\n  <td class=xl1528131><\/td>\r\n  <td class=xl1528131><\/td>\r\n  <td class=xl1528131><\/td>\r\n  <td class=xl1528131><\/td>\r\n  <td class=xl1528131><\/td>\r\n  <td class=xl1528131><\/td>\r\n  <td class=xl1528131><\/td>\r\n  <td class=xl1528131><\/td>\r\n  <td class=xl1528131><\/td>\r\n  <td class=xl1528131><\/td>\r\n  <td class=xl1528131><\/td>\r\n  <td class=xl1528131><\/td>\r\n  <td class=xl1528131><\/td>\r\n <\/tr>\r\n <tr height=20 style='height:15.0pt'>\r\n  <td colspan=3 height=20 class=xl7028131 style='height:15.0pt'>Servicios\r\n  ofrecidos<\/td>\r\n  <td colspan=3 class=xl7028131>a69_f19<\/td>\r\n  <td colspan=3 class=xl7028131>La informaci\u00f3n para dar a conocer los servicios\r\n  p\u00fablicos que presta el sujeto obligado, tanto de las actividades realizadas\r\n  por la administraci\u00f3n p\u00fablica para satisfacer necesidades de la poblaci\u00f3n,\r\n  como las realizadas por los sujetos obligados que no formen parte de la\r\n  Administraci\u00f3n P\u00fablica, pero que involucren el uso de recursos p\u00fablicos. Los\r\n  servicios deben estar al alcance de la poblaci\u00f3n sin necesidad de que el \u00e9sta\r\n  los exija, como es el caso de los tr\u00e1mites.<\/td>\r\n  <td class=xl1528131><\/td>\r\n  <td class=xl1528131><\/td>\r\n  <td class=xl1528131><\/td>\r\n  <td class=xl1528131><\/td>\r\n  <td class=xl1528131><\/td>\r\n  <td class=xl1528131><\/td>\r\n  <td class=xl1528131><\/td>\r\n  <td class=xl1528131><\/td>\r\n  <td class=xl1528131><\/td>\r\n  <td class=xl1528131><\/td>\r\n  <td class=xl1528131><\/td>\r\n  <td class=xl1528131><\/td>\r\n  <td class=xl1528131><\/td>\r\n  <td class=xl1528131><\/td>\r\n  <td class=xl1528131><\/td>\r\n  <td class=xl1528131><\/td>\r\n <\/tr>\r\n <tr height=0 style='display:none'>\r\n  <td class=xl1528131>1<\/td>\r\n  <td class=xl1528131>4<\/td>\r\n  <td class=xl1528131>4<\/td>\r\n  <td class=xl1528131>2<\/td>\r\n  <td class=xl1528131>9<\/td>\r\n  <td class=xl1528131>1<\/td>\r\n  <td class=xl1528131>2<\/td>\r\n  <td class=xl1528131>1<\/td>\r\n  <td class=xl1528131>2<\/td>\r\n  <td class=xl1528131>2<\/td>\r\n  <td class=xl1528131>7<\/td>\r\n  <td class=xl1528131>1<\/td>\r\n  <td class=xl1528131>10<\/td>\r\n  <td class=xl1528131>1<\/td>\r\n  <td class=xl1528131>2<\/td>\r\n  <td class=xl1528131>2<\/td>\r\n  <td class=xl1528131>2<\/td>\r\n  <td class=xl1528131>2<\/td>\r\n  <td class=xl1528131>10<\/td>\r\n  <td class=xl1528131>7<\/td>\r\n  <td class=xl1528131>7<\/td>\r\n  <td class=xl1528131>2<\/td>\r\n  <td class=xl1528131>4<\/td>\r\n  <td class=xl1528131>13<\/td>\r\n  <td class=xl1528131>14<\/td>\r\n <\/tr>\r\n <tr height=0 style='display:none'>\r\n  <td class=xl1528131>350704<\/td>\r\n  <td class=xl1528131>350705<\/td>\r\n  <td class=xl1528131>350706<\/td>\r\n  <td class=xl1528131>350690<\/td>\r\n  <td class=xl1528131>350709<\/td>\r\n  <td class=xl1528131>350713<\/td>\r\n  <td class=xl1528131>350692<\/td>\r\n  <td class=xl1528131>350711<\/td>\r\n  <td class=xl1528131>350693<\/td>\r\n  <td class=xl1528131>350694<\/td>\r\n  <td class=xl1528131>350700<\/td>\r\n  <td class=xl1528131>350688<\/td>\r\n  <td class=xl1528131>350710<\/td>\r\n  <td class=xl1528131>350689<\/td>\r\n  <td class=xl1528131>350695<\/td>\r\n  <td class=xl1528131>350712<\/td>\r\n  <td class=xl1528131>350691<\/td>\r\n  <td class=xl1528131>350696<\/td>\r\n  <td class=xl1528131>350701<\/td>\r\n  <td class=xl1528131>350699<\/td>\r\n  <td class=xl1528131>350698<\/td>\r\n  <td class=xl1528131>350708<\/td>\r\n  <td class=xl1528131>350697<\/td>\r\n  <td class=xl1528131>350703<\/td>\r\n  <td class=xl1528131>350707<\/td>\r\n <\/tr>\r\n <tr height=20 style='height:15.0pt'>\r\n  <td colspan=25 height=20 class=xl6928131 width=6743 style='height:15.0pt;\r\n  width:5062pt'>Tabla Campos<\/td>\r\n <\/tr>\r\n <tr height=35 style='height:26.25pt'>\r\n  <td height=35 class=xl6528131 width=56 style='height:26.25pt;width:42pt'>Ejercicio<\/td>\r\n  <td class=xl6528131 width=255 style='border-left:none;width:191pt'>Fecha de\r\n  inicio del periodo que se informa<\/td>\r\n  <td class=xl6528131 width=270 style='border-left:none;width:203pt'>Fecha de\r\n  t\u00e9rmino del periodo que se informa<\/td>\r\n  <td class=xl6528131 width=161 style='border-left:none;width:121pt'>Denominaci\u00f3n\r\n  del servicio<\/td>\r\n  <td class=xl6528131 width=162 style='border-left:none;width:122pt'>Tipo de\r\n  servicio (cat\u00e1logo)<\/td>\r\n  <td class=xl6528131 width=229 style='border-left:none;width:172pt'>Tipo de\r\n  usuario y\/o poblaci\u00f3n objetivo<\/td>\r\n  <td class=xl6528131 width=341 style='border-left:none;width:256pt'>Descripci\u00f3n\r\n  del objetivo del servicio<\/td>\r\n  <td class=xl6528131 width=137 style='border-left:none;width:103pt'>Modalidad\r\n  del servicio<\/td>\r\n  <td class=xl6528131 width=209 style='border-left:none;width:157pt'>Requisitos\r\n  para obtener el servicio<\/td>\r\n  <td class=xl6528131 width=216 style='border-left:none;width:162pt'>Documentos\r\n  requeridos, en su caso<\/td>\r\n  <td class=xl6528131 width=753 style='border-left:none;width:565pt'>Hiperv\u00ednculo\r\n  a los formatos respectivo(s) publicado(s) en medio oficial<\/td>\r\n  <td class=xl6528131 width=130 style='border-left:none;width:98pt'>Tiempo de\r\n  respuesta<\/td>\r\n  <td class=xl6528131 width=389 style='border-left:none;width:292pt'>\u00c1rea en la\r\n  que se proporciona el servicio y los datos de contacto <br>\r\n    Tabla_350710<\/td>\r\n  <td class=xl6528131 width=269 style='border-left:none;width:202pt'>Costo, en\r\n  su caso especificar que es gratuito<\/td>\r\n  <td class=xl6528131 width=174 style='border-left:none;width:131pt'>Sustento\r\n  legal para su cobro<\/td>\r\n  <td class=xl6528131 width=205 style='border-left:none;width:154pt'>Lugares\r\n  donde se efect\u00faa el pago<\/td>\r\n  <td class=xl6528131 width=286 style='border-left:none;width:215pt'>Fundamento\r\n  jur\u00eddico-administrativo del servicio<\/td>\r\n  <td class=xl6528131 width=284 style='border-left:none;width:213pt'>Derechos\r\n  del usuario ante la negativa o la falta<\/td>\r\n  <td class=xl6528131 width=322 style='border-left:none;width:242pt'>Lugar para\r\n  reportar presuntas anomalias <br>\r\n    Tabla_350701<\/td>\r\n  <td class=xl6528131 width=279 style='border-left:none;width:209pt'>Hiperv\u00ednculo\r\n  informaci\u00f3n adicional del servicio<\/td>\r\n  <td class=xl6528131 width=269 style='border-left:none;width:202pt'>Hiperv\u00ednculo\r\n  al cat\u00e1logo, manual o sistemas<span style='mso-spacerun:yes'>\u00a0<\/span><\/td>\r\n  <td class=xl6528131 width=512 style='border-left:none;width:384pt'>\u00c1rea(s)\r\n  responsable(s) que genera(n), posee(n), publica(n) y actualizan la\r\n  informaci\u00f3n<\/td>\r\n  <td class=xl6528131 width=123 style='border-left:none;width:92pt'>Fecha de\r\n  validaci\u00f3n<\/td>\r\n  <td class=xl6528131 width=140 style='border-left:none;width:105pt'>Fecha de\r\n  actualizaci\u00f3n<\/td>\r\n  <td class=xl6528131 width=572 style='border-left:none;width:429pt'>Nota<\/td>\r\n <\/tr>\r\n <tr height=34 style='height:25.5pt'>\r\n  <td height=34 class=xl6628131 align=right width=56 style='height:25.5pt;\r\n  border-top:none;width:42pt'>2020<\/td>\r\n  <td class=xl6728131 align=right width=255 style='border-top:none;border-left:\r\n  none;width:191pt'>01\/10\/2020<\/td>\r\n  <td class=xl6728131 align=right width=270 style='border-top:none;border-left:\r\n  none;width:203pt'>31\/12\/2020<\/td>\r\n  <td class=xl6628131 width=161 style='border-top:none;border-left:none;\r\n  width:121pt'>Orientaci\u00f3n legal<\/td>\r\n  <td class=xl6628131 width=162 style='border-top:none;border-left:none;\r\n  width:122pt'>Directo<\/td>\r\n  <td class=xl6628131 width=229 style='border-top:none;border-left:none;\r\n  width:172pt'>A la poblaci\u00f3n que lo solicite<\/td>\r\n  <td class=xl6628131 width=341 style='border-top:none;border-left:none;\r\n  width:256pt'>Dar orientaci\u00f3n \u00fatil a la ciudadania<span\r\n  style='mso-spacerun:yes'>\u00a0 <\/span>que lo solicite<\/td>\r\n  <td class=xl6628131 width=137 style='border-top:none;border-left:none;\r\n  width:103pt'>Personal<\/td>\r\n  <td class=xl6628131 width=209 style='border-top:none;border-left:none;\r\n  width:157pt'>Solicitarlo<span style='mso-spacerun:yes'>\u00a0<\/span><\/td>\r\n  <td class=xl6628131 width=216 style='border-top:none;border-left:none;\r\n  width:162pt'>Ninguno<span style='mso-spacerun:yes'>\u00a0<\/span><\/td>\r\n  <td class=xl6828131 width=753 style='border-top:none;border-left:none;\r\n  width:565pt'><a\r\n  href=\"https:\/\/www.apan.gob.mx\/descargables\/transparencia\/articulo69\/fraccion19\/2020_4\/conciliador\/FraXIXa1_1.pdf\">https:\/\/www.apan.gob.mx\/descargables\/transparencia\/articulo69\/fraccion19\/2020_4\/conciliador\/FraXIXa1_1.pdf<\/a><\/td>\r\n  <td class=xl6628131 width=130 style='border-top:none;border-left:none;\r\n  width:98pt'>de 10 a 45 minutos<\/td>\r\n  <td class=xl6628131 align=right width=389 style='border-top:none;border-left:\r\n  none;width:292pt'>1<\/td>\r\n  <td class=xl6628131 width=269 style='border-top:none;border-left:none;\r\n  width:202pt'>Servicio gratuito<\/td>\r\n  <td class=xl6628131 width=174 style='border-top:none;border-left:none;\r\n  width:131pt'>No existe sustento legal para realizar el cobro<\/td>\r\n  <td class=xl6628131 width=205 style='border-top:none;border-left:none;\r\n  width:154pt'>No aplica, al no haber sustento legal para el cobro<\/td>\r\n  <td class=xl6628131 width=286 style='border-top:none;border-left:none;\r\n  width:215pt'>art\u00edculo 160 de la ley org\u00e1nica municipal<\/td>\r\n  <td class=xl6628131 width=284 style='border-top:none;border-left:none;\r\n  width:213pt'>Levantar queja o denuncia<span style='mso-spacerun:yes'>\u00a0<\/span><\/td>\r\n  <td class=xl6628131 align=right width=322 style='border-top:none;border-left:\r\n  none;width:242pt'>1<\/td>\r\n  <td class=xl6628131 width=279 style='border-top:none;border-left:none;\r\n  width:209pt'>&nbsp;<\/td>\r\n  <td class=xl6628131 width=269 style='border-top:none;border-left:none;\r\n  width:202pt'>&nbsp;<\/td>\r\n  <td class=xl6628131 width=512 style='border-top:none;border-left:none;\r\n  width:384pt'>Juzgado conciliador<\/td>\r\n  <td class=xl6728131 align=right width=123 style='border-top:none;border-left:\r\n  none;width:92pt'>05\/01\/2021<\/td>\r\n  <td class=xl6728131 align=right width=140 style='border-top:none;border-left:\r\n  none;width:105pt'>05\/01\/2021<\/td>\r\n  <td class=xl6628131 width=572 style='border-top:none;border-left:none;\r\n  width:429pt'>No existe catalogo, manual \u00f3 sistema para este tramite,asi como\r\n  ninguna informaci\u00f3n adicional.<\/td>\r\n <\/tr>\r\n <![if supportMisalignedColumns]>\r\n <tr height=0 style='display:none'>\r\n  <td width=56 style='width:42pt'><\/td>\r\n  <td width=255 style='width:191pt'><\/td>\r\n  <td width=270 style='width:203pt'><\/td>\r\n  <td width=161 style='width:121pt'><\/td>\r\n  <td width=162 style='width:122pt'><\/td>\r\n  <td width=229 style='width:172pt'><\/td>\r\n  <td width=341 style='width:256pt'><\/td>\r\n  <td width=137 style='width:103pt'><\/td>\r\n  <td width=209 style='width:157pt'><\/td>\r\n  <td width=216 style='width:162pt'><\/td>\r\n  <td width=753 style='width:565pt'><\/td>\r\n  <td width=130 style='width:98pt'><\/td>\r\n  <td width=389 style='width:292pt'><\/td>\r\n  <td width=269 style='width:202pt'><\/td>\r\n  <td width=174 style='width:131pt'><\/td>\r\n  <td width=205 style='width:154pt'><\/td>\r\n  <td width=286 style='width:215pt'><\/td>\r\n  <td width=284 style='width:213pt'><\/td>\r\n  <td width=322 style='width:242pt'><\/td>\r\n  <td width=279 style='width:209pt'><\/td>\r\n  <td width=269 style='width:202pt'><\/td>\r\n  <td width=512 style='width:384pt'><\/td>\r\n  <td width=123 style='width:92pt'><\/td>\r\n  <td width=140 style='width:105pt'><\/td>\r\n  <td width=572 style='width:429pt'><\/td>\r\n <\/tr>\r\n <![endif]>\r\n<\/table>\r\n\r\n<\/div>\r\n\r\n\r\n<!----------------------------->\r\n<!--FINAL DE LOS RESULTADOS DEL ASISTENTE PARA PUBLICAR COMO P\u00c1GINA WEB DE\r\nEXCEL-->\r\n<!----------------------------->\r\n<\/body>\r\n\r\n<\/html>\r\n\r\n\t\t\t\t<\/div>\n\t\t\t\t<\/div>\n\t\t\t\t\t<\/div>\n\t\t<\/div>\n\t\t\t\t\t<\/div>\n\t\t<\/section>\n\t\t\t\t<\/div>\n\t\t","protected":false},"excerpt":{"rendered":"<p>Fracci\u00f3n XIX 44250 T\u00cdTULO NOMBRE CORTO DESCRIPCI\u00d3N Servicios ofrecidos a69_f19 La informaci\u00f3n para dar a conocer los servicios p\u00fablicos que presta el sujeto obligado, tanto de las actividades realizadas por la administraci\u00f3n p\u00fablica para satisfacer necesidades de la poblaci\u00f3n, como las realizadas por los sujetos obligados que no formen parte de la Administraci\u00f3n P\u00fablica, pero [&hellip;]<\/p>\n","protected":false},"author":1,"featured_media":0,"parent":9489,"menu_order":0,"comment_status":"closed","ping_status":"closed","template":"page-template-full.php","meta":{"footnotes":""},"class_list":["post-9808","page","type-page","status-publish","hentry"],"jetpack_sharing_enabled":true,"_links":{"self":[{"href":"https:\/\/apan.gob.mx\/portal\/wp-json\/wp\/v2\/pages\/9808","targetHints":{"allow":["GET"]}}],"collection":[{"href":"https:\/\/apan.gob.mx\/portal\/wp-json\/wp\/v2\/pages"}],"about":[{"href":"https:\/\/apan.gob.mx\/portal\/wp-json\/wp\/v2\/types\/page"}],"author":[{"embeddable":true,"href":"https:\/\/apan.gob.mx\/portal\/wp-json\/wp\/v2\/users\/1"}],"replies":[{"embeddable":true,"href":"https:\/\/apan.gob.mx\/portal\/wp-json\/wp\/v2\/comments?post=9808"}],"version-history":[{"count":2,"href":"https:\/\/apan.gob.mx\/portal\/wp-json\/wp\/v2\/pages\/9808\/revisions"}],"predecessor-version":[{"id":9810,"href":"https:\/\/apan.gob.mx\/portal\/wp-json\/wp\/v2\/pages\/9808\/revisions\/9810"}],"up":[{"embeddable":true,"href":"https:\/\/apan.gob.mx\/portal\/wp-json\/wp\/v2\/pages\/9489"}],"wp:attachment":[{"href":"https:\/\/apan.gob.mx\/portal\/wp-json\/wp\/v2\/media?parent=9808"}],"curies":[{"name":"wp","href":"https:\/\/api.w.org\/{rel}","templated":true}]}}